{"id":5441,"date":"2023-04-17T15:12:08","date_gmt":"2023-04-17T15:12:08","guid":{"rendered":"https:\/\/discos-redondos.es\/?post_type=product&#038;p=5441"},"modified":"2026-04-11T22:22:42","modified_gmt":"2026-04-11T22:22:42","slug":"gal-costa-india","status":"publish","type":"product","link":"https:\/\/discos-redondos.es\/ca\/producte\/gal-costa-india","title":{"rendered":"Gal Costa \u2013 \u00cdndia"},"content":{"rendered":"<p><strong>Gal Costa \u2013 \u00cdndia<\/strong><\/p>\n<p><strong>Tracklist<\/strong><\/p>\n<table class=\"tracklist_3QGRS\">\n<tbody>\n<tr data-track-position=\"A1\">\n<td class=\"trackPos_2RCje\">A1<\/td>\n<td class=\"artist_3zAQD\"><\/td>\n<td class=\"trackTitle_CTKp4\"><span class=\"trackTitle_CTKp4\">\u00cdndia<\/span><\/td>\n<td class=\"duration_2t4qr\">6:51<\/td>\n<\/tr>\n<tr data-track-position=\"A2\">\n<td class=\"trackPos_2RCje\">A2<\/td>\n<td class=\"artist_3zAQD\"><\/td>\n<td class=\"trackTitle_CTKp4\"><span class=\"trackTitle_CTKp4\">Milho Verde<\/span><\/td>\n<td class=\"duration_2t4qr\">4:20<\/td>\n<\/tr>\n<tr data-track-position=\"A3\">\n<td class=\"trackPos_2RCje\">A3<\/td>\n<td class=\"artist_3zAQD\"><\/td>\n<td class=\"trackTitle_CTKp4\"><span class=\"trackTitle_CTKp4\">Presente Cotidiano<\/span><\/td>\n<td class=\"duration_2t4qr\">2:54<\/td>\n<\/tr>\n<tr data-track-position=\"A4\">\n<td class=\"trackPos_2RCje\">A4<\/td>\n<td class=\"artist_3zAQD\"><\/td>\n<td class=\"trackTitle_CTKp4\"><span class=\"trackTitle_CTKp4\">Volta<\/span><\/td>\n<td class=\"duration_2t4qr\">3:17<\/td>\n<\/tr>\n<tr data-track-position=\"B1\">\n<td class=\"trackPos_2RCje\">B1<\/td>\n<td class=\"artist_3zAQD\"><\/td>\n<td class=\"trackTitle_CTKp4\"><span class=\"trackTitle_CTKp4\">Relance<\/span><\/td>\n<td class=\"duration_2t4qr\">4:52<\/td>\n<\/tr>\n<tr data-track-position=\"B2\">\n<td class=\"trackPos_2RCje\">B2<\/td>\n<td class=\"artist_3zAQD\"><\/td>\n<td class=\"trackTitle_CTKp4\"><span class=\"trackTitle_CTKp4\">Da Maior Import\u00e2ncia<\/span><\/td>\n<td class=\"duration_2t4qr\">5:12<\/td>\n<\/tr>\n<tr data-track-position=\"B3\">\n<td class=\"trackPos_2RCje\">B3<\/td>\n<td class=\"artist_3zAQD\"><\/td>\n<td class=\"trackTitle_CTKp4\"><span class=\"trackTitle_CTKp4\">Passarinho<\/span><\/td>\n<td class=\"duration_2t4qr\">2:23<\/td>\n<\/tr>\n<tr data-track-position=\"B4\">\n<td class=\"trackPos_2RCje\">B4<\/td>\n<td class=\"artist_3zAQD\"><\/td>\n<td class=\"trackTitle_CTKp4\"><span class=\"trackTitle_CTKp4\">Pontos De Luz<\/span><\/td>\n<td class=\"duration_2t4qr\">2:40<\/td>\n<\/tr>\n<tr data-track-position=\"B5\">\n<td class=\"trackPos_2RCje\">B5<\/td>\n<td class=\"artist_3zAQD\"><\/td>\n<td class=\"trackTitle_CTKp4\"><span class=\"trackTitle_CTKp4\">Desafinado<\/span><\/td>\n<td class=\"duration_2t4qr\">2:36<\/td>\n<\/tr>\n<\/tbody>\n<\/table>\n<p>&nbsp;<\/p>\n<p><iframe loading=\"lazy\" title=\"Gal Costa-\u00cdndia [Full \u00c1lbum]\" width=\"832\" height=\"468\" src=\"https:\/\/www.youtube.com\/embed\/jEfM31fFx3o?feature=oembed\" frameborder=\"0\" allow=\"accelerometer; autoplay; clipboard-write; encrypted-media; gyroscope; picture-in-picture; web-share\" referrerpolicy=\"strict-origin-when-cross-origin\" allowfullscreen><\/iframe><\/p>\n<p><strong>Gal Costa \u2013 \u00cdndia: <\/strong>\u00cdndia es un \u00e1lbum de MPB, con influencias de tropic\u00e1lia, folk, psicod\u00e9lica, jazz, funk y rock.<\/p>\n<p>\u00cdndia es el cuarto \u00e1lbum de estudio de la cantante brasile\u00f1a Gal Costa, lanzado en 1973 por Philips Records. Sus grandes \u00e9xitos fueron \u00ab\u00cdndia\u00bb, \u00abVolta\u00bb y \u00abDesafinado\u00bb. La portada muestra a Gal Costa semidesnuda con chalecos ind\u00edgenas brasile\u00f1os. Originalmente fue censurado por el gobierno militar brasile\u00f1o, pero Costa public\u00f3 el \u00e1lbum con la portada completa en 2015. Declar\u00f3 en su cuenta de Instagram: \u00abPara nuestro deleite, incluido el m\u00edo\u00bb.<\/p>\n<p>El \u00e1lbum fue lanzado en 1973 por Philips Records y reeditado con la portada original sin censura en 2017 por Mr Bongo Records. Esta es la edici\u00f3n que te ofrecemos aqu\u00ed.<\/p>\n<p>Los m\u00fasicos que participaron en esta grabaci\u00f3pn fueron los siguientes:<\/p>\n<ul>\n<li>Gilberto Gil \u2014 direcci\u00f3n musical y guitarra ac\u00fastica de 6 y de 12 cuerdas.<\/li>\n<li>Dominguinhos \u2014 acorde\u00f3n<\/li>\n<li>Toninho Horta \u2014 guitarra el\u00e9ctrica<\/li>\n<li>Luiz Alves \u2014 contrabajo<\/li>\n<li>Roberto Silva \u2014 bater\u00eda<\/li>\n<li>Chico Batera \u2014 percusi\u00f3n y efectos eszpeciales<\/li>\n<li>Rog\u00e9rio Duprat \u2014 arreglos<\/li>\n<li>Arthur Verocai \u2014 arreglos<\/li>\n<li>Mario Tavares \u2014 cuerdas<\/li>\n<li>Ten\u00f3rio Jr. \/ Wagner Tiso \u2014 \u00f3rgano<\/li>\n<li>Roberto Menescal \u2014 guitarra ac\u00fastica<\/li>\n<li>Chacal \u2014 percusi\u00f3n<\/li>\n<\/ul>\n<p>Incluye composiciones de Ant\u00f4nio Carlos Jobim, Jards Macal\u00e9, Luiz Melodia, Newton Mendon\u00e7a, Lupic\u00ednio Rodrigues y Jos\u00e9 Asunci\u00f3n Flores<\/p>\n","protected":false},"excerpt":{"rendered":"<p>Mr Bongo \u2013 MRBLP149, Philips \u2013 6349.077, 7119691248516<\/p>\n<p>LP UK 2023<\/p>","protected":false},"featured_media":5442,"template":"","meta":[],"product_brand":[],"product_cat":[81],"product_tag":[],"class_list":{"0":"post-5441","1":"product","2":"type-product","3":"status-publish","4":"has-post-thumbnail","6":"product_cat-brasil-latin","8":"first","9":"outofstock","10":"taxable","11":"shipping-taxable","12":"purchasable","13":"product-type-simple"},"yoast_head":"<!-- This site is optimized with the Yoast SEO plugin v27.5 - https:\/\/yoast.com\/product\/yoast-seo-wordpress\/ -->\n<title>Gal Costa \u2013 \u00cdndia - DISCOS REDONDOS<\/title>\n<meta name=\"description\" content=\"Gal Costa \u2013 \u00cdndia - Edici\u00f3n en vinilo de Mr Bongo UK 2023 \u2013 Portada GAtefold MRBLP149, Philips \u2013 6349.077, 7119691248516.\" \/>\n<meta name=\"robots\" content=\"index, follow, max-snippet:-1, max-image-preview:large, max-video-preview:-1\" \/>\n<link rel=\"canonical\" href=\"https:\/\/discos-redondos.es\/ca\/producte\/gal-costa-india\/\" \/>\n<meta property=\"og:locale\" content=\"ca_ES\" \/>\n<meta property=\"og:type\" content=\"article\" \/>\n<meta property=\"og:title\" content=\"Gal Costa \u2013 \u00cdndia - DISCOS REDONDOS\" \/>\n<meta property=\"og:description\" content=\"Gal Costa \u2013 \u00cdndia - Edici\u00f3n en vinilo de Mr Bongo UK 2023 \u2013 Portada GAtefold MRBLP149, Philips \u2013 6349.077, 7119691248516.\" \/>\n<meta property=\"og:url\" content=\"https:\/\/discos-redondos.es\/ca\/producte\/gal-costa-india\/\" \/>\n<meta property=\"og:site_name\" content=\"DISCOS REDONDOS\" \/>\n<meta property=\"article:publisher\" content=\"https:\/\/www.facebook.com\/discosredondos45\" \/>\n<meta property=\"article:modified_time\" content=\"2026-04-11T22:22:42+00:00\" \/>\n<meta property=\"og:image\" content=\"https:\/\/discos-redondos.es\/wp-content\/uploads\/2023\/04\/Gal-Costa-\u2013-India.jpg\" \/>\n\t<meta property=\"og:image:width\" content=\"600\" \/>\n\t<meta property=\"og:image:height\" content=\"600\" \/>\n\t<meta property=\"og:image:type\" content=\"image\/jpeg\" \/>\n<meta name=\"twitter:card\" content=\"summary_large_image\" \/>\n<meta name=\"twitter:label1\" content=\"Temps estimat de lectura\" \/>\n\t<meta name=\"twitter:data1\" content=\"2 minuts\" \/>\n<script type=\"application\/ld+json\" class=\"yoast-schema-graph\">{\"@context\":\"https:\\\/\\\/schema.org\",\"@graph\":[{\"@type\":\"WebPage\",\"@id\":\"https:\\\/\\\/discos-redondos.es\\\/producto\\\/gal-costa-india\",\"url\":\"https:\\\/\\\/discos-redondos.es\\\/producto\\\/gal-costa-india\",\"name\":\"Gal Costa \u2013 \u00cdndia - DISCOS REDONDOS\",\"isPartOf\":{\"@id\":\"https:\\\/\\\/discos-redondos.es\\\/#website\"},\"primaryImageOfPage\":{\"@id\":\"https:\\\/\\\/discos-redondos.es\\\/producto\\\/gal-costa-india#primaryimage\"},\"image\":{\"@id\":\"https:\\\/\\\/discos-redondos.es\\\/producto\\\/gal-costa-india#primaryimage\"},\"thumbnailUrl\":\"https:\\\/\\\/discos-redondos.es\\\/wp-content\\\/uploads\\\/2023\\\/04\\\/Gal-Costa-\u2013-India.jpg\",\"datePublished\":\"2023-04-17T15:12:08+00:00\",\"dateModified\":\"2026-04-11T22:22:42+00:00\",\"description\":\"Gal Costa \u2013 \u00cdndia - Edici\u00f3n en vinilo de Mr Bongo UK 2023 \u2013 Portada GAtefold MRBLP149, Philips \u2013 6349.077, 7119691248516.\",\"breadcrumb\":{\"@id\":\"https:\\\/\\\/discos-redondos.es\\\/producto\\\/gal-costa-india#breadcrumb\"},\"inLanguage\":\"ca\",\"potentialAction\":[{\"@type\":\"ReadAction\",\"target\":[\"https:\\\/\\\/discos-redondos.es\\\/producto\\\/gal-costa-india\"]}]},{\"@type\":\"ImageObject\",\"inLanguage\":\"ca\",\"@id\":\"https:\\\/\\\/discos-redondos.es\\\/producto\\\/gal-costa-india#primaryimage\",\"url\":\"https:\\\/\\\/discos-redondos.es\\\/wp-content\\\/uploads\\\/2023\\\/04\\\/Gal-Costa-\u2013-India.jpg\",\"contentUrl\":\"https:\\\/\\\/discos-redondos.es\\\/wp-content\\\/uploads\\\/2023\\\/04\\\/Gal-Costa-\u2013-India.jpg\",\"width\":600,\"height\":600,\"caption\":\"Gal Costa \u2013 \u00cdndia\"},{\"@type\":\"BreadcrumbList\",\"@id\":\"https:\\\/\\\/discos-redondos.es\\\/producto\\\/gal-costa-india#breadcrumb\",\"itemListElement\":[{\"@type\":\"ListItem\",\"position\":1,\"name\":\"Portada\",\"item\":\"https:\\\/\\\/discos-redondos.es\\\/\"},{\"@type\":\"ListItem\",\"position\":2,\"name\":\"Tienda\",\"item\":\"https:\\\/\\\/discos-redondos.es\\\/?page_id=487\"},{\"@type\":\"ListItem\",\"position\":3,\"name\":\"Gal Costa \u2013 \u00cdndia\"}]},{\"@type\":\"WebSite\",\"@id\":\"https:\\\/\\\/discos-redondos.es\\\/#website\",\"url\":\"https:\\\/\\\/discos-redondos.es\\\/\",\"name\":\"Discos Redondos\",\"description\":\"Tu tienda de discos en Barcelona\",\"publisher\":{\"@id\":\"https:\\\/\\\/discos-redondos.es\\\/#organization\"},\"alternateName\":\"Discos Redondos\",\"potentialAction\":[{\"@type\":\"SearchAction\",\"target\":{\"@type\":\"EntryPoint\",\"urlTemplate\":\"https:\\\/\\\/discos-redondos.es\\\/?s={search_term_string}\"},\"query-input\":{\"@type\":\"PropertyValueSpecification\",\"valueRequired\":true,\"valueName\":\"search_term_string\"}}],\"inLanguage\":\"ca\"},{\"@type\":\"Organization\",\"@id\":\"https:\\\/\\\/discos-redondos.es\\\/#organization\",\"name\":\"Discos Redondos\",\"url\":\"https:\\\/\\\/discos-redondos.es\\\/\",\"logo\":{\"@type\":\"ImageObject\",\"inLanguage\":\"ca\",\"@id\":\"https:\\\/\\\/discos-redondos.es\\\/#\\\/schema\\\/logo\\\/image\\\/\",\"url\":\"https:\\\/\\\/discos-redondos.es\\\/wp-content\\\/uploads\\\/2023\\\/04\\\/aaff-logo-raval-1-1.jpg\",\"contentUrl\":\"https:\\\/\\\/discos-redondos.es\\\/wp-content\\\/uploads\\\/2023\\\/04\\\/aaff-logo-raval-1-1.jpg\",\"width\":2362,\"height\":1441,\"caption\":\"Discos Redondos\"},\"image\":{\"@id\":\"https:\\\/\\\/discos-redondos.es\\\/#\\\/schema\\\/logo\\\/image\\\/\"},\"sameAs\":[\"https:\\\/\\\/www.facebook.com\\\/discosredondos45\",\"https:\\\/\\\/www.instagram.com\\\/discos.redondos33\\\/?hl=es\",\"https:\\\/\\\/discos-redondos.bandcamp.com\\\/\"]}]}<\/script>\n<!-- \/ Yoast SEO plugin. -->","yoast_head_json":{"title":"Gal Costa \u2013 \u00cdndia - DISCOS REDONDOS","description":"Gal Costa \u2013 \u00cdndia - Edici\u00f3n en vinilo de Mr Bongo UK 2023 \u2013 Portada GAtefold MRBLP149, Philips \u2013 6349.077, 7119691248516.","robots":{"index":"index","follow":"follow","max-snippet":"max-snippet:-1","max-image-preview":"max-image-preview:large","max-video-preview":"max-video-preview:-1"},"canonical":"https:\/\/discos-redondos.es\/ca\/producte\/gal-costa-india\/","og_locale":"ca_ES","og_type":"article","og_title":"Gal Costa \u2013 \u00cdndia - DISCOS REDONDOS","og_description":"Gal Costa \u2013 \u00cdndia - Edici\u00f3n en vinilo de Mr Bongo UK 2023 \u2013 Portada GAtefold MRBLP149, Philips \u2013 6349.077, 7119691248516.","og_url":"https:\/\/discos-redondos.es\/ca\/producte\/gal-costa-india\/","og_site_name":"DISCOS REDONDOS","article_publisher":"https:\/\/www.facebook.com\/discosredondos45","article_modified_time":"2026-04-11T22:22:42+00:00","og_image":[{"width":600,"height":600,"url":"https:\/\/discos-redondos.es\/wp-content\/uploads\/2023\/04\/Gal-Costa-\u2013-India.jpg","type":"image\/jpeg"}],"twitter_card":"summary_large_image","twitter_misc":{"Temps estimat de lectura":"2 minuts"},"schema":{"@context":"https:\/\/schema.org","@graph":[{"@type":"WebPage","@id":"https:\/\/discos-redondos.es\/producto\/gal-costa-india","url":"https:\/\/discos-redondos.es\/producto\/gal-costa-india","name":"Gal Costa \u2013 \u00cdndia - DISCOS REDONDOS","isPartOf":{"@id":"https:\/\/discos-redondos.es\/#website"},"primaryImageOfPage":{"@id":"https:\/\/discos-redondos.es\/producto\/gal-costa-india#primaryimage"},"image":{"@id":"https:\/\/discos-redondos.es\/producto\/gal-costa-india#primaryimage"},"thumbnailUrl":"https:\/\/discos-redondos.es\/wp-content\/uploads\/2023\/04\/Gal-Costa-\u2013-India.jpg","datePublished":"2023-04-17T15:12:08+00:00","dateModified":"2026-04-11T22:22:42+00:00","description":"Gal Costa \u2013 \u00cdndia - Edici\u00f3n en vinilo de Mr Bongo UK 2023 \u2013 Portada GAtefold MRBLP149, Philips \u2013 6349.077, 7119691248516.","breadcrumb":{"@id":"https:\/\/discos-redondos.es\/producto\/gal-costa-india#breadcrumb"},"inLanguage":"ca","potentialAction":[{"@type":"ReadAction","target":["https:\/\/discos-redondos.es\/producto\/gal-costa-india"]}]},{"@type":"ImageObject","inLanguage":"ca","@id":"https:\/\/discos-redondos.es\/producto\/gal-costa-india#primaryimage","url":"https:\/\/discos-redondos.es\/wp-content\/uploads\/2023\/04\/Gal-Costa-\u2013-India.jpg","contentUrl":"https:\/\/discos-redondos.es\/wp-content\/uploads\/2023\/04\/Gal-Costa-\u2013-India.jpg","width":600,"height":600,"caption":"Gal Costa \u2013 \u00cdndia"},{"@type":"BreadcrumbList","@id":"https:\/\/discos-redondos.es\/producto\/gal-costa-india#breadcrumb","itemListElement":[{"@type":"ListItem","position":1,"name":"Portada","item":"https:\/\/discos-redondos.es\/"},{"@type":"ListItem","position":2,"name":"Tienda","item":"https:\/\/discos-redondos.es\/?page_id=487"},{"@type":"ListItem","position":3,"name":"Gal Costa \u2013 \u00cdndia"}]},{"@type":"WebSite","@id":"https:\/\/discos-redondos.es\/#website","url":"https:\/\/discos-redondos.es\/","name":"Discos Redondos","description":"La teva botiga de discos a Barcelona","publisher":{"@id":"https:\/\/discos-redondos.es\/#organization"},"alternateName":"Discos Redondos","potentialAction":[{"@type":"SearchAction","target":{"@type":"EntryPoint","urlTemplate":"https:\/\/discos-redondos.es\/?s={search_term_string}"},"query-input":{"@type":"PropertyValueSpecification","valueRequired":true,"valueName":"search_term_string"}}],"inLanguage":"ca"},{"@type":"Organization","@id":"https:\/\/discos-redondos.es\/#organization","name":"Discos Redondos","url":"https:\/\/discos-redondos.es\/","logo":{"@type":"ImageObject","inLanguage":"ca","@id":"https:\/\/discos-redondos.es\/#\/schema\/logo\/image\/","url":"https:\/\/discos-redondos.es\/wp-content\/uploads\/2023\/04\/aaff-logo-raval-1-1.jpg","contentUrl":"https:\/\/discos-redondos.es\/wp-content\/uploads\/2023\/04\/aaff-logo-raval-1-1.jpg","width":2362,"height":1441,"caption":"Discos Redondos"},"image":{"@id":"https:\/\/discos-redondos.es\/#\/schema\/logo\/image\/"},"sameAs":["https:\/\/www.facebook.com\/discosredondos45","https:\/\/www.instagram.com\/discos.redondos33\/?hl=es","https:\/\/discos-redondos.bandcamp.com\/"]}]}},"_links":{"self":[{"href":"https:\/\/discos-redondos.es\/ca\/wp-json\/wp\/v2\/product\/5441","targetHints":{"allow":["GET"]}}],"collection":[{"href":"https:\/\/discos-redondos.es\/ca\/wp-json\/wp\/v2\/product"}],"about":[{"href":"https:\/\/discos-redondos.es\/ca\/wp-json\/wp\/v2\/types\/product"}],"wp:featuredmedia":[{"embeddable":true,"href":"https:\/\/discos-redondos.es\/ca\/wp-json\/wp\/v2\/media\/5442"}],"wp:attachment":[{"href":"https:\/\/discos-redondos.es\/ca\/wp-json\/wp\/v2\/media?parent=5441"}],"wp:term":[{"taxonomy":"product_brand","embeddable":true,"href":"https:\/\/discos-redondos.es\/ca\/wp-json\/wp\/v2\/product_brand?post=5441"},{"taxonomy":"product_cat","embeddable":true,"href":"https:\/\/discos-redondos.es\/ca\/wp-json\/wp\/v2\/product_cat?post=5441"},{"taxonomy":"product_tag","embeddable":true,"href":"https:\/\/discos-redondos.es\/ca\/wp-json\/wp\/v2\/product_tag?post=5441"}],"curies":[{"name":"wp","href":"https:\/\/api.w.org\/{rel}","templated":true}]}}