{"id":550,"date":"2021-04-27T16:29:18","date_gmt":"2021-04-27T16:29:18","guid":{"rendered":"https:\/\/discos-redondos.es\/?post_type=product&#038;p=550"},"modified":"2026-03-30T16:47:06","modified_gmt":"2026-03-30T16:47:06","slug":"dj-krush-jaku","status":"publish","type":"product","link":"https:\/\/discos-redondos.es\/ca\/producte\/dj-krush-jaku","title":{"rendered":"DJ Krush &#8211; Jaku &#8211;"},"content":{"rendered":"<p><strong>DJ Krush \u200e\u2013 \u5bc2 -Jaku-<\/strong><\/p>\n<p><strong>Tracklist<\/strong><\/p>\n<p>A1 Still Island<br \/>\nA2 Road To Nowhere<br \/>\nA3 Nosferatu<br \/>\nA4 The Beginning<\/p>\n<p>B1 Transition<br \/>\nB2 Stormy Cloud<br \/>\nB3 Univearth<br \/>\nB4 Decks-athron<\/p>\n<p>C1 Kill Switch<br \/>\nC2 Pretense<br \/>\nC3 Slit Of Cloud<\/p>\n<p>C4 Passage<br \/>\nD1 Beyond Raging Waves<br \/>\nD2 Distant Voices<br \/>\nD3 Song 2<\/p>\n<p><iframe loading=\"lazy\" title=\"DJ Krush - Jaku (Full Album)\" width=\"832\" height=\"468\" src=\"https:\/\/www.youtube.com\/embed\/4TWQz2ds8CU?feature=oembed\" frameborder=\"0\" allow=\"accelerometer; autoplay; clipboard-write; encrypted-media; gyroscope; picture-in-picture; web-share\" referrerpolicy=\"strict-origin-when-cross-origin\" allowfullscreen><\/iframe><\/p>\n<p><strong>DJ Krush \u200e\u2013 \u5bc2 -Jaku-: <\/strong>Hideaki Ishi (\u77f3 \u82f1\u660e, Ishi Hideaki, nacido el 29 de julio de 1962), m\u00e1s conocido por su nombre art\u00edstico DJ Krush, es un productor discogr\u00e1fico y DJ. Es conocido por su producci\u00f3n instrumental atmosf\u00e9rica que incorpora elementos sonoros de la naturaleza y un amplio uso de muestras de jazz y soul. Ishi naci\u00f3 en Tokio en 1962. Abandon\u00f3 la escuela a una edad temprana y se uni\u00f3 a una pandilla local y, unos a\u00f1os m\u00e1s tarde, a la yakuza. Al principio de su carrera como subordinado de la yakuza, Ishi descubri\u00f3 un dedo amputado envuelto en papel en su escritorio. M\u00e1s tarde, tras descubrir que hab\u00eda pertenecido a un amigo, decidi\u00f3 dejar la yakuza y cortar lazos con el inframundo criminal. Ishi se inspir\u00f3 para empezar a pinchar despu\u00e9s de ver la pel\u00edcula Wild Style en 1983. \u00abCuando descubr\u00ed la pel\u00edcula Wild Style en 1983 encontr\u00e9 lo que realmente quer\u00eda hacer, expresarme\u00bb, dijo en una entrevista de 2015. \u00abBreaking, grafitti, rap, DJ&#8230; Siempre me gust\u00f3 la m\u00fasica, as\u00ed que eleg\u00ed DJ. Mi cuerpo no estaba hecho para romper, pinchar era lo m\u00edo\u00bb<\/p>\n<p>Jaku (\u5bc2, Jaku) es el octavo \u00e1lbum de estudio en solitario de DJ Krush. Fue lanzado en 2004. Alcanz\u00f3 el puesto 123 en la lista de \u00e1lbumes de Oricon, as\u00ed como el n\u00famero 16 en la lista Billboard Top Dance\/Electronic Albums.El \u00e1lbum cuenta con apariciones especiales de los raperos estadounidenses Mr. Lif (\u00abNosferatu\u00bb) y Aesop Rock (\u00abKill Switch\u00bb), quienes firmaron con Definitive Jux en ese momento. Cameron Macdonald de Pitchfork le dio al \u00e1lbum un 7,3 sobre 10 y dijo: \u00abEl uso que hace Krush del espacio y la textura siguen siendo no solo formidables, sino notablemente relevantes\u00bb. Tim O&#8217;Neil de PopMatters escribi\u00f3: \u00abEste \u00e1lbum es simplemente un indicador que Krush ha dominado, como pocos antes que \u00e9l, el arte sutil de la verdadera asimilaci\u00f3n cultural a trav\u00e9s del prisma de la m\u00fasica electr\u00f3nica\u00bb.<\/p>\n<p>&nbsp;<\/p>\n<p>&nbsp;<\/p>\n<p>&nbsp;<\/p>","protected":false},"excerpt":{"rendered":"<p>Music On Vinyl \u200e\u2013 MOVLP1154, 8718469536337<\/p>\n<p>Reedici\u00f3n europea a cargo de Music on Vinyl en doble LP, vinilo de 180 gramos<\/p>","protected":false},"featured_media":551,"template":"","meta":[],"product_brand":[121],"product_cat":[74],"product_tag":[],"class_list":{"0":"post-550","1":"product","2":"type-product","3":"status-publish","4":"has-post-thumbnail","6":"product_brand-music-on-vinyl","7":"product_cat-hip-hop","9":"first","10":"instock","11":"taxable","12":"shipping-taxable","13":"purchasable","14":"product-type-simple"},"yoast_head":"<!-- This site is optimized with the Yoast SEO plugin v27.4 - https:\/\/yoast.com\/product\/yoast-seo-wordpress\/ -->\n<title>DJ Krush - Jaku - DISCOS REDONDOS<\/title>\n<meta name=\"description\" content=\"DJ Krush - Jaku - Music On Vinyl \u200e\u2013 MOVLP1154, 8718469536337 Reedici\u00f3n europea a cargo de Music on Vinyl en doble LP, vinilo de 180 gramos\" \/>\n<meta name=\"robots\" content=\"index, follow, max-snippet:-1, max-image-preview:large, max-video-preview:-1\" \/>\n<link rel=\"canonical\" href=\"https:\/\/discos-redondos.es\/ca\/producte\/dj-krush-jaku\/\" \/>\n<meta property=\"og:locale\" content=\"ca_ES\" \/>\n<meta property=\"og:type\" content=\"article\" \/>\n<meta property=\"og:title\" content=\"DJ Krush - Jaku - DISCOS REDONDOS\" \/>\n<meta property=\"og:description\" content=\"DJ Krush - Jaku - Music On Vinyl \u200e\u2013 MOVLP1154, 8718469536337 Reedici\u00f3n europea a cargo de Music on Vinyl en doble LP, vinilo de 180 gramos\" \/>\n<meta property=\"og:url\" content=\"https:\/\/discos-redondos.es\/ca\/producte\/dj-krush-jaku\/\" \/>\n<meta property=\"og:site_name\" content=\"DISCOS REDONDOS\" \/>\n<meta property=\"article:publisher\" content=\"https:\/\/www.facebook.com\/discosredondos45\" \/>\n<meta property=\"article:modified_time\" content=\"2026-03-30T16:47:06+00:00\" \/>\n<meta property=\"og:image\" content=\"https:\/\/discos-redondos.es\/wp-content\/uploads\/2021\/04\/DJ-Krush-\u200e\u2013-\u5bc2-Jaku-.jpg\" \/>\n\t<meta property=\"og:image:width\" content=\"600\" \/>\n\t<meta property=\"og:image:height\" content=\"601\" \/>\n\t<meta property=\"og:image:type\" content=\"image\/jpeg\" \/>\n<meta name=\"twitter:card\" content=\"summary_large_image\" \/>\n<meta name=\"twitter:label1\" content=\"Temps estimat de lectura\" \/>\n\t<meta name=\"twitter:data1\" content=\"2 minuts\" \/>\n<script type=\"application\/ld+json\" class=\"yoast-schema-graph\">{\"@context\":\"https:\\\/\\\/schema.org\",\"@graph\":[{\"@type\":\"WebPage\",\"@id\":\"https:\\\/\\\/discos-redondos.es\\\/producto\\\/dj-krush-jaku\",\"url\":\"https:\\\/\\\/discos-redondos.es\\\/producto\\\/dj-krush-jaku\",\"name\":\"DJ Krush - Jaku - DISCOS REDONDOS\",\"isPartOf\":{\"@id\":\"https:\\\/\\\/discos-redondos.es\\\/#website\"},\"primaryImageOfPage\":{\"@id\":\"https:\\\/\\\/discos-redondos.es\\\/producto\\\/dj-krush-jaku#primaryimage\"},\"image\":{\"@id\":\"https:\\\/\\\/discos-redondos.es\\\/producto\\\/dj-krush-jaku#primaryimage\"},\"thumbnailUrl\":\"https:\\\/\\\/discos-redondos.es\\\/wp-content\\\/uploads\\\/2021\\\/04\\\/DJ-Krush-\u200e\u2013-\u5bc2-Jaku-.jpg\",\"datePublished\":\"2021-04-27T16:29:18+00:00\",\"dateModified\":\"2026-03-30T16:47:06+00:00\",\"description\":\"DJ Krush - Jaku - Music On Vinyl \u200e\u2013 MOVLP1154, 8718469536337 Reedici\u00f3n europea a cargo de Music on Vinyl en doble LP, vinilo de 180 gramos\",\"breadcrumb\":{\"@id\":\"https:\\\/\\\/discos-redondos.es\\\/producto\\\/dj-krush-jaku#breadcrumb\"},\"inLanguage\":\"ca\",\"potentialAction\":[{\"@type\":\"ReadAction\",\"target\":[\"https:\\\/\\\/discos-redondos.es\\\/producto\\\/dj-krush-jaku\"]}]},{\"@type\":\"ImageObject\",\"inLanguage\":\"ca\",\"@id\":\"https:\\\/\\\/discos-redondos.es\\\/producto\\\/dj-krush-jaku#primaryimage\",\"url\":\"https:\\\/\\\/discos-redondos.es\\\/wp-content\\\/uploads\\\/2021\\\/04\\\/DJ-Krush-\u200e\u2013-\u5bc2-Jaku-.jpg\",\"contentUrl\":\"https:\\\/\\\/discos-redondos.es\\\/wp-content\\\/uploads\\\/2021\\\/04\\\/DJ-Krush-\u200e\u2013-\u5bc2-Jaku-.jpg\",\"width\":600,\"height\":601,\"caption\":\"DJ Krush \u200e\u2013 \u5bc2 -Jaku-\"},{\"@type\":\"BreadcrumbList\",\"@id\":\"https:\\\/\\\/discos-redondos.es\\\/producto\\\/dj-krush-jaku#breadcrumb\",\"itemListElement\":[{\"@type\":\"ListItem\",\"position\":1,\"name\":\"Portada\",\"item\":\"https:\\\/\\\/discos-redondos.es\\\/\"},{\"@type\":\"ListItem\",\"position\":2,\"name\":\"Tienda\",\"item\":\"https:\\\/\\\/discos-redondos.es\\\/?page_id=487\"},{\"@type\":\"ListItem\",\"position\":3,\"name\":\"DJ Krush &#8211; Jaku &#8211;\"}]},{\"@type\":\"WebSite\",\"@id\":\"https:\\\/\\\/discos-redondos.es\\\/#website\",\"url\":\"https:\\\/\\\/discos-redondos.es\\\/\",\"name\":\"Discos Redondos\",\"description\":\"Tu tienda de discos en Barcelona\",\"publisher\":{\"@id\":\"https:\\\/\\\/discos-redondos.es\\\/#organization\"},\"alternateName\":\"Discos Redondos\",\"potentialAction\":[{\"@type\":\"SearchAction\",\"target\":{\"@type\":\"EntryPoint\",\"urlTemplate\":\"https:\\\/\\\/discos-redondos.es\\\/?s={search_term_string}\"},\"query-input\":{\"@type\":\"PropertyValueSpecification\",\"valueRequired\":true,\"valueName\":\"search_term_string\"}}],\"inLanguage\":\"ca\"},{\"@type\":\"Organization\",\"@id\":\"https:\\\/\\\/discos-redondos.es\\\/#organization\",\"name\":\"Discos Redondos\",\"url\":\"https:\\\/\\\/discos-redondos.es\\\/\",\"logo\":{\"@type\":\"ImageObject\",\"inLanguage\":\"ca\",\"@id\":\"https:\\\/\\\/discos-redondos.es\\\/#\\\/schema\\\/logo\\\/image\\\/\",\"url\":\"https:\\\/\\\/discos-redondos.es\\\/wp-content\\\/uploads\\\/2023\\\/04\\\/aaff-logo-raval-1-1.jpg\",\"contentUrl\":\"https:\\\/\\\/discos-redondos.es\\\/wp-content\\\/uploads\\\/2023\\\/04\\\/aaff-logo-raval-1-1.jpg\",\"width\":2362,\"height\":1441,\"caption\":\"Discos Redondos\"},\"image\":{\"@id\":\"https:\\\/\\\/discos-redondos.es\\\/#\\\/schema\\\/logo\\\/image\\\/\"},\"sameAs\":[\"https:\\\/\\\/www.facebook.com\\\/discosredondos45\",\"https:\\\/\\\/www.instagram.com\\\/discos.redondos33\\\/?hl=es\",\"https:\\\/\\\/discos-redondos.bandcamp.com\\\/\"]}]}<\/script>\n<!-- \/ Yoast SEO plugin. -->","yoast_head_json":{"title":"DJ Krush - Jaku - DISCOS REDONDOS","description":"DJ Krush - Jaku - Music On Vinyl \u200e\u2013 MOVLP1154, 8718469536337 Reedici\u00f3n europea a cargo de Music on Vinyl en doble LP, vinilo de 180 gramos","robots":{"index":"index","follow":"follow","max-snippet":"max-snippet:-1","max-image-preview":"max-image-preview:large","max-video-preview":"max-video-preview:-1"},"canonical":"https:\/\/discos-redondos.es\/ca\/producte\/dj-krush-jaku\/","og_locale":"ca_ES","og_type":"article","og_title":"DJ Krush - Jaku - DISCOS REDONDOS","og_description":"DJ Krush - Jaku - Music On Vinyl \u200e\u2013 MOVLP1154, 8718469536337 Reedici\u00f3n europea a cargo de Music on Vinyl en doble LP, vinilo de 180 gramos","og_url":"https:\/\/discos-redondos.es\/ca\/producte\/dj-krush-jaku\/","og_site_name":"DISCOS REDONDOS","article_publisher":"https:\/\/www.facebook.com\/discosredondos45","article_modified_time":"2026-03-30T16:47:06+00:00","og_image":[{"width":600,"height":601,"url":"https:\/\/discos-redondos.es\/wp-content\/uploads\/2021\/04\/DJ-Krush-\u200e\u2013-\u5bc2-Jaku-.jpg","type":"image\/jpeg"}],"twitter_card":"summary_large_image","twitter_misc":{"Temps estimat de lectura":"2 minuts"},"schema":{"@context":"https:\/\/schema.org","@graph":[{"@type":"WebPage","@id":"https:\/\/discos-redondos.es\/producto\/dj-krush-jaku","url":"https:\/\/discos-redondos.es\/producto\/dj-krush-jaku","name":"DJ Krush - Jaku - DISCOS REDONDOS","isPartOf":{"@id":"https:\/\/discos-redondos.es\/#website"},"primaryImageOfPage":{"@id":"https:\/\/discos-redondos.es\/producto\/dj-krush-jaku#primaryimage"},"image":{"@id":"https:\/\/discos-redondos.es\/producto\/dj-krush-jaku#primaryimage"},"thumbnailUrl":"https:\/\/discos-redondos.es\/wp-content\/uploads\/2021\/04\/DJ-Krush-\u200e\u2013-\u5bc2-Jaku-.jpg","datePublished":"2021-04-27T16:29:18+00:00","dateModified":"2026-03-30T16:47:06+00:00","description":"DJ Krush - Jaku - Music On Vinyl \u200e\u2013 MOVLP1154, 8718469536337 Reedici\u00f3n europea a cargo de Music on Vinyl en doble LP, vinilo de 180 gramos","breadcrumb":{"@id":"https:\/\/discos-redondos.es\/producto\/dj-krush-jaku#breadcrumb"},"inLanguage":"ca","potentialAction":[{"@type":"ReadAction","target":["https:\/\/discos-redondos.es\/producto\/dj-krush-jaku"]}]},{"@type":"ImageObject","inLanguage":"ca","@id":"https:\/\/discos-redondos.es\/producto\/dj-krush-jaku#primaryimage","url":"https:\/\/discos-redondos.es\/wp-content\/uploads\/2021\/04\/DJ-Krush-\u200e\u2013-\u5bc2-Jaku-.jpg","contentUrl":"https:\/\/discos-redondos.es\/wp-content\/uploads\/2021\/04\/DJ-Krush-\u200e\u2013-\u5bc2-Jaku-.jpg","width":600,"height":601,"caption":"DJ Krush \u200e\u2013 \u5bc2 -Jaku-"},{"@type":"BreadcrumbList","@id":"https:\/\/discos-redondos.es\/producto\/dj-krush-jaku#breadcrumb","itemListElement":[{"@type":"ListItem","position":1,"name":"Portada","item":"https:\/\/discos-redondos.es\/"},{"@type":"ListItem","position":2,"name":"Tienda","item":"https:\/\/discos-redondos.es\/?page_id=487"},{"@type":"ListItem","position":3,"name":"DJ Krush &#8211; Jaku &#8211;"}]},{"@type":"WebSite","@id":"https:\/\/discos-redondos.es\/#website","url":"https:\/\/discos-redondos.es\/","name":"Discos Redondos","description":"La teva botiga de discos a Barcelona","publisher":{"@id":"https:\/\/discos-redondos.es\/#organization"},"alternateName":"Discos Redondos","potentialAction":[{"@type":"SearchAction","target":{"@type":"EntryPoint","urlTemplate":"https:\/\/discos-redondos.es\/?s={search_term_string}"},"query-input":{"@type":"PropertyValueSpecification","valueRequired":true,"valueName":"search_term_string"}}],"inLanguage":"ca"},{"@type":"Organization","@id":"https:\/\/discos-redondos.es\/#organization","name":"Discos Redondos","url":"https:\/\/discos-redondos.es\/","logo":{"@type":"ImageObject","inLanguage":"ca","@id":"https:\/\/discos-redondos.es\/#\/schema\/logo\/image\/","url":"https:\/\/discos-redondos.es\/wp-content\/uploads\/2023\/04\/aaff-logo-raval-1-1.jpg","contentUrl":"https:\/\/discos-redondos.es\/wp-content\/uploads\/2023\/04\/aaff-logo-raval-1-1.jpg","width":2362,"height":1441,"caption":"Discos Redondos"},"image":{"@id":"https:\/\/discos-redondos.es\/#\/schema\/logo\/image\/"},"sameAs":["https:\/\/www.facebook.com\/discosredondos45","https:\/\/www.instagram.com\/discos.redondos33\/?hl=es","https:\/\/discos-redondos.bandcamp.com\/"]}]}},"_links":{"self":[{"href":"https:\/\/discos-redondos.es\/ca\/wp-json\/wp\/v2\/product\/550","targetHints":{"allow":["GET"]}}],"collection":[{"href":"https:\/\/discos-redondos.es\/ca\/wp-json\/wp\/v2\/product"}],"about":[{"href":"https:\/\/discos-redondos.es\/ca\/wp-json\/wp\/v2\/types\/product"}],"wp:featuredmedia":[{"embeddable":true,"href":"https:\/\/discos-redondos.es\/ca\/wp-json\/wp\/v2\/media\/551"}],"wp:attachment":[{"href":"https:\/\/discos-redondos.es\/ca\/wp-json\/wp\/v2\/media?parent=550"}],"wp:term":[{"taxonomy":"product_brand","embeddable":true,"href":"https:\/\/discos-redondos.es\/ca\/wp-json\/wp\/v2\/product_brand?post=550"},{"taxonomy":"product_cat","embeddable":true,"href":"https:\/\/discos-redondos.es\/ca\/wp-json\/wp\/v2\/product_cat?post=550"},{"taxonomy":"product_tag","embeddable":true,"href":"https:\/\/discos-redondos.es\/ca\/wp-json\/wp\/v2\/product_tag?post=550"}],"curies":[{"name":"wp","href":"https:\/\/api.w.org\/{rel}","templated":true}]}}