{"id":5556,"date":"2023-05-31T16:26:44","date_gmt":"2023-05-31T16:26:44","guid":{"rendered":"https:\/\/discos-redondos.es\/?post_type=product&#038;p=5556"},"modified":"2024-11-05T17:04:02","modified_gmt":"2024-11-05T17:04:02","slug":"cannonball-adderley-somethin-else","status":"publish","type":"product","link":"https:\/\/discos-redondos.es\/ca\/producte\/cannonball-adderley-somethin-else","title":{"rendered":"Cannonball Adderley \u2013 Somethin&#8217; Else"},"content":{"rendered":"<h1><strong>Cannonball Adderley \u2013 Somethin&#8217; Else<\/strong><\/h1>\n<p><strong>Tracklist<\/strong><\/p>\n<table class=\"tracklist_3QGRS\">\n<tbody>\n<tr data-track-position=\"A1\">\n<td class=\"trackPos_2RCje\">A1<\/td>\n<td class=\"artist_3zAQD\"><\/td>\n<td class=\"trackTitle_CTKp4\"><span class=\"trackTitle_CTKp4\">Autumn Leaves<\/span><\/td>\n<\/tr>\n<tr data-track-position=\"A2\">\n<td class=\"trackPos_2RCje\">A2<\/td>\n<td class=\"artist_3zAQD\"><\/td>\n<td class=\"trackTitle_CTKp4\"><span class=\"trackTitle_CTKp4\">Love For Sale<\/span><\/td>\n<\/tr>\n<tr data-track-position=\"B1\">\n<td class=\"trackPos_2RCje\">B1<\/td>\n<td class=\"artist_3zAQD\"><\/td>\n<td class=\"trackTitle_CTKp4\"><span class=\"trackTitle_CTKp4\">Somethin&#8217; Else<\/span><\/td>\n<\/tr>\n<tr data-track-position=\"B2\">\n<td class=\"trackPos_2RCje\">B2<\/td>\n<td class=\"artist_3zAQD\"><\/td>\n<td class=\"trackTitle_CTKp4\"><span class=\"trackTitle_CTKp4\">One For Daddy-O<\/span><\/td>\n<\/tr>\n<tr data-track-position=\"B3\">\n<td class=\"trackPos_2RCje\">B3<\/td>\n<td class=\"artist_3zAQD\"><\/td>\n<td class=\"trackTitle_CTKp4\"><span class=\"trackTitle_CTKp4\">Dancing In The Dark<\/span><\/td>\n<\/tr>\n<\/tbody>\n<\/table>\n<p>&nbsp;<\/p>\n<p><iframe loading=\"lazy\" title=\"Cannonball Adderley - Autumn Leaves\" width=\"832\" height=\"624\" src=\"https:\/\/www.youtube.com\/embed\/u37RF5xKNq8?feature=oembed\" frameborder=\"0\" allow=\"accelerometer; autoplay; clipboard-write; encrypted-media; gyroscope; picture-in-picture; web-share\" referrerpolicy=\"strict-origin-when-cross-origin\" allowfullscreen><\/iframe><\/p>\n<p>Somethin&#8217; Else es un \u00e1lbum del m\u00fasico de jazz estadounidense Julian \u00abCannonball\u00bb Adderley editado en 1958. La composici\u00f3n que da t\u00edtulo al disco es de Miles Davis y la grabaci\u00f3n es notable asimismo, entre otras cosas, por ser una de las pocas realizadas por Davis para Blue Note Records. The Penguin Guide to Jazz incluye esta grabaci\u00f3n en su lista \u00abCore Collection\u00bb.1\u200b<\/p>\n<p>Adem\u00e1s de Adderley y Davis, colaboran Art Blakey, Hank Jones y Sam Jones.<\/p>","protected":false},"excerpt":{"rendered":"<p>UMe, Blue Note \u2013 0746555, 00602507465551<\/p>\n<p>LP en vinilo de 180 gramos perteneciente a la serie Classic Vinyl Series de Blue Note<\/p>","protected":false},"featured_media":5557,"template":"","meta":[],"product_brand":[],"product_cat":[77],"product_tag":[],"class_list":{"0":"post-5556","1":"product","2":"type-product","3":"status-publish","4":"has-post-thumbnail","6":"product_cat-jazz","8":"first","9":"outofstock","10":"taxable","11":"shipping-taxable","12":"purchasable","13":"product-type-simple"},"yoast_head":"<!-- This site is optimized with the Yoast SEO plugin v27.3 - https:\/\/yoast.com\/product\/yoast-seo-wordpress\/ -->\n<title>Cannonball Adderley \u2013 Somethin&#039; Else - DISCOS REDONDOS<\/title>\n<meta name=\"description\" content=\"Cannonball Adderley \u2013 Somethin&#039; Else - LP en vinilo de 180 gramos perteneciente a la serie Classic Vinyl Series de Blue Note\" \/>\n<meta name=\"robots\" content=\"index, follow, max-snippet:-1, max-image-preview:large, max-video-preview:-1\" \/>\n<link rel=\"canonical\" href=\"https:\/\/discos-redondos.es\/ca\/producte\/cannonball-adderley-somethin-else\/\" \/>\n<meta property=\"og:locale\" content=\"ca_ES\" \/>\n<meta property=\"og:type\" content=\"article\" \/>\n<meta property=\"og:title\" content=\"Cannonball Adderley \u2013 Somethin&#039; Else\" \/>\n<meta property=\"og:description\" content=\"UMe, Blue Note \u2013 0746555, 00602507465551LP en vinilo de 180 gramos perteneciente a la serie Classic Vinyl Series de Blue Note\" \/>\n<meta property=\"og:url\" content=\"https:\/\/discos-redondos.es\/ca\/producte\/cannonball-adderley-somethin-else\/\" \/>\n<meta property=\"og:site_name\" content=\"DISCOS REDONDOS\" \/>\n<meta property=\"article:publisher\" content=\"https:\/\/www.facebook.com\/discosredondos45\" \/>\n<meta property=\"article:modified_time\" content=\"2024-11-05T17:04:02+00:00\" \/>\n<meta property=\"og:image\" content=\"https:\/\/discos-redondos.es\/wp-content\/uploads\/2023\/05\/Cannonball-Adderley-\u2013-Somethin-Else.jpg\" \/>\n\t<meta property=\"og:image:width\" content=\"575\" \/>\n\t<meta property=\"og:image:height\" content=\"594\" \/>\n\t<meta property=\"og:image:type\" content=\"image\/jpeg\" \/>\n<meta name=\"twitter:card\" content=\"summary_large_image\" \/>\n<meta name=\"twitter:title\" content=\"Cannonball Adderley \u2013 Somethin&#039; Else\" \/>\n<meta name=\"twitter:description\" content=\"UMe, Blue Note \u2013 0746555, 00602507465551LP en vinilo de 180 gramos perteneciente a la serie Classic Vinyl Series de Blue Note\" \/>\n<meta name=\"twitter:image\" content=\"https:\/\/discos-redondos.es\/wp-content\/uploads\/2023\/05\/Cannonball-Adderley-\u2013-Somethin-Else.jpg\" \/>\n<meta name=\"twitter:label1\" content=\"Temps estimat de lectura\" \/>\n\t<meta name=\"twitter:data1\" content=\"1 minut\" \/>\n<script type=\"application\/ld+json\" class=\"yoast-schema-graph\">{\"@context\":\"https:\\\/\\\/schema.org\",\"@graph\":[{\"@type\":\"WebPage\",\"@id\":\"https:\\\/\\\/discos-redondos.es\\\/producto\\\/cannonball-adderley-somethin-else\",\"url\":\"https:\\\/\\\/discos-redondos.es\\\/producto\\\/cannonball-adderley-somethin-else\",\"name\":\"Cannonball Adderley \u2013 Somethin' Else - DISCOS REDONDOS\",\"isPartOf\":{\"@id\":\"https:\\\/\\\/discos-redondos.es\\\/#website\"},\"primaryImageOfPage\":{\"@id\":\"https:\\\/\\\/discos-redondos.es\\\/producto\\\/cannonball-adderley-somethin-else#primaryimage\"},\"image\":{\"@id\":\"https:\\\/\\\/discos-redondos.es\\\/producto\\\/cannonball-adderley-somethin-else#primaryimage\"},\"thumbnailUrl\":\"https:\\\/\\\/discos-redondos.es\\\/wp-content\\\/uploads\\\/2023\\\/05\\\/Cannonball-Adderley-\u2013-Somethin-Else.jpg\",\"datePublished\":\"2023-05-31T16:26:44+00:00\",\"dateModified\":\"2024-11-05T17:04:02+00:00\",\"description\":\"Cannonball Adderley \u2013 Somethin' Else - LP en vinilo de 180 gramos perteneciente a la serie Classic Vinyl Series de Blue Note\",\"breadcrumb\":{\"@id\":\"https:\\\/\\\/discos-redondos.es\\\/producto\\\/cannonball-adderley-somethin-else#breadcrumb\"},\"inLanguage\":\"ca\",\"potentialAction\":[{\"@type\":\"ReadAction\",\"target\":[\"https:\\\/\\\/discos-redondos.es\\\/producto\\\/cannonball-adderley-somethin-else\"]}]},{\"@type\":\"ImageObject\",\"inLanguage\":\"ca\",\"@id\":\"https:\\\/\\\/discos-redondos.es\\\/producto\\\/cannonball-adderley-somethin-else#primaryimage\",\"url\":\"https:\\\/\\\/discos-redondos.es\\\/wp-content\\\/uploads\\\/2023\\\/05\\\/Cannonball-Adderley-\u2013-Somethin-Else.jpg\",\"contentUrl\":\"https:\\\/\\\/discos-redondos.es\\\/wp-content\\\/uploads\\\/2023\\\/05\\\/Cannonball-Adderley-\u2013-Somethin-Else.jpg\",\"width\":575,\"height\":594,\"caption\":\"cannonball adderley somethin else\"},{\"@type\":\"BreadcrumbList\",\"@id\":\"https:\\\/\\\/discos-redondos.es\\\/producto\\\/cannonball-adderley-somethin-else#breadcrumb\",\"itemListElement\":[{\"@type\":\"ListItem\",\"position\":1,\"name\":\"Portada\",\"item\":\"https:\\\/\\\/discos-redondos.es\\\/\"},{\"@type\":\"ListItem\",\"position\":2,\"name\":\"Tienda\",\"item\":\"https:\\\/\\\/discos-redondos.es\\\/?page_id=487\"},{\"@type\":\"ListItem\",\"position\":3,\"name\":\"Cannonball Adderley \u2013 Somethin&#8217; Else\"}]},{\"@type\":\"WebSite\",\"@id\":\"https:\\\/\\\/discos-redondos.es\\\/#website\",\"url\":\"https:\\\/\\\/discos-redondos.es\\\/\",\"name\":\"Discos Redondos\",\"description\":\"Tu tienda de discos en Barcelona\",\"publisher\":{\"@id\":\"https:\\\/\\\/discos-redondos.es\\\/#organization\"},\"alternateName\":\"Discos Redondos\",\"potentialAction\":[{\"@type\":\"SearchAction\",\"target\":{\"@type\":\"EntryPoint\",\"urlTemplate\":\"https:\\\/\\\/discos-redondos.es\\\/?s={search_term_string}\"},\"query-input\":{\"@type\":\"PropertyValueSpecification\",\"valueRequired\":true,\"valueName\":\"search_term_string\"}}],\"inLanguage\":\"ca\"},{\"@type\":\"Organization\",\"@id\":\"https:\\\/\\\/discos-redondos.es\\\/#organization\",\"name\":\"Discos Redondos\",\"url\":\"https:\\\/\\\/discos-redondos.es\\\/\",\"logo\":{\"@type\":\"ImageObject\",\"inLanguage\":\"ca\",\"@id\":\"https:\\\/\\\/discos-redondos.es\\\/#\\\/schema\\\/logo\\\/image\\\/\",\"url\":\"https:\\\/\\\/discos-redondos.es\\\/wp-content\\\/uploads\\\/2023\\\/04\\\/aaff-logo-raval-1-1.jpg\",\"contentUrl\":\"https:\\\/\\\/discos-redondos.es\\\/wp-content\\\/uploads\\\/2023\\\/04\\\/aaff-logo-raval-1-1.jpg\",\"width\":2362,\"height\":1441,\"caption\":\"Discos Redondos\"},\"image\":{\"@id\":\"https:\\\/\\\/discos-redondos.es\\\/#\\\/schema\\\/logo\\\/image\\\/\"},\"sameAs\":[\"https:\\\/\\\/www.facebook.com\\\/discosredondos45\",\"https:\\\/\\\/www.instagram.com\\\/discos.redondos33\\\/?hl=es\",\"https:\\\/\\\/discos-redondos.bandcamp.com\\\/\"]}]}<\/script>\n<!-- \/ Yoast SEO plugin. -->","yoast_head_json":{"title":"Cannonball Adderley \u2013 Somethin' Else - DISCOS REDONDOS","description":"Cannonball Adderley \u2013 Somethin' Else - LP en vinilo de 180 gramos perteneciente a la serie Classic Vinyl Series de Blue Note","robots":{"index":"index","follow":"follow","max-snippet":"max-snippet:-1","max-image-preview":"max-image-preview:large","max-video-preview":"max-video-preview:-1"},"canonical":"https:\/\/discos-redondos.es\/ca\/producte\/cannonball-adderley-somethin-else\/","og_locale":"ca_ES","og_type":"article","og_title":"Cannonball Adderley \u2013 Somethin' Else","og_description":"UMe, Blue Note \u2013 0746555, 00602507465551LP en vinilo de 180 gramos perteneciente a la serie Classic Vinyl Series de Blue Note","og_url":"https:\/\/discos-redondos.es\/ca\/producte\/cannonball-adderley-somethin-else\/","og_site_name":"DISCOS REDONDOS","article_publisher":"https:\/\/www.facebook.com\/discosredondos45","article_modified_time":"2024-11-05T17:04:02+00:00","og_image":[{"width":575,"height":594,"url":"https:\/\/discos-redondos.es\/wp-content\/uploads\/2023\/05\/Cannonball-Adderley-\u2013-Somethin-Else.jpg","type":"image\/jpeg"}],"twitter_card":"summary_large_image","twitter_title":"Cannonball Adderley \u2013 Somethin' Else","twitter_description":"UMe, Blue Note \u2013 0746555, 00602507465551LP en vinilo de 180 gramos perteneciente a la serie Classic Vinyl Series de Blue Note","twitter_image":"https:\/\/discos-redondos.es\/wp-content\/uploads\/2023\/05\/Cannonball-Adderley-\u2013-Somethin-Else.jpg","twitter_misc":{"Temps estimat de lectura":"1 minut"},"schema":{"@context":"https:\/\/schema.org","@graph":[{"@type":"WebPage","@id":"https:\/\/discos-redondos.es\/producto\/cannonball-adderley-somethin-else","url":"https:\/\/discos-redondos.es\/producto\/cannonball-adderley-somethin-else","name":"Cannonball Adderley \u2013 Somethin' Else - DISCOS REDONDOS","isPartOf":{"@id":"https:\/\/discos-redondos.es\/#website"},"primaryImageOfPage":{"@id":"https:\/\/discos-redondos.es\/producto\/cannonball-adderley-somethin-else#primaryimage"},"image":{"@id":"https:\/\/discos-redondos.es\/producto\/cannonball-adderley-somethin-else#primaryimage"},"thumbnailUrl":"https:\/\/discos-redondos.es\/wp-content\/uploads\/2023\/05\/Cannonball-Adderley-\u2013-Somethin-Else.jpg","datePublished":"2023-05-31T16:26:44+00:00","dateModified":"2024-11-05T17:04:02+00:00","description":"Cannonball Adderley \u2013 Somethin' Else - LP en vinilo de 180 gramos perteneciente a la serie Classic Vinyl Series de Blue Note","breadcrumb":{"@id":"https:\/\/discos-redondos.es\/producto\/cannonball-adderley-somethin-else#breadcrumb"},"inLanguage":"ca","potentialAction":[{"@type":"ReadAction","target":["https:\/\/discos-redondos.es\/producto\/cannonball-adderley-somethin-else"]}]},{"@type":"ImageObject","inLanguage":"ca","@id":"https:\/\/discos-redondos.es\/producto\/cannonball-adderley-somethin-else#primaryimage","url":"https:\/\/discos-redondos.es\/wp-content\/uploads\/2023\/05\/Cannonball-Adderley-\u2013-Somethin-Else.jpg","contentUrl":"https:\/\/discos-redondos.es\/wp-content\/uploads\/2023\/05\/Cannonball-Adderley-\u2013-Somethin-Else.jpg","width":575,"height":594,"caption":"cannonball adderley somethin else"},{"@type":"BreadcrumbList","@id":"https:\/\/discos-redondos.es\/producto\/cannonball-adderley-somethin-else#breadcrumb","itemListElement":[{"@type":"ListItem","position":1,"name":"Portada","item":"https:\/\/discos-redondos.es\/"},{"@type":"ListItem","position":2,"name":"Tienda","item":"https:\/\/discos-redondos.es\/?page_id=487"},{"@type":"ListItem","position":3,"name":"Cannonball Adderley \u2013 Somethin&#8217; Else"}]},{"@type":"WebSite","@id":"https:\/\/discos-redondos.es\/#website","url":"https:\/\/discos-redondos.es\/","name":"Discos Redondos","description":"La teva botiga de discos a Barcelona","publisher":{"@id":"https:\/\/discos-redondos.es\/#organization"},"alternateName":"Discos Redondos","potentialAction":[{"@type":"SearchAction","target":{"@type":"EntryPoint","urlTemplate":"https:\/\/discos-redondos.es\/?s={search_term_string}"},"query-input":{"@type":"PropertyValueSpecification","valueRequired":true,"valueName":"search_term_string"}}],"inLanguage":"ca"},{"@type":"Organization","@id":"https:\/\/discos-redondos.es\/#organization","name":"Discos Redondos","url":"https:\/\/discos-redondos.es\/","logo":{"@type":"ImageObject","inLanguage":"ca","@id":"https:\/\/discos-redondos.es\/#\/schema\/logo\/image\/","url":"https:\/\/discos-redondos.es\/wp-content\/uploads\/2023\/04\/aaff-logo-raval-1-1.jpg","contentUrl":"https:\/\/discos-redondos.es\/wp-content\/uploads\/2023\/04\/aaff-logo-raval-1-1.jpg","width":2362,"height":1441,"caption":"Discos Redondos"},"image":{"@id":"https:\/\/discos-redondos.es\/#\/schema\/logo\/image\/"},"sameAs":["https:\/\/www.facebook.com\/discosredondos45","https:\/\/www.instagram.com\/discos.redondos33\/?hl=es","https:\/\/discos-redondos.bandcamp.com\/"]}]}},"jetpack_sharing_enabled":true,"_links":{"self":[{"href":"https:\/\/discos-redondos.es\/ca\/wp-json\/wp\/v2\/product\/5556","targetHints":{"allow":["GET"]}}],"collection":[{"href":"https:\/\/discos-redondos.es\/ca\/wp-json\/wp\/v2\/product"}],"about":[{"href":"https:\/\/discos-redondos.es\/ca\/wp-json\/wp\/v2\/types\/product"}],"wp:featuredmedia":[{"embeddable":true,"href":"https:\/\/discos-redondos.es\/ca\/wp-json\/wp\/v2\/media\/5557"}],"wp:attachment":[{"href":"https:\/\/discos-redondos.es\/ca\/wp-json\/wp\/v2\/media?parent=5556"}],"wp:term":[{"taxonomy":"product_brand","embeddable":true,"href":"https:\/\/discos-redondos.es\/ca\/wp-json\/wp\/v2\/product_brand?post=5556"},{"taxonomy":"product_cat","embeddable":true,"href":"https:\/\/discos-redondos.es\/ca\/wp-json\/wp\/v2\/product_cat?post=5556"},{"taxonomy":"product_tag","embeddable":true,"href":"https:\/\/discos-redondos.es\/ca\/wp-json\/wp\/v2\/product_tag?post=5556"}],"curies":[{"name":"wp","href":"https:\/\/api.w.org\/{rel}","templated":true}]}}