{"id":5571,"date":"2023-06-01T15:44:07","date_gmt":"2023-06-01T15:44:07","guid":{"rendered":"https:\/\/discos-redondos.es\/?post_type=product&#038;p=5571"},"modified":"2026-02-02T19:01:21","modified_gmt":"2026-02-02T19:01:21","slug":"donald-byrd-street-lady","status":"publish","type":"product","link":"https:\/\/discos-redondos.es\/ca\/producte\/donald-byrd-street-lady","title":{"rendered":"Donald Byrd \u2013 Street Lady"},"content":{"rendered":"<p><strong>Donald Byrd \u2013 Street Lady<\/strong><\/p>\n<p><strong>Tracklist<\/strong><\/p>\n<table class=\"tracklist_3QGRS\">\n<tbody>\n<tr data-track-position=\"A1\">\n<td class=\"trackPos_2RCje\">A1<\/td>\n<td class=\"artist_3zAQD\"><\/td>\n<td class=\"trackTitle_CTKp4\"><span class=\"trackTitle_CTKp4\">Lansana&#8217;s Priestess<\/span><\/td>\n<td class=\"duration_2t4qr\">7:42<\/td>\n<\/tr>\n<tr data-track-position=\"A2\">\n<td class=\"trackPos_2RCje\">A2<\/td>\n<td class=\"artist_3zAQD\"><\/td>\n<td class=\"trackTitle_CTKp4\"><span class=\"trackTitle_CTKp4\">Miss Kane<\/span><\/td>\n<td class=\"duration_2t4qr\">7:35<\/td>\n<\/tr>\n<tr data-track-position=\"A3\">\n<td class=\"trackPos_2RCje\">A3<\/td>\n<td class=\"artist_3zAQD\"><\/td>\n<td class=\"trackTitle_CTKp4\"><span class=\"trackTitle_CTKp4\">Sister Love<\/span><\/td>\n<td class=\"duration_2t4qr\">6:46<\/td>\n<\/tr>\n<tr data-track-position=\"B1\">\n<td class=\"trackPos_2RCje\">B1<\/td>\n<td class=\"artist_3zAQD\"><\/td>\n<td class=\"trackTitle_CTKp4\"><span class=\"trackTitle_CTKp4\">Street Lady<\/span><\/td>\n<td class=\"duration_2t4qr\">5:39<\/td>\n<\/tr>\n<tr data-track-position=\"B2\">\n<td class=\"trackPos_2RCje\">B2<\/td>\n<td class=\"artist_3zAQD\"><\/td>\n<td class=\"trackTitle_CTKp4\"><span class=\"trackTitle_CTKp4\">Witch Hunt<\/span><\/td>\n<td class=\"duration_2t4qr\">9:43<\/td>\n<\/tr>\n<tr data-track-position=\"B3\">\n<td class=\"trackPos_2RCje\">B3<\/td>\n<td class=\"artist_3zAQD\"><\/td>\n<td class=\"trackTitle_CTKp4\"><span class=\"trackTitle_CTKp4\">Woman Of The World<\/span><\/td>\n<td class=\"duration_2t4qr\">6:55<\/td>\n<\/tr>\n<\/tbody>\n<\/table>\n<p>&nbsp;<\/p>\n<p><iframe loading=\"lazy\" title=\"Donald Byrd - Lansana&#039;s Priestess\" width=\"832\" height=\"624\" src=\"https:\/\/www.youtube.com\/embed\/hzd1wcRfRD8?feature=oembed\" frameborder=\"0\" allow=\"accelerometer; autoplay; clipboard-write; encrypted-media; gyroscope; picture-in-picture; web-share\" referrerpolicy=\"strict-origin-when-cross-origin\" allowfullscreen><\/iframe><\/p>\n<p>&nbsp;<\/p>\n<p><strong>Donald Byrd \u2013 Street Lady:<\/strong> Donaldson Toussaint L&#8217;Ouverture Byrd II, m\u00e1s conocido como Donald Byrd era hijo de un m\u00fasico amateur. Byrd era ya un trompetista solvente al finalizar su High School -hab\u00eda tocado con Lionel Hampton,\u200b pero tuvo que interrumpir sus estudios musicales en la Wayne State University para hacer el servicio militar, durante el cual form\u00f3 parte de la banda de la Fuerza A\u00e9rea. A su vuelta, Byrd ingresa en la Manhattan School of Music de Nueva York, al tiempo que se convierte en el trompetista favorito de los ingenieros del prestigioso sello Prestige, de 1956 a 1958, per\u00edodo en el que, adem\u00e1s, graba para Riverside Records y Blue Note.<\/p>\n<p>Hasta 1967 Byrd edita un buen n\u00famero de \u00e1lbumes con Blue Note Records, pero entonces comienza a distanciarse del jazz ac\u00fastico con giros bop t\u00edpico de la Costa Este a dirigir su atenci\u00f3n al sonido m\u00e1s funky de la Costa Oeste, que estaba siendo popularizado por The Crusaders.<\/p>\n<p>En 1969 graba Fancy Free, con piano el\u00e9ctrico y guitarras, y a partir de 1970 su m\u00fasica se torna decididamente m\u00e1s comercial. Desde \u00abBlack Byrd\u00bb (1972) los hermanos Larry y Fonce Mizell se encargan de la producci\u00f3n, composici\u00f3n y otras tareas de apoyo en los \u00e1lbumes de Byrd.<\/p>\n<p>El disco fue rechazado por buena parte de la comunidad de cr\u00edticos, pero a pesar de ello result\u00f3 un \u00e9xito, siendo el \u00e1lbum m\u00e1s vendido en la historia de la Blue Note. A ra\u00edz de ello, Byrd forma un grupo con sus mejores estudiantes de la Howard University, al que bautiza precisamente como the Blackbyrds, y con el que edita diversos trabajos a lo largo de la d\u00e9cada del los 70s con toda la influencia del funk y adornado con preciosos arreglos de cuerdas.\u200b Antes de dejar Blue Note Records en 1978, Byrd estaba publicando una serie de \u00e1lbumes fuertemente influenciados por la m\u00fasica de baile de bandas como Earth Wind &amp; Fire, The Ohio Players o the Brothers Johnson.<\/p>\n<p>Tras la ruptura con Blue Note Records y con los hermanos Mizell, Byrd firma con Elektra Records para continuar editando una serie de \u00e1lbumes menores en el per\u00edodo 1978-1983. Pasa unos a\u00f1os alejado de los estudios de grabaci\u00f3n, en parte por problemas de salud, en parte por su dedicaci\u00f3n a la ense\u00f1anza, pero a finales de la d\u00e9cada vuelve al hard bop de sus inicios en diferentes sesiones para Landmark Records. Participa en el proyecto \u00abJazzmatazz\u00bb de Guru, y con la llegada del movimiento \u00abjazz-rap\u00bb y del acid jazz brit\u00e1nico, sus \u00e1lbumes de los 70 conocen un nuevo per\u00edodo de esplendor. Mientras tanto, Byrd continu\u00f3 dedicado a sus tareas como educador hasta la fecha de su muerte el 4 de febrero de 2013.<\/p>","protected":false},"excerpt":{"rendered":"<p>Music On Vinyl \u2013 MOVLP3396<\/p>\n<p>LP en vinilo de 180 gramos, editado en la UE<\/p>","protected":false},"featured_media":5572,"template":"","meta":[],"product_brand":[],"product_cat":[93],"product_tag":[],"class_list":{"0":"post-5571","1":"product","2":"type-product","3":"status-publish","4":"has-post-thumbnail","6":"product_cat-jazz-funk-jazz-fusion","8":"first","9":"outofstock","10":"taxable","11":"shipping-taxable","12":"product-type-simple"},"yoast_head":"<!-- This site is optimized with the Yoast SEO plugin v27.5 - https:\/\/yoast.com\/product\/yoast-seo-wordpress\/ -->\n<title>Donald Byrd \u2013 Street Lady - DISCOS REDONDOS<\/title>\n<meta name=\"description\" content=\"Donald Byrd \u2013 Street Lady - Music On Vinyl \u2013 MOVLP3396 - LP en vinilo de 180 gramos, editado en la UE. EAN - 0600753974124\" \/>\n<meta name=\"robots\" content=\"index, follow, max-snippet:-1, max-image-preview:large, max-video-preview:-1\" \/>\n<link rel=\"canonical\" href=\"https:\/\/discos-redondos.es\/ca\/producte\/donald-byrd-street-lady\/\" \/>\n<meta property=\"og:locale\" content=\"ca_ES\" \/>\n<meta property=\"og:type\" content=\"article\" \/>\n<meta property=\"og:title\" content=\"Donald Byrd \u2013 Street Lady - DISCOS REDONDOS\" \/>\n<meta property=\"og:description\" content=\"Donald Byrd \u2013 Street Lady - Music On Vinyl \u2013 MOVLP3396 - LP en vinilo de 180 gramos, editado en la UE. EAN - 0600753974124\" \/>\n<meta property=\"og:url\" content=\"https:\/\/discos-redondos.es\/ca\/producte\/donald-byrd-street-lady\/\" \/>\n<meta property=\"og:site_name\" content=\"DISCOS REDONDOS\" \/>\n<meta property=\"article:publisher\" content=\"https:\/\/www.facebook.com\/discosredondos45\" \/>\n<meta property=\"article:modified_time\" content=\"2026-02-02T19:01:21+00:00\" \/>\n<meta property=\"og:image\" content=\"https:\/\/discos-redondos.es\/wp-content\/uploads\/2023\/06\/Donald-Byrd-\u2013-Street-Lady.jpg\" \/>\n\t<meta property=\"og:image:width\" content=\"600\" \/>\n\t<meta property=\"og:image:height\" content=\"600\" \/>\n\t<meta property=\"og:image:type\" content=\"image\/jpeg\" \/>\n<meta name=\"twitter:card\" content=\"summary_large_image\" \/>\n<meta name=\"twitter:label1\" content=\"Temps estimat de lectura\" \/>\n\t<meta name=\"twitter:data1\" content=\"3 minuts\" \/>\n<script type=\"application\/ld+json\" class=\"yoast-schema-graph\">{\"@context\":\"https:\\\/\\\/schema.org\",\"@graph\":[{\"@type\":\"WebPage\",\"@id\":\"https:\\\/\\\/discos-redondos.es\\\/producto\\\/donald-byrd-street-lady\",\"url\":\"https:\\\/\\\/discos-redondos.es\\\/producto\\\/donald-byrd-street-lady\",\"name\":\"Donald Byrd \u2013 Street Lady - DISCOS REDONDOS\",\"isPartOf\":{\"@id\":\"https:\\\/\\\/discos-redondos.es\\\/#website\"},\"primaryImageOfPage\":{\"@id\":\"https:\\\/\\\/discos-redondos.es\\\/producto\\\/donald-byrd-street-lady#primaryimage\"},\"image\":{\"@id\":\"https:\\\/\\\/discos-redondos.es\\\/producto\\\/donald-byrd-street-lady#primaryimage\"},\"thumbnailUrl\":\"https:\\\/\\\/discos-redondos.es\\\/wp-content\\\/uploads\\\/2023\\\/06\\\/Donald-Byrd-\u2013-Street-Lady.jpg\",\"datePublished\":\"2023-06-01T15:44:07+00:00\",\"dateModified\":\"2026-02-02T19:01:21+00:00\",\"description\":\"Donald Byrd \u2013 Street Lady - Music On Vinyl \u2013 MOVLP3396 - LP en vinilo de 180 gramos, editado en la UE. EAN - 0600753974124\",\"breadcrumb\":{\"@id\":\"https:\\\/\\\/discos-redondos.es\\\/producto\\\/donald-byrd-street-lady#breadcrumb\"},\"inLanguage\":\"ca\",\"potentialAction\":[{\"@type\":\"ReadAction\",\"target\":[\"https:\\\/\\\/discos-redondos.es\\\/producto\\\/donald-byrd-street-lady\"]}]},{\"@type\":\"ImageObject\",\"inLanguage\":\"ca\",\"@id\":\"https:\\\/\\\/discos-redondos.es\\\/producto\\\/donald-byrd-street-lady#primaryimage\",\"url\":\"https:\\\/\\\/discos-redondos.es\\\/wp-content\\\/uploads\\\/2023\\\/06\\\/Donald-Byrd-\u2013-Street-Lady.jpg\",\"contentUrl\":\"https:\\\/\\\/discos-redondos.es\\\/wp-content\\\/uploads\\\/2023\\\/06\\\/Donald-Byrd-\u2013-Street-Lady.jpg\",\"width\":600,\"height\":600,\"caption\":\"Donald Byrd \u2013 Street Lady\"},{\"@type\":\"BreadcrumbList\",\"@id\":\"https:\\\/\\\/discos-redondos.es\\\/producto\\\/donald-byrd-street-lady#breadcrumb\",\"itemListElement\":[{\"@type\":\"ListItem\",\"position\":1,\"name\":\"Portada\",\"item\":\"https:\\\/\\\/discos-redondos.es\\\/\"},{\"@type\":\"ListItem\",\"position\":2,\"name\":\"Tienda\",\"item\":\"https:\\\/\\\/discos-redondos.es\\\/?page_id=487\"},{\"@type\":\"ListItem\",\"position\":3,\"name\":\"Donald Byrd \u2013 Street Lady\"}]},{\"@type\":\"WebSite\",\"@id\":\"https:\\\/\\\/discos-redondos.es\\\/#website\",\"url\":\"https:\\\/\\\/discos-redondos.es\\\/\",\"name\":\"Discos Redondos\",\"description\":\"Tu tienda de discos en Barcelona\",\"publisher\":{\"@id\":\"https:\\\/\\\/discos-redondos.es\\\/#organization\"},\"alternateName\":\"Discos Redondos\",\"potentialAction\":[{\"@type\":\"SearchAction\",\"target\":{\"@type\":\"EntryPoint\",\"urlTemplate\":\"https:\\\/\\\/discos-redondos.es\\\/?s={search_term_string}\"},\"query-input\":{\"@type\":\"PropertyValueSpecification\",\"valueRequired\":true,\"valueName\":\"search_term_string\"}}],\"inLanguage\":\"ca\"},{\"@type\":\"Organization\",\"@id\":\"https:\\\/\\\/discos-redondos.es\\\/#organization\",\"name\":\"Discos Redondos\",\"url\":\"https:\\\/\\\/discos-redondos.es\\\/\",\"logo\":{\"@type\":\"ImageObject\",\"inLanguage\":\"ca\",\"@id\":\"https:\\\/\\\/discos-redondos.es\\\/#\\\/schema\\\/logo\\\/image\\\/\",\"url\":\"https:\\\/\\\/discos-redondos.es\\\/wp-content\\\/uploads\\\/2023\\\/04\\\/aaff-logo-raval-1-1.jpg\",\"contentUrl\":\"https:\\\/\\\/discos-redondos.es\\\/wp-content\\\/uploads\\\/2023\\\/04\\\/aaff-logo-raval-1-1.jpg\",\"width\":2362,\"height\":1441,\"caption\":\"Discos Redondos\"},\"image\":{\"@id\":\"https:\\\/\\\/discos-redondos.es\\\/#\\\/schema\\\/logo\\\/image\\\/\"},\"sameAs\":[\"https:\\\/\\\/www.facebook.com\\\/discosredondos45\",\"https:\\\/\\\/www.instagram.com\\\/discos.redondos33\\\/?hl=es\",\"https:\\\/\\\/discos-redondos.bandcamp.com\\\/\"]}]}<\/script>\n<!-- \/ Yoast SEO plugin. -->","yoast_head_json":{"title":"Donald Byrd \u2013 Street Lady - DISCOS REDONDOS","description":"Donald Byrd \u2013 Street Lady - Music On Vinyl \u2013 MOVLP3396 - LP en vinilo de 180 gramos, editado en la UE. EAN - 0600753974124","robots":{"index":"index","follow":"follow","max-snippet":"max-snippet:-1","max-image-preview":"max-image-preview:large","max-video-preview":"max-video-preview:-1"},"canonical":"https:\/\/discos-redondos.es\/ca\/producte\/donald-byrd-street-lady\/","og_locale":"ca_ES","og_type":"article","og_title":"Donald Byrd \u2013 Street Lady - DISCOS REDONDOS","og_description":"Donald Byrd \u2013 Street Lady - Music On Vinyl \u2013 MOVLP3396 - LP en vinilo de 180 gramos, editado en la UE. EAN - 0600753974124","og_url":"https:\/\/discos-redondos.es\/ca\/producte\/donald-byrd-street-lady\/","og_site_name":"DISCOS REDONDOS","article_publisher":"https:\/\/www.facebook.com\/discosredondos45","article_modified_time":"2026-02-02T19:01:21+00:00","og_image":[{"width":600,"height":600,"url":"https:\/\/discos-redondos.es\/wp-content\/uploads\/2023\/06\/Donald-Byrd-\u2013-Street-Lady.jpg","type":"image\/jpeg"}],"twitter_card":"summary_large_image","twitter_misc":{"Temps estimat de lectura":"3 minuts"},"schema":{"@context":"https:\/\/schema.org","@graph":[{"@type":"WebPage","@id":"https:\/\/discos-redondos.es\/producto\/donald-byrd-street-lady","url":"https:\/\/discos-redondos.es\/producto\/donald-byrd-street-lady","name":"Donald Byrd \u2013 Street Lady - DISCOS REDONDOS","isPartOf":{"@id":"https:\/\/discos-redondos.es\/#website"},"primaryImageOfPage":{"@id":"https:\/\/discos-redondos.es\/producto\/donald-byrd-street-lady#primaryimage"},"image":{"@id":"https:\/\/discos-redondos.es\/producto\/donald-byrd-street-lady#primaryimage"},"thumbnailUrl":"https:\/\/discos-redondos.es\/wp-content\/uploads\/2023\/06\/Donald-Byrd-\u2013-Street-Lady.jpg","datePublished":"2023-06-01T15:44:07+00:00","dateModified":"2026-02-02T19:01:21+00:00","description":"Donald Byrd \u2013 Street Lady - Music On Vinyl \u2013 MOVLP3396 - LP en vinilo de 180 gramos, editado en la UE. EAN - 0600753974124","breadcrumb":{"@id":"https:\/\/discos-redondos.es\/producto\/donald-byrd-street-lady#breadcrumb"},"inLanguage":"ca","potentialAction":[{"@type":"ReadAction","target":["https:\/\/discos-redondos.es\/producto\/donald-byrd-street-lady"]}]},{"@type":"ImageObject","inLanguage":"ca","@id":"https:\/\/discos-redondos.es\/producto\/donald-byrd-street-lady#primaryimage","url":"https:\/\/discos-redondos.es\/wp-content\/uploads\/2023\/06\/Donald-Byrd-\u2013-Street-Lady.jpg","contentUrl":"https:\/\/discos-redondos.es\/wp-content\/uploads\/2023\/06\/Donald-Byrd-\u2013-Street-Lady.jpg","width":600,"height":600,"caption":"Donald Byrd \u2013 Street Lady"},{"@type":"BreadcrumbList","@id":"https:\/\/discos-redondos.es\/producto\/donald-byrd-street-lady#breadcrumb","itemListElement":[{"@type":"ListItem","position":1,"name":"Portada","item":"https:\/\/discos-redondos.es\/"},{"@type":"ListItem","position":2,"name":"Tienda","item":"https:\/\/discos-redondos.es\/?page_id=487"},{"@type":"ListItem","position":3,"name":"Donald Byrd \u2013 Street Lady"}]},{"@type":"WebSite","@id":"https:\/\/discos-redondos.es\/#website","url":"https:\/\/discos-redondos.es\/","name":"Discos Redondos","description":"La teva botiga de discos a Barcelona","publisher":{"@id":"https:\/\/discos-redondos.es\/#organization"},"alternateName":"Discos Redondos","potentialAction":[{"@type":"SearchAction","target":{"@type":"EntryPoint","urlTemplate":"https:\/\/discos-redondos.es\/?s={search_term_string}"},"query-input":{"@type":"PropertyValueSpecification","valueRequired":true,"valueName":"search_term_string"}}],"inLanguage":"ca"},{"@type":"Organization","@id":"https:\/\/discos-redondos.es\/#organization","name":"Discos Redondos","url":"https:\/\/discos-redondos.es\/","logo":{"@type":"ImageObject","inLanguage":"ca","@id":"https:\/\/discos-redondos.es\/#\/schema\/logo\/image\/","url":"https:\/\/discos-redondos.es\/wp-content\/uploads\/2023\/04\/aaff-logo-raval-1-1.jpg","contentUrl":"https:\/\/discos-redondos.es\/wp-content\/uploads\/2023\/04\/aaff-logo-raval-1-1.jpg","width":2362,"height":1441,"caption":"Discos Redondos"},"image":{"@id":"https:\/\/discos-redondos.es\/#\/schema\/logo\/image\/"},"sameAs":["https:\/\/www.facebook.com\/discosredondos45","https:\/\/www.instagram.com\/discos.redondos33\/?hl=es","https:\/\/discos-redondos.bandcamp.com\/"]}]}},"_links":{"self":[{"href":"https:\/\/discos-redondos.es\/ca\/wp-json\/wp\/v2\/product\/5571","targetHints":{"allow":["GET"]}}],"collection":[{"href":"https:\/\/discos-redondos.es\/ca\/wp-json\/wp\/v2\/product"}],"about":[{"href":"https:\/\/discos-redondos.es\/ca\/wp-json\/wp\/v2\/types\/product"}],"wp:featuredmedia":[{"embeddable":true,"href":"https:\/\/discos-redondos.es\/ca\/wp-json\/wp\/v2\/media\/5572"}],"wp:attachment":[{"href":"https:\/\/discos-redondos.es\/ca\/wp-json\/wp\/v2\/media?parent=5571"}],"wp:term":[{"taxonomy":"product_brand","embeddable":true,"href":"https:\/\/discos-redondos.es\/ca\/wp-json\/wp\/v2\/product_brand?post=5571"},{"taxonomy":"product_cat","embeddable":true,"href":"https:\/\/discos-redondos.es\/ca\/wp-json\/wp\/v2\/product_cat?post=5571"},{"taxonomy":"product_tag","embeddable":true,"href":"https:\/\/discos-redondos.es\/ca\/wp-json\/wp\/v2\/product_tag?post=5571"}],"curies":[{"name":"wp","href":"https:\/\/api.w.org\/{rel}","templated":true}]}}