{"id":5619,"date":"2023-06-06T17:10:21","date_gmt":"2023-06-06T17:10:21","guid":{"rendered":"https:\/\/discos-redondos.es\/?post_type=product&#038;p=5619"},"modified":"2026-03-14T13:06:51","modified_gmt":"2026-03-14T13:06:51","slug":"alfa-mist-variables","status":"publish","type":"product","link":"https:\/\/discos-redondos.es\/ca\/producte\/alfa-mist-variables","title":{"rendered":"Alfa Mist \u2013 Variables"},"content":{"rendered":"<p><strong>Alfa Mist \u2013 Variables<\/strong><\/p>\n<p><strong>Tracklist<\/strong><\/p>\n<table class=\"tracklist_3QGRS\">\n<tbody>\n<tr data-track-position=\"A1\">\n<td class=\"trackPos_2RCje\">A1<\/td>\n<td class=\"artist_3zAQD\"><\/td>\n<td class=\"trackTitle_CTKp4\"><span class=\"trackTitle_CTKp4\">Foreword<\/span><\/td>\n<\/tr>\n<tr data-track-position=\"A2\">\n<td class=\"trackPos_2RCje\">A2<\/td>\n<td class=\"artist_3zAQD\"><\/td>\n<td class=\"trackTitle_CTKp4\"><span class=\"trackTitle_CTKp4\">Borderline<\/span><\/td>\n<\/tr>\n<tr data-track-position=\"A3\">\n<td class=\"trackPos_2RCje\">A3<\/td>\n<td class=\"artist_3zAQD\"><\/td>\n<td class=\"trackTitle_CTKp4\"><span class=\"trackTitle_CTKp4\">Aged Eyes<\/span><\/td>\n<\/tr>\n<tr data-track-position=\"A4\">\n<td class=\"trackPos_2RCje\">A4<\/td>\n<td class=\"artist_3zAQD\"><\/td>\n<td class=\"trackTitle_CTKp4\"><span class=\"trackTitle_CTKp4\">Cycles<\/span><\/td>\n<\/tr>\n<tr data-track-position=\"A5\">\n<td class=\"trackPos_2RCje\">A5<\/td>\n<td class=\"artist_3zAQD\"><\/td>\n<td class=\"trackTitle_CTKp4\"><span class=\"trackTitle_CTKp4\">The Gist<\/span><\/td>\n<\/tr>\n<tr data-track-position=\"B1\">\n<td class=\"trackPos_2RCje\">B1<\/td>\n<td class=\"artist_3zAQD\"><\/td>\n<td class=\"trackTitle_CTKp4\"><span class=\"trackTitle_CTKp4\">Genda (Go Away)<\/span><\/td>\n<\/tr>\n<tr data-track-position=\"B2\">\n<td class=\"trackPos_2RCje\">B2<\/td>\n<td class=\"artist_3zAQD\"><\/td>\n<td class=\"trackTitle_CTKp4\"><span class=\"trackTitle_CTKp4\">Apho<\/span><\/td>\n<\/tr>\n<tr data-track-position=\"B3\">\n<td class=\"trackPos_2RCje\">B3<\/td>\n<td class=\"artist_3zAQD\"><\/td>\n<td class=\"trackTitle_CTKp4\"><span class=\"trackTitle_CTKp4\">Variables<\/span><\/td>\n<\/tr>\n<tr data-track-position=\"B4\">\n<td class=\"trackPos_2RCje\">B4<\/td>\n<td class=\"artist_3zAQD\"><\/td>\n<td class=\"trackTitle_CTKp4\"><span class=\"trackTitle_CTKp4\">4th Feb (Stay Awake)<\/span><\/td>\n<\/tr>\n<tr data-track-position=\"B5\">\n<td class=\"trackPos_2RCje\">B5<\/td>\n<td class=\"artist_3zAQD\"><\/td>\n<td class=\"trackTitle_CTKp4\"><span class=\"trackTitle_CTKp4\">BC<\/span><\/td>\n<\/tr>\n<\/tbody>\n<\/table>\n<p><iframe loading=\"lazy\" title=\"Alfa Mist - &quot;Variables&quot; (Full Album)\" width=\"832\" height=\"468\" src=\"https:\/\/www.youtube.com\/embed\/ZlMqTCa6aro?feature=oembed\" frameborder=\"0\" allow=\"accelerometer; autoplay; clipboard-write; encrypted-media; gyroscope; picture-in-picture; web-share\" referrerpolicy=\"strict-origin-when-cross-origin\" allowfullscreen><\/iframe><\/p>\n<p><strong>Alfa Mist \u2013 Variables:<\/strong><\/p>\n<p>Alfa Mist es un m\u00fasico, productor, compositor y MC brit\u00e1nico de Newham, Londres. Lanz\u00f3 su primer EP en solitario, Nocturne, en 2015. Tambi\u00e9n dirige un sello discogr\u00e1fico llamado Sekito. Su m\u00fasica fusiona estilos de hip-hop y bases de club con improvisaci\u00f3n de jazz. HA colaborado \u200b\u200bcon diversos m\u00fasicos, incluidos Jordan Rakei, Yussef Dayes y Tom Misch.<\/p>\n<p>En 2021 lanz\u00f3 un \u00e1lbum titulado Bring Backs en el sello de m\u00fasica independiente estadounidense Anti-. Tambi\u00e9n actu\u00f3 en el Festival We Out Here 2021 y fue uno de los nominados a los Premios MOBO 2021.<\/p>\n<p>Alfa Sekitoleko naci\u00f3 en el Reino Unido y creci\u00f3 en Newham, Londres. Fue a la Langdon Academy y al Newham Sixth Form College. Quer\u00eda convertirse en futbolista profesional, pero su madre quer\u00eda que primero completara dos a\u00f1os en la universidad. Alfa tom\u00f3 tres A-levels m\u00e1s un BTEC en composici\u00f3n musical. Comenz\u00f3 a crear m\u00fasica a la edad de 15 a\u00f1os. Como productor adolescente de hip-hop, su inter\u00e9s por el sampleo lo llev\u00f3 a descubrir el jazz y finalmente a aprender a tocar el piano por \u00e9l mismo, despu\u00e9s de ver a su tutor interpretar \u201cOrdinary People\u201d de John Legend.<\/p>","protected":false},"excerpt":{"rendered":"<p>Anti- \u2013 7951-1, 8714092795110<\/p>\n<p>LP editado en 2023, con carpeta gatefold y en vinilo negro<\/p>","protected":false},"featured_media":5620,"template":"","meta":[],"product_brand":[],"product_cat":[85],"product_tag":[],"class_list":{"0":"post-5619","1":"product","2":"type-product","3":"status-publish","4":"has-post-thumbnail","6":"product_cat-jazz-contemporaneo","8":"first","9":"outofstock","10":"taxable","11":"shipping-taxable","12":"purchasable","13":"product-type-simple"},"yoast_head":"<!-- This site is optimized with the Yoast SEO plugin v27.3 - https:\/\/yoast.com\/product\/yoast-seo-wordpress\/ -->\n<title>Alfa Mist \u2013 Variables - DISCOS REDONDOS<\/title>\n<meta name=\"description\" content=\"Alfa Mist \u2013 Variables - Anti- \u2013 7951-1, C\u00f3digo EAN 8714092795110 - LP editado en 2023, con carpeta gatefold y en vinilo negro\" \/>\n<meta name=\"robots\" content=\"index, follow, max-snippet:-1, max-image-preview:large, max-video-preview:-1\" \/>\n<link rel=\"canonical\" href=\"https:\/\/discos-redondos.es\/ca\/producte\/alfa-mist-variables\/\" \/>\n<meta property=\"og:locale\" content=\"ca_ES\" \/>\n<meta property=\"og:type\" content=\"article\" \/>\n<meta property=\"og:title\" content=\"Alfa Mist \u2013 Variables - DISCOS REDONDOS\" \/>\n<meta property=\"og:description\" content=\"Alfa Mist \u2013 Variables - Anti- \u2013 7951-1, C\u00f3digo EAN 8714092795110 - LP editado en 2023, con carpeta gatefold y en vinilo negro\" \/>\n<meta property=\"og:url\" content=\"https:\/\/discos-redondos.es\/ca\/producte\/alfa-mist-variables\/\" \/>\n<meta property=\"og:site_name\" content=\"DISCOS REDONDOS\" \/>\n<meta property=\"article:publisher\" content=\"https:\/\/www.facebook.com\/discosredondos45\" \/>\n<meta property=\"article:modified_time\" content=\"2026-03-14T13:06:51+00:00\" \/>\n<meta property=\"og:image\" content=\"https:\/\/discos-redondos.es\/wp-content\/uploads\/2023\/06\/Alfa-Mist-\u2013-Variables.jpg\" \/>\n\t<meta property=\"og:image:width\" content=\"1200\" \/>\n\t<meta property=\"og:image:height\" content=\"1200\" \/>\n\t<meta property=\"og:image:type\" content=\"image\/jpeg\" \/>\n<meta name=\"twitter:card\" content=\"summary_large_image\" \/>\n<meta name=\"twitter:label1\" content=\"Temps estimat de lectura\" \/>\n\t<meta name=\"twitter:data1\" content=\"2 minuts\" \/>\n<script type=\"application\/ld+json\" class=\"yoast-schema-graph\">{\"@context\":\"https:\\\/\\\/schema.org\",\"@graph\":[{\"@type\":\"WebPage\",\"@id\":\"https:\\\/\\\/discos-redondos.es\\\/producto\\\/alfa-mist-variables\",\"url\":\"https:\\\/\\\/discos-redondos.es\\\/producto\\\/alfa-mist-variables\",\"name\":\"Alfa Mist \u2013 Variables - DISCOS REDONDOS\",\"isPartOf\":{\"@id\":\"https:\\\/\\\/discos-redondos.es\\\/#website\"},\"primaryImageOfPage\":{\"@id\":\"https:\\\/\\\/discos-redondos.es\\\/producto\\\/alfa-mist-variables#primaryimage\"},\"image\":{\"@id\":\"https:\\\/\\\/discos-redondos.es\\\/producto\\\/alfa-mist-variables#primaryimage\"},\"thumbnailUrl\":\"https:\\\/\\\/discos-redondos.es\\\/wp-content\\\/uploads\\\/2023\\\/06\\\/Alfa-Mist-\u2013-Variables.jpg\",\"datePublished\":\"2023-06-06T17:10:21+00:00\",\"dateModified\":\"2026-03-14T13:06:51+00:00\",\"description\":\"Alfa Mist \u2013 Variables - Anti- \u2013 7951-1, C\u00f3digo EAN 8714092795110 - LP editado en 2023, con carpeta gatefold y en vinilo negro\",\"breadcrumb\":{\"@id\":\"https:\\\/\\\/discos-redondos.es\\\/producto\\\/alfa-mist-variables#breadcrumb\"},\"inLanguage\":\"ca\",\"potentialAction\":[{\"@type\":\"ReadAction\",\"target\":[\"https:\\\/\\\/discos-redondos.es\\\/producto\\\/alfa-mist-variables\"]}]},{\"@type\":\"ImageObject\",\"inLanguage\":\"ca\",\"@id\":\"https:\\\/\\\/discos-redondos.es\\\/producto\\\/alfa-mist-variables#primaryimage\",\"url\":\"https:\\\/\\\/discos-redondos.es\\\/wp-content\\\/uploads\\\/2023\\\/06\\\/Alfa-Mist-\u2013-Variables.jpg\",\"contentUrl\":\"https:\\\/\\\/discos-redondos.es\\\/wp-content\\\/uploads\\\/2023\\\/06\\\/Alfa-Mist-\u2013-Variables.jpg\",\"width\":1200,\"height\":1200,\"caption\":\"Alfa Mist \u2013 Variables\"},{\"@type\":\"BreadcrumbList\",\"@id\":\"https:\\\/\\\/discos-redondos.es\\\/producto\\\/alfa-mist-variables#breadcrumb\",\"itemListElement\":[{\"@type\":\"ListItem\",\"position\":1,\"name\":\"Portada\",\"item\":\"https:\\\/\\\/discos-redondos.es\\\/\"},{\"@type\":\"ListItem\",\"position\":2,\"name\":\"Tienda\",\"item\":\"https:\\\/\\\/discos-redondos.es\\\/?page_id=487\"},{\"@type\":\"ListItem\",\"position\":3,\"name\":\"Alfa Mist \u2013 Variables\"}]},{\"@type\":\"WebSite\",\"@id\":\"https:\\\/\\\/discos-redondos.es\\\/#website\",\"url\":\"https:\\\/\\\/discos-redondos.es\\\/\",\"name\":\"Discos Redondos\",\"description\":\"Tu tienda de discos en Barcelona\",\"publisher\":{\"@id\":\"https:\\\/\\\/discos-redondos.es\\\/#organization\"},\"alternateName\":\"Discos Redondos\",\"potentialAction\":[{\"@type\":\"SearchAction\",\"target\":{\"@type\":\"EntryPoint\",\"urlTemplate\":\"https:\\\/\\\/discos-redondos.es\\\/?s={search_term_string}\"},\"query-input\":{\"@type\":\"PropertyValueSpecification\",\"valueRequired\":true,\"valueName\":\"search_term_string\"}}],\"inLanguage\":\"ca\"},{\"@type\":\"Organization\",\"@id\":\"https:\\\/\\\/discos-redondos.es\\\/#organization\",\"name\":\"Discos Redondos\",\"url\":\"https:\\\/\\\/discos-redondos.es\\\/\",\"logo\":{\"@type\":\"ImageObject\",\"inLanguage\":\"ca\",\"@id\":\"https:\\\/\\\/discos-redondos.es\\\/#\\\/schema\\\/logo\\\/image\\\/\",\"url\":\"https:\\\/\\\/discos-redondos.es\\\/wp-content\\\/uploads\\\/2023\\\/04\\\/aaff-logo-raval-1-1.jpg\",\"contentUrl\":\"https:\\\/\\\/discos-redondos.es\\\/wp-content\\\/uploads\\\/2023\\\/04\\\/aaff-logo-raval-1-1.jpg\",\"width\":2362,\"height\":1441,\"caption\":\"Discos Redondos\"},\"image\":{\"@id\":\"https:\\\/\\\/discos-redondos.es\\\/#\\\/schema\\\/logo\\\/image\\\/\"},\"sameAs\":[\"https:\\\/\\\/www.facebook.com\\\/discosredondos45\",\"https:\\\/\\\/www.instagram.com\\\/discos.redondos33\\\/?hl=es\",\"https:\\\/\\\/discos-redondos.bandcamp.com\\\/\"]}]}<\/script>\n<!-- \/ Yoast SEO plugin. -->","yoast_head_json":{"title":"Alfa Mist \u2013 Variables - DISCOS REDONDOS","description":"Alfa Mist \u2013 Variables - Anti- \u2013 7951-1, C\u00f3digo EAN 8714092795110 - LP editado en 2023, con carpeta gatefold y en vinilo negro","robots":{"index":"index","follow":"follow","max-snippet":"max-snippet:-1","max-image-preview":"max-image-preview:large","max-video-preview":"max-video-preview:-1"},"canonical":"https:\/\/discos-redondos.es\/ca\/producte\/alfa-mist-variables\/","og_locale":"ca_ES","og_type":"article","og_title":"Alfa Mist \u2013 Variables - DISCOS REDONDOS","og_description":"Alfa Mist \u2013 Variables - Anti- \u2013 7951-1, C\u00f3digo EAN 8714092795110 - LP editado en 2023, con carpeta gatefold y en vinilo negro","og_url":"https:\/\/discos-redondos.es\/ca\/producte\/alfa-mist-variables\/","og_site_name":"DISCOS REDONDOS","article_publisher":"https:\/\/www.facebook.com\/discosredondos45","article_modified_time":"2026-03-14T13:06:51+00:00","og_image":[{"width":1200,"height":1200,"url":"https:\/\/discos-redondos.es\/wp-content\/uploads\/2023\/06\/Alfa-Mist-\u2013-Variables.jpg","type":"image\/jpeg"}],"twitter_card":"summary_large_image","twitter_misc":{"Temps estimat de lectura":"2 minuts"},"schema":{"@context":"https:\/\/schema.org","@graph":[{"@type":"WebPage","@id":"https:\/\/discos-redondos.es\/producto\/alfa-mist-variables","url":"https:\/\/discos-redondos.es\/producto\/alfa-mist-variables","name":"Alfa Mist \u2013 Variables - DISCOS REDONDOS","isPartOf":{"@id":"https:\/\/discos-redondos.es\/#website"},"primaryImageOfPage":{"@id":"https:\/\/discos-redondos.es\/producto\/alfa-mist-variables#primaryimage"},"image":{"@id":"https:\/\/discos-redondos.es\/producto\/alfa-mist-variables#primaryimage"},"thumbnailUrl":"https:\/\/discos-redondos.es\/wp-content\/uploads\/2023\/06\/Alfa-Mist-\u2013-Variables.jpg","datePublished":"2023-06-06T17:10:21+00:00","dateModified":"2026-03-14T13:06:51+00:00","description":"Alfa Mist \u2013 Variables - Anti- \u2013 7951-1, C\u00f3digo EAN 8714092795110 - LP editado en 2023, con carpeta gatefold y en vinilo negro","breadcrumb":{"@id":"https:\/\/discos-redondos.es\/producto\/alfa-mist-variables#breadcrumb"},"inLanguage":"ca","potentialAction":[{"@type":"ReadAction","target":["https:\/\/discos-redondos.es\/producto\/alfa-mist-variables"]}]},{"@type":"ImageObject","inLanguage":"ca","@id":"https:\/\/discos-redondos.es\/producto\/alfa-mist-variables#primaryimage","url":"https:\/\/discos-redondos.es\/wp-content\/uploads\/2023\/06\/Alfa-Mist-\u2013-Variables.jpg","contentUrl":"https:\/\/discos-redondos.es\/wp-content\/uploads\/2023\/06\/Alfa-Mist-\u2013-Variables.jpg","width":1200,"height":1200,"caption":"Alfa Mist \u2013 Variables"},{"@type":"BreadcrumbList","@id":"https:\/\/discos-redondos.es\/producto\/alfa-mist-variables#breadcrumb","itemListElement":[{"@type":"ListItem","position":1,"name":"Portada","item":"https:\/\/discos-redondos.es\/"},{"@type":"ListItem","position":2,"name":"Tienda","item":"https:\/\/discos-redondos.es\/?page_id=487"},{"@type":"ListItem","position":3,"name":"Alfa Mist \u2013 Variables"}]},{"@type":"WebSite","@id":"https:\/\/discos-redondos.es\/#website","url":"https:\/\/discos-redondos.es\/","name":"Discos Redondos","description":"La teva botiga de discos a Barcelona","publisher":{"@id":"https:\/\/discos-redondos.es\/#organization"},"alternateName":"Discos Redondos","potentialAction":[{"@type":"SearchAction","target":{"@type":"EntryPoint","urlTemplate":"https:\/\/discos-redondos.es\/?s={search_term_string}"},"query-input":{"@type":"PropertyValueSpecification","valueRequired":true,"valueName":"search_term_string"}}],"inLanguage":"ca"},{"@type":"Organization","@id":"https:\/\/discos-redondos.es\/#organization","name":"Discos Redondos","url":"https:\/\/discos-redondos.es\/","logo":{"@type":"ImageObject","inLanguage":"ca","@id":"https:\/\/discos-redondos.es\/#\/schema\/logo\/image\/","url":"https:\/\/discos-redondos.es\/wp-content\/uploads\/2023\/04\/aaff-logo-raval-1-1.jpg","contentUrl":"https:\/\/discos-redondos.es\/wp-content\/uploads\/2023\/04\/aaff-logo-raval-1-1.jpg","width":2362,"height":1441,"caption":"Discos Redondos"},"image":{"@id":"https:\/\/discos-redondos.es\/#\/schema\/logo\/image\/"},"sameAs":["https:\/\/www.facebook.com\/discosredondos45","https:\/\/www.instagram.com\/discos.redondos33\/?hl=es","https:\/\/discos-redondos.bandcamp.com\/"]}]}},"jetpack_sharing_enabled":true,"_links":{"self":[{"href":"https:\/\/discos-redondos.es\/ca\/wp-json\/wp\/v2\/product\/5619","targetHints":{"allow":["GET"]}}],"collection":[{"href":"https:\/\/discos-redondos.es\/ca\/wp-json\/wp\/v2\/product"}],"about":[{"href":"https:\/\/discos-redondos.es\/ca\/wp-json\/wp\/v2\/types\/product"}],"wp:featuredmedia":[{"embeddable":true,"href":"https:\/\/discos-redondos.es\/ca\/wp-json\/wp\/v2\/media\/5620"}],"wp:attachment":[{"href":"https:\/\/discos-redondos.es\/ca\/wp-json\/wp\/v2\/media?parent=5619"}],"wp:term":[{"taxonomy":"product_brand","embeddable":true,"href":"https:\/\/discos-redondos.es\/ca\/wp-json\/wp\/v2\/product_brand?post=5619"},{"taxonomy":"product_cat","embeddable":true,"href":"https:\/\/discos-redondos.es\/ca\/wp-json\/wp\/v2\/product_cat?post=5619"},{"taxonomy":"product_tag","embeddable":true,"href":"https:\/\/discos-redondos.es\/ca\/wp-json\/wp\/v2\/product_tag?post=5619"}],"curies":[{"name":"wp","href":"https:\/\/api.w.org\/{rel}","templated":true}]}}