{"id":5632,"date":"2023-06-08T16:54:26","date_gmt":"2023-06-08T16:54:26","guid":{"rendered":"https:\/\/discos-redondos.es\/?post_type=product&#038;p=5632"},"modified":"2026-04-21T17:33:44","modified_gmt":"2026-04-21T17:33:44","slug":"de-la-soul-de-la-soul-is-dead","status":"publish","type":"product","link":"https:\/\/discos-redondos.es\/ca\/producte\/de-la-soul-de-la-soul-is-dead","title":{"rendered":"De La Soul &#8211; De La Soul Is Dead"},"content":{"rendered":"<p><strong>De La Soul &#8211; De La Soul Is Dead<\/strong><\/p>\n<p><strong>Tracklist<\/strong><\/p>\n<table class=\"tracklist_3QGRS\">\n<tbody>\n<tr data-track-position=\"A1\">\n<td class=\"trackPos_2RCje\">A1<\/td>\n<td class=\"artist_3zAQD\"><\/td>\n<td class=\"trackTitle_CTKp4\"><span class=\"trackTitle_CTKp4\">Intro<\/span><\/td>\n<td class=\"duration_2t4qr\">2:14<\/td>\n<\/tr>\n<tr data-track-position=\"A2\">\n<td class=\"trackPos_2RCje\">A2<\/td>\n<td class=\"artist_3zAQD\"><\/td>\n<td class=\"trackTitle_CTKp4\"><span class=\"trackTitle_CTKp4\">Oodles Of O&#8217;s<\/span><\/td>\n<td class=\"duration_2t4qr\">3:32<\/td>\n<\/tr>\n<tr data-track-position=\"A3\">\n<td class=\"trackPos_2RCje\">A3<\/td>\n<td class=\"artist_3zAQD\"><\/td>\n<td class=\"trackTitle_CTKp4\"><span class=\"trackTitle_CTKp4\">Talkin&#8217; Bout Hey Love<\/span><\/td>\n<td class=\"duration_2t4qr\">2:27<\/td>\n<\/tr>\n<tr data-track-position=\"A4\">\n<td class=\"trackPos_2RCje\">A4<\/td>\n<td class=\"artist_3zAQD\"><\/td>\n<td class=\"trackTitle_CTKp4\"><span class=\"trackTitle_CTKp4\">Pease Porridge<\/span><\/td>\n<td class=\"duration_2t4qr\">5:01<\/td>\n<\/tr>\n<tr data-track-position=\"A5\">\n<td class=\"trackPos_2RCje\">A5<\/td>\n<td class=\"artist_3zAQD\"><\/td>\n<td class=\"trackTitle_CTKp4\"><span class=\"trackTitle_CTKp4\">Skit 1<\/span><\/td>\n<td class=\"duration_2t4qr\">0:25<\/td>\n<\/tr>\n<tr data-track-position=\"A6\">\n<td class=\"trackPos_2RCje\">A6<\/td>\n<td class=\"artist_3zAQD\"><\/td>\n<td class=\"trackTitle_CTKp4\"><span class=\"trackTitle_CTKp4\">Johnny&#8217;s Dead AKA Vincent Mason (Live From The BK Lounge)<\/span><\/td>\n<td class=\"duration_2t4qr\">1:56<\/td>\n<\/tr>\n<tr data-track-position=\"A7\">\n<td class=\"trackPos_2RCje\">A7<\/td>\n<td class=\"artist_3zAQD\"><\/td>\n<td class=\"trackTitle_CTKp4\"><span class=\"trackTitle_CTKp4\">A Rollerskating Jam Named \u00abSaturdays\u00bb<\/span><\/td>\n<td class=\"duration_2t4qr\">4:02<\/td>\n<\/tr>\n<tr data-track-position=\"B1\">\n<td class=\"trackPos_2RCje\">B1<\/td>\n<td class=\"artist_3zAQD\"><\/td>\n<td class=\"trackTitle_CTKp4\"><span class=\"trackTitle_CTKp4\">WRMS&#8217; Dedication To The Bitty<\/span><\/td>\n<td class=\"duration_2t4qr\">0:46<\/td>\n<\/tr>\n<tr data-track-position=\"B2\">\n<td class=\"trackPos_2RCje\">B2<\/td>\n<td class=\"artist_3zAQD\"><\/td>\n<td class=\"trackTitle_CTKp4\"><span class=\"trackTitle_CTKp4\">Bitties In The BK Lounge<\/span><\/td>\n<td class=\"duration_2t4qr\">5:39<\/td>\n<\/tr>\n<tr data-track-position=\"B3\">\n<td class=\"trackPos_2RCje\">B3<\/td>\n<td class=\"artist_3zAQD\"><\/td>\n<td class=\"trackTitle_CTKp4\"><span class=\"trackTitle_CTKp4\">Skit 2<\/span><\/td>\n<td class=\"duration_2t4qr\">0:30<\/td>\n<\/tr>\n<tr data-track-position=\"B4\">\n<td class=\"trackPos_2RCje\">B4<\/td>\n<td class=\"artist_3zAQD\"><\/td>\n<td class=\"trackTitle_CTKp4\"><span class=\"trackTitle_CTKp4\">My Brother&#8217;s A Basehead<\/span><\/td>\n<td class=\"duration_2t4qr\">4:20<\/td>\n<\/tr>\n<tr data-track-position=\"B5\">\n<td class=\"trackPos_2RCje\">B5<\/td>\n<td class=\"artist_3zAQD\"><\/td>\n<td class=\"trackTitle_CTKp4\"><span class=\"trackTitle_CTKp4\">Let, Let Me In<\/span><\/td>\n<td class=\"duration_2t4qr\">3:25<\/td>\n<\/tr>\n<tr data-track-position=\"B6\">\n<td class=\"trackPos_2RCje\">B6<\/td>\n<td class=\"artist_3zAQD\"><\/td>\n<td class=\"trackTitle_CTKp4\"><span class=\"trackTitle_CTKp4\">Afro Connections At A Hi 5 (In The Eyes Of The Hoodlum)<\/span><\/td>\n<td class=\"duration_2t4qr\">4:03<\/td>\n<\/tr>\n<tr data-track-position=\"C1\">\n<td class=\"trackPos_2RCje\">C1<\/td>\n<td class=\"artist_3zAQD\"><\/td>\n<td class=\"trackTitle_CTKp4\"><span class=\"trackTitle_CTKp4\">Rap De Rap Show<\/span><\/td>\n<td class=\"duration_2t4qr\">2:19<\/td>\n<\/tr>\n<tr data-track-position=\"C2\">\n<td class=\"trackPos_2RCje\">C2<\/td>\n<td class=\"artist_3zAQD\"><\/td>\n<td class=\"trackTitle_CTKp4\"><span class=\"trackTitle_CTKp4\">Millie Pulled A Pistol On Santa<\/span><\/td>\n<td class=\"duration_2t4qr\">4:09<\/td>\n<\/tr>\n<tr data-track-position=\"C3\">\n<td class=\"trackPos_2RCje\">C3<\/td>\n<td class=\"artist_3zAQD\"><\/td>\n<td class=\"trackTitle_CTKp4\"><span class=\"trackTitle_CTKp4\">Who Do U Worship?<\/span><\/td>\n<td class=\"duration_2t4qr\">1:59<\/td>\n<\/tr>\n<tr data-track-position=\"C4\">\n<td class=\"trackPos_2RCje\">C4<\/td>\n<td class=\"artist_3zAQD\"><\/td>\n<td class=\"trackTitle_CTKp4\"><span class=\"trackTitle_CTKp4\">Skit 3<\/span><\/td>\n<td class=\"duration_2t4qr\">0:32<\/td>\n<\/tr>\n<tr data-track-position=\"C5\">\n<td class=\"trackPos_2RCje\">C5<\/td>\n<td class=\"artist_3zAQD\"><\/td>\n<td class=\"trackTitle_CTKp4\"><span class=\"trackTitle_CTKp4\">Kicked Out The House<\/span><\/td>\n<td class=\"duration_2t4qr\">1:55<\/td>\n<\/tr>\n<tr data-track-position=\"C6\">\n<td class=\"trackPos_2RCje\">C6<\/td>\n<td class=\"artist_3zAQD\"><\/td>\n<td class=\"trackTitle_CTKp4\"><span class=\"trackTitle_CTKp4\">Pass The Plugs<\/span><\/td>\n<td class=\"duration_2t4qr\">3:29<\/td>\n<\/tr>\n<tr data-track-position=\"C7\">\n<td class=\"trackPos_2RCje\">C7<\/td>\n<td class=\"artist_3zAQD\"><\/td>\n<td class=\"trackTitle_CTKp4\"><span class=\"trackTitle_CTKp4\">Not Over Till The Fat Lady Plays The Demo<\/span><\/td>\n<td class=\"duration_2t4qr\">1:29<\/td>\n<\/tr>\n<tr data-track-position=\"D1\">\n<td class=\"trackPos_2RCje\">D1<\/td>\n<td class=\"artist_3zAQD\"><\/td>\n<td class=\"trackTitle_CTKp4\"><span class=\"trackTitle_CTKp4\">Ring Ring Ring (Ha Ha Hey)<\/span><\/td>\n<td class=\"duration_2t4qr\">5:05<\/td>\n<\/tr>\n<tr data-track-position=\"D2\">\n<td class=\"trackPos_2RCje\">D2<\/td>\n<td class=\"artist_3zAQD\"><\/td>\n<td class=\"trackTitle_CTKp4\"><span class=\"trackTitle_CTKp4\">WRMS: Cat&#8217;s In Control<\/span><\/td>\n<td class=\"duration_2t4qr\">0:33<\/td>\n<\/tr>\n<tr data-track-position=\"D3\">\n<td class=\"trackPos_2RCje\">D3<\/td>\n<td class=\"artist_3zAQD\"><\/td>\n<td class=\"trackTitle_CTKp4\"><span class=\"trackTitle_CTKp4\">Skit 4<\/span><\/td>\n<td class=\"duration_2t4qr\">0:12<\/td>\n<\/tr>\n<tr data-track-position=\"D4\">\n<td class=\"trackPos_2RCje\">D4<\/td>\n<td class=\"artist_3zAQD\"><\/td>\n<td class=\"trackTitle_CTKp4\"><span class=\"trackTitle_CTKp4\">Shwingalokate<\/span><\/td>\n<td class=\"duration_2t4qr\">4:13<\/td>\n<\/tr>\n<tr data-track-position=\"D5\">\n<td class=\"trackPos_2RCje\">D5<\/td>\n<td class=\"artist_3zAQD\"><\/td>\n<td class=\"trackTitle_CTKp4\"><span class=\"trackTitle_CTKp4\">Fanatic Of The B Word<\/span><\/td>\n<td class=\"duration_2t4qr\">4:09<\/td>\n<\/tr>\n<tr data-track-position=\"D6\">\n<td class=\"trackPos_2RCje\">D6<\/td>\n<td class=\"artist_3zAQD\"><\/td>\n<td class=\"trackTitle_CTKp4\"><span class=\"trackTitle_CTKp4\">Keepin&#8217; The Faith<\/span><\/td>\n<td class=\"duration_2t4qr\">4:44<\/td>\n<\/tr>\n<tr data-track-position=\"D7\">\n<td class=\"trackPos_2RCje\">D7<\/td>\n<td class=\"artist_3zAQD\"><\/td>\n<td class=\"trackTitle_CTKp4\"><span class=\"trackTitle_CTKp4\">Skit 5<\/span><\/td>\n<td class=\"duration_2t4qr\">0:32<\/td>\n<\/tr>\n<\/tbody>\n<\/table>\n<p>&nbsp;<\/p>\n<p><iframe loading=\"lazy\" title=\"De La Soul - Talkin&#039; Bout Hey Love (Official Audio)\" width=\"832\" height=\"468\" src=\"https:\/\/www.youtube.com\/embed\/iD7ukTFW1fE?feature=oembed\" frameborder=\"0\" allow=\"accelerometer; autoplay; clipboard-write; encrypted-media; gyroscope; picture-in-picture; web-share\" referrerpolicy=\"strict-origin-when-cross-origin\" allowfullscreen><\/iframe><\/p>\n<p><strong>De La Soul \u2013 De La Soul Is Dead: <\/strong>De La Soul Is Dead es el segundo \u00e1lbum de estudio del grupo estadounidense de hip hop De La Soul, lanzado el 13 de mayo de 1991. El \u00e1lbum fue producido por Prince Paul, cuyo trabajo en 3 Feet High and Rising fue muy elogiado por los cr\u00edticos musicales.<\/p>\n<p>El \u00e1lbum fue uno de los primeros en recibir una calificaci\u00f3n de cinco micr\u00f3fonos en la revista Hip hop The Source, y tambi\u00e9n fue seleccionado como uno de los 100 mejores \u00e1lbumes de rap de The Source en 1998. La portada del \u00e1lbum hace referencia a la muerte de \u00abD.A.I.S.Y.\u00bb (Da Inner Sound, Y&#8217;all) edad, o un distanciamiento de varias culturas, incluidos los hippies y el hip hop convencional.<strong><br \/>\n<\/strong><\/p>","protected":false},"excerpt":{"rendered":"<p>Chrysalis Records \u2013 RMM-052-1, AOI Records \u2013 RMM-052-1, 0810098502948<\/p>\n<p>2 x LP edici\u00f3n europea 2023<\/p>","protected":false},"featured_media":5633,"template":"","meta":[],"product_brand":[191],"product_cat":[74],"product_tag":[],"class_list":{"0":"post-5632","1":"product","2":"type-product","3":"status-publish","4":"has-post-thumbnail","6":"product_brand-chrysalis","7":"product_cat-hip-hop","9":"first","10":"instock","11":"taxable","12":"shipping-taxable","13":"purchasable","14":"product-type-simple"},"yoast_head":"<!-- This site is optimized with the Yoast SEO plugin v27.4 - https:\/\/yoast.com\/product\/yoast-seo-wordpress\/ -->\n<title>De La Soul - De La Soul Is Dead - DISCOS REDONDOS<\/title>\n<meta name=\"description\" content=\"De La Soul \u2013 De La Soul Is Dead - Chrysalis Records \u2013 RMM-052-1, AOI Records \u2013 RMM-052-1, 0810098502948 - 2 x LP edici\u00f3n europea 2023\" \/>\n<meta name=\"robots\" content=\"index, follow, max-snippet:-1, max-image-preview:large, max-video-preview:-1\" \/>\n<link rel=\"canonical\" href=\"https:\/\/discos-redondos.es\/ca\/producte\/de-la-soul-de-la-soul-is-dead\/\" \/>\n<meta property=\"og:locale\" content=\"ca_ES\" \/>\n<meta property=\"og:type\" content=\"article\" \/>\n<meta property=\"og:title\" content=\"De La Soul - De La Soul Is Dead - DISCOS REDONDOS\" \/>\n<meta property=\"og:description\" content=\"De La Soul \u2013 De La Soul Is Dead - Chrysalis Records \u2013 RMM-052-1, AOI Records \u2013 RMM-052-1, 0810098502948 - 2 x LP edici\u00f3n europea 2023\" \/>\n<meta property=\"og:url\" content=\"https:\/\/discos-redondos.es\/ca\/producte\/de-la-soul-de-la-soul-is-dead\/\" \/>\n<meta property=\"og:site_name\" content=\"DISCOS REDONDOS\" \/>\n<meta property=\"article:publisher\" content=\"https:\/\/www.facebook.com\/discosredondos45\" \/>\n<meta property=\"article:modified_time\" content=\"2026-04-21T17:33:44+00:00\" \/>\n<meta property=\"og:image\" content=\"https:\/\/discos-redondos.es\/wp-content\/uploads\/2023\/06\/De-La-Soul-\u2013-De-La-Soul-Is-Dead.jpg\" \/>\n\t<meta property=\"og:image:width\" content=\"600\" \/>\n\t<meta property=\"og:image:height\" content=\"600\" \/>\n\t<meta property=\"og:image:type\" content=\"image\/jpeg\" \/>\n<meta name=\"twitter:card\" content=\"summary_large_image\" \/>\n<meta name=\"twitter:label1\" content=\"Temps estimat de lectura\" \/>\n\t<meta name=\"twitter:data1\" content=\"2 minuts\" \/>\n<script type=\"application\/ld+json\" class=\"yoast-schema-graph\">{\"@context\":\"https:\\\/\\\/schema.org\",\"@graph\":[{\"@type\":\"WebPage\",\"@id\":\"https:\\\/\\\/discos-redondos.es\\\/producto\\\/de-la-soul-de-la-soul-is-dead\",\"url\":\"https:\\\/\\\/discos-redondos.es\\\/producto\\\/de-la-soul-de-la-soul-is-dead\",\"name\":\"De La Soul - De La Soul Is Dead - DISCOS REDONDOS\",\"isPartOf\":{\"@id\":\"https:\\\/\\\/discos-redondos.es\\\/#website\"},\"primaryImageOfPage\":{\"@id\":\"https:\\\/\\\/discos-redondos.es\\\/producto\\\/de-la-soul-de-la-soul-is-dead#primaryimage\"},\"image\":{\"@id\":\"https:\\\/\\\/discos-redondos.es\\\/producto\\\/de-la-soul-de-la-soul-is-dead#primaryimage\"},\"thumbnailUrl\":\"https:\\\/\\\/discos-redondos.es\\\/wp-content\\\/uploads\\\/2023\\\/06\\\/De-La-Soul-\u2013-De-La-Soul-Is-Dead.jpg\",\"datePublished\":\"2023-06-08T16:54:26+00:00\",\"dateModified\":\"2026-04-21T17:33:44+00:00\",\"description\":\"De La Soul \u2013 De La Soul Is Dead - Chrysalis Records \u2013 RMM-052-1, AOI Records \u2013 RMM-052-1, 0810098502948 - 2 x LP edici\u00f3n europea 2023\",\"breadcrumb\":{\"@id\":\"https:\\\/\\\/discos-redondos.es\\\/producto\\\/de-la-soul-de-la-soul-is-dead#breadcrumb\"},\"inLanguage\":\"ca\",\"potentialAction\":[{\"@type\":\"ReadAction\",\"target\":[\"https:\\\/\\\/discos-redondos.es\\\/producto\\\/de-la-soul-de-la-soul-is-dead\"]}]},{\"@type\":\"ImageObject\",\"inLanguage\":\"ca\",\"@id\":\"https:\\\/\\\/discos-redondos.es\\\/producto\\\/de-la-soul-de-la-soul-is-dead#primaryimage\",\"url\":\"https:\\\/\\\/discos-redondos.es\\\/wp-content\\\/uploads\\\/2023\\\/06\\\/De-La-Soul-\u2013-De-La-Soul-Is-Dead.jpg\",\"contentUrl\":\"https:\\\/\\\/discos-redondos.es\\\/wp-content\\\/uploads\\\/2023\\\/06\\\/De-La-Soul-\u2013-De-La-Soul-Is-Dead.jpg\",\"width\":600,\"height\":600,\"caption\":\"De La Soul \u2013 De La Soul Is Dead\"},{\"@type\":\"BreadcrumbList\",\"@id\":\"https:\\\/\\\/discos-redondos.es\\\/producto\\\/de-la-soul-de-la-soul-is-dead#breadcrumb\",\"itemListElement\":[{\"@type\":\"ListItem\",\"position\":1,\"name\":\"Portada\",\"item\":\"https:\\\/\\\/discos-redondos.es\\\/\"},{\"@type\":\"ListItem\",\"position\":2,\"name\":\"Tienda\",\"item\":\"https:\\\/\\\/discos-redondos.es\\\/?page_id=487\"},{\"@type\":\"ListItem\",\"position\":3,\"name\":\"De La Soul &#8211; De La Soul Is Dead\"}]},{\"@type\":\"WebSite\",\"@id\":\"https:\\\/\\\/discos-redondos.es\\\/#website\",\"url\":\"https:\\\/\\\/discos-redondos.es\\\/\",\"name\":\"Discos Redondos\",\"description\":\"Tu tienda de discos en Barcelona\",\"publisher\":{\"@id\":\"https:\\\/\\\/discos-redondos.es\\\/#organization\"},\"alternateName\":\"Discos Redondos\",\"potentialAction\":[{\"@type\":\"SearchAction\",\"target\":{\"@type\":\"EntryPoint\",\"urlTemplate\":\"https:\\\/\\\/discos-redondos.es\\\/?s={search_term_string}\"},\"query-input\":{\"@type\":\"PropertyValueSpecification\",\"valueRequired\":true,\"valueName\":\"search_term_string\"}}],\"inLanguage\":\"ca\"},{\"@type\":\"Organization\",\"@id\":\"https:\\\/\\\/discos-redondos.es\\\/#organization\",\"name\":\"Discos Redondos\",\"url\":\"https:\\\/\\\/discos-redondos.es\\\/\",\"logo\":{\"@type\":\"ImageObject\",\"inLanguage\":\"ca\",\"@id\":\"https:\\\/\\\/discos-redondos.es\\\/#\\\/schema\\\/logo\\\/image\\\/\",\"url\":\"https:\\\/\\\/discos-redondos.es\\\/wp-content\\\/uploads\\\/2023\\\/04\\\/aaff-logo-raval-1-1.jpg\",\"contentUrl\":\"https:\\\/\\\/discos-redondos.es\\\/wp-content\\\/uploads\\\/2023\\\/04\\\/aaff-logo-raval-1-1.jpg\",\"width\":2362,\"height\":1441,\"caption\":\"Discos Redondos\"},\"image\":{\"@id\":\"https:\\\/\\\/discos-redondos.es\\\/#\\\/schema\\\/logo\\\/image\\\/\"},\"sameAs\":[\"https:\\\/\\\/www.facebook.com\\\/discosredondos45\",\"https:\\\/\\\/www.instagram.com\\\/discos.redondos33\\\/?hl=es\",\"https:\\\/\\\/discos-redondos.bandcamp.com\\\/\"]}]}<\/script>\n<!-- \/ Yoast SEO plugin. -->","yoast_head_json":{"title":"De La Soul - De La Soul Is Dead - DISCOS REDONDOS","description":"De La Soul \u2013 De La Soul Is Dead - Chrysalis Records \u2013 RMM-052-1, AOI Records \u2013 RMM-052-1, 0810098502948 - 2 x LP edici\u00f3n europea 2023","robots":{"index":"index","follow":"follow","max-snippet":"max-snippet:-1","max-image-preview":"max-image-preview:large","max-video-preview":"max-video-preview:-1"},"canonical":"https:\/\/discos-redondos.es\/ca\/producte\/de-la-soul-de-la-soul-is-dead\/","og_locale":"ca_ES","og_type":"article","og_title":"De La Soul - De La Soul Is Dead - DISCOS REDONDOS","og_description":"De La Soul \u2013 De La Soul Is Dead - Chrysalis Records \u2013 RMM-052-1, AOI Records \u2013 RMM-052-1, 0810098502948 - 2 x LP edici\u00f3n europea 2023","og_url":"https:\/\/discos-redondos.es\/ca\/producte\/de-la-soul-de-la-soul-is-dead\/","og_site_name":"DISCOS REDONDOS","article_publisher":"https:\/\/www.facebook.com\/discosredondos45","article_modified_time":"2026-04-21T17:33:44+00:00","og_image":[{"width":600,"height":600,"url":"https:\/\/discos-redondos.es\/wp-content\/uploads\/2023\/06\/De-La-Soul-\u2013-De-La-Soul-Is-Dead.jpg","type":"image\/jpeg"}],"twitter_card":"summary_large_image","twitter_misc":{"Temps estimat de lectura":"2 minuts"},"schema":{"@context":"https:\/\/schema.org","@graph":[{"@type":"WebPage","@id":"https:\/\/discos-redondos.es\/producto\/de-la-soul-de-la-soul-is-dead","url":"https:\/\/discos-redondos.es\/producto\/de-la-soul-de-la-soul-is-dead","name":"De La Soul - De La Soul Is Dead - DISCOS REDONDOS","isPartOf":{"@id":"https:\/\/discos-redondos.es\/#website"},"primaryImageOfPage":{"@id":"https:\/\/discos-redondos.es\/producto\/de-la-soul-de-la-soul-is-dead#primaryimage"},"image":{"@id":"https:\/\/discos-redondos.es\/producto\/de-la-soul-de-la-soul-is-dead#primaryimage"},"thumbnailUrl":"https:\/\/discos-redondos.es\/wp-content\/uploads\/2023\/06\/De-La-Soul-\u2013-De-La-Soul-Is-Dead.jpg","datePublished":"2023-06-08T16:54:26+00:00","dateModified":"2026-04-21T17:33:44+00:00","description":"De La Soul \u2013 De La Soul Is Dead - Chrysalis Records \u2013 RMM-052-1, AOI Records \u2013 RMM-052-1, 0810098502948 - 2 x LP edici\u00f3n europea 2023","breadcrumb":{"@id":"https:\/\/discos-redondos.es\/producto\/de-la-soul-de-la-soul-is-dead#breadcrumb"},"inLanguage":"ca","potentialAction":[{"@type":"ReadAction","target":["https:\/\/discos-redondos.es\/producto\/de-la-soul-de-la-soul-is-dead"]}]},{"@type":"ImageObject","inLanguage":"ca","@id":"https:\/\/discos-redondos.es\/producto\/de-la-soul-de-la-soul-is-dead#primaryimage","url":"https:\/\/discos-redondos.es\/wp-content\/uploads\/2023\/06\/De-La-Soul-\u2013-De-La-Soul-Is-Dead.jpg","contentUrl":"https:\/\/discos-redondos.es\/wp-content\/uploads\/2023\/06\/De-La-Soul-\u2013-De-La-Soul-Is-Dead.jpg","width":600,"height":600,"caption":"De La Soul \u2013 De La Soul Is Dead"},{"@type":"BreadcrumbList","@id":"https:\/\/discos-redondos.es\/producto\/de-la-soul-de-la-soul-is-dead#breadcrumb","itemListElement":[{"@type":"ListItem","position":1,"name":"Portada","item":"https:\/\/discos-redondos.es\/"},{"@type":"ListItem","position":2,"name":"Tienda","item":"https:\/\/discos-redondos.es\/?page_id=487"},{"@type":"ListItem","position":3,"name":"De La Soul &#8211; De La Soul Is Dead"}]},{"@type":"WebSite","@id":"https:\/\/discos-redondos.es\/#website","url":"https:\/\/discos-redondos.es\/","name":"Discos Redondos","description":"La teva botiga de discos a Barcelona","publisher":{"@id":"https:\/\/discos-redondos.es\/#organization"},"alternateName":"Discos Redondos","potentialAction":[{"@type":"SearchAction","target":{"@type":"EntryPoint","urlTemplate":"https:\/\/discos-redondos.es\/?s={search_term_string}"},"query-input":{"@type":"PropertyValueSpecification","valueRequired":true,"valueName":"search_term_string"}}],"inLanguage":"ca"},{"@type":"Organization","@id":"https:\/\/discos-redondos.es\/#organization","name":"Discos Redondos","url":"https:\/\/discos-redondos.es\/","logo":{"@type":"ImageObject","inLanguage":"ca","@id":"https:\/\/discos-redondos.es\/#\/schema\/logo\/image\/","url":"https:\/\/discos-redondos.es\/wp-content\/uploads\/2023\/04\/aaff-logo-raval-1-1.jpg","contentUrl":"https:\/\/discos-redondos.es\/wp-content\/uploads\/2023\/04\/aaff-logo-raval-1-1.jpg","width":2362,"height":1441,"caption":"Discos Redondos"},"image":{"@id":"https:\/\/discos-redondos.es\/#\/schema\/logo\/image\/"},"sameAs":["https:\/\/www.facebook.com\/discosredondos45","https:\/\/www.instagram.com\/discos.redondos33\/?hl=es","https:\/\/discos-redondos.bandcamp.com\/"]}]}},"_links":{"self":[{"href":"https:\/\/discos-redondos.es\/ca\/wp-json\/wp\/v2\/product\/5632","targetHints":{"allow":["GET"]}}],"collection":[{"href":"https:\/\/discos-redondos.es\/ca\/wp-json\/wp\/v2\/product"}],"about":[{"href":"https:\/\/discos-redondos.es\/ca\/wp-json\/wp\/v2\/types\/product"}],"wp:featuredmedia":[{"embeddable":true,"href":"https:\/\/discos-redondos.es\/ca\/wp-json\/wp\/v2\/media\/5633"}],"wp:attachment":[{"href":"https:\/\/discos-redondos.es\/ca\/wp-json\/wp\/v2\/media?parent=5632"}],"wp:term":[{"taxonomy":"product_brand","embeddable":true,"href":"https:\/\/discos-redondos.es\/ca\/wp-json\/wp\/v2\/product_brand?post=5632"},{"taxonomy":"product_cat","embeddable":true,"href":"https:\/\/discos-redondos.es\/ca\/wp-json\/wp\/v2\/product_cat?post=5632"},{"taxonomy":"product_tag","embeddable":true,"href":"https:\/\/discos-redondos.es\/ca\/wp-json\/wp\/v2\/product_tag?post=5632"}],"curies":[{"name":"wp","href":"https:\/\/api.w.org\/{rel}","templated":true}]}}