{"id":5647,"date":"2023-06-09T16:56:35","date_gmt":"2023-06-09T16:56:35","guid":{"rendered":"https:\/\/discos-redondos.es\/?post_type=product&#038;p=5647"},"modified":"2026-03-14T13:06:39","modified_gmt":"2026-03-14T13:06:39","slug":"weather-report-heavy-weather","status":"publish","type":"product","link":"https:\/\/discos-redondos.es\/ca\/producte\/weather-report-heavy-weather","title":{"rendered":"Weather Report \u2013 Heavy Weather"},"content":{"rendered":"<p><strong>Weather Report \u2013 Heavy Weather<\/strong><\/p>\n<p><strong>Tracklist<\/strong><\/p>\n<table class=\"tracklist_3QGRS\">\n<tbody>\n<tr data-track-position=\"A1\">\n<td class=\"trackPos_2RCje\">A1<\/td>\n<td class=\"artist_3zAQD\"><\/td>\n<td class=\"trackTitle_CTKp4\"><span class=\"trackTitle_CTKp4\">Birdland<\/span><\/td>\n<td class=\"duration_2t4qr\">5:59<\/td>\n<\/tr>\n<tr data-track-position=\"A2\">\n<td class=\"trackPos_2RCje\">A2<\/td>\n<td class=\"artist_3zAQD\"><\/td>\n<td class=\"trackTitle_CTKp4\"><span class=\"trackTitle_CTKp4\">A Remark You Made<\/span><\/td>\n<td class=\"duration_2t4qr\">6:52<\/td>\n<\/tr>\n<tr data-track-position=\"A3\">\n<td class=\"trackPos_2RCje\">A3<\/td>\n<td class=\"artist_3zAQD\"><\/td>\n<td class=\"trackTitle_CTKp4\"><span class=\"trackTitle_CTKp4\">Teen Town<\/span><\/td>\n<td class=\"duration_2t4qr\">2:53<\/td>\n<\/tr>\n<tr data-track-position=\"A4\">\n<td class=\"trackPos_2RCje\">A4<\/td>\n<td class=\"artist_3zAQD\"><\/td>\n<td class=\"trackTitle_CTKp4\"><span class=\"trackTitle_CTKp4\">Harlequin<\/span><\/td>\n<td class=\"duration_2t4qr\">4:00<\/td>\n<\/tr>\n<tr data-track-position=\"B1\">\n<td class=\"trackPos_2RCje\">B1<\/td>\n<td class=\"artist_3zAQD\"><\/td>\n<td class=\"trackTitle_CTKp4\"><span class=\"trackTitle_CTKp4\">Rumba Mam\u00e1<\/span><\/td>\n<td class=\"duration_2t4qr\">2:12<\/td>\n<\/tr>\n<tr data-track-position=\"B2\">\n<td class=\"trackPos_2RCje\">B2<\/td>\n<td class=\"artist_3zAQD\"><\/td>\n<td class=\"trackTitle_CTKp4\"><span class=\"trackTitle_CTKp4\">Pallad\u00edum<\/span><\/td>\n<td class=\"duration_2t4qr\">4:45<\/td>\n<\/tr>\n<tr data-track-position=\"B3\">\n<td class=\"trackPos_2RCje\">B3<\/td>\n<td class=\"artist_3zAQD\"><\/td>\n<td class=\"trackTitle_CTKp4\"><span class=\"trackTitle_CTKp4\">The Juggler<\/span><\/td>\n<td class=\"duration_2t4qr\">5:05<\/td>\n<\/tr>\n<tr data-track-position=\"B4\">\n<td class=\"trackPos_2RCje\">B4<\/td>\n<td class=\"artist_3zAQD\"><\/td>\n<td class=\"trackTitle_CTKp4\"><span class=\"trackTitle_CTKp4\">Havona<\/span><\/td>\n<td class=\"duration_2t4qr\">6:03<\/td>\n<\/tr>\n<\/tbody>\n<\/table>\n<p>&nbsp;<\/p>\n<p><iframe loading=\"lazy\" title=\"Weather Report Heavy Weather (Complete Album)\" width=\"832\" height=\"468\" src=\"https:\/\/www.youtube.com\/embed\/dlee09qmnv4?feature=oembed\" frameborder=\"0\" allow=\"accelerometer; autoplay; clipboard-write; encrypted-media; gyroscope; picture-in-picture; web-share\" referrerpolicy=\"strict-origin-when-cross-origin\" allowfullscreen><\/iframe><\/p>\n<p><strong>Weather Report \u2013 Heavy Weather:<\/strong><\/p>\n<p>Heavy Weather es el s\u00e9ptimo \u00e1lbum de Weather Report, lanzado en 1977 a trav\u00e9s de Columbia Records. Vendi\u00f3 originalmente alrededor de 500.000 copias, resultando ser el \u00e1lbum de mayor \u00e9xito comercial de la banda. Heavy Weather recibi\u00f3 una rese\u00f1a de 5 estrellas de la revista DownBeat y fue votado como \u00e1lbum de jazz del a\u00f1o por los lectores de esa publicaci\u00f3n. En este \u00e1lbum, la formaci\u00f3n estaba compusta por los fundadores de Weather Report, Joe Zawinul (teclados, sintetizadores) y Wayne Shorter (saxof\u00f3n), junto con Jaco Pastorius (bajo), Alex Acu\u00f1a (bater\u00eda) y Manolo Badrena (percusi\u00f3n). Fue producido y orquestado por Zawinul, con producci\u00f3n adicional de Shorter y Pastorius, y grabado por Ron Malo.<\/p>\n<p>Con el que se convertir\u00eda en est\u00e1ndar, \u00abBirdland\u00bb, el \u00e1lbum es uno de los m\u00e1s vendidos en el cat\u00e1logo de jazz de Columbia. Este tema de apertura fue un \u00e9xito comercial significativo, algo que no es t\u00edpico de la m\u00fasica instrumental. La melod\u00eda hab\u00eda sido interpretada en vivo por la banda como parte de \u00abDr. Honoris Causa\u00bb, que era del \u00e1lbum en solitario hom\u00f3nimo de Joe Zawinul. \u00abTeen Town\u00bb, una composici\u00f3n de Pastorius donde su bajo toma el papel de instrumento principal, a menudo se considera un punto culminante del \u00e1lbum y de la carrera de Pastorius. Aunque no se menciona como una grabaci\u00f3n en vivo en las liner notes, \u00abRumba Mam\u00e1\u00bb se grab\u00f3 en un concierto de la banda en Montreux, Suiza, durante el verano de 1976.<\/p>\n<p>Dan Oppenheimer dijo en una rese\u00f1a de junio de 1977 para Rolling Stone que sent\u00eda que la banda se hab\u00eda alejado de su m\u00fasica anterior, perdiendo gran parte del espacio, las melod\u00edas y la sensaci\u00f3n de aire que los diferenciaba de otras bandas de jazz-rock, pero ganando un nuevo bajista que \u00abha sido fundamental en el desarrollo de su estilo m\u00e1s cargado y dialogante\u00bb.<\/p>\n<p>&nbsp;<\/p>","protected":false},"excerpt":{"rendered":"<p>Music On Vinyl, Columbia \u2013 MOVLP423, 8718469530014<\/p>\n<p>LP en vinilo de 180 gramos prensado en la Uni\u00f3n Europea<\/p>","protected":false},"featured_media":5648,"template":"","meta":[],"product_brand":[],"product_cat":[93],"product_tag":[],"class_list":{"0":"post-5647","1":"product","2":"type-product","3":"status-publish","4":"has-post-thumbnail","6":"product_cat-jazz-funk-jazz-fusion","8":"first","9":"outofstock","10":"taxable","11":"shipping-taxable","12":"purchasable","13":"product-type-simple"},"yoast_head":"<!-- This site is optimized with the Yoast SEO plugin v27.3 - https:\/\/yoast.com\/product\/yoast-seo-wordpress\/ -->\n<title>Weather Report \u2013 Heavy Weather - DISCOS REDONDOS<\/title>\n<meta name=\"description\" content=\"Weather Report \u2013 Heavy Weather - Music On Vinyl, Columbia \u2013 MOVLP423, 8718469530014LP en vinilo de 180 gramos prensado en la Uni\u00f3n Europea\" \/>\n<meta name=\"robots\" content=\"index, follow, max-snippet:-1, max-image-preview:large, max-video-preview:-1\" \/>\n<link rel=\"canonical\" href=\"https:\/\/discos-redondos.es\/ca\/producte\/weather-report-heavy-weather\/\" \/>\n<meta property=\"og:locale\" content=\"ca_ES\" \/>\n<meta property=\"og:type\" content=\"article\" \/>\n<meta property=\"og:title\" content=\"Weather Report \u2013 Heavy Weather - DISCOS REDONDOS\" \/>\n<meta property=\"og:description\" content=\"Weather Report \u2013 Heavy Weather - Music On Vinyl, Columbia \u2013 MOVLP423, 8718469530014LP en vinilo de 180 gramos prensado en la Uni\u00f3n Europea\" \/>\n<meta property=\"og:url\" content=\"https:\/\/discos-redondos.es\/ca\/producte\/weather-report-heavy-weather\/\" \/>\n<meta property=\"og:site_name\" content=\"DISCOS REDONDOS\" \/>\n<meta property=\"article:publisher\" content=\"https:\/\/www.facebook.com\/discosredondos45\" \/>\n<meta property=\"article:modified_time\" content=\"2026-03-14T13:06:39+00:00\" \/>\n<meta property=\"og:image\" content=\"https:\/\/discos-redondos.es\/wp-content\/uploads\/2023\/06\/Weather-Report-\u2013-Heavy-Weather.jpg\" \/>\n\t<meta property=\"og:image:width\" content=\"401\" \/>\n\t<meta property=\"og:image:height\" content=\"400\" \/>\n\t<meta property=\"og:image:type\" content=\"image\/jpeg\" \/>\n<meta name=\"twitter:card\" content=\"summary_large_image\" \/>\n<meta name=\"twitter:label1\" content=\"Temps estimat de lectura\" \/>\n\t<meta name=\"twitter:data1\" content=\"2 minuts\" \/>\n<script type=\"application\/ld+json\" class=\"yoast-schema-graph\">{\"@context\":\"https:\\\/\\\/schema.org\",\"@graph\":[{\"@type\":\"WebPage\",\"@id\":\"https:\\\/\\\/discos-redondos.es\\\/producto\\\/weather-report-heavy-weather\",\"url\":\"https:\\\/\\\/discos-redondos.es\\\/producto\\\/weather-report-heavy-weather\",\"name\":\"Weather Report \u2013 Heavy Weather - DISCOS REDONDOS\",\"isPartOf\":{\"@id\":\"https:\\\/\\\/discos-redondos.es\\\/#website\"},\"primaryImageOfPage\":{\"@id\":\"https:\\\/\\\/discos-redondos.es\\\/producto\\\/weather-report-heavy-weather#primaryimage\"},\"image\":{\"@id\":\"https:\\\/\\\/discos-redondos.es\\\/producto\\\/weather-report-heavy-weather#primaryimage\"},\"thumbnailUrl\":\"https:\\\/\\\/discos-redondos.es\\\/wp-content\\\/uploads\\\/2023\\\/06\\\/Weather-Report-\u2013-Heavy-Weather.jpg\",\"datePublished\":\"2023-06-09T16:56:35+00:00\",\"dateModified\":\"2026-03-14T13:06:39+00:00\",\"description\":\"Weather Report \u2013 Heavy Weather - Music On Vinyl, Columbia \u2013 MOVLP423, 8718469530014LP en vinilo de 180 gramos prensado en la Uni\u00f3n Europea\",\"breadcrumb\":{\"@id\":\"https:\\\/\\\/discos-redondos.es\\\/producto\\\/weather-report-heavy-weather#breadcrumb\"},\"inLanguage\":\"ca\",\"potentialAction\":[{\"@type\":\"ReadAction\",\"target\":[\"https:\\\/\\\/discos-redondos.es\\\/producto\\\/weather-report-heavy-weather\"]}]},{\"@type\":\"ImageObject\",\"inLanguage\":\"ca\",\"@id\":\"https:\\\/\\\/discos-redondos.es\\\/producto\\\/weather-report-heavy-weather#primaryimage\",\"url\":\"https:\\\/\\\/discos-redondos.es\\\/wp-content\\\/uploads\\\/2023\\\/06\\\/Weather-Report-\u2013-Heavy-Weather.jpg\",\"contentUrl\":\"https:\\\/\\\/discos-redondos.es\\\/wp-content\\\/uploads\\\/2023\\\/06\\\/Weather-Report-\u2013-Heavy-Weather.jpg\",\"width\":401,\"height\":400},{\"@type\":\"BreadcrumbList\",\"@id\":\"https:\\\/\\\/discos-redondos.es\\\/producto\\\/weather-report-heavy-weather#breadcrumb\",\"itemListElement\":[{\"@type\":\"ListItem\",\"position\":1,\"name\":\"Portada\",\"item\":\"https:\\\/\\\/discos-redondos.es\\\/\"},{\"@type\":\"ListItem\",\"position\":2,\"name\":\"Tienda\",\"item\":\"https:\\\/\\\/discos-redondos.es\\\/?page_id=487\"},{\"@type\":\"ListItem\",\"position\":3,\"name\":\"Weather Report \u2013 Heavy Weather\"}]},{\"@type\":\"WebSite\",\"@id\":\"https:\\\/\\\/discos-redondos.es\\\/#website\",\"url\":\"https:\\\/\\\/discos-redondos.es\\\/\",\"name\":\"Discos Redondos\",\"description\":\"Tu tienda de discos en Barcelona\",\"publisher\":{\"@id\":\"https:\\\/\\\/discos-redondos.es\\\/#organization\"},\"alternateName\":\"Discos Redondos\",\"potentialAction\":[{\"@type\":\"SearchAction\",\"target\":{\"@type\":\"EntryPoint\",\"urlTemplate\":\"https:\\\/\\\/discos-redondos.es\\\/?s={search_term_string}\"},\"query-input\":{\"@type\":\"PropertyValueSpecification\",\"valueRequired\":true,\"valueName\":\"search_term_string\"}}],\"inLanguage\":\"ca\"},{\"@type\":\"Organization\",\"@id\":\"https:\\\/\\\/discos-redondos.es\\\/#organization\",\"name\":\"Discos Redondos\",\"url\":\"https:\\\/\\\/discos-redondos.es\\\/\",\"logo\":{\"@type\":\"ImageObject\",\"inLanguage\":\"ca\",\"@id\":\"https:\\\/\\\/discos-redondos.es\\\/#\\\/schema\\\/logo\\\/image\\\/\",\"url\":\"https:\\\/\\\/discos-redondos.es\\\/wp-content\\\/uploads\\\/2023\\\/04\\\/aaff-logo-raval-1-1.jpg\",\"contentUrl\":\"https:\\\/\\\/discos-redondos.es\\\/wp-content\\\/uploads\\\/2023\\\/04\\\/aaff-logo-raval-1-1.jpg\",\"width\":2362,\"height\":1441,\"caption\":\"Discos Redondos\"},\"image\":{\"@id\":\"https:\\\/\\\/discos-redondos.es\\\/#\\\/schema\\\/logo\\\/image\\\/\"},\"sameAs\":[\"https:\\\/\\\/www.facebook.com\\\/discosredondos45\",\"https:\\\/\\\/www.instagram.com\\\/discos.redondos33\\\/?hl=es\",\"https:\\\/\\\/discos-redondos.bandcamp.com\\\/\"]}]}<\/script>\n<!-- \/ Yoast SEO plugin. -->","yoast_head_json":{"title":"Weather Report \u2013 Heavy Weather - DISCOS REDONDOS","description":"Weather Report \u2013 Heavy Weather - Music On Vinyl, Columbia \u2013 MOVLP423, 8718469530014LP en vinilo de 180 gramos prensado en la Uni\u00f3n Europea","robots":{"index":"index","follow":"follow","max-snippet":"max-snippet:-1","max-image-preview":"max-image-preview:large","max-video-preview":"max-video-preview:-1"},"canonical":"https:\/\/discos-redondos.es\/ca\/producte\/weather-report-heavy-weather\/","og_locale":"ca_ES","og_type":"article","og_title":"Weather Report \u2013 Heavy Weather - DISCOS REDONDOS","og_description":"Weather Report \u2013 Heavy Weather - Music On Vinyl, Columbia \u2013 MOVLP423, 8718469530014LP en vinilo de 180 gramos prensado en la Uni\u00f3n Europea","og_url":"https:\/\/discos-redondos.es\/ca\/producte\/weather-report-heavy-weather\/","og_site_name":"DISCOS REDONDOS","article_publisher":"https:\/\/www.facebook.com\/discosredondos45","article_modified_time":"2026-03-14T13:06:39+00:00","og_image":[{"width":401,"height":400,"url":"https:\/\/discos-redondos.es\/wp-content\/uploads\/2023\/06\/Weather-Report-\u2013-Heavy-Weather.jpg","type":"image\/jpeg"}],"twitter_card":"summary_large_image","twitter_misc":{"Temps estimat de lectura":"2 minuts"},"schema":{"@context":"https:\/\/schema.org","@graph":[{"@type":"WebPage","@id":"https:\/\/discos-redondos.es\/producto\/weather-report-heavy-weather","url":"https:\/\/discos-redondos.es\/producto\/weather-report-heavy-weather","name":"Weather Report \u2013 Heavy Weather - DISCOS REDONDOS","isPartOf":{"@id":"https:\/\/discos-redondos.es\/#website"},"primaryImageOfPage":{"@id":"https:\/\/discos-redondos.es\/producto\/weather-report-heavy-weather#primaryimage"},"image":{"@id":"https:\/\/discos-redondos.es\/producto\/weather-report-heavy-weather#primaryimage"},"thumbnailUrl":"https:\/\/discos-redondos.es\/wp-content\/uploads\/2023\/06\/Weather-Report-\u2013-Heavy-Weather.jpg","datePublished":"2023-06-09T16:56:35+00:00","dateModified":"2026-03-14T13:06:39+00:00","description":"Weather Report \u2013 Heavy Weather - Music On Vinyl, Columbia \u2013 MOVLP423, 8718469530014LP en vinilo de 180 gramos prensado en la Uni\u00f3n Europea","breadcrumb":{"@id":"https:\/\/discos-redondos.es\/producto\/weather-report-heavy-weather#breadcrumb"},"inLanguage":"ca","potentialAction":[{"@type":"ReadAction","target":["https:\/\/discos-redondos.es\/producto\/weather-report-heavy-weather"]}]},{"@type":"ImageObject","inLanguage":"ca","@id":"https:\/\/discos-redondos.es\/producto\/weather-report-heavy-weather#primaryimage","url":"https:\/\/discos-redondos.es\/wp-content\/uploads\/2023\/06\/Weather-Report-\u2013-Heavy-Weather.jpg","contentUrl":"https:\/\/discos-redondos.es\/wp-content\/uploads\/2023\/06\/Weather-Report-\u2013-Heavy-Weather.jpg","width":401,"height":400},{"@type":"BreadcrumbList","@id":"https:\/\/discos-redondos.es\/producto\/weather-report-heavy-weather#breadcrumb","itemListElement":[{"@type":"ListItem","position":1,"name":"Portada","item":"https:\/\/discos-redondos.es\/"},{"@type":"ListItem","position":2,"name":"Tienda","item":"https:\/\/discos-redondos.es\/?page_id=487"},{"@type":"ListItem","position":3,"name":"Weather Report \u2013 Heavy Weather"}]},{"@type":"WebSite","@id":"https:\/\/discos-redondos.es\/#website","url":"https:\/\/discos-redondos.es\/","name":"Discos Redondos","description":"La teva botiga de discos a Barcelona","publisher":{"@id":"https:\/\/discos-redondos.es\/#organization"},"alternateName":"Discos Redondos","potentialAction":[{"@type":"SearchAction","target":{"@type":"EntryPoint","urlTemplate":"https:\/\/discos-redondos.es\/?s={search_term_string}"},"query-input":{"@type":"PropertyValueSpecification","valueRequired":true,"valueName":"search_term_string"}}],"inLanguage":"ca"},{"@type":"Organization","@id":"https:\/\/discos-redondos.es\/#organization","name":"Discos Redondos","url":"https:\/\/discos-redondos.es\/","logo":{"@type":"ImageObject","inLanguage":"ca","@id":"https:\/\/discos-redondos.es\/#\/schema\/logo\/image\/","url":"https:\/\/discos-redondos.es\/wp-content\/uploads\/2023\/04\/aaff-logo-raval-1-1.jpg","contentUrl":"https:\/\/discos-redondos.es\/wp-content\/uploads\/2023\/04\/aaff-logo-raval-1-1.jpg","width":2362,"height":1441,"caption":"Discos Redondos"},"image":{"@id":"https:\/\/discos-redondos.es\/#\/schema\/logo\/image\/"},"sameAs":["https:\/\/www.facebook.com\/discosredondos45","https:\/\/www.instagram.com\/discos.redondos33\/?hl=es","https:\/\/discos-redondos.bandcamp.com\/"]}]}},"jetpack_sharing_enabled":true,"_links":{"self":[{"href":"https:\/\/discos-redondos.es\/ca\/wp-json\/wp\/v2\/product\/5647","targetHints":{"allow":["GET"]}}],"collection":[{"href":"https:\/\/discos-redondos.es\/ca\/wp-json\/wp\/v2\/product"}],"about":[{"href":"https:\/\/discos-redondos.es\/ca\/wp-json\/wp\/v2\/types\/product"}],"wp:featuredmedia":[{"embeddable":true,"href":"https:\/\/discos-redondos.es\/ca\/wp-json\/wp\/v2\/media\/5648"}],"wp:attachment":[{"href":"https:\/\/discos-redondos.es\/ca\/wp-json\/wp\/v2\/media?parent=5647"}],"wp:term":[{"taxonomy":"product_brand","embeddable":true,"href":"https:\/\/discos-redondos.es\/ca\/wp-json\/wp\/v2\/product_brand?post=5647"},{"taxonomy":"product_cat","embeddable":true,"href":"https:\/\/discos-redondos.es\/ca\/wp-json\/wp\/v2\/product_cat?post=5647"},{"taxonomy":"product_tag","embeddable":true,"href":"https:\/\/discos-redondos.es\/ca\/wp-json\/wp\/v2\/product_tag?post=5647"}],"curies":[{"name":"wp","href":"https:\/\/api.w.org\/{rel}","templated":true}]}}