{"id":5658,"date":"2023-06-13T17:38:08","date_gmt":"2023-06-13T17:38:08","guid":{"rendered":"https:\/\/discos-redondos.es\/?post_type=product&#038;p=5658"},"modified":"2025-01-13T16:10:42","modified_gmt":"2025-01-13T16:10:42","slug":"cecile-mclorin-salvant-melusine","status":"publish","type":"product","link":"https:\/\/discos-redondos.es\/ca\/producte\/cecile-mclorin-salvant-melusine","title":{"rendered":"C\u00e9cile McLorin Salvant \u2013 M\u00e9lusine"},"content":{"rendered":"<p><strong>C\u00e9cile McLorin Salvant \u2013 M\u00e9lusine<\/strong><\/p>\n<p><strong>Tracklist<\/strong><\/p>\n<table class=\"tracklist_3QGRS\">\n<tbody>\n<tr data-track-position=\"A1\">\n<td class=\"trackPos_2RCje\">A1<\/td>\n<td class=\"artist_3zAQD\"><\/td>\n<td class=\"trackTitle_CTKp4\"><span class=\"trackTitle_CTKp4\">Est-Ce Ainsi Que Les Hommes Vivent ?<\/span><\/td>\n<td class=\"duration_2t4qr\">5:27<\/td>\n<\/tr>\n<tr data-track-position=\"A2\">\n<td class=\"trackPos_2RCje\">A2<\/td>\n<td class=\"artist_3zAQD\"><\/td>\n<td class=\"trackTitle_CTKp4\"><span class=\"trackTitle_CTKp4\">La Route Enchant\u00e9e<\/span><\/td>\n<td class=\"duration_2t4qr\">5:58<\/td>\n<\/tr>\n<tr data-track-position=\"A3\">\n<td class=\"trackPos_2RCje\">A3<\/td>\n<td class=\"artist_3zAQD\"><\/td>\n<td class=\"trackTitle_CTKp4\"><span class=\"trackTitle_CTKp4\">Il M&#8217;a Vue Nue<\/span><\/td>\n<td class=\"duration_2t4qr\">2:48<\/td>\n<\/tr>\n<tr data-track-position=\"A4\">\n<td class=\"trackPos_2RCje\">A4<\/td>\n<td class=\"artist_3zAQD\"><\/td>\n<td class=\"trackTitle_CTKp4\"><span class=\"trackTitle_CTKp4\">Dites Moi Que Je Suis Belle<\/span><\/td>\n<td class=\"duration_2t4qr\">2:41<\/td>\n<\/tr>\n<tr data-track-position=\"A5\">\n<td class=\"trackPos_2RCje\">A5<\/td>\n<td class=\"artist_3zAQD\"><\/td>\n<td class=\"trackTitle_CTKp4\"><span class=\"trackTitle_CTKp4\">Doudou<\/span><\/td>\n<td class=\"duration_2t4qr\">5:34<\/td>\n<\/tr>\n<tr data-track-position=\"B1\">\n<td class=\"trackPos_2RCje\">B1<\/td>\n<td class=\"artist_3zAQD\"><\/td>\n<td class=\"trackTitle_CTKp4\"><span class=\"trackTitle_CTKp4\">Petite Musique Terrienne<\/span><\/td>\n<td class=\"duration_2t4qr\">2:21<\/td>\n<\/tr>\n<tr data-track-position=\"B2\">\n<td class=\"trackPos_2RCje\">B2<\/td>\n<td class=\"artist_3zAQD\"><\/td>\n<td class=\"trackTitle_CTKp4\"><span class=\"trackTitle_CTKp4\">Aida<\/span><\/td>\n<td class=\"duration_2t4qr\">1:04<\/td>\n<\/tr>\n<tr data-track-position=\"B3\">\n<td class=\"trackPos_2RCje\">B3<\/td>\n<td class=\"artist_3zAQD\"><\/td>\n<td class=\"trackTitle_CTKp4\"><span class=\"trackTitle_CTKp4\">M\u00e9lusine<\/span><\/td>\n<td class=\"duration_2t4qr\">3:14<\/td>\n<\/tr>\n<tr data-track-position=\"B4\">\n<td class=\"trackPos_2RCje\">B4<\/td>\n<td class=\"artist_3zAQD\"><\/td>\n<td class=\"trackTitle_CTKp4\"><span class=\"trackTitle_CTKp4\">Wedo<\/span><\/td>\n<td class=\"duration_2t4qr\">0:58<\/td>\n<\/tr>\n<tr data-track-position=\"B5\">\n<td class=\"trackPos_2RCje\">B5<\/td>\n<td class=\"artist_3zAQD\"><\/td>\n<td class=\"trackTitle_CTKp4\"><span class=\"trackTitle_CTKp4\">D&#8217;un Feu Secret<\/span><\/td>\n<td class=\"duration_2t4qr\">3:45<\/td>\n<\/tr>\n<tr data-track-position=\"B6\">\n<td class=\"trackPos_2RCje\">B6<\/td>\n<td class=\"artist_3zAQD\"><\/td>\n<td class=\"trackTitle_CTKp4\"><span class=\"trackTitle_CTKp4\">Le Temps Est Assassin<\/span><\/td>\n<td class=\"duration_2t4qr\">3:50<\/td>\n<\/tr>\n<tr data-track-position=\"B7\">\n<td class=\"trackPos_2RCje\">B7<\/td>\n<td class=\"artist_3zAQD\"><\/td>\n<td class=\"trackTitle_CTKp4\"><span class=\"trackTitle_CTKp4\">Fenestra<\/span><\/td>\n<td class=\"duration_2t4qr\">5:18<\/td>\n<\/tr>\n<tr data-track-position=\"B8\">\n<td class=\"trackPos_2RCje\">B8<\/td>\n<td class=\"artist_3zAQD\"><\/td>\n<td class=\"trackTitle_CTKp4\"><span class=\"trackTitle_CTKp4\">Domna N&#8217;almucs<\/span><\/td>\n<td class=\"duration_2t4qr\">0:44<\/td>\n<\/tr>\n<tr data-track-position=\"B9\">\n<td class=\"trackPos_2RCje\">B9<\/td>\n<td class=\"artist_3zAQD\"><\/td>\n<td class=\"trackTitle_CTKp4\"><span class=\"trackTitle_CTKp4\">Dame Iseut<\/span><\/td>\n<td class=\"duration_2t4qr\">1:33<\/td>\n<\/tr>\n<\/tbody>\n<\/table>\n<p>&nbsp;<\/p>\n<p><iframe loading=\"lazy\" title=\"Est-ce ainsi que les hommes vivent ?\" width=\"832\" height=\"624\" src=\"https:\/\/www.youtube.com\/embed\/4nVMrqCY7UM?feature=oembed\" frameborder=\"0\" allow=\"accelerometer; autoplay; clipboard-write; encrypted-media; gyroscope; picture-in-picture; web-share\" referrerpolicy=\"strict-origin-when-cross-origin\" allowfullscreen><\/iframe><\/p>\n<p><strong>C\u00e9cile McLorin Salvant \u2013 M\u00e9lusine:<\/strong><\/p>\n<p>C\u00e9cile McLorin Salvant (nacida el 28 de agosto de 1989) es una vocalista de jazz estadounidense. Fue ganadora del primer premio en el Concurso Internacional de Jazz Thelonious Monk en 2010, lanzando su primer \u00e1lbum, C\u00e9cile, poco despu\u00e9s. Su segundo \u00e1lbum, WomanChild, fue lanzado en 2013 en Mack Avenue Records, recibiendo una nominaci\u00f3n al Premio Grammy 2014 por Mejor \u00c1lbum Vocal de Jazz. Salvant gan\u00f3 cuatro categor\u00edas en la Encuesta de cr\u00edticos de DownBeat de 2014: \u00c1lbum de jazz del a\u00f1o, Vocalista femenina, Estrella en ascenso\u2013Artista de jazz y Estrella en ascenso\u2013Vocalista femenina. Su tercer \u00e1lbum, For One to Love, fue lanzado el 5 de septiembre de 2015 y fue aclamado por la cr\u00edtica en The New York Times, The Guardian y Los Angeles Times. Le vali\u00f3 el premio Grammy al Mejor \u00c1lbum Vocal de Jazz en 2016.<\/p>\n<p>Naci\u00f3 en Miami, Florida. Su padre, que es haitiano, es m\u00e9dico y su madre, que es francesa, es la fundadora y presidenta de una escuela de inmersi\u00f3n ling\u00fc\u00edstica en franc\u00e9s en Miami. Salvant comenz\u00f3 sus estudios de piano cl\u00e1sico a la edad de cinco a\u00f1os y comenz\u00f3 a cantar en la Miami Choral Society cuando ten\u00eda ocho. Posteriormente desarroll\u00f3 un inter\u00e9s por el canto cl\u00e1sico y comenz\u00f3 a estudiar con instructores privados, y m\u00e1s tarde con Edward Walker, profesor de canto en la Universidad de Miami. Dijo en 2015: \u00abTuve la suerte de crecer en una casa donde escuch\u00e1bamos todo tipo de m\u00fasica. Escuch\u00e1bamos m\u00fasica haitiana, hip hop, soul, jazz cl\u00e1sico, gospel y m\u00fasica cubana. Cuando tienes acceso a todo eso en la ni\u00f1ez, abre tu mundo\u00bb.<\/p>\n<p>En 2007, Salvant se mud\u00f3 a Aix-en-Provence, Francia, para estudiar derecho y canto cl\u00e1sico y barroco en el Conservatorio Darius Milhaud. Fue en Aix-en-Provence, con el profesor Jean-Fran\u00e7ois Bonnel, donde estudi\u00f3 improvisaci\u00f3n, repertorio instrumental y vocal, y cant\u00f3 con su primera banda.<\/p>","protected":false},"excerpt":{"rendered":"<p>Nonesuch \u2013 07559790369<\/p>\n<p>LP prensado en Alemania en 2023<\/p>","protected":false},"featured_media":5659,"template":"","meta":[],"product_brand":[],"product_cat":[85],"product_tag":[],"class_list":{"0":"post-5658","1":"product","2":"type-product","3":"status-publish","4":"has-post-thumbnail","6":"product_cat-jazz-contemporaneo","8":"first","9":"instock","10":"taxable","11":"shipping-taxable","12":"purchasable","13":"product-type-simple"},"yoast_head":"<!-- This site is optimized with the Yoast SEO plugin v27.3 - https:\/\/yoast.com\/product\/yoast-seo-wordpress\/ -->\n<title>C\u00e9cile McLorin Salvant \u2013 M\u00e9lusine - DISCOS REDONDOS<\/title>\n<meta name=\"description\" content=\"C\u00e9cile McLorin Salvant \u2013 M\u00e9lusine - Nonesuch \u2013 EAN 07559790369 LP con carpeta sencilla prensado en Alemania en 2023 - Matrix 38671 1A\/B 075597906394\" \/>\n<meta name=\"robots\" content=\"index, follow, max-snippet:-1, max-image-preview:large, max-video-preview:-1\" \/>\n<link rel=\"canonical\" href=\"https:\/\/discos-redondos.es\/ca\/producte\/cecile-mclorin-salvant-melusine\/\" \/>\n<meta property=\"og:locale\" content=\"ca_ES\" \/>\n<meta property=\"og:type\" content=\"article\" \/>\n<meta property=\"og:title\" content=\"C\u00e9cile McLorin Salvant \u2013 M\u00e9lusine - DISCOS REDONDOS\" \/>\n<meta property=\"og:description\" content=\"C\u00e9cile McLorin Salvant \u2013 M\u00e9lusine - Nonesuch \u2013 EAN 07559790369 LP con carpeta sencilla prensado en Alemania en 2023 - Matrix 38671 1A\/B 075597906394\" \/>\n<meta property=\"og:url\" content=\"https:\/\/discos-redondos.es\/ca\/producte\/cecile-mclorin-salvant-melusine\/\" \/>\n<meta property=\"og:site_name\" content=\"DISCOS REDONDOS\" \/>\n<meta property=\"article:publisher\" content=\"https:\/\/www.facebook.com\/discosredondos45\" \/>\n<meta property=\"article:modified_time\" content=\"2025-01-13T16:10:42+00:00\" \/>\n<meta property=\"og:image\" content=\"https:\/\/discos-redondos.es\/wp-content\/uploads\/2023\/06\/Cecile-McLorin-Salvant-\u2013-Melusine.jpg\" \/>\n\t<meta property=\"og:image:width\" content=\"599\" \/>\n\t<meta property=\"og:image:height\" content=\"591\" \/>\n\t<meta property=\"og:image:type\" content=\"image\/jpeg\" \/>\n<meta name=\"twitter:card\" content=\"summary_large_image\" \/>\n<meta name=\"twitter:label1\" content=\"Temps estimat de lectura\" \/>\n\t<meta name=\"twitter:data1\" content=\"2 minuts\" \/>\n<script type=\"application\/ld+json\" class=\"yoast-schema-graph\">{\"@context\":\"https:\\\/\\\/schema.org\",\"@graph\":[{\"@type\":\"WebPage\",\"@id\":\"https:\\\/\\\/discos-redondos.es\\\/producto\\\/cecile-mclorin-salvant-melusine\",\"url\":\"https:\\\/\\\/discos-redondos.es\\\/producto\\\/cecile-mclorin-salvant-melusine\",\"name\":\"C\u00e9cile McLorin Salvant \u2013 M\u00e9lusine - DISCOS REDONDOS\",\"isPartOf\":{\"@id\":\"https:\\\/\\\/discos-redondos.es\\\/#website\"},\"primaryImageOfPage\":{\"@id\":\"https:\\\/\\\/discos-redondos.es\\\/producto\\\/cecile-mclorin-salvant-melusine#primaryimage\"},\"image\":{\"@id\":\"https:\\\/\\\/discos-redondos.es\\\/producto\\\/cecile-mclorin-salvant-melusine#primaryimage\"},\"thumbnailUrl\":\"https:\\\/\\\/discos-redondos.es\\\/wp-content\\\/uploads\\\/2023\\\/06\\\/Cecile-McLorin-Salvant-\u2013-Melusine.jpg\",\"datePublished\":\"2023-06-13T17:38:08+00:00\",\"dateModified\":\"2025-01-13T16:10:42+00:00\",\"description\":\"C\u00e9cile McLorin Salvant \u2013 M\u00e9lusine - Nonesuch \u2013 EAN 07559790369 LP con carpeta sencilla prensado en Alemania en 2023 - Matrix 38671 1A\\\/B 075597906394\",\"breadcrumb\":{\"@id\":\"https:\\\/\\\/discos-redondos.es\\\/producto\\\/cecile-mclorin-salvant-melusine#breadcrumb\"},\"inLanguage\":\"ca\",\"potentialAction\":[{\"@type\":\"ReadAction\",\"target\":[\"https:\\\/\\\/discos-redondos.es\\\/producto\\\/cecile-mclorin-salvant-melusine\"]}]},{\"@type\":\"ImageObject\",\"inLanguage\":\"ca\",\"@id\":\"https:\\\/\\\/discos-redondos.es\\\/producto\\\/cecile-mclorin-salvant-melusine#primaryimage\",\"url\":\"https:\\\/\\\/discos-redondos.es\\\/wp-content\\\/uploads\\\/2023\\\/06\\\/Cecile-McLorin-Salvant-\u2013-Melusine.jpg\",\"contentUrl\":\"https:\\\/\\\/discos-redondos.es\\\/wp-content\\\/uploads\\\/2023\\\/06\\\/Cecile-McLorin-Salvant-\u2013-Melusine.jpg\",\"width\":599,\"height\":591,\"caption\":\"C\u00e9cile McLorin Salvant \u2013 M\u00e9lusine\"},{\"@type\":\"BreadcrumbList\",\"@id\":\"https:\\\/\\\/discos-redondos.es\\\/producto\\\/cecile-mclorin-salvant-melusine#breadcrumb\",\"itemListElement\":[{\"@type\":\"ListItem\",\"position\":1,\"name\":\"Portada\",\"item\":\"https:\\\/\\\/discos-redondos.es\\\/\"},{\"@type\":\"ListItem\",\"position\":2,\"name\":\"Tienda\",\"item\":\"https:\\\/\\\/discos-redondos.es\\\/?page_id=487\"},{\"@type\":\"ListItem\",\"position\":3,\"name\":\"C\u00e9cile McLorin Salvant \u2013 M\u00e9lusine\"}]},{\"@type\":\"WebSite\",\"@id\":\"https:\\\/\\\/discos-redondos.es\\\/#website\",\"url\":\"https:\\\/\\\/discos-redondos.es\\\/\",\"name\":\"Discos Redondos\",\"description\":\"Tu tienda de discos en Barcelona\",\"publisher\":{\"@id\":\"https:\\\/\\\/discos-redondos.es\\\/#organization\"},\"alternateName\":\"Discos Redondos\",\"potentialAction\":[{\"@type\":\"SearchAction\",\"target\":{\"@type\":\"EntryPoint\",\"urlTemplate\":\"https:\\\/\\\/discos-redondos.es\\\/?s={search_term_string}\"},\"query-input\":{\"@type\":\"PropertyValueSpecification\",\"valueRequired\":true,\"valueName\":\"search_term_string\"}}],\"inLanguage\":\"ca\"},{\"@type\":\"Organization\",\"@id\":\"https:\\\/\\\/discos-redondos.es\\\/#organization\",\"name\":\"Discos Redondos\",\"url\":\"https:\\\/\\\/discos-redondos.es\\\/\",\"logo\":{\"@type\":\"ImageObject\",\"inLanguage\":\"ca\",\"@id\":\"https:\\\/\\\/discos-redondos.es\\\/#\\\/schema\\\/logo\\\/image\\\/\",\"url\":\"https:\\\/\\\/discos-redondos.es\\\/wp-content\\\/uploads\\\/2023\\\/04\\\/aaff-logo-raval-1-1.jpg\",\"contentUrl\":\"https:\\\/\\\/discos-redondos.es\\\/wp-content\\\/uploads\\\/2023\\\/04\\\/aaff-logo-raval-1-1.jpg\",\"width\":2362,\"height\":1441,\"caption\":\"Discos Redondos\"},\"image\":{\"@id\":\"https:\\\/\\\/discos-redondos.es\\\/#\\\/schema\\\/logo\\\/image\\\/\"},\"sameAs\":[\"https:\\\/\\\/www.facebook.com\\\/discosredondos45\",\"https:\\\/\\\/www.instagram.com\\\/discos.redondos33\\\/?hl=es\",\"https:\\\/\\\/discos-redondos.bandcamp.com\\\/\"]}]}<\/script>\n<!-- \/ Yoast SEO plugin. -->","yoast_head_json":{"title":"C\u00e9cile McLorin Salvant \u2013 M\u00e9lusine - DISCOS REDONDOS","description":"C\u00e9cile McLorin Salvant \u2013 M\u00e9lusine - Nonesuch \u2013 EAN 07559790369 LP con carpeta sencilla prensado en Alemania en 2023 - Matrix 38671 1A\/B 075597906394","robots":{"index":"index","follow":"follow","max-snippet":"max-snippet:-1","max-image-preview":"max-image-preview:large","max-video-preview":"max-video-preview:-1"},"canonical":"https:\/\/discos-redondos.es\/ca\/producte\/cecile-mclorin-salvant-melusine\/","og_locale":"ca_ES","og_type":"article","og_title":"C\u00e9cile McLorin Salvant \u2013 M\u00e9lusine - DISCOS REDONDOS","og_description":"C\u00e9cile McLorin Salvant \u2013 M\u00e9lusine - Nonesuch \u2013 EAN 07559790369 LP con carpeta sencilla prensado en Alemania en 2023 - Matrix 38671 1A\/B 075597906394","og_url":"https:\/\/discos-redondos.es\/ca\/producte\/cecile-mclorin-salvant-melusine\/","og_site_name":"DISCOS REDONDOS","article_publisher":"https:\/\/www.facebook.com\/discosredondos45","article_modified_time":"2025-01-13T16:10:42+00:00","og_image":[{"width":599,"height":591,"url":"https:\/\/discos-redondos.es\/wp-content\/uploads\/2023\/06\/Cecile-McLorin-Salvant-\u2013-Melusine.jpg","type":"image\/jpeg"}],"twitter_card":"summary_large_image","twitter_misc":{"Temps estimat de lectura":"2 minuts"},"schema":{"@context":"https:\/\/schema.org","@graph":[{"@type":"WebPage","@id":"https:\/\/discos-redondos.es\/producto\/cecile-mclorin-salvant-melusine","url":"https:\/\/discos-redondos.es\/producto\/cecile-mclorin-salvant-melusine","name":"C\u00e9cile McLorin Salvant \u2013 M\u00e9lusine - DISCOS REDONDOS","isPartOf":{"@id":"https:\/\/discos-redondos.es\/#website"},"primaryImageOfPage":{"@id":"https:\/\/discos-redondos.es\/producto\/cecile-mclorin-salvant-melusine#primaryimage"},"image":{"@id":"https:\/\/discos-redondos.es\/producto\/cecile-mclorin-salvant-melusine#primaryimage"},"thumbnailUrl":"https:\/\/discos-redondos.es\/wp-content\/uploads\/2023\/06\/Cecile-McLorin-Salvant-\u2013-Melusine.jpg","datePublished":"2023-06-13T17:38:08+00:00","dateModified":"2025-01-13T16:10:42+00:00","description":"C\u00e9cile McLorin Salvant \u2013 M\u00e9lusine - Nonesuch \u2013 EAN 07559790369 LP con carpeta sencilla prensado en Alemania en 2023 - Matrix 38671 1A\/B 075597906394","breadcrumb":{"@id":"https:\/\/discos-redondos.es\/producto\/cecile-mclorin-salvant-melusine#breadcrumb"},"inLanguage":"ca","potentialAction":[{"@type":"ReadAction","target":["https:\/\/discos-redondos.es\/producto\/cecile-mclorin-salvant-melusine"]}]},{"@type":"ImageObject","inLanguage":"ca","@id":"https:\/\/discos-redondos.es\/producto\/cecile-mclorin-salvant-melusine#primaryimage","url":"https:\/\/discos-redondos.es\/wp-content\/uploads\/2023\/06\/Cecile-McLorin-Salvant-\u2013-Melusine.jpg","contentUrl":"https:\/\/discos-redondos.es\/wp-content\/uploads\/2023\/06\/Cecile-McLorin-Salvant-\u2013-Melusine.jpg","width":599,"height":591,"caption":"C\u00e9cile McLorin Salvant \u2013 M\u00e9lusine"},{"@type":"BreadcrumbList","@id":"https:\/\/discos-redondos.es\/producto\/cecile-mclorin-salvant-melusine#breadcrumb","itemListElement":[{"@type":"ListItem","position":1,"name":"Portada","item":"https:\/\/discos-redondos.es\/"},{"@type":"ListItem","position":2,"name":"Tienda","item":"https:\/\/discos-redondos.es\/?page_id=487"},{"@type":"ListItem","position":3,"name":"C\u00e9cile McLorin Salvant \u2013 M\u00e9lusine"}]},{"@type":"WebSite","@id":"https:\/\/discos-redondos.es\/#website","url":"https:\/\/discos-redondos.es\/","name":"Discos Redondos","description":"La teva botiga de discos a Barcelona","publisher":{"@id":"https:\/\/discos-redondos.es\/#organization"},"alternateName":"Discos Redondos","potentialAction":[{"@type":"SearchAction","target":{"@type":"EntryPoint","urlTemplate":"https:\/\/discos-redondos.es\/?s={search_term_string}"},"query-input":{"@type":"PropertyValueSpecification","valueRequired":true,"valueName":"search_term_string"}}],"inLanguage":"ca"},{"@type":"Organization","@id":"https:\/\/discos-redondos.es\/#organization","name":"Discos Redondos","url":"https:\/\/discos-redondos.es\/","logo":{"@type":"ImageObject","inLanguage":"ca","@id":"https:\/\/discos-redondos.es\/#\/schema\/logo\/image\/","url":"https:\/\/discos-redondos.es\/wp-content\/uploads\/2023\/04\/aaff-logo-raval-1-1.jpg","contentUrl":"https:\/\/discos-redondos.es\/wp-content\/uploads\/2023\/04\/aaff-logo-raval-1-1.jpg","width":2362,"height":1441,"caption":"Discos Redondos"},"image":{"@id":"https:\/\/discos-redondos.es\/#\/schema\/logo\/image\/"},"sameAs":["https:\/\/www.facebook.com\/discosredondos45","https:\/\/www.instagram.com\/discos.redondos33\/?hl=es","https:\/\/discos-redondos.bandcamp.com\/"]}]}},"jetpack_sharing_enabled":true,"_links":{"self":[{"href":"https:\/\/discos-redondos.es\/ca\/wp-json\/wp\/v2\/product\/5658","targetHints":{"allow":["GET"]}}],"collection":[{"href":"https:\/\/discos-redondos.es\/ca\/wp-json\/wp\/v2\/product"}],"about":[{"href":"https:\/\/discos-redondos.es\/ca\/wp-json\/wp\/v2\/types\/product"}],"wp:featuredmedia":[{"embeddable":true,"href":"https:\/\/discos-redondos.es\/ca\/wp-json\/wp\/v2\/media\/5659"}],"wp:attachment":[{"href":"https:\/\/discos-redondos.es\/ca\/wp-json\/wp\/v2\/media?parent=5658"}],"wp:term":[{"taxonomy":"product_brand","embeddable":true,"href":"https:\/\/discos-redondos.es\/ca\/wp-json\/wp\/v2\/product_brand?post=5658"},{"taxonomy":"product_cat","embeddable":true,"href":"https:\/\/discos-redondos.es\/ca\/wp-json\/wp\/v2\/product_cat?post=5658"},{"taxonomy":"product_tag","embeddable":true,"href":"https:\/\/discos-redondos.es\/ca\/wp-json\/wp\/v2\/product_tag?post=5658"}],"curies":[{"name":"wp","href":"https:\/\/api.w.org\/{rel}","templated":true}]}}