{"id":5662,"date":"2023-06-13T18:02:53","date_gmt":"2023-06-13T18:02:53","guid":{"rendered":"https:\/\/discos-redondos.es\/?post_type=product&#038;p=5662"},"modified":"2026-03-14T13:04:25","modified_gmt":"2026-03-14T13:04:25","slug":"return-to-forever-romantic-warrior","status":"publish","type":"product","link":"https:\/\/discos-redondos.es\/ca\/producte\/return-to-forever-romantic-warrior","title":{"rendered":"Return To Forever \u2013 Romantic Warrior"},"content":{"rendered":"<p><strong>Return To Forever \u2013 Romantic Warrior<\/strong><\/p>\n<p><strong>Tracklist<\/strong><\/p>\n<table class=\"tracklist_3QGRS\">\n<tbody>\n<tr data-track-position=\"A1\">\n<td class=\"trackPos_2RCje\">A1<\/td>\n<td class=\"artist_3zAQD\"><\/td>\n<td class=\"trackTitle_CTKp4\"><span class=\"trackTitle_CTKp4\">Medieval Overture<\/span><\/td>\n<td class=\"duration_2t4qr\">5:14<\/td>\n<\/tr>\n<tr data-track-position=\"A2\">\n<td class=\"trackPos_2RCje\">A2<\/td>\n<td class=\"artist_3zAQD\"><\/td>\n<td class=\"trackTitle_CTKp4\"><span class=\"trackTitle_CTKp4\">Sorceress<\/span><\/td>\n<td class=\"duration_2t4qr\">7:33<\/td>\n<\/tr>\n<tr data-track-position=\"A3\">\n<td class=\"trackPos_2RCje\">A3<\/td>\n<td class=\"artist_3zAQD\"><\/td>\n<td class=\"trackTitle_CTKp4\"><span class=\"trackTitle_CTKp4\">The Romantic Warrior<\/span><\/td>\n<td class=\"duration_2t4qr\">10:48<\/td>\n<\/tr>\n<tr data-track-position=\"B1\">\n<td class=\"trackPos_2RCje\">B1<\/td>\n<td class=\"artist_3zAQD\"><\/td>\n<td class=\"trackTitle_CTKp4\"><span class=\"trackTitle_CTKp4\">Majestic Dance<\/span><\/td>\n<td class=\"duration_2t4qr\">5:00<\/td>\n<\/tr>\n<tr data-track-position=\"B2\">\n<td class=\"trackPos_2RCje\">B2<\/td>\n<td class=\"artist_3zAQD\"><\/td>\n<td class=\"trackTitle_CTKp4\"><span class=\"trackTitle_CTKp4\">The Magician<\/span><\/td>\n<td class=\"duration_2t4qr\">5:27<\/td>\n<\/tr>\n<tr data-track-position=\"B3\">\n<td class=\"trackPos_2RCje\">B3<\/td>\n<td class=\"artist_3zAQD\"><\/td>\n<td class=\"trackTitle_CTKp4\"><span class=\"trackTitle_CTKp4\">Duel Of The Jester And The Tyrant (Part I &amp; Part II)<\/span><\/td>\n<td class=\"duration_2t4qr\">11:25<\/td>\n<\/tr>\n<\/tbody>\n<\/table>\n<p>&nbsp;<\/p>\n<p>https:\/\/youtu.be\/hA7OGf2Laj4<\/p>\n<p><strong>Return To Forever \u2013 Romantic Warrior:<\/strong><\/p>\n<p>Romantic Warrior es el sexto \u00e1lbum de estudio de la banda estadounidense de jazz fusi\u00f3n Return to Forever, lanzado en 1976 por Columbia Records. Despu\u00e9s de lanzar su \u00e1lbum anterior, No Mystery (1975), el cuarto para Polydor Records, el grupo se mud\u00f3 a Columbia y se retir\u00f3 a Caribou Ranch cerca de Nederland, Colorado, para grabar el que ser\u00eda su pr\u00f3ximo \u00e1lbum. Tambi\u00e9n fue el primero en ser creditado \u00fanicamente como Return to Forever, eliminando la etiqueta \u00abcon Chick Corea\u00bb. El \u00e1lbum es m\u00e1s vanguardista y menos funky que No Mystery, y sigue siendo el \u00e1lbum m\u00e1s vendido de la banda con m\u00e1s de 500.000 copias vendidas en Estados Unidos.<\/p>\n<p>Chick Corea contribuy\u00f3 con las composiciones m\u00e1s largas, mientras que los dem\u00e1s miembros compusieron cada uno una pieza. La apertura, \u00abMedieval Overture\u00bb, con sus motivos mel\u00f3dicos distintivos, crea el ambiente para el resto del \u00e1lbum. \u00abSorceress\u00bb de Lenny White comienza con un riff funky y se distingue por los sintetizadores de Corea. El tema principal, \u00abThe Romantic Warrior\u00bb, es completamente ac\u00fastico. Tiene una introducci\u00f3n larga, a la que sigue un tema corto que consta de un riff. Cada miembro del grupo, excepto White, toca un solo largo. Sigue un outro extendido con patrones r\u00e1pidos al un\u00edsono.<\/p>\n<p>En la cara dos, el temade Al Di Meola, \u00abMajestic Dance\u00bb, se basa en riffs de rock y un sonido de guitarra principal distorsionado. \u00abThe Magician\u00bb de Clarke es una composici\u00f3n compleja, con melod\u00edas divertidas y l\u00edneas r\u00e1pidas al un\u00edsono. La \u00faltima pista del \u00e1lbum es \u00abDuel of the Jester and the Tyrant\u00bb de Corea, la m\u00e1s larga del \u00e1lbum. Tiene una melod\u00eda m\u00e1s convencional como tema principal, pero sigue el estilo de las pistas anteriores. Notable es el intenso solo de teclado de Corea.<\/p>\n<p>Despu\u00e9s de este \u00e1lbum, Corea decidi\u00f3 que el tiempo del grupo hab\u00eda llegado a su fin y continu\u00f3 con una nueva formaci\u00f3n de Return to Forever. Dedic\u00f3 el \u00e1lbum al fundador de la Iglesia de la Cienciolog\u00eda, L. Ron Hubbard.<\/p>","protected":false},"excerpt":{"rendered":"<p>Music On Vinyl \u2013 MOVLP436, 8713748982904<\/p>\n<p>LP en vinilo de 180 gramos editado en la Uni\u00f3n Europea<\/p>","protected":false},"featured_media":5663,"template":"","meta":[],"product_brand":[],"product_cat":[93],"product_tag":[],"class_list":{"0":"post-5662","1":"product","2":"type-product","3":"status-publish","4":"has-post-thumbnail","6":"product_cat-jazz-funk-jazz-fusion","8":"first","9":"outofstock","10":"taxable","11":"shipping-taxable","12":"purchasable","13":"product-type-simple"},"yoast_head":"<!-- This site is optimized with the Yoast SEO plugin v27.5 - https:\/\/yoast.com\/product\/yoast-seo-wordpress\/ -->\n<title>Return To Forever \u2013 Romantic Warrior - DISCOS REDONDOS<\/title>\n<meta name=\"description\" content=\"Return To Forever \u2013 Romantic Warrior - Music On Vinyl \u2013 MOVLP436, 8713748982904 LP en vinilo de 180 gramos editado en la Uni\u00f3n Europea\" \/>\n<meta name=\"robots\" content=\"index, follow, max-snippet:-1, max-image-preview:large, max-video-preview:-1\" \/>\n<link rel=\"canonical\" href=\"https:\/\/discos-redondos.es\/ca\/producte\/return-to-forever-romantic-warrior\/\" \/>\n<meta property=\"og:locale\" content=\"ca_ES\" \/>\n<meta property=\"og:type\" content=\"article\" \/>\n<meta property=\"og:title\" content=\"Return To Forever \u2013 Romantic Warrior - DISCOS REDONDOS\" \/>\n<meta property=\"og:description\" content=\"Return To Forever \u2013 Romantic Warrior - Music On Vinyl \u2013 MOVLP436, 8713748982904 LP en vinilo de 180 gramos editado en la Uni\u00f3n Europea\" \/>\n<meta property=\"og:url\" content=\"https:\/\/discos-redondos.es\/ca\/producte\/return-to-forever-romantic-warrior\/\" \/>\n<meta property=\"og:site_name\" content=\"DISCOS REDONDOS\" \/>\n<meta property=\"article:publisher\" content=\"https:\/\/www.facebook.com\/discosredondos45\" \/>\n<meta property=\"article:modified_time\" content=\"2026-03-14T13:04:25+00:00\" \/>\n<meta property=\"og:image\" content=\"https:\/\/discos-redondos.es\/wp-content\/uploads\/2023\/06\/Return-To-Forever-\u2013-Romantic-Warrior.jpg\" \/>\n\t<meta property=\"og:image:width\" content=\"599\" \/>\n\t<meta property=\"og:image:height\" content=\"598\" \/>\n\t<meta property=\"og:image:type\" content=\"image\/jpeg\" \/>\n<meta name=\"twitter:card\" content=\"summary_large_image\" \/>\n<meta name=\"twitter:label1\" content=\"Temps estimat de lectura\" \/>\n\t<meta name=\"twitter:data1\" content=\"2 minuts\" \/>\n<script type=\"application\/ld+json\" class=\"yoast-schema-graph\">{\"@context\":\"https:\\\/\\\/schema.org\",\"@graph\":[{\"@type\":\"WebPage\",\"@id\":\"https:\\\/\\\/discos-redondos.es\\\/producto\\\/return-to-forever-romantic-warrior\",\"url\":\"https:\\\/\\\/discos-redondos.es\\\/producto\\\/return-to-forever-romantic-warrior\",\"name\":\"Return To Forever \u2013 Romantic Warrior - DISCOS REDONDOS\",\"isPartOf\":{\"@id\":\"https:\\\/\\\/discos-redondos.es\\\/#website\"},\"primaryImageOfPage\":{\"@id\":\"https:\\\/\\\/discos-redondos.es\\\/producto\\\/return-to-forever-romantic-warrior#primaryimage\"},\"image\":{\"@id\":\"https:\\\/\\\/discos-redondos.es\\\/producto\\\/return-to-forever-romantic-warrior#primaryimage\"},\"thumbnailUrl\":\"https:\\\/\\\/discos-redondos.es\\\/wp-content\\\/uploads\\\/2023\\\/06\\\/Return-To-Forever-\u2013-Romantic-Warrior.jpg\",\"datePublished\":\"2023-06-13T18:02:53+00:00\",\"dateModified\":\"2026-03-14T13:04:25+00:00\",\"description\":\"Return To Forever \u2013 Romantic Warrior - Music On Vinyl \u2013 MOVLP436, 8713748982904 LP en vinilo de 180 gramos editado en la Uni\u00f3n Europea\",\"breadcrumb\":{\"@id\":\"https:\\\/\\\/discos-redondos.es\\\/producto\\\/return-to-forever-romantic-warrior#breadcrumb\"},\"inLanguage\":\"ca\",\"potentialAction\":[{\"@type\":\"ReadAction\",\"target\":[\"https:\\\/\\\/discos-redondos.es\\\/producto\\\/return-to-forever-romantic-warrior\"]}]},{\"@type\":\"ImageObject\",\"inLanguage\":\"ca\",\"@id\":\"https:\\\/\\\/discos-redondos.es\\\/producto\\\/return-to-forever-romantic-warrior#primaryimage\",\"url\":\"https:\\\/\\\/discos-redondos.es\\\/wp-content\\\/uploads\\\/2023\\\/06\\\/Return-To-Forever-\u2013-Romantic-Warrior.jpg\",\"contentUrl\":\"https:\\\/\\\/discos-redondos.es\\\/wp-content\\\/uploads\\\/2023\\\/06\\\/Return-To-Forever-\u2013-Romantic-Warrior.jpg\",\"width\":599,\"height\":598,\"caption\":\"Return To Forever \u2013 Romantic Warrior\"},{\"@type\":\"BreadcrumbList\",\"@id\":\"https:\\\/\\\/discos-redondos.es\\\/producto\\\/return-to-forever-romantic-warrior#breadcrumb\",\"itemListElement\":[{\"@type\":\"ListItem\",\"position\":1,\"name\":\"Portada\",\"item\":\"https:\\\/\\\/discos-redondos.es\\\/\"},{\"@type\":\"ListItem\",\"position\":2,\"name\":\"Tienda\",\"item\":\"https:\\\/\\\/discos-redondos.es\\\/?page_id=487\"},{\"@type\":\"ListItem\",\"position\":3,\"name\":\"Return To Forever \u2013 Romantic Warrior\"}]},{\"@type\":\"WebSite\",\"@id\":\"https:\\\/\\\/discos-redondos.es\\\/#website\",\"url\":\"https:\\\/\\\/discos-redondos.es\\\/\",\"name\":\"Discos Redondos\",\"description\":\"Tu tienda de discos en Barcelona\",\"publisher\":{\"@id\":\"https:\\\/\\\/discos-redondos.es\\\/#organization\"},\"alternateName\":\"Discos Redondos\",\"potentialAction\":[{\"@type\":\"SearchAction\",\"target\":{\"@type\":\"EntryPoint\",\"urlTemplate\":\"https:\\\/\\\/discos-redondos.es\\\/?s={search_term_string}\"},\"query-input\":{\"@type\":\"PropertyValueSpecification\",\"valueRequired\":true,\"valueName\":\"search_term_string\"}}],\"inLanguage\":\"ca\"},{\"@type\":\"Organization\",\"@id\":\"https:\\\/\\\/discos-redondos.es\\\/#organization\",\"name\":\"Discos Redondos\",\"url\":\"https:\\\/\\\/discos-redondos.es\\\/\",\"logo\":{\"@type\":\"ImageObject\",\"inLanguage\":\"ca\",\"@id\":\"https:\\\/\\\/discos-redondos.es\\\/#\\\/schema\\\/logo\\\/image\\\/\",\"url\":\"https:\\\/\\\/discos-redondos.es\\\/wp-content\\\/uploads\\\/2023\\\/04\\\/aaff-logo-raval-1-1.jpg\",\"contentUrl\":\"https:\\\/\\\/discos-redondos.es\\\/wp-content\\\/uploads\\\/2023\\\/04\\\/aaff-logo-raval-1-1.jpg\",\"width\":2362,\"height\":1441,\"caption\":\"Discos Redondos\"},\"image\":{\"@id\":\"https:\\\/\\\/discos-redondos.es\\\/#\\\/schema\\\/logo\\\/image\\\/\"},\"sameAs\":[\"https:\\\/\\\/www.facebook.com\\\/discosredondos45\",\"https:\\\/\\\/www.instagram.com\\\/discos.redondos33\\\/?hl=es\",\"https:\\\/\\\/discos-redondos.bandcamp.com\\\/\"]}]}<\/script>\n<!-- \/ Yoast SEO plugin. -->","yoast_head_json":{"title":"Return To Forever \u2013 Romantic Warrior - DISCOS REDONDOS","description":"Return To Forever \u2013 Romantic Warrior - Music On Vinyl \u2013 MOVLP436, 8713748982904 LP en vinilo de 180 gramos editado en la Uni\u00f3n Europea","robots":{"index":"index","follow":"follow","max-snippet":"max-snippet:-1","max-image-preview":"max-image-preview:large","max-video-preview":"max-video-preview:-1"},"canonical":"https:\/\/discos-redondos.es\/ca\/producte\/return-to-forever-romantic-warrior\/","og_locale":"ca_ES","og_type":"article","og_title":"Return To Forever \u2013 Romantic Warrior - DISCOS REDONDOS","og_description":"Return To Forever \u2013 Romantic Warrior - Music On Vinyl \u2013 MOVLP436, 8713748982904 LP en vinilo de 180 gramos editado en la Uni\u00f3n Europea","og_url":"https:\/\/discos-redondos.es\/ca\/producte\/return-to-forever-romantic-warrior\/","og_site_name":"DISCOS REDONDOS","article_publisher":"https:\/\/www.facebook.com\/discosredondos45","article_modified_time":"2026-03-14T13:04:25+00:00","og_image":[{"width":599,"height":598,"url":"https:\/\/discos-redondos.es\/wp-content\/uploads\/2023\/06\/Return-To-Forever-\u2013-Romantic-Warrior.jpg","type":"image\/jpeg"}],"twitter_card":"summary_large_image","twitter_misc":{"Temps estimat de lectura":"2 minuts"},"schema":{"@context":"https:\/\/schema.org","@graph":[{"@type":"WebPage","@id":"https:\/\/discos-redondos.es\/producto\/return-to-forever-romantic-warrior","url":"https:\/\/discos-redondos.es\/producto\/return-to-forever-romantic-warrior","name":"Return To Forever \u2013 Romantic Warrior - DISCOS REDONDOS","isPartOf":{"@id":"https:\/\/discos-redondos.es\/#website"},"primaryImageOfPage":{"@id":"https:\/\/discos-redondos.es\/producto\/return-to-forever-romantic-warrior#primaryimage"},"image":{"@id":"https:\/\/discos-redondos.es\/producto\/return-to-forever-romantic-warrior#primaryimage"},"thumbnailUrl":"https:\/\/discos-redondos.es\/wp-content\/uploads\/2023\/06\/Return-To-Forever-\u2013-Romantic-Warrior.jpg","datePublished":"2023-06-13T18:02:53+00:00","dateModified":"2026-03-14T13:04:25+00:00","description":"Return To Forever \u2013 Romantic Warrior - Music On Vinyl \u2013 MOVLP436, 8713748982904 LP en vinilo de 180 gramos editado en la Uni\u00f3n Europea","breadcrumb":{"@id":"https:\/\/discos-redondos.es\/producto\/return-to-forever-romantic-warrior#breadcrumb"},"inLanguage":"ca","potentialAction":[{"@type":"ReadAction","target":["https:\/\/discos-redondos.es\/producto\/return-to-forever-romantic-warrior"]}]},{"@type":"ImageObject","inLanguage":"ca","@id":"https:\/\/discos-redondos.es\/producto\/return-to-forever-romantic-warrior#primaryimage","url":"https:\/\/discos-redondos.es\/wp-content\/uploads\/2023\/06\/Return-To-Forever-\u2013-Romantic-Warrior.jpg","contentUrl":"https:\/\/discos-redondos.es\/wp-content\/uploads\/2023\/06\/Return-To-Forever-\u2013-Romantic-Warrior.jpg","width":599,"height":598,"caption":"Return To Forever \u2013 Romantic Warrior"},{"@type":"BreadcrumbList","@id":"https:\/\/discos-redondos.es\/producto\/return-to-forever-romantic-warrior#breadcrumb","itemListElement":[{"@type":"ListItem","position":1,"name":"Portada","item":"https:\/\/discos-redondos.es\/"},{"@type":"ListItem","position":2,"name":"Tienda","item":"https:\/\/discos-redondos.es\/?page_id=487"},{"@type":"ListItem","position":3,"name":"Return To Forever \u2013 Romantic Warrior"}]},{"@type":"WebSite","@id":"https:\/\/discos-redondos.es\/#website","url":"https:\/\/discos-redondos.es\/","name":"Discos Redondos","description":"La teva botiga de discos a Barcelona","publisher":{"@id":"https:\/\/discos-redondos.es\/#organization"},"alternateName":"Discos Redondos","potentialAction":[{"@type":"SearchAction","target":{"@type":"EntryPoint","urlTemplate":"https:\/\/discos-redondos.es\/?s={search_term_string}"},"query-input":{"@type":"PropertyValueSpecification","valueRequired":true,"valueName":"search_term_string"}}],"inLanguage":"ca"},{"@type":"Organization","@id":"https:\/\/discos-redondos.es\/#organization","name":"Discos Redondos","url":"https:\/\/discos-redondos.es\/","logo":{"@type":"ImageObject","inLanguage":"ca","@id":"https:\/\/discos-redondos.es\/#\/schema\/logo\/image\/","url":"https:\/\/discos-redondos.es\/wp-content\/uploads\/2023\/04\/aaff-logo-raval-1-1.jpg","contentUrl":"https:\/\/discos-redondos.es\/wp-content\/uploads\/2023\/04\/aaff-logo-raval-1-1.jpg","width":2362,"height":1441,"caption":"Discos Redondos"},"image":{"@id":"https:\/\/discos-redondos.es\/#\/schema\/logo\/image\/"},"sameAs":["https:\/\/www.facebook.com\/discosredondos45","https:\/\/www.instagram.com\/discos.redondos33\/?hl=es","https:\/\/discos-redondos.bandcamp.com\/"]}]}},"_links":{"self":[{"href":"https:\/\/discos-redondos.es\/ca\/wp-json\/wp\/v2\/product\/5662","targetHints":{"allow":["GET"]}}],"collection":[{"href":"https:\/\/discos-redondos.es\/ca\/wp-json\/wp\/v2\/product"}],"about":[{"href":"https:\/\/discos-redondos.es\/ca\/wp-json\/wp\/v2\/types\/product"}],"wp:featuredmedia":[{"embeddable":true,"href":"https:\/\/discos-redondos.es\/ca\/wp-json\/wp\/v2\/media\/5663"}],"wp:attachment":[{"href":"https:\/\/discos-redondos.es\/ca\/wp-json\/wp\/v2\/media?parent=5662"}],"wp:term":[{"taxonomy":"product_brand","embeddable":true,"href":"https:\/\/discos-redondos.es\/ca\/wp-json\/wp\/v2\/product_brand?post=5662"},{"taxonomy":"product_cat","embeddable":true,"href":"https:\/\/discos-redondos.es\/ca\/wp-json\/wp\/v2\/product_cat?post=5662"},{"taxonomy":"product_tag","embeddable":true,"href":"https:\/\/discos-redondos.es\/ca\/wp-json\/wp\/v2\/product_tag?post=5662"}],"curies":[{"name":"wp","href":"https:\/\/api.w.org\/{rel}","templated":true}]}}