{"id":5686,"date":"2023-06-14T17:34:27","date_gmt":"2023-06-14T17:34:27","guid":{"rendered":"https:\/\/discos-redondos.es\/?post_type=product&#038;p=5686"},"modified":"2026-02-25T15:56:21","modified_gmt":"2026-02-25T15:56:21","slug":"mark-guiliana-the-sound-of-listening","status":"publish","type":"product","link":"https:\/\/discos-redondos.es\/ca\/producte\/mark-guiliana-the-sound-of-listening","title":{"rendered":"Mark Guiliana \u2013 The Sound Of Listening"},"content":{"rendered":"<p><strong>Mark Guiliana \u2013 The Sound Of Listening<\/strong><\/p>\n<p><strong>Tracklsit<\/strong><\/p>\n<table class=\"tracklist_3QGRS\">\n<tbody>\n<tr data-track-position=\"A1\">\n<td class=\"trackPos_2RCje\">A1<\/td>\n<td class=\"artist_3zAQD\"><\/td>\n<td class=\"trackTitle_CTKp4\"><span class=\"trackTitle_CTKp4\">A Path to Bliss<\/span><\/td>\n<\/tr>\n<tr data-track-position=\"A2\">\n<td class=\"trackPos_2RCje\">A2<\/td>\n<td class=\"artist_3zAQD\"><\/td>\n<td class=\"trackTitle_CTKp4\"><span class=\"trackTitle_CTKp4\">The Most Important Question<\/span><\/td>\n<\/tr>\n<tr data-track-position=\"A3\">\n<td class=\"trackPos_2RCje\">A3<\/td>\n<td class=\"artist_3zAQD\"><\/td>\n<td class=\"trackTitle_CTKp4\"><span class=\"trackTitle_CTKp4\">A Way of Looking<\/span><\/td>\n<\/tr>\n<tr data-track-position=\"A4\">\n<td class=\"trackPos_2RCje\">A4<\/td>\n<td class=\"artist_3zAQD\"><\/td>\n<td class=\"trackTitle_CTKp4\"><span class=\"trackTitle_CTKp4\">Our Esential Nature<\/span><\/td>\n<\/tr>\n<tr data-track-position=\"A5\">\n<td class=\"trackPos_2RCje\">A5<\/td>\n<td class=\"artist_3zAQD\"><\/td>\n<td class=\"trackTitle_CTKp4\"><span class=\"trackTitle_CTKp4\">The Courage to Be Free<\/span><\/td>\n<\/tr>\n<tr data-track-position=\"B1\">\n<td class=\"trackPos_2RCje\">B1<\/td>\n<td class=\"artist_3zAQD\"><\/td>\n<td class=\"trackTitle_CTKp4\"><span class=\"trackTitle_CTKp4\">Everything Changed After You Left<\/span><\/td>\n<\/tr>\n<tr data-track-position=\"B2\">\n<td class=\"trackPos_2RCje\">B2<\/td>\n<td class=\"artist_3zAQD\"><\/td>\n<td class=\"trackTitle_CTKp4\"><span class=\"trackTitle_CTKp4\">The Sound of Listening<\/span><\/td>\n<\/tr>\n<tr data-track-position=\"B3\">\n<td class=\"trackPos_2RCje\">B3<\/td>\n<td class=\"artist_3zAQD\"><\/td>\n<td class=\"trackTitle_CTKp4\"><span class=\"trackTitle_CTKp4\">Under the Influence<\/span><\/td>\n<\/tr>\n<tr data-track-position=\"B4\">\n<td class=\"trackPos_2RCje\">B4<\/td>\n<td class=\"artist_3zAQD\"><\/td>\n<td class=\"trackTitle_CTKp4\"><span class=\"trackTitle_CTKp4\">Practicing Silence<\/span><\/td>\n<\/tr>\n<tr data-track-position=\"B5\">\n<td class=\"trackPos_2RCje\">B5<\/td>\n<td class=\"artist_3zAQD\"><\/td>\n<td class=\"trackTitle_CTKp4\"><span class=\"trackTitle_CTKp4\">Continuation<\/span><\/td>\n<\/tr>\n<\/tbody>\n<\/table>\n<p>&nbsp;<\/p>\n<p><iframe loading=\"lazy\" title=\"a way of looking\" width=\"832\" height=\"624\" src=\"https:\/\/www.youtube.com\/embed\/vKOsbYGU6YA?feature=oembed\" frameborder=\"0\" allow=\"accelerometer; autoplay; clipboard-write; encrypted-media; gyroscope; picture-in-picture; web-share\" referrerpolicy=\"strict-origin-when-cross-origin\" allowfullscreen><\/iframe><\/p>\n<p><strong>Mark Guiliana \u2013 The Sound Of Listening: <\/strong>Este es el nuevo \u00e1lbum de uno de los bateristas m\u00e1s influyentes, virtuosos y dominantes de nuestro tiempo,acompa\u00f1ado Shai Maestro, Jason Rigby y Chris Morrissey.<\/p>\n<p>Despu\u00e9s de sus aclamados \u00e1lbumes de cuarteto &#8216;Jersey&#8217; y &#8216;Family First&#8217;, este tercer lanzamiento tiene todo lo que esperar\u00edas de Mark Guiliana. Es un \u00e1lbum profundamente honesto y expresivo, fruto del trabajo de un m\u00fasico que sabe hacia donde se dirige y lo que quiere decir.<\/p>\n<p>El t\u00edtulo y la idea de &#8216;The Sound Of Listening\u00bb est\u00e1n tomados del libro \u00abSilence\u00bb de Th\u00edch Nh\u1ea5t H\u1ea1nh, que habla, como explica el propio Guiliana, de \u00abel silencio interior requerido para observar verdaderamente el mundo\u00bb.\u00a0 Re\u00fane la amplitud compositiva de las influencias ac\u00fasticas y electr\u00f3nicas de Mark. Habla del viaje y el pensamiento de Mark, de su relaci\u00f3n con la m\u00fasica. De ver el mundo y su presencia dentro de \u00e9l a trav\u00e9s de una lupa, donde las diferencias se unifican y las perspectivas se alinean. Los t\u00edtulos de las pistas, que incluyen \u00abun camino hacia la felicidad\u00bb y \u00abla pregunta m\u00e1s importante\u00bb, reflejan la respuesta apasionada de Mark a su propia exploraci\u00f3n y camino hacia la serenidad, que ocupa un lugar central en este meticuloso \u00e1lbum reflexivo e introspectivo.<\/p>\n<p>A lo largo de su carrera, Mark ha creado una gran cantidad de seguidores de culto para sus propios proyectos, as\u00ed como con colaboradores clave, incluidos Avishai Cohen, Brad Mehldau, Gretchen Parlato, Meshell Ndegeocello, el difunto gran David Bowie y, m\u00e1s recientemente, St. Vicente. \u2018the sound of listening\u2019 reafirma su autoridad como artista donde la expectativa es que no hay expectativa<\/p>","protected":false},"excerpt":{"rendered":"<p>Edition Records \u2013 ednlp1210<\/p>\n<p>LP en vinilo azul el\u00e9ctrico, edici\u00f3n gatefold UK 2022<\/p>","protected":false},"featured_media":5687,"template":"","meta":[],"product_brand":[],"product_cat":[85],"product_tag":[],"class_list":{"0":"post-5686","1":"product","2":"type-product","3":"status-publish","4":"has-post-thumbnail","6":"product_cat-jazz-contemporaneo","8":"first","9":"instock","10":"taxable","11":"shipping-taxable","12":"purchasable","13":"product-type-simple"},"yoast_head":"<!-- This site is optimized with the Yoast SEO plugin v27.5 - https:\/\/yoast.com\/product\/yoast-seo-wordpress\/ -->\n<title>Mark Guiliana \u2013 The Sound Of Listening - DISCOS REDONDOS<\/title>\n<meta name=\"description\" content=\"Mark Guiliana \u2013 The Sound Of Listening - Edition Records \u2013 ednlp1210 LP en vinilo azul el\u00e9ctrico, edici\u00f3n gatefold UK 2022\" \/>\n<meta name=\"robots\" content=\"index, follow, max-snippet:-1, max-image-preview:large, max-video-preview:-1\" \/>\n<link rel=\"canonical\" href=\"https:\/\/discos-redondos.es\/ca\/producte\/mark-guiliana-the-sound-of-listening\/\" \/>\n<meta property=\"og:locale\" content=\"ca_ES\" \/>\n<meta property=\"og:type\" content=\"article\" \/>\n<meta property=\"og:title\" content=\"Mark Guiliana \u2013 The Sound Of Listening - DISCOS REDONDOS\" \/>\n<meta property=\"og:description\" content=\"Mark Guiliana \u2013 The Sound Of Listening - Edition Records \u2013 ednlp1210 LP en vinilo azul el\u00e9ctrico, edici\u00f3n gatefold UK 2022\" \/>\n<meta property=\"og:url\" content=\"https:\/\/discos-redondos.es\/ca\/producte\/mark-guiliana-the-sound-of-listening\/\" \/>\n<meta property=\"og:site_name\" content=\"DISCOS REDONDOS\" \/>\n<meta property=\"article:publisher\" content=\"https:\/\/www.facebook.com\/discosredondos45\" \/>\n<meta property=\"article:modified_time\" content=\"2026-02-25T15:56:21+00:00\" \/>\n<meta property=\"og:image\" content=\"https:\/\/discos-redondos.es\/wp-content\/uploads\/2023\/06\/Mark-Guiliana-\u2013-The-Sound-Of-Listening.jpg\" \/>\n\t<meta property=\"og:image:width\" content=\"1500\" \/>\n\t<meta property=\"og:image:height\" content=\"1500\" \/>\n\t<meta property=\"og:image:type\" content=\"image\/jpeg\" \/>\n<meta name=\"twitter:card\" content=\"summary_large_image\" \/>\n<meta name=\"twitter:label1\" content=\"Temps estimat de lectura\" \/>\n\t<meta name=\"twitter:data1\" content=\"2 minuts\" \/>\n<script type=\"application\/ld+json\" class=\"yoast-schema-graph\">{\"@context\":\"https:\\\/\\\/schema.org\",\"@graph\":[{\"@type\":\"WebPage\",\"@id\":\"https:\\\/\\\/discos-redondos.es\\\/producto\\\/mark-guiliana-the-sound-of-listening\",\"url\":\"https:\\\/\\\/discos-redondos.es\\\/producto\\\/mark-guiliana-the-sound-of-listening\",\"name\":\"Mark Guiliana \u2013 The Sound Of Listening - DISCOS REDONDOS\",\"isPartOf\":{\"@id\":\"https:\\\/\\\/discos-redondos.es\\\/#website\"},\"primaryImageOfPage\":{\"@id\":\"https:\\\/\\\/discos-redondos.es\\\/producto\\\/mark-guiliana-the-sound-of-listening#primaryimage\"},\"image\":{\"@id\":\"https:\\\/\\\/discos-redondos.es\\\/producto\\\/mark-guiliana-the-sound-of-listening#primaryimage\"},\"thumbnailUrl\":\"https:\\\/\\\/discos-redondos.es\\\/wp-content\\\/uploads\\\/2023\\\/06\\\/Mark-Guiliana-\u2013-The-Sound-Of-Listening.jpg\",\"datePublished\":\"2023-06-14T17:34:27+00:00\",\"dateModified\":\"2026-02-25T15:56:21+00:00\",\"description\":\"Mark Guiliana \u2013 The Sound Of Listening - Edition Records \u2013 ednlp1210 LP en vinilo azul el\u00e9ctrico, edici\u00f3n gatefold UK 2022\",\"breadcrumb\":{\"@id\":\"https:\\\/\\\/discos-redondos.es\\\/producto\\\/mark-guiliana-the-sound-of-listening#breadcrumb\"},\"inLanguage\":\"ca\",\"potentialAction\":[{\"@type\":\"ReadAction\",\"target\":[\"https:\\\/\\\/discos-redondos.es\\\/producto\\\/mark-guiliana-the-sound-of-listening\"]}]},{\"@type\":\"ImageObject\",\"inLanguage\":\"ca\",\"@id\":\"https:\\\/\\\/discos-redondos.es\\\/producto\\\/mark-guiliana-the-sound-of-listening#primaryimage\",\"url\":\"https:\\\/\\\/discos-redondos.es\\\/wp-content\\\/uploads\\\/2023\\\/06\\\/Mark-Guiliana-\u2013-The-Sound-Of-Listening.jpg\",\"contentUrl\":\"https:\\\/\\\/discos-redondos.es\\\/wp-content\\\/uploads\\\/2023\\\/06\\\/Mark-Guiliana-\u2013-The-Sound-Of-Listening.jpg\",\"width\":1500,\"height\":1500,\"caption\":\"Mark Guiliana \u2013 The Sound Of Listening\"},{\"@type\":\"BreadcrumbList\",\"@id\":\"https:\\\/\\\/discos-redondos.es\\\/producto\\\/mark-guiliana-the-sound-of-listening#breadcrumb\",\"itemListElement\":[{\"@type\":\"ListItem\",\"position\":1,\"name\":\"Portada\",\"item\":\"https:\\\/\\\/discos-redondos.es\\\/\"},{\"@type\":\"ListItem\",\"position\":2,\"name\":\"Tienda\",\"item\":\"https:\\\/\\\/discos-redondos.es\\\/?page_id=487\"},{\"@type\":\"ListItem\",\"position\":3,\"name\":\"Mark Guiliana \u2013 The Sound Of Listening\"}]},{\"@type\":\"WebSite\",\"@id\":\"https:\\\/\\\/discos-redondos.es\\\/#website\",\"url\":\"https:\\\/\\\/discos-redondos.es\\\/\",\"name\":\"Discos Redondos\",\"description\":\"Tu tienda de discos en Barcelona\",\"publisher\":{\"@id\":\"https:\\\/\\\/discos-redondos.es\\\/#organization\"},\"alternateName\":\"Discos Redondos\",\"potentialAction\":[{\"@type\":\"SearchAction\",\"target\":{\"@type\":\"EntryPoint\",\"urlTemplate\":\"https:\\\/\\\/discos-redondos.es\\\/?s={search_term_string}\"},\"query-input\":{\"@type\":\"PropertyValueSpecification\",\"valueRequired\":true,\"valueName\":\"search_term_string\"}}],\"inLanguage\":\"ca\"},{\"@type\":\"Organization\",\"@id\":\"https:\\\/\\\/discos-redondos.es\\\/#organization\",\"name\":\"Discos Redondos\",\"url\":\"https:\\\/\\\/discos-redondos.es\\\/\",\"logo\":{\"@type\":\"ImageObject\",\"inLanguage\":\"ca\",\"@id\":\"https:\\\/\\\/discos-redondos.es\\\/#\\\/schema\\\/logo\\\/image\\\/\",\"url\":\"https:\\\/\\\/discos-redondos.es\\\/wp-content\\\/uploads\\\/2023\\\/04\\\/aaff-logo-raval-1-1.jpg\",\"contentUrl\":\"https:\\\/\\\/discos-redondos.es\\\/wp-content\\\/uploads\\\/2023\\\/04\\\/aaff-logo-raval-1-1.jpg\",\"width\":2362,\"height\":1441,\"caption\":\"Discos Redondos\"},\"image\":{\"@id\":\"https:\\\/\\\/discos-redondos.es\\\/#\\\/schema\\\/logo\\\/image\\\/\"},\"sameAs\":[\"https:\\\/\\\/www.facebook.com\\\/discosredondos45\",\"https:\\\/\\\/www.instagram.com\\\/discos.redondos33\\\/?hl=es\",\"https:\\\/\\\/discos-redondos.bandcamp.com\\\/\"]}]}<\/script>\n<!-- \/ Yoast SEO plugin. -->","yoast_head_json":{"title":"Mark Guiliana \u2013 The Sound Of Listening - DISCOS REDONDOS","description":"Mark Guiliana \u2013 The Sound Of Listening - Edition Records \u2013 ednlp1210 LP en vinilo azul el\u00e9ctrico, edici\u00f3n gatefold UK 2022","robots":{"index":"index","follow":"follow","max-snippet":"max-snippet:-1","max-image-preview":"max-image-preview:large","max-video-preview":"max-video-preview:-1"},"canonical":"https:\/\/discos-redondos.es\/ca\/producte\/mark-guiliana-the-sound-of-listening\/","og_locale":"ca_ES","og_type":"article","og_title":"Mark Guiliana \u2013 The Sound Of Listening - DISCOS REDONDOS","og_description":"Mark Guiliana \u2013 The Sound Of Listening - Edition Records \u2013 ednlp1210 LP en vinilo azul el\u00e9ctrico, edici\u00f3n gatefold UK 2022","og_url":"https:\/\/discos-redondos.es\/ca\/producte\/mark-guiliana-the-sound-of-listening\/","og_site_name":"DISCOS REDONDOS","article_publisher":"https:\/\/www.facebook.com\/discosredondos45","article_modified_time":"2026-02-25T15:56:21+00:00","og_image":[{"width":1500,"height":1500,"url":"https:\/\/discos-redondos.es\/wp-content\/uploads\/2023\/06\/Mark-Guiliana-\u2013-The-Sound-Of-Listening.jpg","type":"image\/jpeg"}],"twitter_card":"summary_large_image","twitter_misc":{"Temps estimat de lectura":"2 minuts"},"schema":{"@context":"https:\/\/schema.org","@graph":[{"@type":"WebPage","@id":"https:\/\/discos-redondos.es\/producto\/mark-guiliana-the-sound-of-listening","url":"https:\/\/discos-redondos.es\/producto\/mark-guiliana-the-sound-of-listening","name":"Mark Guiliana \u2013 The Sound Of Listening - DISCOS REDONDOS","isPartOf":{"@id":"https:\/\/discos-redondos.es\/#website"},"primaryImageOfPage":{"@id":"https:\/\/discos-redondos.es\/producto\/mark-guiliana-the-sound-of-listening#primaryimage"},"image":{"@id":"https:\/\/discos-redondos.es\/producto\/mark-guiliana-the-sound-of-listening#primaryimage"},"thumbnailUrl":"https:\/\/discos-redondos.es\/wp-content\/uploads\/2023\/06\/Mark-Guiliana-\u2013-The-Sound-Of-Listening.jpg","datePublished":"2023-06-14T17:34:27+00:00","dateModified":"2026-02-25T15:56:21+00:00","description":"Mark Guiliana \u2013 The Sound Of Listening - Edition Records \u2013 ednlp1210 LP en vinilo azul el\u00e9ctrico, edici\u00f3n gatefold UK 2022","breadcrumb":{"@id":"https:\/\/discos-redondos.es\/producto\/mark-guiliana-the-sound-of-listening#breadcrumb"},"inLanguage":"ca","potentialAction":[{"@type":"ReadAction","target":["https:\/\/discos-redondos.es\/producto\/mark-guiliana-the-sound-of-listening"]}]},{"@type":"ImageObject","inLanguage":"ca","@id":"https:\/\/discos-redondos.es\/producto\/mark-guiliana-the-sound-of-listening#primaryimage","url":"https:\/\/discos-redondos.es\/wp-content\/uploads\/2023\/06\/Mark-Guiliana-\u2013-The-Sound-Of-Listening.jpg","contentUrl":"https:\/\/discos-redondos.es\/wp-content\/uploads\/2023\/06\/Mark-Guiliana-\u2013-The-Sound-Of-Listening.jpg","width":1500,"height":1500,"caption":"Mark Guiliana \u2013 The Sound Of Listening"},{"@type":"BreadcrumbList","@id":"https:\/\/discos-redondos.es\/producto\/mark-guiliana-the-sound-of-listening#breadcrumb","itemListElement":[{"@type":"ListItem","position":1,"name":"Portada","item":"https:\/\/discos-redondos.es\/"},{"@type":"ListItem","position":2,"name":"Tienda","item":"https:\/\/discos-redondos.es\/?page_id=487"},{"@type":"ListItem","position":3,"name":"Mark Guiliana \u2013 The Sound Of Listening"}]},{"@type":"WebSite","@id":"https:\/\/discos-redondos.es\/#website","url":"https:\/\/discos-redondos.es\/","name":"Discos Redondos","description":"La teva botiga de discos a Barcelona","publisher":{"@id":"https:\/\/discos-redondos.es\/#organization"},"alternateName":"Discos Redondos","potentialAction":[{"@type":"SearchAction","target":{"@type":"EntryPoint","urlTemplate":"https:\/\/discos-redondos.es\/?s={search_term_string}"},"query-input":{"@type":"PropertyValueSpecification","valueRequired":true,"valueName":"search_term_string"}}],"inLanguage":"ca"},{"@type":"Organization","@id":"https:\/\/discos-redondos.es\/#organization","name":"Discos Redondos","url":"https:\/\/discos-redondos.es\/","logo":{"@type":"ImageObject","inLanguage":"ca","@id":"https:\/\/discos-redondos.es\/#\/schema\/logo\/image\/","url":"https:\/\/discos-redondos.es\/wp-content\/uploads\/2023\/04\/aaff-logo-raval-1-1.jpg","contentUrl":"https:\/\/discos-redondos.es\/wp-content\/uploads\/2023\/04\/aaff-logo-raval-1-1.jpg","width":2362,"height":1441,"caption":"Discos Redondos"},"image":{"@id":"https:\/\/discos-redondos.es\/#\/schema\/logo\/image\/"},"sameAs":["https:\/\/www.facebook.com\/discosredondos45","https:\/\/www.instagram.com\/discos.redondos33\/?hl=es","https:\/\/discos-redondos.bandcamp.com\/"]}]}},"_links":{"self":[{"href":"https:\/\/discos-redondos.es\/ca\/wp-json\/wp\/v2\/product\/5686","targetHints":{"allow":["GET"]}}],"collection":[{"href":"https:\/\/discos-redondos.es\/ca\/wp-json\/wp\/v2\/product"}],"about":[{"href":"https:\/\/discos-redondos.es\/ca\/wp-json\/wp\/v2\/types\/product"}],"wp:featuredmedia":[{"embeddable":true,"href":"https:\/\/discos-redondos.es\/ca\/wp-json\/wp\/v2\/media\/5687"}],"wp:attachment":[{"href":"https:\/\/discos-redondos.es\/ca\/wp-json\/wp\/v2\/media?parent=5686"}],"wp:term":[{"taxonomy":"product_brand","embeddable":true,"href":"https:\/\/discos-redondos.es\/ca\/wp-json\/wp\/v2\/product_brand?post=5686"},{"taxonomy":"product_cat","embeddable":true,"href":"https:\/\/discos-redondos.es\/ca\/wp-json\/wp\/v2\/product_cat?post=5686"},{"taxonomy":"product_tag","embeddable":true,"href":"https:\/\/discos-redondos.es\/ca\/wp-json\/wp\/v2\/product_tag?post=5686"}],"curies":[{"name":"wp","href":"https:\/\/api.w.org\/{rel}","templated":true}]}}