{"id":5845,"date":"2023-07-12T16:05:28","date_gmt":"2023-07-12T16:05:28","guid":{"rendered":"https:\/\/discos-redondos.es\/?post_type=product&#038;p=5845"},"modified":"2024-04-15T14:45:14","modified_gmt":"2024-04-15T14:45:14","slug":"ernest-pipo-outside-the-church","status":"publish","type":"product","link":"https:\/\/discos-redondos.es\/ca\/producte\/ernest-pipo-outside-the-church","title":{"rendered":"Ernest Pip\u00f3 &#8211; Outside The Church"},"content":{"rendered":"<p><strong>Ernest Pip\u00f3 &#8211; Outside The Church<\/strong><\/p>\n<p><strong>Tracklist<\/strong><\/p>\n<ol>\n<li>My Lord, What a Morning<\/li>\n<li>Deep River<\/li>\n<li>Sometimes I feel Like A Motherless Child<\/li>\n<li>Nobody Knows The Trouble I&#8217;ve seen<\/li>\n<li>Swing Low Sweet Charriot<\/li>\n<li>There Is A Bal In Gilead<\/li>\n<li>Goin&#8217; Home<\/li>\n<\/ol>\n<p><iframe loading=\"lazy\" title=\"Goin&#039; Home - Negro Spirituals Sextet (Ernest Pip\u00f3)\" width=\"832\" height=\"468\" src=\"https:\/\/www.youtube.com\/embed\/GeoBN1d6dSM?feature=oembed\" frameborder=\"0\" allow=\"accelerometer; autoplay; clipboard-write; encrypted-media; gyroscope; picture-in-picture; web-share\" referrerpolicy=\"strict-origin-when-cross-origin\" allowfullscreen><\/iframe><\/p>\n<p>&nbsp;<\/p>\n<p><strong>Ernest Pip\u00f3 &#8211; Outside The Church:<\/strong><\/p>\n<p>El sexteto de Ernest Pip\u00f3 presenta su \u00faltimo disco basado en un repertorio de \u00abspirituals\u00bb. Canciones transmitidas de generaci\u00f3n en generaci\u00f3n por v\u00eda de innumerables misas, son llevadas al \u00e1mbito del jazz y la improvisaci\u00f3n. Las letras de estas canciones, mayoritariamente inspiradas por la Biblia, se ponen en voz de la secci\u00f3n de vientos en forma de corales, y los nuevos paisajes sonoros a los que han sido trasladadas, tienen la intenci\u00f3n de reivindicar los episodios de violencia que siempre fueron la mano de la conversi\u00f3n forzada de los esclavos negros.<\/p>\n<ul>\n<li>Armand Noguera, trompeta<\/li>\n<li>Edu Pons, saxo alto<\/li>\n<li>Pablo Mart\u00edn, saxo tenor<\/li>\n<li>H\u00e9ctor Tejedo, contrabajo<\/li>\n<li>Joan Torn\u00e9, bater\u00eda<\/li>\n<li>Ernest Pip\u00f3, guitarra, arreglos<\/li>\n<\/ul>","protected":false},"excerpt":{"rendered":"<p>Underpool Records &#8211; UNDP069<\/p>\n<p>LP editado en 2023<\/p>","protected":false},"featured_media":5846,"template":"","meta":[],"product_brand":[],"product_cat":[85],"product_tag":[],"class_list":{"0":"post-5845","1":"product","2":"type-product","3":"status-publish","4":"has-post-thumbnail","6":"product_cat-jazz-contemporaneo","8":"first","9":"instock","10":"taxable","11":"shipping-taxable","12":"purchasable","13":"product-type-simple"},"yoast_head":"<!-- This site is optimized with the Yoast SEO plugin v27.4 - https:\/\/yoast.com\/product\/yoast-seo-wordpress\/ -->\n<title>Ernest Pip\u00f3 - Outside The Church - DISCOS REDONDOS<\/title>\n<meta name=\"description\" content=\"Ernest Pip\u00f3 - Outside The Church - Underpool Records - UNDP069 LP editado en 2023 - El sexteto de Ernest Pip\u00f3 presenta su \u00faltimo disco\" \/>\n<meta name=\"robots\" content=\"index, follow, max-snippet:-1, max-image-preview:large, max-video-preview:-1\" \/>\n<link rel=\"canonical\" href=\"https:\/\/discos-redondos.es\/ca\/producte\/ernest-pipo-outside-the-church\/\" \/>\n<meta property=\"og:locale\" content=\"ca_ES\" \/>\n<meta property=\"og:type\" content=\"article\" \/>\n<meta property=\"og:title\" content=\"Ernest Pip\u00f3 - Outside The Church - DISCOS REDONDOS\" \/>\n<meta property=\"og:description\" content=\"Ernest Pip\u00f3 - Outside The Church - Underpool Records - UNDP069 LP editado en 2023 - El sexteto de Ernest Pip\u00f3 presenta su \u00faltimo disco\" \/>\n<meta property=\"og:url\" content=\"https:\/\/discos-redondos.es\/ca\/producte\/ernest-pipo-outside-the-church\/\" \/>\n<meta property=\"og:site_name\" content=\"DISCOS REDONDOS\" \/>\n<meta property=\"article:publisher\" content=\"https:\/\/www.facebook.com\/discosredondos45\" \/>\n<meta property=\"article:modified_time\" content=\"2024-04-15T14:45:14+00:00\" \/>\n<meta property=\"og:image\" content=\"https:\/\/discos-redondos.es\/wp-content\/uploads\/2023\/07\/Ernest-Pipo-Outside-The-Church-scaled.jpg\" \/>\n\t<meta property=\"og:image:width\" content=\"2537\" \/>\n\t<meta property=\"og:image:height\" content=\"2560\" \/>\n\t<meta property=\"og:image:type\" content=\"image\/jpeg\" \/>\n<meta name=\"twitter:card\" content=\"summary_large_image\" \/>\n<meta name=\"twitter:label1\" content=\"Temps estimat de lectura\" \/>\n\t<meta name=\"twitter:data1\" content=\"1 minut\" \/>\n<script type=\"application\/ld+json\" class=\"yoast-schema-graph\">{\"@context\":\"https:\\\/\\\/schema.org\",\"@graph\":[{\"@type\":\"WebPage\",\"@id\":\"https:\\\/\\\/discos-redondos.es\\\/producto\\\/ernest-pipo-outside-the-church\",\"url\":\"https:\\\/\\\/discos-redondos.es\\\/producto\\\/ernest-pipo-outside-the-church\",\"name\":\"Ernest Pip\u00f3 - Outside The Church - DISCOS REDONDOS\",\"isPartOf\":{\"@id\":\"https:\\\/\\\/discos-redondos.es\\\/#website\"},\"primaryImageOfPage\":{\"@id\":\"https:\\\/\\\/discos-redondos.es\\\/producto\\\/ernest-pipo-outside-the-church#primaryimage\"},\"image\":{\"@id\":\"https:\\\/\\\/discos-redondos.es\\\/producto\\\/ernest-pipo-outside-the-church#primaryimage\"},\"thumbnailUrl\":\"https:\\\/\\\/discos-redondos.es\\\/wp-content\\\/uploads\\\/2023\\\/07\\\/Ernest-Pipo-Outside-The-Church-scaled.jpg\",\"datePublished\":\"2023-07-12T16:05:28+00:00\",\"dateModified\":\"2024-04-15T14:45:14+00:00\",\"description\":\"Ernest Pip\u00f3 - Outside The Church - Underpool Records - UNDP069 LP editado en 2023 - El sexteto de Ernest Pip\u00f3 presenta su \u00faltimo disco\",\"breadcrumb\":{\"@id\":\"https:\\\/\\\/discos-redondos.es\\\/producto\\\/ernest-pipo-outside-the-church#breadcrumb\"},\"inLanguage\":\"ca\",\"potentialAction\":[{\"@type\":\"ReadAction\",\"target\":[\"https:\\\/\\\/discos-redondos.es\\\/producto\\\/ernest-pipo-outside-the-church\"]}]},{\"@type\":\"ImageObject\",\"inLanguage\":\"ca\",\"@id\":\"https:\\\/\\\/discos-redondos.es\\\/producto\\\/ernest-pipo-outside-the-church#primaryimage\",\"url\":\"https:\\\/\\\/discos-redondos.es\\\/wp-content\\\/uploads\\\/2023\\\/07\\\/Ernest-Pipo-Outside-The-Church-scaled.jpg\",\"contentUrl\":\"https:\\\/\\\/discos-redondos.es\\\/wp-content\\\/uploads\\\/2023\\\/07\\\/Ernest-Pipo-Outside-The-Church-scaled.jpg\",\"width\":2537,\"height\":2560,\"caption\":\"Ernest Pip\u00f3 - Outside The Church\"},{\"@type\":\"BreadcrumbList\",\"@id\":\"https:\\\/\\\/discos-redondos.es\\\/producto\\\/ernest-pipo-outside-the-church#breadcrumb\",\"itemListElement\":[{\"@type\":\"ListItem\",\"position\":1,\"name\":\"Portada\",\"item\":\"https:\\\/\\\/discos-redondos.es\\\/\"},{\"@type\":\"ListItem\",\"position\":2,\"name\":\"Tienda\",\"item\":\"https:\\\/\\\/discos-redondos.es\\\/?page_id=487\"},{\"@type\":\"ListItem\",\"position\":3,\"name\":\"Ernest Pip\u00f3 &#8211; Outside The Church\"}]},{\"@type\":\"WebSite\",\"@id\":\"https:\\\/\\\/discos-redondos.es\\\/#website\",\"url\":\"https:\\\/\\\/discos-redondos.es\\\/\",\"name\":\"Discos Redondos\",\"description\":\"Tu tienda de discos en Barcelona\",\"publisher\":{\"@id\":\"https:\\\/\\\/discos-redondos.es\\\/#organization\"},\"alternateName\":\"Discos Redondos\",\"potentialAction\":[{\"@type\":\"SearchAction\",\"target\":{\"@type\":\"EntryPoint\",\"urlTemplate\":\"https:\\\/\\\/discos-redondos.es\\\/?s={search_term_string}\"},\"query-input\":{\"@type\":\"PropertyValueSpecification\",\"valueRequired\":true,\"valueName\":\"search_term_string\"}}],\"inLanguage\":\"ca\"},{\"@type\":\"Organization\",\"@id\":\"https:\\\/\\\/discos-redondos.es\\\/#organization\",\"name\":\"Discos Redondos\",\"url\":\"https:\\\/\\\/discos-redondos.es\\\/\",\"logo\":{\"@type\":\"ImageObject\",\"inLanguage\":\"ca\",\"@id\":\"https:\\\/\\\/discos-redondos.es\\\/#\\\/schema\\\/logo\\\/image\\\/\",\"url\":\"https:\\\/\\\/discos-redondos.es\\\/wp-content\\\/uploads\\\/2023\\\/04\\\/aaff-logo-raval-1-1.jpg\",\"contentUrl\":\"https:\\\/\\\/discos-redondos.es\\\/wp-content\\\/uploads\\\/2023\\\/04\\\/aaff-logo-raval-1-1.jpg\",\"width\":2362,\"height\":1441,\"caption\":\"Discos Redondos\"},\"image\":{\"@id\":\"https:\\\/\\\/discos-redondos.es\\\/#\\\/schema\\\/logo\\\/image\\\/\"},\"sameAs\":[\"https:\\\/\\\/www.facebook.com\\\/discosredondos45\",\"https:\\\/\\\/www.instagram.com\\\/discos.redondos33\\\/?hl=es\",\"https:\\\/\\\/discos-redondos.bandcamp.com\\\/\"]}]}<\/script>\n<!-- \/ Yoast SEO plugin. -->","yoast_head_json":{"title":"Ernest Pip\u00f3 - Outside The Church - DISCOS REDONDOS","description":"Ernest Pip\u00f3 - Outside The Church - Underpool Records - UNDP069 LP editado en 2023 - El sexteto de Ernest Pip\u00f3 presenta su \u00faltimo disco","robots":{"index":"index","follow":"follow","max-snippet":"max-snippet:-1","max-image-preview":"max-image-preview:large","max-video-preview":"max-video-preview:-1"},"canonical":"https:\/\/discos-redondos.es\/ca\/producte\/ernest-pipo-outside-the-church\/","og_locale":"ca_ES","og_type":"article","og_title":"Ernest Pip\u00f3 - Outside The Church - DISCOS REDONDOS","og_description":"Ernest Pip\u00f3 - Outside The Church - Underpool Records - UNDP069 LP editado en 2023 - El sexteto de Ernest Pip\u00f3 presenta su \u00faltimo disco","og_url":"https:\/\/discos-redondos.es\/ca\/producte\/ernest-pipo-outside-the-church\/","og_site_name":"DISCOS REDONDOS","article_publisher":"https:\/\/www.facebook.com\/discosredondos45","article_modified_time":"2024-04-15T14:45:14+00:00","og_image":[{"width":2537,"height":2560,"url":"https:\/\/discos-redondos.es\/wp-content\/uploads\/2023\/07\/Ernest-Pipo-Outside-The-Church-scaled.jpg","type":"image\/jpeg"}],"twitter_card":"summary_large_image","twitter_misc":{"Temps estimat de lectura":"1 minut"},"schema":{"@context":"https:\/\/schema.org","@graph":[{"@type":"WebPage","@id":"https:\/\/discos-redondos.es\/producto\/ernest-pipo-outside-the-church","url":"https:\/\/discos-redondos.es\/producto\/ernest-pipo-outside-the-church","name":"Ernest Pip\u00f3 - Outside The Church - DISCOS REDONDOS","isPartOf":{"@id":"https:\/\/discos-redondos.es\/#website"},"primaryImageOfPage":{"@id":"https:\/\/discos-redondos.es\/producto\/ernest-pipo-outside-the-church#primaryimage"},"image":{"@id":"https:\/\/discos-redondos.es\/producto\/ernest-pipo-outside-the-church#primaryimage"},"thumbnailUrl":"https:\/\/discos-redondos.es\/wp-content\/uploads\/2023\/07\/Ernest-Pipo-Outside-The-Church-scaled.jpg","datePublished":"2023-07-12T16:05:28+00:00","dateModified":"2024-04-15T14:45:14+00:00","description":"Ernest Pip\u00f3 - Outside The Church - Underpool Records - UNDP069 LP editado en 2023 - El sexteto de Ernest Pip\u00f3 presenta su \u00faltimo disco","breadcrumb":{"@id":"https:\/\/discos-redondos.es\/producto\/ernest-pipo-outside-the-church#breadcrumb"},"inLanguage":"ca","potentialAction":[{"@type":"ReadAction","target":["https:\/\/discos-redondos.es\/producto\/ernest-pipo-outside-the-church"]}]},{"@type":"ImageObject","inLanguage":"ca","@id":"https:\/\/discos-redondos.es\/producto\/ernest-pipo-outside-the-church#primaryimage","url":"https:\/\/discos-redondos.es\/wp-content\/uploads\/2023\/07\/Ernest-Pipo-Outside-The-Church-scaled.jpg","contentUrl":"https:\/\/discos-redondos.es\/wp-content\/uploads\/2023\/07\/Ernest-Pipo-Outside-The-Church-scaled.jpg","width":2537,"height":2560,"caption":"Ernest Pip\u00f3 - Outside The Church"},{"@type":"BreadcrumbList","@id":"https:\/\/discos-redondos.es\/producto\/ernest-pipo-outside-the-church#breadcrumb","itemListElement":[{"@type":"ListItem","position":1,"name":"Portada","item":"https:\/\/discos-redondos.es\/"},{"@type":"ListItem","position":2,"name":"Tienda","item":"https:\/\/discos-redondos.es\/?page_id=487"},{"@type":"ListItem","position":3,"name":"Ernest Pip\u00f3 &#8211; Outside The Church"}]},{"@type":"WebSite","@id":"https:\/\/discos-redondos.es\/#website","url":"https:\/\/discos-redondos.es\/","name":"Discos Redondos","description":"La teva botiga de discos a Barcelona","publisher":{"@id":"https:\/\/discos-redondos.es\/#organization"},"alternateName":"Discos Redondos","potentialAction":[{"@type":"SearchAction","target":{"@type":"EntryPoint","urlTemplate":"https:\/\/discos-redondos.es\/?s={search_term_string}"},"query-input":{"@type":"PropertyValueSpecification","valueRequired":true,"valueName":"search_term_string"}}],"inLanguage":"ca"},{"@type":"Organization","@id":"https:\/\/discos-redondos.es\/#organization","name":"Discos Redondos","url":"https:\/\/discos-redondos.es\/","logo":{"@type":"ImageObject","inLanguage":"ca","@id":"https:\/\/discos-redondos.es\/#\/schema\/logo\/image\/","url":"https:\/\/discos-redondos.es\/wp-content\/uploads\/2023\/04\/aaff-logo-raval-1-1.jpg","contentUrl":"https:\/\/discos-redondos.es\/wp-content\/uploads\/2023\/04\/aaff-logo-raval-1-1.jpg","width":2362,"height":1441,"caption":"Discos Redondos"},"image":{"@id":"https:\/\/discos-redondos.es\/#\/schema\/logo\/image\/"},"sameAs":["https:\/\/www.facebook.com\/discosredondos45","https:\/\/www.instagram.com\/discos.redondos33\/?hl=es","https:\/\/discos-redondos.bandcamp.com\/"]}]}},"_links":{"self":[{"href":"https:\/\/discos-redondos.es\/ca\/wp-json\/wp\/v2\/product\/5845","targetHints":{"allow":["GET"]}}],"collection":[{"href":"https:\/\/discos-redondos.es\/ca\/wp-json\/wp\/v2\/product"}],"about":[{"href":"https:\/\/discos-redondos.es\/ca\/wp-json\/wp\/v2\/types\/product"}],"wp:featuredmedia":[{"embeddable":true,"href":"https:\/\/discos-redondos.es\/ca\/wp-json\/wp\/v2\/media\/5846"}],"wp:attachment":[{"href":"https:\/\/discos-redondos.es\/ca\/wp-json\/wp\/v2\/media?parent=5845"}],"wp:term":[{"taxonomy":"product_brand","embeddable":true,"href":"https:\/\/discos-redondos.es\/ca\/wp-json\/wp\/v2\/product_brand?post=5845"},{"taxonomy":"product_cat","embeddable":true,"href":"https:\/\/discos-redondos.es\/ca\/wp-json\/wp\/v2\/product_cat?post=5845"},{"taxonomy":"product_tag","embeddable":true,"href":"https:\/\/discos-redondos.es\/ca\/wp-json\/wp\/v2\/product_tag?post=5845"}],"curies":[{"name":"wp","href":"https:\/\/api.w.org\/{rel}","templated":true}]}}