{"id":5851,"date":"2023-07-12T16:30:05","date_gmt":"2023-07-12T16:30:05","guid":{"rendered":"https:\/\/discos-redondos.es\/?post_type=product&#038;p=5851"},"modified":"2026-03-14T17:38:17","modified_gmt":"2026-03-14T17:38:17","slug":"chocadelia-internacional-sexo-pastelitos-funcanrol","status":"publish","type":"product","link":"https:\/\/discos-redondos.es\/ca\/producte\/chocadelia-internacional-sexo-pastelitos-funcanrol","title":{"rendered":"Chocadelia Internacional &#8211; Sexo Pastelitos &#038; Funcanrol"},"content":{"rendered":"<p><strong>Chocadelia Internacional &#8211; Sexo Pastelitos &amp; Funcanrol<\/strong><\/p>\n<p><strong>Tracklist<\/strong><\/p>\n<ol>\n<li>Anartismo &amp; Chocadelia 04:03<\/li>\n<li>Correte Nena 02:22<\/li>\n<li>Me Enamore\u0301 de una Nazi 05:37<\/li>\n<li>P\u00e9game 03:13<\/li>\n<li>Fantacacola (in\u00e9dito) 04:18<\/li>\n<li>La Revoluci\u00f3n No Va A Ser Televisada 05:49<\/li>\n<li>Aventuras Y Desventuras (De Una Pareja No-Ideal) 02:30<\/li>\n<li>Harte 03:48<\/li>\n<li>Hurt Yo Ma 04:56<\/li>\n<li>Cancio\u0301nes Para Perder Una Guerra<\/li>\n<\/ol>\n<p><strong>Chocadelia Internacional &#8211; Sexo Pastelitos &amp; Funcanrol: <\/strong>En los estertores del siglo XX, tres inadaptados de la esfera musical de Barcelona pretenden dar rienda suelta a filias y fobias culturales, pol\u00edticas y sexuales. Bajo el pretexto de corromper la moral dominante, Chocadelia Internacional nace como colectivo de intenciones tan expl\u00edcitas como poco complacientes con las propuestas art\u00edsticas del momento.<\/p>\n<p>Funk rock aspiracional. Hip hop rastrero. Nu-metal estridente. M\u00fasica disco evasora. Salvajes y sin fundamento, Ranchory (Satelite K, 2004) fue su grito de bienvenida. A\u00fan era necesario aferrar el discurso. Unir a indecisos. Con el manifiesto Anartismo y Chocadelia (Mono Records, 2007) afinaron sonido y letra. Hab\u00eda un camino a seguir. Ahora quedaba divulgar la palabra. Entrar por lentes y cavidades varias. Convertirse en la corriente intelectual definitiva.<\/p>\n<p>Solo as\u00ed era posible expandir sus Canciones Para Perder Una Guerra (Autoeditado, 2009), propaganda audiovisual de las virtudes del movimiento. Pero no ocurri\u00f3 nada. Frustraci\u00f3n. Rechazo y crisis. El nihilismo se apropi\u00f3 del ideario. Sin valores por los que luchar, El Fin Est\u00e1 Cerca (Autoeditado, 2012) suena premonitorio. Solo ellos lo vieron antes que nadie. Si no les prestaba atenci\u00f3n, al menos gastar\u00edan el resto de los cartuchos.<\/p>\n<p>El testamento sonoro que ocupan estos surcos es su \u00faltimo llamamiento a la insurrecci\u00f3n individual y colectiva. Quiz\u00e1s as\u00ed vuelvan a la vida. Quiz\u00e1s sean capaces de destruir lo que a\u00fan queda en pie. Tampoco es demasiado. Don Funkfarron, mayo 2023<\/p>","protected":false},"excerpt":{"rendered":"<p>GUTIFUNK &#8211; GTFK014LP<\/p>\n<p>LP editado en 2023<\/p>","protected":false},"featured_media":5852,"template":"","meta":[],"product_brand":[],"product_cat":[118],"product_tag":[],"class_list":{"0":"post-5851","1":"product","2":"type-product","3":"status-publish","4":"has-post-thumbnail","6":"product_cat-neo-soul-rnb-nu-soul-instrumental","8":"first","9":"instock","10":"taxable","11":"shipping-taxable","12":"purchasable","13":"product-type-simple"},"yoast_head":"<!-- This site is optimized with the Yoast SEO plugin v27.4 - https:\/\/yoast.com\/product\/yoast-seo-wordpress\/ -->\n<title>Chocadelia Internacional - Sexo Pastelitos &amp; Funcanrol - DISCOS REDONDOS<\/title>\n<meta name=\"description\" content=\"Chocadelia Internacional - Sexo Pastelitos &amp; Funcanrol - GTFK014LPLP editado en 2023 - Funk rock aspiracional. Hip hop rastrero. Nu-metal estridente\" \/>\n<meta name=\"robots\" content=\"index, follow, max-snippet:-1, max-image-preview:large, max-video-preview:-1\" \/>\n<link rel=\"canonical\" href=\"https:\/\/discos-redondos.es\/ca\/producte\/chocadelia-internacional-sexo-pastelitos-funcanrol\/\" \/>\n<meta property=\"og:locale\" content=\"ca_ES\" \/>\n<meta property=\"og:type\" content=\"article\" \/>\n<meta property=\"og:title\" content=\"Chocadelia Internacional - Sexo Pastelitos &amp; Funcanrol - DISCOS REDONDOS\" \/>\n<meta property=\"og:description\" content=\"Chocadelia Internacional - Sexo Pastelitos &amp; Funcanrol - GTFK014LPLP editado en 2023 - Funk rock aspiracional. Hip hop rastrero. Nu-metal estridente\" \/>\n<meta property=\"og:url\" content=\"https:\/\/discos-redondos.es\/ca\/producte\/chocadelia-internacional-sexo-pastelitos-funcanrol\/\" \/>\n<meta property=\"og:site_name\" content=\"DISCOS REDONDOS\" \/>\n<meta property=\"article:publisher\" content=\"https:\/\/www.facebook.com\/discosredondos45\" \/>\n<meta property=\"article:modified_time\" content=\"2026-03-14T17:38:17+00:00\" \/>\n<meta property=\"og:image\" content=\"https:\/\/discos-redondos.es\/wp-content\/uploads\/2023\/07\/Chocadelia-Internacional-Sexo-Pastelitos-Funcanrol.jpg\" \/>\n\t<meta property=\"og:image:width\" content=\"1200\" \/>\n\t<meta property=\"og:image:height\" content=\"1200\" \/>\n\t<meta property=\"og:image:type\" content=\"image\/jpeg\" \/>\n<meta name=\"twitter:card\" content=\"summary_large_image\" \/>\n<meta name=\"twitter:label1\" content=\"Temps estimat de lectura\" \/>\n\t<meta name=\"twitter:data1\" content=\"2 minuts\" \/>\n<script type=\"application\/ld+json\" class=\"yoast-schema-graph\">{\"@context\":\"https:\\\/\\\/schema.org\",\"@graph\":[{\"@type\":\"WebPage\",\"@id\":\"https:\\\/\\\/discos-redondos.es\\\/producto\\\/chocadelia-internacional-sexo-pastelitos-funcanrol\",\"url\":\"https:\\\/\\\/discos-redondos.es\\\/producto\\\/chocadelia-internacional-sexo-pastelitos-funcanrol\",\"name\":\"Chocadelia Internacional - Sexo Pastelitos & Funcanrol - DISCOS REDONDOS\",\"isPartOf\":{\"@id\":\"https:\\\/\\\/discos-redondos.es\\\/#website\"},\"primaryImageOfPage\":{\"@id\":\"https:\\\/\\\/discos-redondos.es\\\/producto\\\/chocadelia-internacional-sexo-pastelitos-funcanrol#primaryimage\"},\"image\":{\"@id\":\"https:\\\/\\\/discos-redondos.es\\\/producto\\\/chocadelia-internacional-sexo-pastelitos-funcanrol#primaryimage\"},\"thumbnailUrl\":\"https:\\\/\\\/discos-redondos.es\\\/wp-content\\\/uploads\\\/2023\\\/07\\\/Chocadelia-Internacional-Sexo-Pastelitos-Funcanrol.jpg\",\"datePublished\":\"2023-07-12T16:30:05+00:00\",\"dateModified\":\"2026-03-14T17:38:17+00:00\",\"description\":\"Chocadelia Internacional - Sexo Pastelitos & Funcanrol - GTFK014LPLP editado en 2023 - Funk rock aspiracional. Hip hop rastrero. Nu-metal estridente\",\"breadcrumb\":{\"@id\":\"https:\\\/\\\/discos-redondos.es\\\/producto\\\/chocadelia-internacional-sexo-pastelitos-funcanrol#breadcrumb\"},\"inLanguage\":\"ca\",\"potentialAction\":[{\"@type\":\"ReadAction\",\"target\":[\"https:\\\/\\\/discos-redondos.es\\\/producto\\\/chocadelia-internacional-sexo-pastelitos-funcanrol\"]}]},{\"@type\":\"ImageObject\",\"inLanguage\":\"ca\",\"@id\":\"https:\\\/\\\/discos-redondos.es\\\/producto\\\/chocadelia-internacional-sexo-pastelitos-funcanrol#primaryimage\",\"url\":\"https:\\\/\\\/discos-redondos.es\\\/wp-content\\\/uploads\\\/2023\\\/07\\\/Chocadelia-Internacional-Sexo-Pastelitos-Funcanrol.jpg\",\"contentUrl\":\"https:\\\/\\\/discos-redondos.es\\\/wp-content\\\/uploads\\\/2023\\\/07\\\/Chocadelia-Internacional-Sexo-Pastelitos-Funcanrol.jpg\",\"width\":1200,\"height\":1200,\"caption\":\"Chocadelia Internacional - Sexo Pastelitos & Funcanrol\"},{\"@type\":\"BreadcrumbList\",\"@id\":\"https:\\\/\\\/discos-redondos.es\\\/producto\\\/chocadelia-internacional-sexo-pastelitos-funcanrol#breadcrumb\",\"itemListElement\":[{\"@type\":\"ListItem\",\"position\":1,\"name\":\"Portada\",\"item\":\"https:\\\/\\\/discos-redondos.es\\\/\"},{\"@type\":\"ListItem\",\"position\":2,\"name\":\"Tienda\",\"item\":\"https:\\\/\\\/discos-redondos.es\\\/?page_id=487\"},{\"@type\":\"ListItem\",\"position\":3,\"name\":\"Chocadelia Internacional &#8211; Sexo Pastelitos &#038; Funcanrol\"}]},{\"@type\":\"WebSite\",\"@id\":\"https:\\\/\\\/discos-redondos.es\\\/#website\",\"url\":\"https:\\\/\\\/discos-redondos.es\\\/\",\"name\":\"Discos Redondos\",\"description\":\"Tu tienda de discos en Barcelona\",\"publisher\":{\"@id\":\"https:\\\/\\\/discos-redondos.es\\\/#organization\"},\"alternateName\":\"Discos Redondos\",\"potentialAction\":[{\"@type\":\"SearchAction\",\"target\":{\"@type\":\"EntryPoint\",\"urlTemplate\":\"https:\\\/\\\/discos-redondos.es\\\/?s={search_term_string}\"},\"query-input\":{\"@type\":\"PropertyValueSpecification\",\"valueRequired\":true,\"valueName\":\"search_term_string\"}}],\"inLanguage\":\"ca\"},{\"@type\":\"Organization\",\"@id\":\"https:\\\/\\\/discos-redondos.es\\\/#organization\",\"name\":\"Discos Redondos\",\"url\":\"https:\\\/\\\/discos-redondos.es\\\/\",\"logo\":{\"@type\":\"ImageObject\",\"inLanguage\":\"ca\",\"@id\":\"https:\\\/\\\/discos-redondos.es\\\/#\\\/schema\\\/logo\\\/image\\\/\",\"url\":\"https:\\\/\\\/discos-redondos.es\\\/wp-content\\\/uploads\\\/2023\\\/04\\\/aaff-logo-raval-1-1.jpg\",\"contentUrl\":\"https:\\\/\\\/discos-redondos.es\\\/wp-content\\\/uploads\\\/2023\\\/04\\\/aaff-logo-raval-1-1.jpg\",\"width\":2362,\"height\":1441,\"caption\":\"Discos Redondos\"},\"image\":{\"@id\":\"https:\\\/\\\/discos-redondos.es\\\/#\\\/schema\\\/logo\\\/image\\\/\"},\"sameAs\":[\"https:\\\/\\\/www.facebook.com\\\/discosredondos45\",\"https:\\\/\\\/www.instagram.com\\\/discos.redondos33\\\/?hl=es\",\"https:\\\/\\\/discos-redondos.bandcamp.com\\\/\"]}]}<\/script>\n<!-- \/ Yoast SEO plugin. -->","yoast_head_json":{"title":"Chocadelia Internacional - Sexo Pastelitos & Funcanrol - DISCOS REDONDOS","description":"Chocadelia Internacional - Sexo Pastelitos & Funcanrol - GTFK014LPLP editado en 2023 - Funk rock aspiracional. Hip hop rastrero. Nu-metal estridente","robots":{"index":"index","follow":"follow","max-snippet":"max-snippet:-1","max-image-preview":"max-image-preview:large","max-video-preview":"max-video-preview:-1"},"canonical":"https:\/\/discos-redondos.es\/ca\/producte\/chocadelia-internacional-sexo-pastelitos-funcanrol\/","og_locale":"ca_ES","og_type":"article","og_title":"Chocadelia Internacional - Sexo Pastelitos & Funcanrol - DISCOS REDONDOS","og_description":"Chocadelia Internacional - Sexo Pastelitos & Funcanrol - GTFK014LPLP editado en 2023 - Funk rock aspiracional. Hip hop rastrero. Nu-metal estridente","og_url":"https:\/\/discos-redondos.es\/ca\/producte\/chocadelia-internacional-sexo-pastelitos-funcanrol\/","og_site_name":"DISCOS REDONDOS","article_publisher":"https:\/\/www.facebook.com\/discosredondos45","article_modified_time":"2026-03-14T17:38:17+00:00","og_image":[{"width":1200,"height":1200,"url":"https:\/\/discos-redondos.es\/wp-content\/uploads\/2023\/07\/Chocadelia-Internacional-Sexo-Pastelitos-Funcanrol.jpg","type":"image\/jpeg"}],"twitter_card":"summary_large_image","twitter_misc":{"Temps estimat de lectura":"2 minuts"},"schema":{"@context":"https:\/\/schema.org","@graph":[{"@type":"WebPage","@id":"https:\/\/discos-redondos.es\/producto\/chocadelia-internacional-sexo-pastelitos-funcanrol","url":"https:\/\/discos-redondos.es\/producto\/chocadelia-internacional-sexo-pastelitos-funcanrol","name":"Chocadelia Internacional - Sexo Pastelitos & Funcanrol - DISCOS REDONDOS","isPartOf":{"@id":"https:\/\/discos-redondos.es\/#website"},"primaryImageOfPage":{"@id":"https:\/\/discos-redondos.es\/producto\/chocadelia-internacional-sexo-pastelitos-funcanrol#primaryimage"},"image":{"@id":"https:\/\/discos-redondos.es\/producto\/chocadelia-internacional-sexo-pastelitos-funcanrol#primaryimage"},"thumbnailUrl":"https:\/\/discos-redondos.es\/wp-content\/uploads\/2023\/07\/Chocadelia-Internacional-Sexo-Pastelitos-Funcanrol.jpg","datePublished":"2023-07-12T16:30:05+00:00","dateModified":"2026-03-14T17:38:17+00:00","description":"Chocadelia Internacional - Sexo Pastelitos & Funcanrol - GTFK014LPLP editado en 2023 - Funk rock aspiracional. Hip hop rastrero. Nu-metal estridente","breadcrumb":{"@id":"https:\/\/discos-redondos.es\/producto\/chocadelia-internacional-sexo-pastelitos-funcanrol#breadcrumb"},"inLanguage":"ca","potentialAction":[{"@type":"ReadAction","target":["https:\/\/discos-redondos.es\/producto\/chocadelia-internacional-sexo-pastelitos-funcanrol"]}]},{"@type":"ImageObject","inLanguage":"ca","@id":"https:\/\/discos-redondos.es\/producto\/chocadelia-internacional-sexo-pastelitos-funcanrol#primaryimage","url":"https:\/\/discos-redondos.es\/wp-content\/uploads\/2023\/07\/Chocadelia-Internacional-Sexo-Pastelitos-Funcanrol.jpg","contentUrl":"https:\/\/discos-redondos.es\/wp-content\/uploads\/2023\/07\/Chocadelia-Internacional-Sexo-Pastelitos-Funcanrol.jpg","width":1200,"height":1200,"caption":"Chocadelia Internacional - Sexo Pastelitos & Funcanrol"},{"@type":"BreadcrumbList","@id":"https:\/\/discos-redondos.es\/producto\/chocadelia-internacional-sexo-pastelitos-funcanrol#breadcrumb","itemListElement":[{"@type":"ListItem","position":1,"name":"Portada","item":"https:\/\/discos-redondos.es\/"},{"@type":"ListItem","position":2,"name":"Tienda","item":"https:\/\/discos-redondos.es\/?page_id=487"},{"@type":"ListItem","position":3,"name":"Chocadelia Internacional &#8211; Sexo Pastelitos &#038; Funcanrol"}]},{"@type":"WebSite","@id":"https:\/\/discos-redondos.es\/#website","url":"https:\/\/discos-redondos.es\/","name":"Discos Redondos","description":"La teva botiga de discos a Barcelona","publisher":{"@id":"https:\/\/discos-redondos.es\/#organization"},"alternateName":"Discos Redondos","potentialAction":[{"@type":"SearchAction","target":{"@type":"EntryPoint","urlTemplate":"https:\/\/discos-redondos.es\/?s={search_term_string}"},"query-input":{"@type":"PropertyValueSpecification","valueRequired":true,"valueName":"search_term_string"}}],"inLanguage":"ca"},{"@type":"Organization","@id":"https:\/\/discos-redondos.es\/#organization","name":"Discos Redondos","url":"https:\/\/discos-redondos.es\/","logo":{"@type":"ImageObject","inLanguage":"ca","@id":"https:\/\/discos-redondos.es\/#\/schema\/logo\/image\/","url":"https:\/\/discos-redondos.es\/wp-content\/uploads\/2023\/04\/aaff-logo-raval-1-1.jpg","contentUrl":"https:\/\/discos-redondos.es\/wp-content\/uploads\/2023\/04\/aaff-logo-raval-1-1.jpg","width":2362,"height":1441,"caption":"Discos Redondos"},"image":{"@id":"https:\/\/discos-redondos.es\/#\/schema\/logo\/image\/"},"sameAs":["https:\/\/www.facebook.com\/discosredondos45","https:\/\/www.instagram.com\/discos.redondos33\/?hl=es","https:\/\/discos-redondos.bandcamp.com\/"]}]}},"_links":{"self":[{"href":"https:\/\/discos-redondos.es\/ca\/wp-json\/wp\/v2\/product\/5851","targetHints":{"allow":["GET"]}}],"collection":[{"href":"https:\/\/discos-redondos.es\/ca\/wp-json\/wp\/v2\/product"}],"about":[{"href":"https:\/\/discos-redondos.es\/ca\/wp-json\/wp\/v2\/types\/product"}],"wp:featuredmedia":[{"embeddable":true,"href":"https:\/\/discos-redondos.es\/ca\/wp-json\/wp\/v2\/media\/5852"}],"wp:attachment":[{"href":"https:\/\/discos-redondos.es\/ca\/wp-json\/wp\/v2\/media?parent=5851"}],"wp:term":[{"taxonomy":"product_brand","embeddable":true,"href":"https:\/\/discos-redondos.es\/ca\/wp-json\/wp\/v2\/product_brand?post=5851"},{"taxonomy":"product_cat","embeddable":true,"href":"https:\/\/discos-redondos.es\/ca\/wp-json\/wp\/v2\/product_cat?post=5851"},{"taxonomy":"product_tag","embeddable":true,"href":"https:\/\/discos-redondos.es\/ca\/wp-json\/wp\/v2\/product_tag?post=5851"}],"curies":[{"name":"wp","href":"https:\/\/api.w.org\/{rel}","templated":true}]}}