{"id":586,"date":"2021-04-29T15:20:53","date_gmt":"2021-04-29T15:20:53","guid":{"rendered":"https:\/\/discos-redondos.es\/?post_type=product&#038;p=586"},"modified":"2026-04-09T18:43:46","modified_gmt":"2026-04-09T18:43:46","slug":"a-tribe-called-quest-%e2%80%8e-midnight-marauders","status":"publish","type":"product","link":"https:\/\/discos-redondos.es\/ca\/producte\/a-tribe-called-quest-%e2%80%8e-midnight-marauders","title":{"rendered":"A Tribe Called Quest \u200e\u2013 Midnight Marauders"},"content":{"rendered":"<p><strong>A Tribe Called Quest \u200e\u2013 Midnight Marauders<\/strong><\/p>\n<p><strong>Tracklist<\/strong><\/p>\n<p>A1 Midnight Marauders Tour Guide<br \/>\nA2 Steve Biko (Stir It Up)<br \/>\nA3 Award Tour<br \/>\nA4 8 Million Stories<br \/>\nA5 Sucka Nigga<br \/>\nA6 Midnight<br \/>\nA7 We Can Get Down<\/p>\n<p>B1 Electric Relaxation<br \/>\nB2 Clap Your Hands<br \/>\nB3 Oh My God<br \/>\nB4 Keep It Rollin&#8217;<br \/>\nB5 The Chase, Part II<br \/>\nB6 Lyrics To Go<br \/>\nB7 God Lives Through<\/p>\n<p><iframe loading=\"lazy\" title=\"A Tribe Called Quest - Midnight Marauders Tour Guide\" width=\"832\" height=\"468\" src=\"https:\/\/www.youtube.com\/embed\/ydUgCswFkRw?feature=oembed\" frameborder=\"0\" allow=\"accelerometer; autoplay; clipboard-write; encrypted-media; gyroscope; picture-in-picture; web-share\" referrerpolicy=\"strict-origin-when-cross-origin\" allowfullscreen><\/iframe><\/p>\n<p><strong>A Tribe Called Quest \u200e\u2013 Midnight Marauders: <\/strong>Midnight Marauders es el tercer \u00e1lbum de estudio del grupo estadounidense de hip hop A Tribe Called Quest, lanzado el 9 de noviembre de 1993 por Jive Records. Las sesiones de grabaci\u00f3n del \u00e1lbum se realizaron en Battery Studios, Platinum Island Studios y Scorcerer Sound en la ciudad de Nueva York. Su producci\u00f3n estuvo a cargo principalmente de Q-Tip, con contribuciones de Skeff Anselm, Large Professor y el DJ del grupo, Ali Shaheed Muhammad. Una culminaci\u00f3n de los dos \u00e1lbumes anteriores del grupo, People&#8217;s Instinctive Travels and the Paths of Rhythm and The Low End Theory, presenta un sonido ecl\u00e9ctico y arenoso basado en samplers de jazz, funk, soul y R&amp;B.<\/p>\n<p>Midnight Marauders debut\u00f3 en el n\u00famero ocho en el Billboard 200 y en el n\u00famero uno en la lista Top R&amp;B\/Hip-Hop Albums. Los dos primeros sencillos, \u00abElectric Relaxation\u00bb y \u00abAward Tour\u00bb, figuraron en el Billboard Hot 100, antes del lanzamiento del \u00faltimo sencillo, \u00abOh My God\u00bb. El 14 de enero de 1994, el \u00e1lbum fue certificado oro por la Recording Industry Association of America (RIAA), con ventas de 500.000 copias en los Estados Unidos. Fue certificado platino por la RIAA casi un a\u00f1o despu\u00e9s, el 11 de enero de 1995, con ventas de un mill\u00f3n de copias.<\/p>\n<p>El \u00e1lbum recibi\u00f3 cr\u00edticas en su mayor\u00eda positivas tras su lanzamiento. En los a\u00f1os siguientes, Midnight Marauders ha adquirido m\u00e1s elogios dentro de la comunidad hip hop por su producci\u00f3n, qu\u00edmica e influencia, y algunos lo consideran el mejor trabajo del grupo y uno de los mejores \u00e1lbumes de hip hop de todos los tiempos. Varios periodistas especializados lo han acreditado como contribuyente a una \u00absegunda edad de oro\u00bb del hip hop a mediados de la d\u00e9cada de 1990, as\u00ed como el pin\u00e1culo del movimiento Native Tongues. En 2020, ocup\u00f3 el puesto 201 en la lista de Rolling Stone de los 500 mejores \u00e1lbumes de todos los tiempos.<\/p>","protected":false},"excerpt":{"rendered":"<p>Jive, Sony Music \u200e\u2013 012414149015<\/p>\n<p>LP en edici\u00f3n UE de Sony Music<\/p>","protected":false},"featured_media":587,"template":"","meta":[],"product_brand":[218,122],"product_cat":[74],"product_tag":[],"class_list":{"0":"post-586","1":"product","2":"type-product","3":"status-publish","4":"has-post-thumbnail","6":"product_brand-jive-records","7":"product_brand-sony-music","8":"product_cat-hip-hop","10":"first","11":"instock","12":"taxable","13":"shipping-taxable","14":"purchasable","15":"product-type-simple"},"yoast_head":"<!-- This site is optimized with the Yoast SEO plugin v27.4 - https:\/\/yoast.com\/product\/yoast-seo-wordpress\/ -->\n<title>A Tribe Called Quest \u200e\u2013 Midnight Marauders - DISCOS REDONDOS<\/title>\n<meta name=\"description\" content=\"A Tribe Called Quest - Midnight Marauders - Jive, Sony Music \u200e\u2013 012414149015 LP en edici\u00f3n de Sony Music, prensado en la Uni\u00f3n Europea\" \/>\n<meta name=\"robots\" content=\"index, follow, max-snippet:-1, max-image-preview:large, max-video-preview:-1\" \/>\n<link rel=\"canonical\" href=\"https:\/\/discos-redondos.es\/ca\/producte\/a-tribe-called-quest-\u200e-midnight-marauders\/\" \/>\n<meta property=\"og:locale\" content=\"ca_ES\" \/>\n<meta property=\"og:type\" content=\"article\" \/>\n<meta property=\"og:title\" content=\"A Tribe Called Quest \u200e\u2013 Midnight Marauders - DISCOS REDONDOS\" \/>\n<meta property=\"og:description\" content=\"A Tribe Called Quest - Midnight Marauders - Jive, Sony Music \u200e\u2013 012414149015 LP en edici\u00f3n de Sony Music, prensado en la Uni\u00f3n Europea\" \/>\n<meta property=\"og:url\" content=\"https:\/\/discos-redondos.es\/ca\/producte\/a-tribe-called-quest-\u200e-midnight-marauders\/\" \/>\n<meta property=\"og:site_name\" content=\"DISCOS REDONDOS\" \/>\n<meta property=\"article:publisher\" content=\"https:\/\/www.facebook.com\/discosredondos45\" \/>\n<meta property=\"article:modified_time\" content=\"2026-04-09T18:43:46+00:00\" \/>\n<meta property=\"og:image\" content=\"https:\/\/discos-redondos.es\/wp-content\/uploads\/2021\/04\/A-Tribe-Called-Quest-\u200e\u2013-Midnight-Marauders.jpg\" \/>\n\t<meta property=\"og:image:width\" content=\"600\" \/>\n\t<meta property=\"og:image:height\" content=\"600\" \/>\n\t<meta property=\"og:image:type\" content=\"image\/jpeg\" \/>\n<meta name=\"twitter:card\" content=\"summary_large_image\" \/>\n<meta name=\"twitter:label1\" content=\"Temps estimat de lectura\" \/>\n\t<meta name=\"twitter:data1\" content=\"2 minuts\" \/>\n<script type=\"application\/ld+json\" class=\"yoast-schema-graph\">{\"@context\":\"https:\\\/\\\/schema.org\",\"@graph\":[{\"@type\":\"WebPage\",\"@id\":\"https:\\\/\\\/discos-redondos.es\\\/producto\\\/a-tribe-called-quest-%e2%80%8e-midnight-marauders\",\"url\":\"https:\\\/\\\/discos-redondos.es\\\/producto\\\/a-tribe-called-quest-%e2%80%8e-midnight-marauders\",\"name\":\"A Tribe Called Quest \u200e\u2013 Midnight Marauders - DISCOS REDONDOS\",\"isPartOf\":{\"@id\":\"https:\\\/\\\/discos-redondos.es\\\/#website\"},\"primaryImageOfPage\":{\"@id\":\"https:\\\/\\\/discos-redondos.es\\\/producto\\\/a-tribe-called-quest-%e2%80%8e-midnight-marauders#primaryimage\"},\"image\":{\"@id\":\"https:\\\/\\\/discos-redondos.es\\\/producto\\\/a-tribe-called-quest-%e2%80%8e-midnight-marauders#primaryimage\"},\"thumbnailUrl\":\"https:\\\/\\\/discos-redondos.es\\\/wp-content\\\/uploads\\\/2021\\\/04\\\/A-Tribe-Called-Quest-\u200e\u2013-Midnight-Marauders.jpg\",\"datePublished\":\"2021-04-29T15:20:53+00:00\",\"dateModified\":\"2026-04-09T18:43:46+00:00\",\"description\":\"A Tribe Called Quest - Midnight Marauders - Jive, Sony Music \u200e\u2013 012414149015 LP en edici\u00f3n de Sony Music, prensado en la Uni\u00f3n Europea\",\"breadcrumb\":{\"@id\":\"https:\\\/\\\/discos-redondos.es\\\/producto\\\/a-tribe-called-quest-%e2%80%8e-midnight-marauders#breadcrumb\"},\"inLanguage\":\"ca\",\"potentialAction\":[{\"@type\":\"ReadAction\",\"target\":[\"https:\\\/\\\/discos-redondos.es\\\/producto\\\/a-tribe-called-quest-%e2%80%8e-midnight-marauders\"]}]},{\"@type\":\"ImageObject\",\"inLanguage\":\"ca\",\"@id\":\"https:\\\/\\\/discos-redondos.es\\\/producto\\\/a-tribe-called-quest-%e2%80%8e-midnight-marauders#primaryimage\",\"url\":\"https:\\\/\\\/discos-redondos.es\\\/wp-content\\\/uploads\\\/2021\\\/04\\\/A-Tribe-Called-Quest-\u200e\u2013-Midnight-Marauders.jpg\",\"contentUrl\":\"https:\\\/\\\/discos-redondos.es\\\/wp-content\\\/uploads\\\/2021\\\/04\\\/A-Tribe-Called-Quest-\u200e\u2013-Midnight-Marauders.jpg\",\"width\":600,\"height\":600,\"caption\":\"A Tribe Called Quest \u200e\u2013 Midnight Marauders\"},{\"@type\":\"BreadcrumbList\",\"@id\":\"https:\\\/\\\/discos-redondos.es\\\/producto\\\/a-tribe-called-quest-%e2%80%8e-midnight-marauders#breadcrumb\",\"itemListElement\":[{\"@type\":\"ListItem\",\"position\":1,\"name\":\"Portada\",\"item\":\"https:\\\/\\\/discos-redondos.es\\\/\"},{\"@type\":\"ListItem\",\"position\":2,\"name\":\"Tienda\",\"item\":\"https:\\\/\\\/discos-redondos.es\\\/?page_id=487\"},{\"@type\":\"ListItem\",\"position\":3,\"name\":\"A Tribe Called Quest \u200e\u2013 Midnight Marauders\"}]},{\"@type\":\"WebSite\",\"@id\":\"https:\\\/\\\/discos-redondos.es\\\/#website\",\"url\":\"https:\\\/\\\/discos-redondos.es\\\/\",\"name\":\"Discos Redondos\",\"description\":\"Tu tienda de discos en Barcelona\",\"publisher\":{\"@id\":\"https:\\\/\\\/discos-redondos.es\\\/#organization\"},\"alternateName\":\"Discos Redondos\",\"potentialAction\":[{\"@type\":\"SearchAction\",\"target\":{\"@type\":\"EntryPoint\",\"urlTemplate\":\"https:\\\/\\\/discos-redondos.es\\\/?s={search_term_string}\"},\"query-input\":{\"@type\":\"PropertyValueSpecification\",\"valueRequired\":true,\"valueName\":\"search_term_string\"}}],\"inLanguage\":\"ca\"},{\"@type\":\"Organization\",\"@id\":\"https:\\\/\\\/discos-redondos.es\\\/#organization\",\"name\":\"Discos Redondos\",\"url\":\"https:\\\/\\\/discos-redondos.es\\\/\",\"logo\":{\"@type\":\"ImageObject\",\"inLanguage\":\"ca\",\"@id\":\"https:\\\/\\\/discos-redondos.es\\\/#\\\/schema\\\/logo\\\/image\\\/\",\"url\":\"https:\\\/\\\/discos-redondos.es\\\/wp-content\\\/uploads\\\/2023\\\/04\\\/aaff-logo-raval-1-1.jpg\",\"contentUrl\":\"https:\\\/\\\/discos-redondos.es\\\/wp-content\\\/uploads\\\/2023\\\/04\\\/aaff-logo-raval-1-1.jpg\",\"width\":2362,\"height\":1441,\"caption\":\"Discos Redondos\"},\"image\":{\"@id\":\"https:\\\/\\\/discos-redondos.es\\\/#\\\/schema\\\/logo\\\/image\\\/\"},\"sameAs\":[\"https:\\\/\\\/www.facebook.com\\\/discosredondos45\",\"https:\\\/\\\/www.instagram.com\\\/discos.redondos33\\\/?hl=es\",\"https:\\\/\\\/discos-redondos.bandcamp.com\\\/\"]}]}<\/script>\n<!-- \/ Yoast SEO plugin. -->","yoast_head_json":{"title":"A Tribe Called Quest \u200e\u2013 Midnight Marauders - DISCOS REDONDOS","description":"A Tribe Called Quest - Midnight Marauders - Jive, Sony Music \u200e\u2013 012414149015 LP en edici\u00f3n de Sony Music, prensado en la Uni\u00f3n Europea","robots":{"index":"index","follow":"follow","max-snippet":"max-snippet:-1","max-image-preview":"max-image-preview:large","max-video-preview":"max-video-preview:-1"},"canonical":"https:\/\/discos-redondos.es\/ca\/producte\/a-tribe-called-quest-\u200e-midnight-marauders\/","og_locale":"ca_ES","og_type":"article","og_title":"A Tribe Called Quest \u200e\u2013 Midnight Marauders - DISCOS REDONDOS","og_description":"A Tribe Called Quest - Midnight Marauders - Jive, Sony Music \u200e\u2013 012414149015 LP en edici\u00f3n de Sony Music, prensado en la Uni\u00f3n Europea","og_url":"https:\/\/discos-redondos.es\/ca\/producte\/a-tribe-called-quest-\u200e-midnight-marauders\/","og_site_name":"DISCOS REDONDOS","article_publisher":"https:\/\/www.facebook.com\/discosredondos45","article_modified_time":"2026-04-09T18:43:46+00:00","og_image":[{"width":600,"height":600,"url":"https:\/\/discos-redondos.es\/wp-content\/uploads\/2021\/04\/A-Tribe-Called-Quest-\u200e\u2013-Midnight-Marauders.jpg","type":"image\/jpeg"}],"twitter_card":"summary_large_image","twitter_misc":{"Temps estimat de lectura":"2 minuts"},"schema":{"@context":"https:\/\/schema.org","@graph":[{"@type":"WebPage","@id":"https:\/\/discos-redondos.es\/producto\/a-tribe-called-quest-%e2%80%8e-midnight-marauders","url":"https:\/\/discos-redondos.es\/producto\/a-tribe-called-quest-%e2%80%8e-midnight-marauders","name":"A Tribe Called Quest \u200e\u2013 Midnight Marauders - DISCOS REDONDOS","isPartOf":{"@id":"https:\/\/discos-redondos.es\/#website"},"primaryImageOfPage":{"@id":"https:\/\/discos-redondos.es\/producto\/a-tribe-called-quest-%e2%80%8e-midnight-marauders#primaryimage"},"image":{"@id":"https:\/\/discos-redondos.es\/producto\/a-tribe-called-quest-%e2%80%8e-midnight-marauders#primaryimage"},"thumbnailUrl":"https:\/\/discos-redondos.es\/wp-content\/uploads\/2021\/04\/A-Tribe-Called-Quest-\u200e\u2013-Midnight-Marauders.jpg","datePublished":"2021-04-29T15:20:53+00:00","dateModified":"2026-04-09T18:43:46+00:00","description":"A Tribe Called Quest - Midnight Marauders - Jive, Sony Music \u200e\u2013 012414149015 LP en edici\u00f3n de Sony Music, prensado en la Uni\u00f3n Europea","breadcrumb":{"@id":"https:\/\/discos-redondos.es\/producto\/a-tribe-called-quest-%e2%80%8e-midnight-marauders#breadcrumb"},"inLanguage":"ca","potentialAction":[{"@type":"ReadAction","target":["https:\/\/discos-redondos.es\/producto\/a-tribe-called-quest-%e2%80%8e-midnight-marauders"]}]},{"@type":"ImageObject","inLanguage":"ca","@id":"https:\/\/discos-redondos.es\/producto\/a-tribe-called-quest-%e2%80%8e-midnight-marauders#primaryimage","url":"https:\/\/discos-redondos.es\/wp-content\/uploads\/2021\/04\/A-Tribe-Called-Quest-\u200e\u2013-Midnight-Marauders.jpg","contentUrl":"https:\/\/discos-redondos.es\/wp-content\/uploads\/2021\/04\/A-Tribe-Called-Quest-\u200e\u2013-Midnight-Marauders.jpg","width":600,"height":600,"caption":"A Tribe Called Quest \u200e\u2013 Midnight Marauders"},{"@type":"BreadcrumbList","@id":"https:\/\/discos-redondos.es\/producto\/a-tribe-called-quest-%e2%80%8e-midnight-marauders#breadcrumb","itemListElement":[{"@type":"ListItem","position":1,"name":"Portada","item":"https:\/\/discos-redondos.es\/"},{"@type":"ListItem","position":2,"name":"Tienda","item":"https:\/\/discos-redondos.es\/?page_id=487"},{"@type":"ListItem","position":3,"name":"A Tribe Called Quest \u200e\u2013 Midnight Marauders"}]},{"@type":"WebSite","@id":"https:\/\/discos-redondos.es\/#website","url":"https:\/\/discos-redondos.es\/","name":"Discos Redondos","description":"La teva botiga de discos a Barcelona","publisher":{"@id":"https:\/\/discos-redondos.es\/#organization"},"alternateName":"Discos Redondos","potentialAction":[{"@type":"SearchAction","target":{"@type":"EntryPoint","urlTemplate":"https:\/\/discos-redondos.es\/?s={search_term_string}"},"query-input":{"@type":"PropertyValueSpecification","valueRequired":true,"valueName":"search_term_string"}}],"inLanguage":"ca"},{"@type":"Organization","@id":"https:\/\/discos-redondos.es\/#organization","name":"Discos Redondos","url":"https:\/\/discos-redondos.es\/","logo":{"@type":"ImageObject","inLanguage":"ca","@id":"https:\/\/discos-redondos.es\/#\/schema\/logo\/image\/","url":"https:\/\/discos-redondos.es\/wp-content\/uploads\/2023\/04\/aaff-logo-raval-1-1.jpg","contentUrl":"https:\/\/discos-redondos.es\/wp-content\/uploads\/2023\/04\/aaff-logo-raval-1-1.jpg","width":2362,"height":1441,"caption":"Discos Redondos"},"image":{"@id":"https:\/\/discos-redondos.es\/#\/schema\/logo\/image\/"},"sameAs":["https:\/\/www.facebook.com\/discosredondos45","https:\/\/www.instagram.com\/discos.redondos33\/?hl=es","https:\/\/discos-redondos.bandcamp.com\/"]}]}},"_links":{"self":[{"href":"https:\/\/discos-redondos.es\/ca\/wp-json\/wp\/v2\/product\/586","targetHints":{"allow":["GET"]}}],"collection":[{"href":"https:\/\/discos-redondos.es\/ca\/wp-json\/wp\/v2\/product"}],"about":[{"href":"https:\/\/discos-redondos.es\/ca\/wp-json\/wp\/v2\/types\/product"}],"wp:featuredmedia":[{"embeddable":true,"href":"https:\/\/discos-redondos.es\/ca\/wp-json\/wp\/v2\/media\/587"}],"wp:attachment":[{"href":"https:\/\/discos-redondos.es\/ca\/wp-json\/wp\/v2\/media?parent=586"}],"wp:term":[{"taxonomy":"product_brand","embeddable":true,"href":"https:\/\/discos-redondos.es\/ca\/wp-json\/wp\/v2\/product_brand?post=586"},{"taxonomy":"product_cat","embeddable":true,"href":"https:\/\/discos-redondos.es\/ca\/wp-json\/wp\/v2\/product_cat?post=586"},{"taxonomy":"product_tag","embeddable":true,"href":"https:\/\/discos-redondos.es\/ca\/wp-json\/wp\/v2\/product_tag?post=586"}],"curies":[{"name":"wp","href":"https:\/\/api.w.org\/{rel}","templated":true}]}}