{"id":6121,"date":"2023-07-17T14:13:55","date_gmt":"2023-07-17T14:13:55","guid":{"rendered":"https:\/\/discos-redondos.es\/?post_type=product&#038;p=6121"},"modified":"2026-03-30T16:36:22","modified_gmt":"2026-03-30T16:36:22","slug":"herbie-hancock-maiden-voyage","status":"publish","type":"product","link":"https:\/\/discos-redondos.es\/ca\/producte\/herbie-hancock-maiden-voyage","title":{"rendered":"Herbie Hancock &#8211; Maiden Voyage"},"content":{"rendered":"<p><strong>Herbie Hancock &#8211; Maiden Voyage<\/strong><\/p>\n<p><strong>Tracklist<\/strong><\/p>\n<table class=\"tracklist_3QGRS\">\n<tbody>\n<tr data-track-position=\"A1\">\n<td class=\"trackPos_2RCje\">A1<\/td>\n<td class=\"artist_3zAQD\"><\/td>\n<td class=\"trackTitle_CTKp4\"><span class=\"trackTitle_CTKp4\">Maiden Voyage<\/span><\/td>\n<td class=\"duration_2t4qr\">7:57<\/td>\n<\/tr>\n<tr data-track-position=\"A2\">\n<td class=\"trackPos_2RCje\">A2<\/td>\n<td class=\"artist_3zAQD\"><\/td>\n<td class=\"trackTitle_CTKp4\"><span class=\"trackTitle_CTKp4\">The Eye Of The Hurricane<\/span><\/td>\n<td class=\"duration_2t4qr\">6:01<\/td>\n<\/tr>\n<tr data-track-position=\"A3\">\n<td class=\"trackPos_2RCje\">A3<\/td>\n<td class=\"artist_3zAQD\"><\/td>\n<td class=\"trackTitle_CTKp4\"><span class=\"trackTitle_CTKp4\">Little One<\/span><\/td>\n<td class=\"duration_2t4qr\">8:47<\/td>\n<\/tr>\n<tr data-track-position=\"B1\">\n<td class=\"trackPos_2RCje\">B1<\/td>\n<td class=\"artist_3zAQD\"><\/td>\n<td class=\"trackTitle_CTKp4\"><span class=\"trackTitle_CTKp4\">Survival Of The Fittest<\/span><\/td>\n<td class=\"duration_2t4qr\">10:03<\/td>\n<\/tr>\n<tr data-track-position=\"B2\">\n<td class=\"trackPos_2RCje\">B2<\/td>\n<td class=\"artist_3zAQD\"><\/td>\n<td class=\"trackTitle_CTKp4\"><span class=\"trackTitle_CTKp4\">Dolphin Dance<\/span><\/td>\n<td class=\"duration_2t4qr\">9:16<\/td>\n<\/tr>\n<\/tbody>\n<\/table>\n<p>&nbsp;<\/p>\n<p><iframe loading=\"lazy\" title=\"Herbie Hancock - Maiden Voyage\" width=\"832\" height=\"624\" src=\"https:\/\/www.youtube.com\/embed\/hwmRQ0PBtXU?feature=oembed\" frameborder=\"0\" allow=\"accelerometer; autoplay; clipboard-write; encrypted-media; gyroscope; picture-in-picture; web-share\" referrerpolicy=\"strict-origin-when-cross-origin\" allowfullscreen><\/iframe><\/p>\n<p>&nbsp;<\/p>\n<p>Incluso en comparaci\u00f3n con la tremenda producci\u00f3n de Herbie Hancock para Blue Note en la d\u00e9cada de 1960, Maiden Voyage de 1965 sigue siendo uno de los logros art\u00edsticos m\u00e1s destacados de la carrera del gran pianista. Hancock est\u00e1 acompa\u00f1ado aqu\u00ed por sus compa\u00f1eros de Miles Davis Quintet Ron Carter al bajo y Tony Williams a la bater\u00eda, junto con Freddie Hubbard a la trompeta y George Coleman al saxo tenor.<\/p>\n<p>El quinteto se embarca en una exploraci\u00f3n oce\u00e1nica de cinco composiciones originales de Hancock, varias de las cuales se han convertido desde entonces en est\u00e1ndares perdurables del l\u00e9xico jazz\u00edstico, incluyendo el tema titular, \u00abEye of the Hurricane\u00bb y \u00abDolphin Dance\u00bb.<\/p>","protected":false},"excerpt":{"rendered":"<p>Blue Note, UMe \u2013 602465117462, 3593196, 84195, ST-84195, BST 84195<\/p>\n<p>LP en vinilo de 180 gramos con OBI perteneciente a la serie 85 aniversario de Blue Note<\/p>","protected":false},"featured_media":12093,"template":"","meta":[],"product_brand":[140,124],"product_cat":[77],"product_tag":[],"class_list":{"0":"post-6121","1":"product","2":"type-product","3":"status-publish","4":"has-post-thumbnail","6":"product_brand-blue-note","7":"product_brand-universal-music-group","8":"product_cat-jazz","10":"first","11":"outofstock","12":"taxable","13":"shipping-taxable","14":"purchasable","15":"product-type-simple"},"yoast_head":"<!-- This site is optimized with the Yoast SEO plugin v27.4 - https:\/\/yoast.com\/product\/yoast-seo-wordpress\/ -->\n<title>Herbie Hancock - Maiden Voyage - DISCOS REDONDOS<\/title>\n<meta name=\"description\" content=\"Herbie Hancock - Maiden Voyage - Blue Note, UMe \u2013 602465117462, 3593196, 84195, ST-84195, BST 84195LP en vinilo de 180 gramos con OBI\" \/>\n<meta name=\"robots\" content=\"index, follow, max-snippet:-1, max-image-preview:large, max-video-preview:-1\" \/>\n<link rel=\"canonical\" href=\"https:\/\/discos-redondos.es\/ca\/producte\/herbie-hancock-maiden-voyage\/\" \/>\n<meta property=\"og:locale\" content=\"ca_ES\" \/>\n<meta property=\"og:type\" content=\"article\" \/>\n<meta property=\"og:title\" content=\"Herbie Hancock - Maiden Voyage - DISCOS REDONDOS\" \/>\n<meta property=\"og:description\" content=\"Herbie Hancock - Maiden Voyage - Blue Note, UMe \u2013 602465117462, 3593196, 84195, ST-84195, BST 84195LP en vinilo de 180 gramos con OBI\" \/>\n<meta property=\"og:url\" content=\"https:\/\/discos-redondos.es\/ca\/producte\/herbie-hancock-maiden-voyage\/\" \/>\n<meta property=\"og:site_name\" content=\"DISCOS REDONDOS\" \/>\n<meta property=\"article:publisher\" content=\"https:\/\/www.facebook.com\/discosredondos45\" \/>\n<meta property=\"article:modified_time\" content=\"2026-03-30T16:36:22+00:00\" \/>\n<meta property=\"og:image\" content=\"https:\/\/discos-redondos.es\/wp-content\/uploads\/2023\/07\/Herbie-Hancock-Maiden-Voyage.jpeg\" \/>\n\t<meta property=\"og:image:width\" content=\"600\" \/>\n\t<meta property=\"og:image:height\" content=\"600\" \/>\n\t<meta property=\"og:image:type\" content=\"image\/jpeg\" \/>\n<meta name=\"twitter:card\" content=\"summary_large_image\" \/>\n<meta name=\"twitter:label1\" content=\"Temps estimat de lectura\" \/>\n\t<meta name=\"twitter:data1\" content=\"1 minut\" \/>\n<script type=\"application\/ld+json\" class=\"yoast-schema-graph\">{\"@context\":\"https:\\\/\\\/schema.org\",\"@graph\":[{\"@type\":\"WebPage\",\"@id\":\"https:\\\/\\\/discos-redondos.es\\\/producto\\\/herbie-hancock-maiden-voyage\",\"url\":\"https:\\\/\\\/discos-redondos.es\\\/producto\\\/herbie-hancock-maiden-voyage\",\"name\":\"Herbie Hancock - Maiden Voyage - DISCOS REDONDOS\",\"isPartOf\":{\"@id\":\"https:\\\/\\\/discos-redondos.es\\\/#website\"},\"primaryImageOfPage\":{\"@id\":\"https:\\\/\\\/discos-redondos.es\\\/producto\\\/herbie-hancock-maiden-voyage#primaryimage\"},\"image\":{\"@id\":\"https:\\\/\\\/discos-redondos.es\\\/producto\\\/herbie-hancock-maiden-voyage#primaryimage\"},\"thumbnailUrl\":\"https:\\\/\\\/discos-redondos.es\\\/wp-content\\\/uploads\\\/2023\\\/07\\\/Herbie-Hancock-Maiden-Voyage.jpeg\",\"datePublished\":\"2023-07-17T14:13:55+00:00\",\"dateModified\":\"2026-03-30T16:36:22+00:00\",\"description\":\"Herbie Hancock - Maiden Voyage - Blue Note, UMe \u2013 602465117462, 3593196, 84195, ST-84195, BST 84195LP en vinilo de 180 gramos con OBI\",\"breadcrumb\":{\"@id\":\"https:\\\/\\\/discos-redondos.es\\\/producto\\\/herbie-hancock-maiden-voyage#breadcrumb\"},\"inLanguage\":\"ca\",\"potentialAction\":[{\"@type\":\"ReadAction\",\"target\":[\"https:\\\/\\\/discos-redondos.es\\\/producto\\\/herbie-hancock-maiden-voyage\"]}]},{\"@type\":\"ImageObject\",\"inLanguage\":\"ca\",\"@id\":\"https:\\\/\\\/discos-redondos.es\\\/producto\\\/herbie-hancock-maiden-voyage#primaryimage\",\"url\":\"https:\\\/\\\/discos-redondos.es\\\/wp-content\\\/uploads\\\/2023\\\/07\\\/Herbie-Hancock-Maiden-Voyage.jpeg\",\"contentUrl\":\"https:\\\/\\\/discos-redondos.es\\\/wp-content\\\/uploads\\\/2023\\\/07\\\/Herbie-Hancock-Maiden-Voyage.jpeg\",\"width\":600,\"height\":600,\"caption\":\"Herbie Hancock - Maiden Voyage\"},{\"@type\":\"BreadcrumbList\",\"@id\":\"https:\\\/\\\/discos-redondos.es\\\/producto\\\/herbie-hancock-maiden-voyage#breadcrumb\",\"itemListElement\":[{\"@type\":\"ListItem\",\"position\":1,\"name\":\"Portada\",\"item\":\"https:\\\/\\\/discos-redondos.es\\\/\"},{\"@type\":\"ListItem\",\"position\":2,\"name\":\"Tienda\",\"item\":\"https:\\\/\\\/discos-redondos.es\\\/?page_id=487\"},{\"@type\":\"ListItem\",\"position\":3,\"name\":\"Herbie Hancock &#8211; Maiden Voyage\"}]},{\"@type\":\"WebSite\",\"@id\":\"https:\\\/\\\/discos-redondos.es\\\/#website\",\"url\":\"https:\\\/\\\/discos-redondos.es\\\/\",\"name\":\"Discos Redondos\",\"description\":\"Tu tienda de discos en Barcelona\",\"publisher\":{\"@id\":\"https:\\\/\\\/discos-redondos.es\\\/#organization\"},\"alternateName\":\"Discos Redondos\",\"potentialAction\":[{\"@type\":\"SearchAction\",\"target\":{\"@type\":\"EntryPoint\",\"urlTemplate\":\"https:\\\/\\\/discos-redondos.es\\\/?s={search_term_string}\"},\"query-input\":{\"@type\":\"PropertyValueSpecification\",\"valueRequired\":true,\"valueName\":\"search_term_string\"}}],\"inLanguage\":\"ca\"},{\"@type\":\"Organization\",\"@id\":\"https:\\\/\\\/discos-redondos.es\\\/#organization\",\"name\":\"Discos Redondos\",\"url\":\"https:\\\/\\\/discos-redondos.es\\\/\",\"logo\":{\"@type\":\"ImageObject\",\"inLanguage\":\"ca\",\"@id\":\"https:\\\/\\\/discos-redondos.es\\\/#\\\/schema\\\/logo\\\/image\\\/\",\"url\":\"https:\\\/\\\/discos-redondos.es\\\/wp-content\\\/uploads\\\/2023\\\/04\\\/aaff-logo-raval-1-1.jpg\",\"contentUrl\":\"https:\\\/\\\/discos-redondos.es\\\/wp-content\\\/uploads\\\/2023\\\/04\\\/aaff-logo-raval-1-1.jpg\",\"width\":2362,\"height\":1441,\"caption\":\"Discos Redondos\"},\"image\":{\"@id\":\"https:\\\/\\\/discos-redondos.es\\\/#\\\/schema\\\/logo\\\/image\\\/\"},\"sameAs\":[\"https:\\\/\\\/www.facebook.com\\\/discosredondos45\",\"https:\\\/\\\/www.instagram.com\\\/discos.redondos33\\\/?hl=es\",\"https:\\\/\\\/discos-redondos.bandcamp.com\\\/\"]}]}<\/script>\n<!-- \/ Yoast SEO plugin. -->","yoast_head_json":{"title":"Herbie Hancock - Maiden Voyage - DISCOS REDONDOS","description":"Herbie Hancock - Maiden Voyage - Blue Note, UMe \u2013 602465117462, 3593196, 84195, ST-84195, BST 84195LP en vinilo de 180 gramos con OBI","robots":{"index":"index","follow":"follow","max-snippet":"max-snippet:-1","max-image-preview":"max-image-preview:large","max-video-preview":"max-video-preview:-1"},"canonical":"https:\/\/discos-redondos.es\/ca\/producte\/herbie-hancock-maiden-voyage\/","og_locale":"ca_ES","og_type":"article","og_title":"Herbie Hancock - Maiden Voyage - DISCOS REDONDOS","og_description":"Herbie Hancock - Maiden Voyage - Blue Note, UMe \u2013 602465117462, 3593196, 84195, ST-84195, BST 84195LP en vinilo de 180 gramos con OBI","og_url":"https:\/\/discos-redondos.es\/ca\/producte\/herbie-hancock-maiden-voyage\/","og_site_name":"DISCOS REDONDOS","article_publisher":"https:\/\/www.facebook.com\/discosredondos45","article_modified_time":"2026-03-30T16:36:22+00:00","og_image":[{"width":600,"height":600,"url":"https:\/\/discos-redondos.es\/wp-content\/uploads\/2023\/07\/Herbie-Hancock-Maiden-Voyage.jpeg","type":"image\/jpeg"}],"twitter_card":"summary_large_image","twitter_misc":{"Temps estimat de lectura":"1 minut"},"schema":{"@context":"https:\/\/schema.org","@graph":[{"@type":"WebPage","@id":"https:\/\/discos-redondos.es\/producto\/herbie-hancock-maiden-voyage","url":"https:\/\/discos-redondos.es\/producto\/herbie-hancock-maiden-voyage","name":"Herbie Hancock - Maiden Voyage - DISCOS REDONDOS","isPartOf":{"@id":"https:\/\/discos-redondos.es\/#website"},"primaryImageOfPage":{"@id":"https:\/\/discos-redondos.es\/producto\/herbie-hancock-maiden-voyage#primaryimage"},"image":{"@id":"https:\/\/discos-redondos.es\/producto\/herbie-hancock-maiden-voyage#primaryimage"},"thumbnailUrl":"https:\/\/discos-redondos.es\/wp-content\/uploads\/2023\/07\/Herbie-Hancock-Maiden-Voyage.jpeg","datePublished":"2023-07-17T14:13:55+00:00","dateModified":"2026-03-30T16:36:22+00:00","description":"Herbie Hancock - Maiden Voyage - Blue Note, UMe \u2013 602465117462, 3593196, 84195, ST-84195, BST 84195LP en vinilo de 180 gramos con OBI","breadcrumb":{"@id":"https:\/\/discos-redondos.es\/producto\/herbie-hancock-maiden-voyage#breadcrumb"},"inLanguage":"ca","potentialAction":[{"@type":"ReadAction","target":["https:\/\/discos-redondos.es\/producto\/herbie-hancock-maiden-voyage"]}]},{"@type":"ImageObject","inLanguage":"ca","@id":"https:\/\/discos-redondos.es\/producto\/herbie-hancock-maiden-voyage#primaryimage","url":"https:\/\/discos-redondos.es\/wp-content\/uploads\/2023\/07\/Herbie-Hancock-Maiden-Voyage.jpeg","contentUrl":"https:\/\/discos-redondos.es\/wp-content\/uploads\/2023\/07\/Herbie-Hancock-Maiden-Voyage.jpeg","width":600,"height":600,"caption":"Herbie Hancock - Maiden Voyage"},{"@type":"BreadcrumbList","@id":"https:\/\/discos-redondos.es\/producto\/herbie-hancock-maiden-voyage#breadcrumb","itemListElement":[{"@type":"ListItem","position":1,"name":"Portada","item":"https:\/\/discos-redondos.es\/"},{"@type":"ListItem","position":2,"name":"Tienda","item":"https:\/\/discos-redondos.es\/?page_id=487"},{"@type":"ListItem","position":3,"name":"Herbie Hancock &#8211; Maiden Voyage"}]},{"@type":"WebSite","@id":"https:\/\/discos-redondos.es\/#website","url":"https:\/\/discos-redondos.es\/","name":"Discos Redondos","description":"La teva botiga de discos a Barcelona","publisher":{"@id":"https:\/\/discos-redondos.es\/#organization"},"alternateName":"Discos Redondos","potentialAction":[{"@type":"SearchAction","target":{"@type":"EntryPoint","urlTemplate":"https:\/\/discos-redondos.es\/?s={search_term_string}"},"query-input":{"@type":"PropertyValueSpecification","valueRequired":true,"valueName":"search_term_string"}}],"inLanguage":"ca"},{"@type":"Organization","@id":"https:\/\/discos-redondos.es\/#organization","name":"Discos Redondos","url":"https:\/\/discos-redondos.es\/","logo":{"@type":"ImageObject","inLanguage":"ca","@id":"https:\/\/discos-redondos.es\/#\/schema\/logo\/image\/","url":"https:\/\/discos-redondos.es\/wp-content\/uploads\/2023\/04\/aaff-logo-raval-1-1.jpg","contentUrl":"https:\/\/discos-redondos.es\/wp-content\/uploads\/2023\/04\/aaff-logo-raval-1-1.jpg","width":2362,"height":1441,"caption":"Discos Redondos"},"image":{"@id":"https:\/\/discos-redondos.es\/#\/schema\/logo\/image\/"},"sameAs":["https:\/\/www.facebook.com\/discosredondos45","https:\/\/www.instagram.com\/discos.redondos33\/?hl=es","https:\/\/discos-redondos.bandcamp.com\/"]}]}},"_links":{"self":[{"href":"https:\/\/discos-redondos.es\/ca\/wp-json\/wp\/v2\/product\/6121","targetHints":{"allow":["GET"]}}],"collection":[{"href":"https:\/\/discos-redondos.es\/ca\/wp-json\/wp\/v2\/product"}],"about":[{"href":"https:\/\/discos-redondos.es\/ca\/wp-json\/wp\/v2\/types\/product"}],"wp:featuredmedia":[{"embeddable":true,"href":"https:\/\/discos-redondos.es\/ca\/wp-json\/wp\/v2\/media\/12093"}],"wp:attachment":[{"href":"https:\/\/discos-redondos.es\/ca\/wp-json\/wp\/v2\/media?parent=6121"}],"wp:term":[{"taxonomy":"product_brand","embeddable":true,"href":"https:\/\/discos-redondos.es\/ca\/wp-json\/wp\/v2\/product_brand?post=6121"},{"taxonomy":"product_cat","embeddable":true,"href":"https:\/\/discos-redondos.es\/ca\/wp-json\/wp\/v2\/product_cat?post=6121"},{"taxonomy":"product_tag","embeddable":true,"href":"https:\/\/discos-redondos.es\/ca\/wp-json\/wp\/v2\/product_tag?post=6121"}],"curies":[{"name":"wp","href":"https:\/\/api.w.org\/{rel}","templated":true}]}}