{"id":6186,"date":"2023-07-17T17:29:55","date_gmt":"2023-07-17T17:29:55","guid":{"rendered":"https:\/\/discos-redondos.es\/?post_type=product&#038;p=6186"},"modified":"2026-03-14T13:03:57","modified_gmt":"2026-03-14T13:03:57","slug":"eabs-jaubi-in-search-of-a-better-tomorrow","status":"publish","type":"product","link":"https:\/\/discos-redondos.es\/ca\/producte\/eabs-jaubi-in-search-of-a-better-tomorrow","title":{"rendered":"EABS \/ Jaubi &#8211; In Search of a Better Tomorrow"},"content":{"rendered":"<p><strong>EABS \/ Jaubi &#8211; In Search of a Better Tomorrow<\/strong><\/p>\n<p><strong>Tracklist<\/strong><\/p>\n<table class=\"tracklist_3QGRS\">\n<tbody>\n<tr data-track-position=\"1\">\n<td class=\"trackPos_2RCje\">1<\/td>\n<td class=\"artist_3zAQD\"><\/td>\n<td class=\"trackTitle_CTKp4\"><span class=\"trackTitle_CTKp4\">Yesterday<\/span><\/td>\n<td class=\"duration_2t4qr\">1:23<\/td>\n<\/tr>\n<tr data-track-position=\"2\">\n<td class=\"trackPos_2RCje\">2<\/td>\n<td class=\"artist_3zAQD\"><\/td>\n<td class=\"trackTitle_CTKp4\"><span class=\"trackTitle_CTKp4\">Judgement Day<\/span><\/td>\n<td class=\"duration_2t4qr\">3:59<\/td>\n<\/tr>\n<tr data-track-position=\"3\">\n<td class=\"trackPos_2RCje\">3<\/td>\n<td class=\"artist_3zAQD\"><\/td>\n<td class=\"trackTitle_CTKp4\"><span class=\"trackTitle_CTKp4\">Whispers<\/span><\/td>\n<td class=\"duration_2t4qr\">4:42<\/td>\n<\/tr>\n<tr data-track-position=\"4\">\n<td class=\"trackPos_2RCje\">4<\/td>\n<td class=\"artist_3zAQD\"><\/td>\n<td class=\"trackTitle_CTKp4\"><span class=\"trackTitle_CTKp4\">Strange Love<\/span><\/td>\n<td class=\"duration_2t4qr\">5:44<\/td>\n<\/tr>\n<tr data-track-position=\"5\">\n<td class=\"trackPos_2RCje\">5<\/td>\n<td class=\"artist_3zAQD\"><\/td>\n<td class=\"trackTitle_CTKp4\"><span class=\"trackTitle_CTKp4\">People in Between<\/span><\/td>\n<td class=\"duration_2t4qr\">6:41<\/td>\n<\/tr>\n<tr data-track-position=\"6\">\n<td class=\"trackPos_2RCje\">6<\/td>\n<td class=\"artist_3zAQD\"><\/td>\n<td class=\"trackTitle_CTKp4\"><span class=\"trackTitle_CTKp4\">Raise Your Hearts, Drop Your Guns<\/span><\/td>\n<td class=\"duration_2t4qr\">3:22<\/td>\n<\/tr>\n<tr data-track-position=\"7\">\n<td class=\"trackPos_2RCje\">7<\/td>\n<td class=\"artist_3zAQD\"><\/td>\n<td class=\"trackTitle_CTKp4\"><span class=\"trackTitle_CTKp4\">Tomorrow<\/span><\/td>\n<td class=\"duration_2t4qr\">4:46<\/td>\n<\/tr>\n<tr data-track-position=\"8\">\n<td class=\"trackPos_2RCje\">8<\/td>\n<td class=\"artist_3zAQD\"><\/td>\n<td class=\"trackTitle_CTKp4\"><span class=\"trackTitle_CTKp4\">Madhuvanti<\/span><\/td>\n<td class=\"duration_2t4qr\">7:41<\/td>\n<\/tr>\n<tr data-track-position=\"9\">\n<td class=\"trackPos_2RCje\">9<\/td>\n<td class=\"artist_3zAQD\"><\/td>\n<td class=\"trackTitle_CTKp4\"><span class=\"trackTitle_CTKp4\">Moon<\/span><\/td>\n<td class=\"duration_2t4qr\">1:44<\/td>\n<\/tr>\n<tr data-track-position=\"10\">\n<td class=\"trackPos_2RCje\">10<\/td>\n<td class=\"artist_3zAQD\"><\/td>\n<td class=\"trackTitle_CTKp4\"><span class=\"trackTitle_CTKp4\">Sun<\/span><\/td>\n<td class=\"duration_2t4qr\">3:38<\/td>\n<\/tr>\n<\/tbody>\n<\/table>\n<p>&nbsp;<\/p>\n<p><iframe loading=\"lazy\" title=\"EABS meets Jaubi -  In Search of a Better Tomorrow  [Full Album]\" width=\"832\" height=\"468\" src=\"https:\/\/www.youtube.com\/embed\/Oi5m_jH6UQI?feature=oembed\" frameborder=\"0\" allow=\"accelerometer; autoplay; clipboard-write; encrypted-media; gyroscope; picture-in-picture; web-share\" referrerpolicy=\"strict-origin-when-cross-origin\" allowfullscreen><\/iframe><\/p>\n<p><strong>EABS \/ Jaubi &#8211; In Search of a Better Tomorrow:<\/strong><\/p>\n<p>Al principio, EABS fue una especie de movimiento, una idea: reconstrucci\u00f3n de la deconstrucci\u00f3n. Fue un tributo a Ahmad Jamal, Gil Scott-Heron, Jay Dee, Pete Rock y muchos m\u00e1s \u00edconos musicales. Las primeras sesiones reunieron principalmente a m\u00fasicos improvisadores. Algunos de ellos se enteraron de este colectivo por casualidad.<\/p>\n<p>Sorprendentement, el equipo de anfitriones de EABS se ha ido ampliando con algunos pocos m\u00fasicos que ven\u00edan a tocar en las sesiones iniciales con regularidad. As\u00ed, la banda se ha convertido en un collage de talentosos personajes procedentes de diferentes estilos y g\u00e9neros. En \u00faltima instancia, EABS es un septeto.<\/p>\n<p>EABS es el enfoque innovador del jazz a trav\u00e9s del prisma del ambiente hip-hop, ambiente que educ\u00f3 a estos m\u00fasicos. Combinan elementos de soul, funk, hip-hop o electro manteniendo un enfoque fresco de la composici\u00f3n. Adem\u00e1s, EABS busca insuflar fuego al jazz devolvi\u00e9ndole su antiguo esplendor ignorando clich\u00e9s, explorando y experimentando<\/p>\n","protected":false},"excerpt":{"rendered":"<p>Astigmatic Records \u2013 AR024LP<\/p>\n<p>LP editado en Polonia en 2023<\/p>","protected":false},"featured_media":6423,"template":"","meta":[],"product_brand":[],"product_cat":[85],"product_tag":[],"class_list":{"0":"post-6186","1":"product","2":"type-product","3":"status-publish","4":"has-post-thumbnail","6":"product_cat-jazz-contemporaneo","8":"first","9":"outofstock","10":"taxable","11":"shipping-taxable","12":"product-type-simple"},"yoast_head":"<!-- This site is optimized with the Yoast SEO plugin v27.5 - https:\/\/yoast.com\/product\/yoast-seo-wordpress\/ -->\n<title>EABS \/ Jaubi - In Search of a Better Tomorrow - DISCOS REDONDOS<\/title>\n<meta name=\"description\" content=\"EABS \/ Jaubi - In Search of a Better Tomorrow - Astigmatic Records \u2013 AR024LPLP editado en Polonia en 2023\" \/>\n<meta name=\"robots\" content=\"index, follow, max-snippet:-1, max-image-preview:large, max-video-preview:-1\" \/>\n<link rel=\"canonical\" href=\"https:\/\/discos-redondos.es\/ca\/producte\/eabs-jaubi-in-search-of-a-better-tomorrow\/\" \/>\n<meta property=\"og:locale\" content=\"ca_ES\" \/>\n<meta property=\"og:type\" content=\"article\" \/>\n<meta property=\"og:title\" content=\"EABS \/ Jaubi - In Search of a Better Tomorrow - DISCOS REDONDOS\" \/>\n<meta property=\"og:description\" content=\"EABS \/ Jaubi - In Search of a Better Tomorrow - Astigmatic Records \u2013 AR024LPLP editado en Polonia en 2023\" \/>\n<meta property=\"og:url\" content=\"https:\/\/discos-redondos.es\/ca\/producte\/eabs-jaubi-in-search-of-a-better-tomorrow\/\" \/>\n<meta property=\"og:site_name\" content=\"DISCOS REDONDOS\" \/>\n<meta property=\"article:publisher\" content=\"https:\/\/www.facebook.com\/discosredondos45\" \/>\n<meta property=\"article:modified_time\" content=\"2026-03-14T13:03:57+00:00\" \/>\n<meta property=\"og:image\" content=\"https:\/\/discos-redondos.es\/wp-content\/uploads\/2023\/07\/EABS-Jaubi-In-Search-of-a-Better-Tomorrow.jpg\" \/>\n\t<meta property=\"og:image:width\" content=\"600\" \/>\n\t<meta property=\"og:image:height\" content=\"600\" \/>\n\t<meta property=\"og:image:type\" content=\"image\/jpeg\" \/>\n<meta name=\"twitter:card\" content=\"summary_large_image\" \/>\n<meta name=\"twitter:label1\" content=\"Temps estimat de lectura\" \/>\n\t<meta name=\"twitter:data1\" content=\"1 minut\" \/>\n<script type=\"application\/ld+json\" class=\"yoast-schema-graph\">{\"@context\":\"https:\\\/\\\/schema.org\",\"@graph\":[{\"@type\":\"WebPage\",\"@id\":\"https:\\\/\\\/discos-redondos.es\\\/producto\\\/eabs-jaubi-in-search-of-a-better-tomorrow\",\"url\":\"https:\\\/\\\/discos-redondos.es\\\/producto\\\/eabs-jaubi-in-search-of-a-better-tomorrow\",\"name\":\"EABS \\\/ Jaubi - In Search of a Better Tomorrow - DISCOS REDONDOS\",\"isPartOf\":{\"@id\":\"https:\\\/\\\/discos-redondos.es\\\/#website\"},\"primaryImageOfPage\":{\"@id\":\"https:\\\/\\\/discos-redondos.es\\\/producto\\\/eabs-jaubi-in-search-of-a-better-tomorrow#primaryimage\"},\"image\":{\"@id\":\"https:\\\/\\\/discos-redondos.es\\\/producto\\\/eabs-jaubi-in-search-of-a-better-tomorrow#primaryimage\"},\"thumbnailUrl\":\"https:\\\/\\\/discos-redondos.es\\\/wp-content\\\/uploads\\\/2023\\\/07\\\/EABS-Jaubi-In-Search-of-a-Better-Tomorrow.jpg\",\"datePublished\":\"2023-07-17T17:29:55+00:00\",\"dateModified\":\"2026-03-14T13:03:57+00:00\",\"description\":\"EABS \\\/ Jaubi - In Search of a Better Tomorrow - Astigmatic Records \u2013 AR024LPLP editado en Polonia en 2023\",\"breadcrumb\":{\"@id\":\"https:\\\/\\\/discos-redondos.es\\\/producto\\\/eabs-jaubi-in-search-of-a-better-tomorrow#breadcrumb\"},\"inLanguage\":\"ca\",\"potentialAction\":[{\"@type\":\"ReadAction\",\"target\":[\"https:\\\/\\\/discos-redondos.es\\\/producto\\\/eabs-jaubi-in-search-of-a-better-tomorrow\"]}]},{\"@type\":\"ImageObject\",\"inLanguage\":\"ca\",\"@id\":\"https:\\\/\\\/discos-redondos.es\\\/producto\\\/eabs-jaubi-in-search-of-a-better-tomorrow#primaryimage\",\"url\":\"https:\\\/\\\/discos-redondos.es\\\/wp-content\\\/uploads\\\/2023\\\/07\\\/EABS-Jaubi-In-Search-of-a-Better-Tomorrow.jpg\",\"contentUrl\":\"https:\\\/\\\/discos-redondos.es\\\/wp-content\\\/uploads\\\/2023\\\/07\\\/EABS-Jaubi-In-Search-of-a-Better-Tomorrow.jpg\",\"width\":600,\"height\":600,\"caption\":\"EABS \\\/ Jaubi - In Search of a Better Tomorrow\"},{\"@type\":\"BreadcrumbList\",\"@id\":\"https:\\\/\\\/discos-redondos.es\\\/producto\\\/eabs-jaubi-in-search-of-a-better-tomorrow#breadcrumb\",\"itemListElement\":[{\"@type\":\"ListItem\",\"position\":1,\"name\":\"Portada\",\"item\":\"https:\\\/\\\/discos-redondos.es\\\/\"},{\"@type\":\"ListItem\",\"position\":2,\"name\":\"Tienda\",\"item\":\"https:\\\/\\\/discos-redondos.es\\\/?page_id=487\"},{\"@type\":\"ListItem\",\"position\":3,\"name\":\"EABS \\\/ Jaubi &#8211; In Search of a Better Tomorrow\"}]},{\"@type\":\"WebSite\",\"@id\":\"https:\\\/\\\/discos-redondos.es\\\/#website\",\"url\":\"https:\\\/\\\/discos-redondos.es\\\/\",\"name\":\"Discos Redondos\",\"description\":\"Tu tienda de discos en Barcelona\",\"publisher\":{\"@id\":\"https:\\\/\\\/discos-redondos.es\\\/#organization\"},\"alternateName\":\"Discos Redondos\",\"potentialAction\":[{\"@type\":\"SearchAction\",\"target\":{\"@type\":\"EntryPoint\",\"urlTemplate\":\"https:\\\/\\\/discos-redondos.es\\\/?s={search_term_string}\"},\"query-input\":{\"@type\":\"PropertyValueSpecification\",\"valueRequired\":true,\"valueName\":\"search_term_string\"}}],\"inLanguage\":\"ca\"},{\"@type\":\"Organization\",\"@id\":\"https:\\\/\\\/discos-redondos.es\\\/#organization\",\"name\":\"Discos Redondos\",\"url\":\"https:\\\/\\\/discos-redondos.es\\\/\",\"logo\":{\"@type\":\"ImageObject\",\"inLanguage\":\"ca\",\"@id\":\"https:\\\/\\\/discos-redondos.es\\\/#\\\/schema\\\/logo\\\/image\\\/\",\"url\":\"https:\\\/\\\/discos-redondos.es\\\/wp-content\\\/uploads\\\/2023\\\/04\\\/aaff-logo-raval-1-1.jpg\",\"contentUrl\":\"https:\\\/\\\/discos-redondos.es\\\/wp-content\\\/uploads\\\/2023\\\/04\\\/aaff-logo-raval-1-1.jpg\",\"width\":2362,\"height\":1441,\"caption\":\"Discos Redondos\"},\"image\":{\"@id\":\"https:\\\/\\\/discos-redondos.es\\\/#\\\/schema\\\/logo\\\/image\\\/\"},\"sameAs\":[\"https:\\\/\\\/www.facebook.com\\\/discosredondos45\",\"https:\\\/\\\/www.instagram.com\\\/discos.redondos33\\\/?hl=es\",\"https:\\\/\\\/discos-redondos.bandcamp.com\\\/\"]}]}<\/script>\n<!-- \/ Yoast SEO plugin. -->","yoast_head_json":{"title":"EABS \/ Jaubi - In Search of a Better Tomorrow - DISCOS REDONDOS","description":"EABS \/ Jaubi - In Search of a Better Tomorrow - Astigmatic Records \u2013 AR024LPLP editado en Polonia en 2023","robots":{"index":"index","follow":"follow","max-snippet":"max-snippet:-1","max-image-preview":"max-image-preview:large","max-video-preview":"max-video-preview:-1"},"canonical":"https:\/\/discos-redondos.es\/ca\/producte\/eabs-jaubi-in-search-of-a-better-tomorrow\/","og_locale":"ca_ES","og_type":"article","og_title":"EABS \/ Jaubi - In Search of a Better Tomorrow - DISCOS REDONDOS","og_description":"EABS \/ Jaubi - In Search of a Better Tomorrow - Astigmatic Records \u2013 AR024LPLP editado en Polonia en 2023","og_url":"https:\/\/discos-redondos.es\/ca\/producte\/eabs-jaubi-in-search-of-a-better-tomorrow\/","og_site_name":"DISCOS REDONDOS","article_publisher":"https:\/\/www.facebook.com\/discosredondos45","article_modified_time":"2026-03-14T13:03:57+00:00","og_image":[{"width":600,"height":600,"url":"https:\/\/discos-redondos.es\/wp-content\/uploads\/2023\/07\/EABS-Jaubi-In-Search-of-a-Better-Tomorrow.jpg","type":"image\/jpeg"}],"twitter_card":"summary_large_image","twitter_misc":{"Temps estimat de lectura":"1 minut"},"schema":{"@context":"https:\/\/schema.org","@graph":[{"@type":"WebPage","@id":"https:\/\/discos-redondos.es\/producto\/eabs-jaubi-in-search-of-a-better-tomorrow","url":"https:\/\/discos-redondos.es\/producto\/eabs-jaubi-in-search-of-a-better-tomorrow","name":"EABS \/ Jaubi - In Search of a Better Tomorrow - DISCOS REDONDOS","isPartOf":{"@id":"https:\/\/discos-redondos.es\/#website"},"primaryImageOfPage":{"@id":"https:\/\/discos-redondos.es\/producto\/eabs-jaubi-in-search-of-a-better-tomorrow#primaryimage"},"image":{"@id":"https:\/\/discos-redondos.es\/producto\/eabs-jaubi-in-search-of-a-better-tomorrow#primaryimage"},"thumbnailUrl":"https:\/\/discos-redondos.es\/wp-content\/uploads\/2023\/07\/EABS-Jaubi-In-Search-of-a-Better-Tomorrow.jpg","datePublished":"2023-07-17T17:29:55+00:00","dateModified":"2026-03-14T13:03:57+00:00","description":"EABS \/ Jaubi - In Search of a Better Tomorrow - Astigmatic Records \u2013 AR024LPLP editado en Polonia en 2023","breadcrumb":{"@id":"https:\/\/discos-redondos.es\/producto\/eabs-jaubi-in-search-of-a-better-tomorrow#breadcrumb"},"inLanguage":"ca","potentialAction":[{"@type":"ReadAction","target":["https:\/\/discos-redondos.es\/producto\/eabs-jaubi-in-search-of-a-better-tomorrow"]}]},{"@type":"ImageObject","inLanguage":"ca","@id":"https:\/\/discos-redondos.es\/producto\/eabs-jaubi-in-search-of-a-better-tomorrow#primaryimage","url":"https:\/\/discos-redondos.es\/wp-content\/uploads\/2023\/07\/EABS-Jaubi-In-Search-of-a-Better-Tomorrow.jpg","contentUrl":"https:\/\/discos-redondos.es\/wp-content\/uploads\/2023\/07\/EABS-Jaubi-In-Search-of-a-Better-Tomorrow.jpg","width":600,"height":600,"caption":"EABS \/ Jaubi - In Search of a Better Tomorrow"},{"@type":"BreadcrumbList","@id":"https:\/\/discos-redondos.es\/producto\/eabs-jaubi-in-search-of-a-better-tomorrow#breadcrumb","itemListElement":[{"@type":"ListItem","position":1,"name":"Portada","item":"https:\/\/discos-redondos.es\/"},{"@type":"ListItem","position":2,"name":"Tienda","item":"https:\/\/discos-redondos.es\/?page_id=487"},{"@type":"ListItem","position":3,"name":"EABS \/ Jaubi &#8211; In Search of a Better Tomorrow"}]},{"@type":"WebSite","@id":"https:\/\/discos-redondos.es\/#website","url":"https:\/\/discos-redondos.es\/","name":"Discos Redondos","description":"La teva botiga de discos a Barcelona","publisher":{"@id":"https:\/\/discos-redondos.es\/#organization"},"alternateName":"Discos Redondos","potentialAction":[{"@type":"SearchAction","target":{"@type":"EntryPoint","urlTemplate":"https:\/\/discos-redondos.es\/?s={search_term_string}"},"query-input":{"@type":"PropertyValueSpecification","valueRequired":true,"valueName":"search_term_string"}}],"inLanguage":"ca"},{"@type":"Organization","@id":"https:\/\/discos-redondos.es\/#organization","name":"Discos Redondos","url":"https:\/\/discos-redondos.es\/","logo":{"@type":"ImageObject","inLanguage":"ca","@id":"https:\/\/discos-redondos.es\/#\/schema\/logo\/image\/","url":"https:\/\/discos-redondos.es\/wp-content\/uploads\/2023\/04\/aaff-logo-raval-1-1.jpg","contentUrl":"https:\/\/discos-redondos.es\/wp-content\/uploads\/2023\/04\/aaff-logo-raval-1-1.jpg","width":2362,"height":1441,"caption":"Discos Redondos"},"image":{"@id":"https:\/\/discos-redondos.es\/#\/schema\/logo\/image\/"},"sameAs":["https:\/\/www.facebook.com\/discosredondos45","https:\/\/www.instagram.com\/discos.redondos33\/?hl=es","https:\/\/discos-redondos.bandcamp.com\/"]}]}},"_links":{"self":[{"href":"https:\/\/discos-redondos.es\/ca\/wp-json\/wp\/v2\/product\/6186","targetHints":{"allow":["GET"]}}],"collection":[{"href":"https:\/\/discos-redondos.es\/ca\/wp-json\/wp\/v2\/product"}],"about":[{"href":"https:\/\/discos-redondos.es\/ca\/wp-json\/wp\/v2\/types\/product"}],"wp:featuredmedia":[{"embeddable":true,"href":"https:\/\/discos-redondos.es\/ca\/wp-json\/wp\/v2\/media\/6423"}],"wp:attachment":[{"href":"https:\/\/discos-redondos.es\/ca\/wp-json\/wp\/v2\/media?parent=6186"}],"wp:term":[{"taxonomy":"product_brand","embeddable":true,"href":"https:\/\/discos-redondos.es\/ca\/wp-json\/wp\/v2\/product_brand?post=6186"},{"taxonomy":"product_cat","embeddable":true,"href":"https:\/\/discos-redondos.es\/ca\/wp-json\/wp\/v2\/product_cat?post=6186"},{"taxonomy":"product_tag","embeddable":true,"href":"https:\/\/discos-redondos.es\/ca\/wp-json\/wp\/v2\/product_tag?post=6186"}],"curies":[{"name":"wp","href":"https:\/\/api.w.org\/{rel}","templated":true}]}}