{"id":6943,"date":"2024-01-05T11:40:24","date_gmt":"2024-01-05T11:40:24","guid":{"rendered":"https:\/\/discos-redondos.es\/?post_type=product&#038;p=6943"},"modified":"2026-02-18T15:34:30","modified_gmt":"2026-02-18T15:34:30","slug":"irene-reig-the-bop-collective-decisio-i-coratge","status":"publish","type":"product","link":"https:\/\/discos-redondos.es\/ca\/producte\/irene-reig-the-bop-collective-decisio-i-coratge","title":{"rendered":"Irene Reig &#038; The Bop Collective &#8211; Decisi\u00f3 i Coratge"},"content":{"rendered":"<p><strong>Irene Reig &amp; The Bop Collective &#8211; Decisi\u00f3 i Coratge<\/strong><\/p>\n<p><strong>Tracklist<\/strong><\/p>\n<table id=\"track_table\" class=\"track_list track_table\">\n<tbody>\n<tr class=\"track_row_view linked\">\n<td class=\"track-number-col\">\n<div class=\"track_number secondaryText\"><\/div>\n<\/td>\n<td class=\"title-col\">\n<div class=\"title\">1.<\/div>\n<\/td>\n<td class=\"info-col\">\n<div class=\"info_link\"><span class=\"track-title\">Decisi\u00f3 i Coratge<\/span>\u00a0<span class=\"time secondaryText\">06:27<\/span><\/div>\n<\/td>\n<td class=\"download-col\">\n<div class=\"dl_link\"><\/div>\n<\/td>\n<\/tr>\n<tr class=\"track_row_view linked\">\n<td class=\"play-col\">\n<div class=\"play_status\"><\/div>\n<\/td>\n<td class=\"track-number-col\">\n<div class=\"track_number secondaryText\">2.<\/div>\n<\/td>\n<td class=\"title-col\">\n<div class=\"title\"><span class=\"track-title\">Ginesta<\/span>\u00a0<span class=\"time secondaryText\">06:44<\/span><\/div>\n<\/td>\n<td class=\"info-col\">\n<div class=\"info_link\"><\/div>\n<\/td>\n<td class=\"download-col\">\n<div class=\"dl_link\"><\/div>\n<\/td>\n<\/tr>\n<tr class=\"track_row_view linked\">\n<td class=\"play-col\">\n<div class=\"play_status\"><\/div>\n<\/td>\n<td class=\"track-number-col\">\n<div class=\"track_number secondaryText\">3.<\/div>\n<\/td>\n<td class=\"title-col\">\n<div class=\"title\"><span class=\"track-title\">Alfareros<\/span>\u00a0<span class=\"time secondaryText\">06:59<\/span><\/div>\n<\/td>\n<td class=\"info-col\">\n<div class=\"info_link\"><\/div>\n<\/td>\n<td class=\"download-col\">\n<div class=\"dl_link\"><\/div>\n<\/td>\n<\/tr>\n<tr class=\"track_row_view linked\">\n<td class=\"play-col\">\n<div class=\"play_status\"><\/div>\n<\/td>\n<td class=\"track-number-col\">\n<div class=\"track_number secondaryText\">4.<\/div>\n<\/td>\n<td class=\"title-col\">\n<div class=\"title\"><span class=\"track-title\">Carinhoso<\/span>\u00a0<span class=\"time secondaryText\">05:11<\/span><\/div>\n<\/td>\n<td class=\"info-col\">\n<div class=\"info_link\"><\/div>\n<\/td>\n<td class=\"download-col\">\n<div class=\"dl_link\"><\/div>\n<\/td>\n<\/tr>\n<tr class=\"track_row_view linked\">\n<td class=\"play-col\">\n<div class=\"play_status\"><\/div>\n<\/td>\n<td class=\"track-number-col\">\n<div class=\"track_number secondaryText\">5.<\/div>\n<\/td>\n<td class=\"title-col\">\n<div class=\"title\"><span class=\"track-title\">Entendre&#8217;t<\/span>\u00a0<span class=\"time secondaryText\">09:21<\/span><\/div>\n<\/td>\n<td class=\"info-col\">\n<div class=\"info_link\"><\/div>\n<\/td>\n<td class=\"download-col\">\n<div class=\"dl_link\"><\/div>\n<\/td>\n<\/tr>\n<tr class=\"track_row_view linked\">\n<td class=\"play-col\">\n<div class=\"play_status\"><\/div>\n<\/td>\n<td class=\"track-number-col\">\n<div class=\"track_number secondaryText\">6.<\/div>\n<\/td>\n<td class=\"title-col\">\n<div class=\"title\"><span class=\"track-title\">Cam\u00ed Romeu<\/span>\u00a0<span class=\"time secondaryText\">07:18<\/span><\/div>\n<\/td>\n<td class=\"info-col\">\n<div class=\"info_link\"><\/div>\n<\/td>\n<td class=\"download-col\">\n<div class=\"dl_link\"><\/div>\n<\/td>\n<\/tr>\n<tr class=\"track_row_view linked\">\n<td class=\"play-col\">\n<div class=\"play_status\"><\/div>\n<\/td>\n<td class=\"track-number-col\">\n<div class=\"track_number secondaryText\">7.<\/div>\n<\/td>\n<td class=\"title-col\">\n<div class=\"title\"><span class=\"track-title\">KIRS<\/span>\u00a0<span class=\"time secondaryText\">07:55<\/span><\/div>\n<\/td>\n<td class=\"info-col\">\n<div class=\"info_link\"><\/div>\n<\/td>\n<td class=\"download-col\">\n<div class=\"dl_link\"><\/div>\n<\/td>\n<\/tr>\n<tr class=\"track_row_view linked\">\n<td class=\"play-col\">\n<div class=\"play_status\"><\/div>\n<\/td>\n<td class=\"track-number-col\">\n<div class=\"track_number secondaryText\">8.<\/div>\n<\/td>\n<td class=\"title-col\">\n<div class=\"title\"><span class=\"track-title\">Moonlight In Vermont<\/span>\u00a0<span class=\"time secondaryText\">06:05<\/span><\/div>\n<\/td>\n<\/tr>\n<\/tbody>\n<\/table>\n<p>&nbsp;<\/p>\n<p><iframe loading=\"lazy\" title=\"Decisi\u00f3 i Coratge - The Bop Collective (Full Album\" width=\"832\" height=\"468\" src=\"https:\/\/www.youtube.com\/embed\/FUwDolanUqY?feature=oembed\" frameborder=\"0\" allow=\"accelerometer; autoplay; clipboard-write; encrypted-media; gyroscope; picture-in-picture; web-share\" referrerpolicy=\"strict-origin-when-cross-origin\" allowfullscreen><\/iframe><\/p>\n<p>&nbsp;<\/p>\n<p><strong>Irene Reig &amp; The Bop Collective &#8211; Decisi\u00f3 i Coratge<\/strong><\/p>\n<p>C\u00f3mo se hace m\u00fasica con la literatura, Irene Reig. Me paso la vida intentando imitar la m\u00fasica con la literatura, buscando que la escritura suene y frasee y sea veloz y siempre precisa. Escucho Decisi\u00f3 i Coratge e imagino que tu disco hace lo mismo que busco yo pero al rev\u00e9s. Usar la precisi\u00f3n de tu m\u00fasica para decir cosas que frasean y sincopan. Claro que la m\u00fasica dice cosas musicales porque tiene su propio lenguaje, pero todo lenguaje siempre termina por comunicar. Entonces imagino que tu disco cuenta una historia que arranca amablemente. \u201cDecisi\u00f3 i Coratge\u201d es anhelo delicioso; \u201cGinesta\u201d es ma\u00f1ana soleada. Decido que \u201cAlfareros\u201d derrocha ingenio cool. Envidia me da la m\u00fasica que consigue comunicarse con la emoci\u00f3n sin intermediarios y que ya empieza a acomodarse en esa zona del plexo solar con \u201cCarinhoso\u201d. Sacudo la cabeza porque ahora s\u00ed el asombro de \u201cEntendre\u2019t\u201d, y la curiosidad me serpentea y se va metiendo entre lo azul que hay en mi mente. Podr\u00eda hablar de anzuelo, de fascinaci\u00f3n. Entonces tomo aire, sonr\u00edo, porque todo vuelve a arder con iron\u00eda en \u201cCam\u00ed Romeu\u201d. Llega \u201cKirs\u201d y algo levemente inquietante contiene la respiraci\u00f3n. Hay urgencia por decirlo todo, aunque duela. Aqu\u00ed termina el disco y tambi\u00e9n las cosas que tu disco me cont\u00f3, Irene Reig.<\/p>\n<p>Ver\u00f3nica Nieto<\/p>","protected":false},"excerpt":{"rendered":"<p>The Changes &#8211; TC026, 8435307617484<\/p>\n<p>LP en vinilo negro y carpeta sencilla<\/p>","protected":false},"featured_media":6944,"template":"","meta":[],"product_brand":[],"product_cat":[85],"product_tag":[],"class_list":{"0":"post-6943","1":"product","2":"type-product","3":"status-publish","4":"has-post-thumbnail","6":"product_cat-jazz-contemporaneo","8":"first","9":"outofstock","10":"taxable","11":"shipping-taxable","12":"purchasable","13":"product-type-simple"},"yoast_head":"<!-- This site is optimized with the Yoast SEO plugin v27.5 - https:\/\/yoast.com\/product\/yoast-seo-wordpress\/ -->\n<title>Irene Reig &amp; The Bop Collective - Decisi\u00f3 i Coratge - DISCOS REDONDOS<\/title>\n<meta name=\"description\" content=\"Irene Reig &amp; The Bop Collective - Decisi\u00f3 i Coratge - The Changes - TC026, 8435307617484 LP en vinilo negro y carpeta sencilla\" \/>\n<meta name=\"robots\" content=\"index, follow, max-snippet:-1, max-image-preview:large, max-video-preview:-1\" \/>\n<link rel=\"canonical\" href=\"https:\/\/discos-redondos.es\/ca\/producte\/irene-reig-the-bop-collective-decisio-i-coratge\/\" \/>\n<meta property=\"og:locale\" content=\"ca_ES\" \/>\n<meta property=\"og:type\" content=\"article\" \/>\n<meta property=\"og:title\" content=\"Irene Reig &amp; The Bop Collective - Decisi\u00f3 i Coratge - DISCOS REDONDOS\" \/>\n<meta property=\"og:description\" content=\"Irene Reig &amp; The Bop Collective - Decisi\u00f3 i Coratge - The Changes - TC026, 8435307617484 LP en vinilo negro y carpeta sencilla\" \/>\n<meta property=\"og:url\" content=\"https:\/\/discos-redondos.es\/ca\/producte\/irene-reig-the-bop-collective-decisio-i-coratge\/\" \/>\n<meta property=\"og:site_name\" content=\"DISCOS REDONDOS\" \/>\n<meta property=\"article:publisher\" content=\"https:\/\/www.facebook.com\/discosredondos45\" \/>\n<meta property=\"article:modified_time\" content=\"2026-02-18T15:34:30+00:00\" \/>\n<meta property=\"og:image\" content=\"https:\/\/discos-redondos.es\/wp-content\/uploads\/2024\/01\/Irene-Reig-The-Bop-Collective-Decisio-i-Coratge.jpg\" \/>\n\t<meta property=\"og:image:width\" content=\"1200\" \/>\n\t<meta property=\"og:image:height\" content=\"1200\" \/>\n\t<meta property=\"og:image:type\" content=\"image\/jpeg\" \/>\n<meta name=\"twitter:card\" content=\"summary_large_image\" \/>\n<meta name=\"twitter:label1\" content=\"Temps estimat de lectura\" \/>\n\t<meta name=\"twitter:data1\" content=\"2 minuts\" \/>\n<script type=\"application\/ld+json\" class=\"yoast-schema-graph\">{\"@context\":\"https:\\\/\\\/schema.org\",\"@graph\":[{\"@type\":\"WebPage\",\"@id\":\"https:\\\/\\\/discos-redondos.es\\\/producto\\\/irene-reig-the-bop-collective-decisio-i-coratge\",\"url\":\"https:\\\/\\\/discos-redondos.es\\\/producto\\\/irene-reig-the-bop-collective-decisio-i-coratge\",\"name\":\"Irene Reig & The Bop Collective - Decisi\u00f3 i Coratge - DISCOS REDONDOS\",\"isPartOf\":{\"@id\":\"https:\\\/\\\/discos-redondos.es\\\/#website\"},\"primaryImageOfPage\":{\"@id\":\"https:\\\/\\\/discos-redondos.es\\\/producto\\\/irene-reig-the-bop-collective-decisio-i-coratge#primaryimage\"},\"image\":{\"@id\":\"https:\\\/\\\/discos-redondos.es\\\/producto\\\/irene-reig-the-bop-collective-decisio-i-coratge#primaryimage\"},\"thumbnailUrl\":\"https:\\\/\\\/discos-redondos.es\\\/wp-content\\\/uploads\\\/2024\\\/01\\\/Irene-Reig-The-Bop-Collective-Decisio-i-Coratge.jpg\",\"datePublished\":\"2024-01-05T11:40:24+00:00\",\"dateModified\":\"2026-02-18T15:34:30+00:00\",\"description\":\"Irene Reig & The Bop Collective - Decisi\u00f3 i Coratge - The Changes - TC026, 8435307617484 LP en vinilo negro y carpeta sencilla\",\"breadcrumb\":{\"@id\":\"https:\\\/\\\/discos-redondos.es\\\/producto\\\/irene-reig-the-bop-collective-decisio-i-coratge#breadcrumb\"},\"inLanguage\":\"ca\",\"potentialAction\":[{\"@type\":\"ReadAction\",\"target\":[\"https:\\\/\\\/discos-redondos.es\\\/producto\\\/irene-reig-the-bop-collective-decisio-i-coratge\"]}]},{\"@type\":\"ImageObject\",\"inLanguage\":\"ca\",\"@id\":\"https:\\\/\\\/discos-redondos.es\\\/producto\\\/irene-reig-the-bop-collective-decisio-i-coratge#primaryimage\",\"url\":\"https:\\\/\\\/discos-redondos.es\\\/wp-content\\\/uploads\\\/2024\\\/01\\\/Irene-Reig-The-Bop-Collective-Decisio-i-Coratge.jpg\",\"contentUrl\":\"https:\\\/\\\/discos-redondos.es\\\/wp-content\\\/uploads\\\/2024\\\/01\\\/Irene-Reig-The-Bop-Collective-Decisio-i-Coratge.jpg\",\"width\":1200,\"height\":1200,\"caption\":\"Irene Reig & The Bop Collective - Decisi\u00f3 i Coratge\"},{\"@type\":\"BreadcrumbList\",\"@id\":\"https:\\\/\\\/discos-redondos.es\\\/producto\\\/irene-reig-the-bop-collective-decisio-i-coratge#breadcrumb\",\"itemListElement\":[{\"@type\":\"ListItem\",\"position\":1,\"name\":\"Portada\",\"item\":\"https:\\\/\\\/discos-redondos.es\\\/\"},{\"@type\":\"ListItem\",\"position\":2,\"name\":\"Tienda\",\"item\":\"https:\\\/\\\/discos-redondos.es\\\/?page_id=487\"},{\"@type\":\"ListItem\",\"position\":3,\"name\":\"Irene Reig &#038; The Bop Collective &#8211; Decisi\u00f3 i Coratge\"}]},{\"@type\":\"WebSite\",\"@id\":\"https:\\\/\\\/discos-redondos.es\\\/#website\",\"url\":\"https:\\\/\\\/discos-redondos.es\\\/\",\"name\":\"Discos Redondos\",\"description\":\"Tu tienda de discos en Barcelona\",\"publisher\":{\"@id\":\"https:\\\/\\\/discos-redondos.es\\\/#organization\"},\"alternateName\":\"Discos Redondos\",\"potentialAction\":[{\"@type\":\"SearchAction\",\"target\":{\"@type\":\"EntryPoint\",\"urlTemplate\":\"https:\\\/\\\/discos-redondos.es\\\/?s={search_term_string}\"},\"query-input\":{\"@type\":\"PropertyValueSpecification\",\"valueRequired\":true,\"valueName\":\"search_term_string\"}}],\"inLanguage\":\"ca\"},{\"@type\":\"Organization\",\"@id\":\"https:\\\/\\\/discos-redondos.es\\\/#organization\",\"name\":\"Discos Redondos\",\"url\":\"https:\\\/\\\/discos-redondos.es\\\/\",\"logo\":{\"@type\":\"ImageObject\",\"inLanguage\":\"ca\",\"@id\":\"https:\\\/\\\/discos-redondos.es\\\/#\\\/schema\\\/logo\\\/image\\\/\",\"url\":\"https:\\\/\\\/discos-redondos.es\\\/wp-content\\\/uploads\\\/2023\\\/04\\\/aaff-logo-raval-1-1.jpg\",\"contentUrl\":\"https:\\\/\\\/discos-redondos.es\\\/wp-content\\\/uploads\\\/2023\\\/04\\\/aaff-logo-raval-1-1.jpg\",\"width\":2362,\"height\":1441,\"caption\":\"Discos Redondos\"},\"image\":{\"@id\":\"https:\\\/\\\/discos-redondos.es\\\/#\\\/schema\\\/logo\\\/image\\\/\"},\"sameAs\":[\"https:\\\/\\\/www.facebook.com\\\/discosredondos45\",\"https:\\\/\\\/www.instagram.com\\\/discos.redondos33\\\/?hl=es\",\"https:\\\/\\\/discos-redondos.bandcamp.com\\\/\"]}]}<\/script>\n<!-- \/ Yoast SEO plugin. -->","yoast_head_json":{"title":"Irene Reig & The Bop Collective - Decisi\u00f3 i Coratge - DISCOS REDONDOS","description":"Irene Reig & The Bop Collective - Decisi\u00f3 i Coratge - The Changes - TC026, 8435307617484 LP en vinilo negro y carpeta sencilla","robots":{"index":"index","follow":"follow","max-snippet":"max-snippet:-1","max-image-preview":"max-image-preview:large","max-video-preview":"max-video-preview:-1"},"canonical":"https:\/\/discos-redondos.es\/ca\/producte\/irene-reig-the-bop-collective-decisio-i-coratge\/","og_locale":"ca_ES","og_type":"article","og_title":"Irene Reig & The Bop Collective - Decisi\u00f3 i Coratge - DISCOS REDONDOS","og_description":"Irene Reig & The Bop Collective - Decisi\u00f3 i Coratge - The Changes - TC026, 8435307617484 LP en vinilo negro y carpeta sencilla","og_url":"https:\/\/discos-redondos.es\/ca\/producte\/irene-reig-the-bop-collective-decisio-i-coratge\/","og_site_name":"DISCOS REDONDOS","article_publisher":"https:\/\/www.facebook.com\/discosredondos45","article_modified_time":"2026-02-18T15:34:30+00:00","og_image":[{"width":1200,"height":1200,"url":"https:\/\/discos-redondos.es\/wp-content\/uploads\/2024\/01\/Irene-Reig-The-Bop-Collective-Decisio-i-Coratge.jpg","type":"image\/jpeg"}],"twitter_card":"summary_large_image","twitter_misc":{"Temps estimat de lectura":"2 minuts"},"schema":{"@context":"https:\/\/schema.org","@graph":[{"@type":"WebPage","@id":"https:\/\/discos-redondos.es\/producto\/irene-reig-the-bop-collective-decisio-i-coratge","url":"https:\/\/discos-redondos.es\/producto\/irene-reig-the-bop-collective-decisio-i-coratge","name":"Irene Reig & The Bop Collective - Decisi\u00f3 i Coratge - DISCOS REDONDOS","isPartOf":{"@id":"https:\/\/discos-redondos.es\/#website"},"primaryImageOfPage":{"@id":"https:\/\/discos-redondos.es\/producto\/irene-reig-the-bop-collective-decisio-i-coratge#primaryimage"},"image":{"@id":"https:\/\/discos-redondos.es\/producto\/irene-reig-the-bop-collective-decisio-i-coratge#primaryimage"},"thumbnailUrl":"https:\/\/discos-redondos.es\/wp-content\/uploads\/2024\/01\/Irene-Reig-The-Bop-Collective-Decisio-i-Coratge.jpg","datePublished":"2024-01-05T11:40:24+00:00","dateModified":"2026-02-18T15:34:30+00:00","description":"Irene Reig & The Bop Collective - Decisi\u00f3 i Coratge - The Changes - TC026, 8435307617484 LP en vinilo negro y carpeta sencilla","breadcrumb":{"@id":"https:\/\/discos-redondos.es\/producto\/irene-reig-the-bop-collective-decisio-i-coratge#breadcrumb"},"inLanguage":"ca","potentialAction":[{"@type":"ReadAction","target":["https:\/\/discos-redondos.es\/producto\/irene-reig-the-bop-collective-decisio-i-coratge"]}]},{"@type":"ImageObject","inLanguage":"ca","@id":"https:\/\/discos-redondos.es\/producto\/irene-reig-the-bop-collective-decisio-i-coratge#primaryimage","url":"https:\/\/discos-redondos.es\/wp-content\/uploads\/2024\/01\/Irene-Reig-The-Bop-Collective-Decisio-i-Coratge.jpg","contentUrl":"https:\/\/discos-redondos.es\/wp-content\/uploads\/2024\/01\/Irene-Reig-The-Bop-Collective-Decisio-i-Coratge.jpg","width":1200,"height":1200,"caption":"Irene Reig & The Bop Collective - Decisi\u00f3 i Coratge"},{"@type":"BreadcrumbList","@id":"https:\/\/discos-redondos.es\/producto\/irene-reig-the-bop-collective-decisio-i-coratge#breadcrumb","itemListElement":[{"@type":"ListItem","position":1,"name":"Portada","item":"https:\/\/discos-redondos.es\/"},{"@type":"ListItem","position":2,"name":"Tienda","item":"https:\/\/discos-redondos.es\/?page_id=487"},{"@type":"ListItem","position":3,"name":"Irene Reig &#038; The Bop Collective &#8211; Decisi\u00f3 i Coratge"}]},{"@type":"WebSite","@id":"https:\/\/discos-redondos.es\/#website","url":"https:\/\/discos-redondos.es\/","name":"Discos Redondos","description":"La teva botiga de discos a Barcelona","publisher":{"@id":"https:\/\/discos-redondos.es\/#organization"},"alternateName":"Discos Redondos","potentialAction":[{"@type":"SearchAction","target":{"@type":"EntryPoint","urlTemplate":"https:\/\/discos-redondos.es\/?s={search_term_string}"},"query-input":{"@type":"PropertyValueSpecification","valueRequired":true,"valueName":"search_term_string"}}],"inLanguage":"ca"},{"@type":"Organization","@id":"https:\/\/discos-redondos.es\/#organization","name":"Discos Redondos","url":"https:\/\/discos-redondos.es\/","logo":{"@type":"ImageObject","inLanguage":"ca","@id":"https:\/\/discos-redondos.es\/#\/schema\/logo\/image\/","url":"https:\/\/discos-redondos.es\/wp-content\/uploads\/2023\/04\/aaff-logo-raval-1-1.jpg","contentUrl":"https:\/\/discos-redondos.es\/wp-content\/uploads\/2023\/04\/aaff-logo-raval-1-1.jpg","width":2362,"height":1441,"caption":"Discos Redondos"},"image":{"@id":"https:\/\/discos-redondos.es\/#\/schema\/logo\/image\/"},"sameAs":["https:\/\/www.facebook.com\/discosredondos45","https:\/\/www.instagram.com\/discos.redondos33\/?hl=es","https:\/\/discos-redondos.bandcamp.com\/"]}]}},"_links":{"self":[{"href":"https:\/\/discos-redondos.es\/ca\/wp-json\/wp\/v2\/product\/6943","targetHints":{"allow":["GET"]}}],"collection":[{"href":"https:\/\/discos-redondos.es\/ca\/wp-json\/wp\/v2\/product"}],"about":[{"href":"https:\/\/discos-redondos.es\/ca\/wp-json\/wp\/v2\/types\/product"}],"wp:featuredmedia":[{"embeddable":true,"href":"https:\/\/discos-redondos.es\/ca\/wp-json\/wp\/v2\/media\/6944"}],"wp:attachment":[{"href":"https:\/\/discos-redondos.es\/ca\/wp-json\/wp\/v2\/media?parent=6943"}],"wp:term":[{"taxonomy":"product_brand","embeddable":true,"href":"https:\/\/discos-redondos.es\/ca\/wp-json\/wp\/v2\/product_brand?post=6943"},{"taxonomy":"product_cat","embeddable":true,"href":"https:\/\/discos-redondos.es\/ca\/wp-json\/wp\/v2\/product_cat?post=6943"},{"taxonomy":"product_tag","embeddable":true,"href":"https:\/\/discos-redondos.es\/ca\/wp-json\/wp\/v2\/product_tag?post=6943"}],"curies":[{"name":"wp","href":"https:\/\/api.w.org\/{rel}","templated":true}]}}