{"id":6949,"date":"2024-01-05T12:46:38","date_gmt":"2024-01-05T12:46:38","guid":{"rendered":"https:\/\/discos-redondos.es\/?post_type=product&#038;p=6949"},"modified":"2026-04-08T15:19:34","modified_gmt":"2026-04-08T15:19:34","slug":"gos-d-welelo-morenetu","status":"publish","type":"product","link":"https:\/\/discos-redondos.es\/ca\/producte\/gos-d-welelo-morenetu","title":{"rendered":"Gos D &#038; Welelo &#8211; Morenetu"},"content":{"rendered":"<p><strong>Gos D &amp; Welelo &#8211; Morenetu<\/strong><\/p>\n<p><strong>Tracklist<\/strong><\/p>\n<p>A1 &#8211; Can Pixa<\/p>\n<p>A2 &#8211; Peti Qui Peti<\/p>\n<p>A3 &#8211; Sola, Sola<\/p>\n<p>A4 &#8211; Morenet, Tu!<\/p>\n<p>A5 &#8211; Cagadeta Pastoreta<\/p>\n<p>B1 &#8211; La Pell Fina<\/p>\n<p>B2 &#8211; Hotel Bruc<\/p>\n<p>B3 &#8211; D&#8217;Incognit<\/p>\n<p>B4 &#8211; L&#8217;Oblit<\/p>\n<p>B5 &#8211; Un Be Negre<\/p>\n<p>B6 &#8211; Sense P\u00e8ls A Les Lleng\u00fces<\/p>\n<p>&nbsp;<\/p>\n<p><iframe loading=\"lazy\" title=\"Gos D &amp; Welelo - Morenetu (full album) 2023\" width=\"832\" height=\"468\" src=\"https:\/\/www.youtube.com\/embed\/7QDC7v2tVWE?feature=oembed\" frameborder=\"0\" allow=\"accelerometer; autoplay; clipboard-write; encrypted-media; gyroscope; picture-in-picture; web-share\" referrerpolicy=\"strict-origin-when-cross-origin\" allowfullscreen><\/iframe><\/p>\n<p>&nbsp;<\/p>\n<p><strong>Gos D &amp; Welelo &#8211; Morenetu<\/strong><\/p>\n<p>En este \u00faltimo trabajo GOS D se propone sacar todo el polvo a todos aquellos vinilos de m\u00fasica de ra\u00edz catalana olvidados en las tiendas, aquellas colecciones de discos de nuestros abuelos que a\u00f1os atr\u00e1s las instituciones regalaban para crear un cultura y una m\u00fasica propia. Diggeando en este repertorio el beatmaker de Matar\u00f3 ha sampleado un 80% de Cobla i Sardana para dar forma a las bases de MORENETU, con la clara voluntad de recuperar sonoridades aut\u00f3ctinas y desvincularse del universo Tradi-Folk. En esta tarea GOS D demuestra un inter\u00e9s manifiesto en utilizar como material de trabajo m\u00fasicas de ra\u00edz catalana en lugar del ya cl\u00e1sico soul o funk americano que infesta las producciones mundiales del g\u00e9nero del rap. La f\u00f3rmula es simple: producir hip hop que suena bien yankee, pero con elementos casposos nuestro. S\u00f3lo eso, jugar con contrastes, \u00a1como siempre!<\/p>\n<p>Las sardanas son, pues, las nuevas piezas del puzzle; y siguiendo con el uso de elementos identitarios, GOS D propone la aparici\u00f3n de una nueva virgen, en este caso masculina, intepretada por el veterano MC de Badalona de ascendencia africana WELELO como MORENETU. Los dos artistas est\u00e1n de estreno y este es el primer trabajo de GOS D con un \u00fanico MC invitado y WELELO se estrena escribiendo y defendiendo todo un trabajo \u00edntegramente en catal\u00e1n. A MORENETU, WELELO versa sobre beats de hip hop alla Detroit paridos con m\u00fasica de ra\u00edz catalana con un mensaje antirracista, desenmascarador de la hipocres\u00eda mostrada desde tiempos indianos bastante recientes y con voluntad 100% pedag\u00f3gica e inclusiva.<\/p>\n<p>Gos D lleva m\u00e1s de dos a\u00f1os removiendo pisos, tiendas y redes para recopilar pilas de colecciones sardaneras. Esta es una peque\u00f1a compilaci\u00f3n de la gran cantidad de beats que ha ido trabajando con el eje de la sardana y otras m\u00fasicas catalanas antiguas como ruta de trabajo.<\/p>\n<p>&nbsp;<\/p>\n<p>&nbsp;<\/p>\n<p>&nbsp;<\/p>","protected":false},"excerpt":{"rendered":"<p>Propaganda Pel Fet &#8211; 8436605950136<\/p>\n<p>LP en vinilo negro con funda interior impresa, carpeta sencilla<\/p>","protected":false},"featured_media":6950,"template":"","meta":[],"product_brand":[136],"product_cat":[74],"product_tag":[],"class_list":{"0":"post-6949","1":"product","2":"type-product","3":"status-publish","4":"has-post-thumbnail","6":"product_brand-varios","7":"product_cat-hip-hop","9":"first","10":"instock","11":"taxable","12":"shipping-taxable","13":"purchasable","14":"product-type-simple"},"yoast_head":"<!-- This site is optimized with the Yoast SEO plugin v27.5 - https:\/\/yoast.com\/product\/yoast-seo-wordpress\/ -->\n<title>Gos D &amp; Welelo - Morenetu - DISCOS REDONDOS<\/title>\n<meta name=\"description\" content=\"Gos D &amp; Welelo - Morenetu - Propaganda Pel Fet - 8436605950136LP en vinilo negro con funda interior impresa, carpeta sencilla\" \/>\n<meta name=\"robots\" content=\"index, follow, max-snippet:-1, max-image-preview:large, max-video-preview:-1\" \/>\n<link rel=\"canonical\" href=\"https:\/\/discos-redondos.es\/ca\/producte\/gos-d-welelo-morenetu\/\" \/>\n<meta property=\"og:locale\" content=\"ca_ES\" \/>\n<meta property=\"og:type\" content=\"article\" \/>\n<meta property=\"og:title\" content=\"Gos D &amp; Welelo - Morenetu - DISCOS REDONDOS\" \/>\n<meta property=\"og:description\" content=\"Gos D &amp; Welelo - Morenetu - Propaganda Pel Fet - 8436605950136LP en vinilo negro con funda interior impresa, carpeta sencilla\" \/>\n<meta property=\"og:url\" content=\"https:\/\/discos-redondos.es\/ca\/producte\/gos-d-welelo-morenetu\/\" \/>\n<meta property=\"og:site_name\" content=\"DISCOS REDONDOS\" \/>\n<meta property=\"article:publisher\" content=\"https:\/\/www.facebook.com\/discosredondos45\" \/>\n<meta property=\"article:modified_time\" content=\"2026-04-08T15:19:34+00:00\" \/>\n<meta property=\"og:image\" content=\"https:\/\/discos-redondos.es\/wp-content\/uploads\/2024\/01\/Gos-D-Welelo-Morenetu.jpg\" \/>\n\t<meta property=\"og:image:width\" content=\"1920\" \/>\n\t<meta property=\"og:image:height\" content=\"1920\" \/>\n\t<meta property=\"og:image:type\" content=\"image\/jpeg\" \/>\n<meta name=\"twitter:card\" content=\"summary_large_image\" \/>\n<meta name=\"twitter:label1\" content=\"Temps estimat de lectura\" \/>\n\t<meta name=\"twitter:data1\" content=\"2 minuts\" \/>\n<script type=\"application\/ld+json\" class=\"yoast-schema-graph\">{\"@context\":\"https:\\\/\\\/schema.org\",\"@graph\":[{\"@type\":\"WebPage\",\"@id\":\"https:\\\/\\\/discos-redondos.es\\\/producto\\\/gos-d-welelo-morenetu\",\"url\":\"https:\\\/\\\/discos-redondos.es\\\/producto\\\/gos-d-welelo-morenetu\",\"name\":\"Gos D & Welelo - Morenetu - DISCOS REDONDOS\",\"isPartOf\":{\"@id\":\"https:\\\/\\\/discos-redondos.es\\\/#website\"},\"primaryImageOfPage\":{\"@id\":\"https:\\\/\\\/discos-redondos.es\\\/producto\\\/gos-d-welelo-morenetu#primaryimage\"},\"image\":{\"@id\":\"https:\\\/\\\/discos-redondos.es\\\/producto\\\/gos-d-welelo-morenetu#primaryimage\"},\"thumbnailUrl\":\"https:\\\/\\\/discos-redondos.es\\\/wp-content\\\/uploads\\\/2024\\\/01\\\/Gos-D-Welelo-Morenetu.jpg\",\"datePublished\":\"2024-01-05T12:46:38+00:00\",\"dateModified\":\"2026-04-08T15:19:34+00:00\",\"description\":\"Gos D & Welelo - Morenetu - Propaganda Pel Fet - 8436605950136LP en vinilo negro con funda interior impresa, carpeta sencilla\",\"breadcrumb\":{\"@id\":\"https:\\\/\\\/discos-redondos.es\\\/producto\\\/gos-d-welelo-morenetu#breadcrumb\"},\"inLanguage\":\"ca\",\"potentialAction\":[{\"@type\":\"ReadAction\",\"target\":[\"https:\\\/\\\/discos-redondos.es\\\/producto\\\/gos-d-welelo-morenetu\"]}]},{\"@type\":\"ImageObject\",\"inLanguage\":\"ca\",\"@id\":\"https:\\\/\\\/discos-redondos.es\\\/producto\\\/gos-d-welelo-morenetu#primaryimage\",\"url\":\"https:\\\/\\\/discos-redondos.es\\\/wp-content\\\/uploads\\\/2024\\\/01\\\/Gos-D-Welelo-Morenetu.jpg\",\"contentUrl\":\"https:\\\/\\\/discos-redondos.es\\\/wp-content\\\/uploads\\\/2024\\\/01\\\/Gos-D-Welelo-Morenetu.jpg\",\"width\":1920,\"height\":1920,\"caption\":\"Gos D & Welelo - Morenetu\"},{\"@type\":\"BreadcrumbList\",\"@id\":\"https:\\\/\\\/discos-redondos.es\\\/producto\\\/gos-d-welelo-morenetu#breadcrumb\",\"itemListElement\":[{\"@type\":\"ListItem\",\"position\":1,\"name\":\"Portada\",\"item\":\"https:\\\/\\\/discos-redondos.es\\\/\"},{\"@type\":\"ListItem\",\"position\":2,\"name\":\"Tienda\",\"item\":\"https:\\\/\\\/discos-redondos.es\\\/?page_id=487\"},{\"@type\":\"ListItem\",\"position\":3,\"name\":\"Gos D &#038; Welelo &#8211; Morenetu\"}]},{\"@type\":\"WebSite\",\"@id\":\"https:\\\/\\\/discos-redondos.es\\\/#website\",\"url\":\"https:\\\/\\\/discos-redondos.es\\\/\",\"name\":\"Discos Redondos\",\"description\":\"Tu tienda de discos en Barcelona\",\"publisher\":{\"@id\":\"https:\\\/\\\/discos-redondos.es\\\/#organization\"},\"alternateName\":\"Discos Redondos\",\"potentialAction\":[{\"@type\":\"SearchAction\",\"target\":{\"@type\":\"EntryPoint\",\"urlTemplate\":\"https:\\\/\\\/discos-redondos.es\\\/?s={search_term_string}\"},\"query-input\":{\"@type\":\"PropertyValueSpecification\",\"valueRequired\":true,\"valueName\":\"search_term_string\"}}],\"inLanguage\":\"ca\"},{\"@type\":\"Organization\",\"@id\":\"https:\\\/\\\/discos-redondos.es\\\/#organization\",\"name\":\"Discos Redondos\",\"url\":\"https:\\\/\\\/discos-redondos.es\\\/\",\"logo\":{\"@type\":\"ImageObject\",\"inLanguage\":\"ca\",\"@id\":\"https:\\\/\\\/discos-redondos.es\\\/#\\\/schema\\\/logo\\\/image\\\/\",\"url\":\"https:\\\/\\\/discos-redondos.es\\\/wp-content\\\/uploads\\\/2023\\\/04\\\/aaff-logo-raval-1-1.jpg\",\"contentUrl\":\"https:\\\/\\\/discos-redondos.es\\\/wp-content\\\/uploads\\\/2023\\\/04\\\/aaff-logo-raval-1-1.jpg\",\"width\":2362,\"height\":1441,\"caption\":\"Discos Redondos\"},\"image\":{\"@id\":\"https:\\\/\\\/discos-redondos.es\\\/#\\\/schema\\\/logo\\\/image\\\/\"},\"sameAs\":[\"https:\\\/\\\/www.facebook.com\\\/discosredondos45\",\"https:\\\/\\\/www.instagram.com\\\/discos.redondos33\\\/?hl=es\",\"https:\\\/\\\/discos-redondos.bandcamp.com\\\/\"]}]}<\/script>\n<!-- \/ Yoast SEO plugin. -->","yoast_head_json":{"title":"Gos D & Welelo - Morenetu - DISCOS REDONDOS","description":"Gos D & Welelo - Morenetu - Propaganda Pel Fet - 8436605950136LP en vinilo negro con funda interior impresa, carpeta sencilla","robots":{"index":"index","follow":"follow","max-snippet":"max-snippet:-1","max-image-preview":"max-image-preview:large","max-video-preview":"max-video-preview:-1"},"canonical":"https:\/\/discos-redondos.es\/ca\/producte\/gos-d-welelo-morenetu\/","og_locale":"ca_ES","og_type":"article","og_title":"Gos D & Welelo - Morenetu - DISCOS REDONDOS","og_description":"Gos D & Welelo - Morenetu - Propaganda Pel Fet - 8436605950136LP en vinilo negro con funda interior impresa, carpeta sencilla","og_url":"https:\/\/discos-redondos.es\/ca\/producte\/gos-d-welelo-morenetu\/","og_site_name":"DISCOS REDONDOS","article_publisher":"https:\/\/www.facebook.com\/discosredondos45","article_modified_time":"2026-04-08T15:19:34+00:00","og_image":[{"width":1920,"height":1920,"url":"https:\/\/discos-redondos.es\/wp-content\/uploads\/2024\/01\/Gos-D-Welelo-Morenetu.jpg","type":"image\/jpeg"}],"twitter_card":"summary_large_image","twitter_misc":{"Temps estimat de lectura":"2 minuts"},"schema":{"@context":"https:\/\/schema.org","@graph":[{"@type":"WebPage","@id":"https:\/\/discos-redondos.es\/producto\/gos-d-welelo-morenetu","url":"https:\/\/discos-redondos.es\/producto\/gos-d-welelo-morenetu","name":"Gos D & Welelo - Morenetu - DISCOS REDONDOS","isPartOf":{"@id":"https:\/\/discos-redondos.es\/#website"},"primaryImageOfPage":{"@id":"https:\/\/discos-redondos.es\/producto\/gos-d-welelo-morenetu#primaryimage"},"image":{"@id":"https:\/\/discos-redondos.es\/producto\/gos-d-welelo-morenetu#primaryimage"},"thumbnailUrl":"https:\/\/discos-redondos.es\/wp-content\/uploads\/2024\/01\/Gos-D-Welelo-Morenetu.jpg","datePublished":"2024-01-05T12:46:38+00:00","dateModified":"2026-04-08T15:19:34+00:00","description":"Gos D & Welelo - Morenetu - Propaganda Pel Fet - 8436605950136LP en vinilo negro con funda interior impresa, carpeta sencilla","breadcrumb":{"@id":"https:\/\/discos-redondos.es\/producto\/gos-d-welelo-morenetu#breadcrumb"},"inLanguage":"ca","potentialAction":[{"@type":"ReadAction","target":["https:\/\/discos-redondos.es\/producto\/gos-d-welelo-morenetu"]}]},{"@type":"ImageObject","inLanguage":"ca","@id":"https:\/\/discos-redondos.es\/producto\/gos-d-welelo-morenetu#primaryimage","url":"https:\/\/discos-redondos.es\/wp-content\/uploads\/2024\/01\/Gos-D-Welelo-Morenetu.jpg","contentUrl":"https:\/\/discos-redondos.es\/wp-content\/uploads\/2024\/01\/Gos-D-Welelo-Morenetu.jpg","width":1920,"height":1920,"caption":"Gos D & Welelo - Morenetu"},{"@type":"BreadcrumbList","@id":"https:\/\/discos-redondos.es\/producto\/gos-d-welelo-morenetu#breadcrumb","itemListElement":[{"@type":"ListItem","position":1,"name":"Portada","item":"https:\/\/discos-redondos.es\/"},{"@type":"ListItem","position":2,"name":"Tienda","item":"https:\/\/discos-redondos.es\/?page_id=487"},{"@type":"ListItem","position":3,"name":"Gos D &#038; Welelo &#8211; Morenetu"}]},{"@type":"WebSite","@id":"https:\/\/discos-redondos.es\/#website","url":"https:\/\/discos-redondos.es\/","name":"Discos Redondos","description":"La teva botiga de discos a Barcelona","publisher":{"@id":"https:\/\/discos-redondos.es\/#organization"},"alternateName":"Discos Redondos","potentialAction":[{"@type":"SearchAction","target":{"@type":"EntryPoint","urlTemplate":"https:\/\/discos-redondos.es\/?s={search_term_string}"},"query-input":{"@type":"PropertyValueSpecification","valueRequired":true,"valueName":"search_term_string"}}],"inLanguage":"ca"},{"@type":"Organization","@id":"https:\/\/discos-redondos.es\/#organization","name":"Discos Redondos","url":"https:\/\/discos-redondos.es\/","logo":{"@type":"ImageObject","inLanguage":"ca","@id":"https:\/\/discos-redondos.es\/#\/schema\/logo\/image\/","url":"https:\/\/discos-redondos.es\/wp-content\/uploads\/2023\/04\/aaff-logo-raval-1-1.jpg","contentUrl":"https:\/\/discos-redondos.es\/wp-content\/uploads\/2023\/04\/aaff-logo-raval-1-1.jpg","width":2362,"height":1441,"caption":"Discos Redondos"},"image":{"@id":"https:\/\/discos-redondos.es\/#\/schema\/logo\/image\/"},"sameAs":["https:\/\/www.facebook.com\/discosredondos45","https:\/\/www.instagram.com\/discos.redondos33\/?hl=es","https:\/\/discos-redondos.bandcamp.com\/"]}]}},"_links":{"self":[{"href":"https:\/\/discos-redondos.es\/ca\/wp-json\/wp\/v2\/product\/6949","targetHints":{"allow":["GET"]}}],"collection":[{"href":"https:\/\/discos-redondos.es\/ca\/wp-json\/wp\/v2\/product"}],"about":[{"href":"https:\/\/discos-redondos.es\/ca\/wp-json\/wp\/v2\/types\/product"}],"wp:featuredmedia":[{"embeddable":true,"href":"https:\/\/discos-redondos.es\/ca\/wp-json\/wp\/v2\/media\/6950"}],"wp:attachment":[{"href":"https:\/\/discos-redondos.es\/ca\/wp-json\/wp\/v2\/media?parent=6949"}],"wp:term":[{"taxonomy":"product_brand","embeddable":true,"href":"https:\/\/discos-redondos.es\/ca\/wp-json\/wp\/v2\/product_brand?post=6949"},{"taxonomy":"product_cat","embeddable":true,"href":"https:\/\/discos-redondos.es\/ca\/wp-json\/wp\/v2\/product_cat?post=6949"},{"taxonomy":"product_tag","embeddable":true,"href":"https:\/\/discos-redondos.es\/ca\/wp-json\/wp\/v2\/product_tag?post=6949"}],"curies":[{"name":"wp","href":"https:\/\/api.w.org\/{rel}","templated":true}]}}