{"id":751,"date":"2021-05-05T17:13:00","date_gmt":"2021-05-05T17:13:00","guid":{"rendered":"https:\/\/discos-redondos.es\/?post_type=product&#038;p=751"},"modified":"2026-04-08T15:40:34","modified_gmt":"2026-04-08T15:40:34","slug":"peoples-instinctive-travels-and-the-paths-of-rhythm","status":"publish","type":"product","link":"https:\/\/discos-redondos.es\/ca\/producte\/peoples-instinctive-travels-and-the-paths-of-rhythm","title":{"rendered":"A Tribe Called Quest \u200e\u2013 People&#8217;s Instinctive Travels And The Paths Of Rhythm"},"content":{"rendered":"<p><strong>A Tribe Called Quest \u200e\u2013 People&#8217;s Instinctive Travels And The Paths Of Rhythm<\/strong><\/p>\n<p><strong>Tracklist<\/strong><\/p>\n<p>A1 Push It Along<br \/>\nA2 Luck Of Lucien<br \/>\nA3 After Hours<br \/>\nA4 Footprints<\/p>\n<p>B1 I Left My Wallet In El Segundo<br \/>\nB2 Pubic Enemy<br \/>\nB3 Bonita Applebum<br \/>\nB4 Can I Kick It?<br \/>\nB5 Youthful Expression<\/p>\n<p>C1 Rhythm (Devoted To The Art Of Moving Butts)<br \/>\nC2 Mr. Muhammad<br \/>\nC3 Ham &#8216;N&#8217; Eggs<br \/>\nC4 Go Ahead In The Rain<\/p>\n<p>D1 Description Of A Fool<br \/>\n<strong>Bonus Tracks<\/strong><br \/>\nD2 Footprints (Remix)<br \/>\nD3 Bonita Applebum (Pharrell Williams Remix)<br \/>\nD4 Can I Kick It? (J. Cole Remix)<\/p>\n<p><iframe loading=\"lazy\" title=\"Pubic Enemy\" width=\"832\" height=\"624\" src=\"https:\/\/www.youtube.com\/embed\/v6BUZI686iM?feature=oembed\" frameborder=\"0\" allow=\"accelerometer; autoplay; clipboard-write; encrypted-media; gyroscope; picture-in-picture; web-share\" referrerpolicy=\"strict-origin-when-cross-origin\" allowfullscreen><\/iframe><\/p>\n<p><strong>People&#8217;s Instinctive Travels and the Paths of Rhythm<\/strong> es el \u00e1lbum de estudio debut del grupo estadounidense de hip hop A Tribe Called Quest, lanzado el 10 de abril de 1990 en Jive Records. Despu\u00e9s de formar el colectivo Native Tongues y colaborar en varios proyectos, A Tribe Called Quest comenz\u00f3 a grabar sesiones para People&#8217;s Instinctive Travels a fines de 1989 en Calliope Studios, que se complet\u00f3 a principios de 1990. La producci\u00f3n relajada del \u00e1lbum abarc\u00f3 una amplia gama de samplers que funcionaron como una plantilla para las letras poco ortodoxas del grupo.<\/p>\n<p>Recibi\u00f3 elogios tanto de la cr\u00edtica como de la comunidad del hip hop en el momento de su lanzamiento, y finalmente obtuvo la certificaci\u00f3n de oro en los Estados Unidos el 19 de enero de 1996. Su reconocimiento se ha extendido a lo largo de los a\u00f1os. Est\u00e1 considerado como un \u00e1lbum central en el hip hop alternativo con su producci\u00f3n y lirismo poco convencionales. En un art\u00edculo conmemorativo de XXL, Michael Blair escribi\u00f3 que \u00abPeople&#8217;s Instinctive Travels and the Paths of Rhythm fue inmensamente innovador y mantendr\u00e1 eternamente su relevancia dentro de la cultura y la construcci\u00f3n del hip-hop\u00bb.<\/p>\n<p>A Tribe Called Quest se form\u00f3 en Queens, Nueva York, en 1985. Despu\u00e9s de establecer una profunda amistad con el grupo de hip-hop Jungle Brothers, ambos grupos formaron un colectivo denominado Native Tongues, que tambi\u00e9n inclu\u00eda a De La Soul.<\/p>\n<p>Varios a\u00f1os antes de grabar People&#8217;s Instinctive Travels and the Paths of Rhythm, el miembro del grupo Q-Tip cre\u00f3 gran parte de la producci\u00f3n del \u00e1lbum cuando estaba en d\u00e9cimo grado del instituto. Tendr\u00eda su primera experiencia en el estudio mientras grababa con Jungle Brothers en su \u00e1lbum debut Straight out the Jungle (1988). Aunque esta fue una importante experiencia dentro del proceso de aprendizaje, adquiri\u00f3 m\u00e1s conocimientos de grabaci\u00f3n y producci\u00f3n al estar presente en todas las sesiones de 3 Feet High and Rising (1989) de De La Soul. El ingeniero de grabaci\u00f3n Shane Faber le ense\u00f1\u00f3 a Q-Tip c\u00f3mo usar equipos como los samplers E-mu SP-1200 y Akai S950, y poco despu\u00e9s, el renombrado productor Large Professor le ense\u00f1\u00f3 c\u00f3mo usar otros equipos.<\/p>\n<p>Inicialmente, los sellos discogr\u00e1ficos no quer\u00edan contratar a A Tribe Called Quest debido a su imagen y sonido poco convencionales, pero se interesaron despu\u00e9s del \u00e9xito de 3 Feet High and Rising, que contaba con apariciones de Q-Tip. El grupo contrat\u00f3 a Kool DJ Red Alert como su m\u00e1nager, y despu\u00e9s de enviar su demo a varias discogr\u00e1ficas importantes, firmaron un contrato con Jive Records en 1989.<\/p>","protected":false},"excerpt":{"rendered":"<p>Jiv, Legacy, Sony Music \u200e\u2013 88875172371<\/p>\n<p>2 x LP en vinilo de 180 gramos, gatefold<\/p>","protected":false},"featured_media":752,"template":"","meta":[],"product_brand":[218,122],"product_cat":[74],"product_tag":[],"class_list":{"0":"post-751","1":"product","2":"type-product","3":"status-publish","4":"has-post-thumbnail","6":"product_brand-jive-records","7":"product_brand-sony-music","8":"product_cat-hip-hop","10":"first","11":"instock","12":"taxable","13":"shipping-taxable","14":"purchasable","15":"product-type-simple"},"yoast_head":"<!-- This site is optimized with the Yoast SEO plugin v27.4 - https:\/\/yoast.com\/product\/yoast-seo-wordpress\/ -->\n<title>A Tribe Called Quest \u200e\u2013 People&#039;s Instinctive Travels And The Paths Of Rhythm - DISCOS REDONDOS<\/title>\n<meta name=\"description\" content=\"People&#039;s Instinctive Travels And The Paths Of Rhythm - ATCQ - Jiv, Legacy, Sony Music \u200e\u2013 88875172371 - 2 x LP en vinilo de 180 gramos, gatefold %\" \/>\n<meta name=\"robots\" content=\"index, follow, max-snippet:-1, max-image-preview:large, max-video-preview:-1\" \/>\n<link rel=\"canonical\" href=\"https:\/\/discos-redondos.es\/ca\/producte\/peoples-instinctive-travels-and-the-paths-of-rhythm\/\" \/>\n<meta property=\"og:locale\" content=\"ca_ES\" \/>\n<meta property=\"og:type\" content=\"article\" \/>\n<meta property=\"og:title\" content=\"A Tribe Called Quest \u200e\u2013 People&#039;s Instinctive Travels And The Paths Of Rhythm - DISCOS REDONDOS\" \/>\n<meta property=\"og:description\" content=\"People&#039;s Instinctive Travels And The Paths Of Rhythm - ATCQ - Jiv, Legacy, Sony Music \u200e\u2013 88875172371 - 2 x LP en vinilo de 180 gramos, gatefold %\" \/>\n<meta property=\"og:url\" content=\"https:\/\/discos-redondos.es\/ca\/producte\/peoples-instinctive-travels-and-the-paths-of-rhythm\/\" \/>\n<meta property=\"og:site_name\" content=\"DISCOS REDONDOS\" \/>\n<meta property=\"article:publisher\" content=\"https:\/\/www.facebook.com\/discosredondos45\" \/>\n<meta property=\"article:modified_time\" content=\"2026-04-08T15:40:34+00:00\" \/>\n<meta property=\"og:image\" content=\"https:\/\/discos-redondos.es\/wp-content\/uploads\/2021\/05\/A-Tribe-Called-Quest-\u200e\u2013-Peoples-Instinctive-Travels-And-The-Paths-Of-Rhythm.jpg\" \/>\n\t<meta property=\"og:image:width\" content=\"600\" \/>\n\t<meta property=\"og:image:height\" content=\"599\" \/>\n\t<meta property=\"og:image:type\" content=\"image\/jpeg\" \/>\n<meta name=\"twitter:card\" content=\"summary_large_image\" \/>\n<meta name=\"twitter:label1\" content=\"Temps estimat de lectura\" \/>\n\t<meta name=\"twitter:data1\" content=\"3 minuts\" \/>\n<script type=\"application\/ld+json\" class=\"yoast-schema-graph\">{\"@context\":\"https:\\\/\\\/schema.org\",\"@graph\":[{\"@type\":\"WebPage\",\"@id\":\"https:\\\/\\\/discos-redondos.es\\\/producto\\\/peoples-instinctive-travels-and-the-paths-of-rhythm\",\"url\":\"https:\\\/\\\/discos-redondos.es\\\/producto\\\/peoples-instinctive-travels-and-the-paths-of-rhythm\",\"name\":\"A Tribe Called Quest \u200e\u2013 People's Instinctive Travels And The Paths Of Rhythm - DISCOS REDONDOS\",\"isPartOf\":{\"@id\":\"https:\\\/\\\/discos-redondos.es\\\/#website\"},\"primaryImageOfPage\":{\"@id\":\"https:\\\/\\\/discos-redondos.es\\\/producto\\\/peoples-instinctive-travels-and-the-paths-of-rhythm#primaryimage\"},\"image\":{\"@id\":\"https:\\\/\\\/discos-redondos.es\\\/producto\\\/peoples-instinctive-travels-and-the-paths-of-rhythm#primaryimage\"},\"thumbnailUrl\":\"https:\\\/\\\/discos-redondos.es\\\/wp-content\\\/uploads\\\/2021\\\/05\\\/A-Tribe-Called-Quest-\u200e\u2013-Peoples-Instinctive-Travels-And-The-Paths-Of-Rhythm.jpg\",\"datePublished\":\"2021-05-05T17:13:00+00:00\",\"dateModified\":\"2026-04-08T15:40:34+00:00\",\"description\":\"People's Instinctive Travels And The Paths Of Rhythm - ATCQ - Jiv, Legacy, Sony Music \u200e\u2013 88875172371 - 2 x LP en vinilo de 180 gramos, gatefold %\",\"breadcrumb\":{\"@id\":\"https:\\\/\\\/discos-redondos.es\\\/producto\\\/peoples-instinctive-travels-and-the-paths-of-rhythm#breadcrumb\"},\"inLanguage\":\"ca\",\"potentialAction\":[{\"@type\":\"ReadAction\",\"target\":[\"https:\\\/\\\/discos-redondos.es\\\/producto\\\/peoples-instinctive-travels-and-the-paths-of-rhythm\"]}]},{\"@type\":\"ImageObject\",\"inLanguage\":\"ca\",\"@id\":\"https:\\\/\\\/discos-redondos.es\\\/producto\\\/peoples-instinctive-travels-and-the-paths-of-rhythm#primaryimage\",\"url\":\"https:\\\/\\\/discos-redondos.es\\\/wp-content\\\/uploads\\\/2021\\\/05\\\/A-Tribe-Called-Quest-\u200e\u2013-Peoples-Instinctive-Travels-And-The-Paths-Of-Rhythm.jpg\",\"contentUrl\":\"https:\\\/\\\/discos-redondos.es\\\/wp-content\\\/uploads\\\/2021\\\/05\\\/A-Tribe-Called-Quest-\u200e\u2013-Peoples-Instinctive-Travels-And-The-Paths-Of-Rhythm.jpg\",\"width\":600,\"height\":599,\"caption\":\"A Tribe Called Quest \u200e\u2013 People's Instinctive Travels And The Paths Of Rhythm\"},{\"@type\":\"BreadcrumbList\",\"@id\":\"https:\\\/\\\/discos-redondos.es\\\/producto\\\/peoples-instinctive-travels-and-the-paths-of-rhythm#breadcrumb\",\"itemListElement\":[{\"@type\":\"ListItem\",\"position\":1,\"name\":\"Portada\",\"item\":\"https:\\\/\\\/discos-redondos.es\\\/\"},{\"@type\":\"ListItem\",\"position\":2,\"name\":\"Tienda\",\"item\":\"https:\\\/\\\/discos-redondos.es\\\/?page_id=487\"},{\"@type\":\"ListItem\",\"position\":3,\"name\":\"A Tribe Called Quest \u200e\u2013 People&#8217;s Instinctive Travels And The Paths Of Rhythm\"}]},{\"@type\":\"WebSite\",\"@id\":\"https:\\\/\\\/discos-redondos.es\\\/#website\",\"url\":\"https:\\\/\\\/discos-redondos.es\\\/\",\"name\":\"Discos Redondos\",\"description\":\"Tu tienda de discos en Barcelona\",\"publisher\":{\"@id\":\"https:\\\/\\\/discos-redondos.es\\\/#organization\"},\"alternateName\":\"Discos Redondos\",\"potentialAction\":[{\"@type\":\"SearchAction\",\"target\":{\"@type\":\"EntryPoint\",\"urlTemplate\":\"https:\\\/\\\/discos-redondos.es\\\/?s={search_term_string}\"},\"query-input\":{\"@type\":\"PropertyValueSpecification\",\"valueRequired\":true,\"valueName\":\"search_term_string\"}}],\"inLanguage\":\"ca\"},{\"@type\":\"Organization\",\"@id\":\"https:\\\/\\\/discos-redondos.es\\\/#organization\",\"name\":\"Discos Redondos\",\"url\":\"https:\\\/\\\/discos-redondos.es\\\/\",\"logo\":{\"@type\":\"ImageObject\",\"inLanguage\":\"ca\",\"@id\":\"https:\\\/\\\/discos-redondos.es\\\/#\\\/schema\\\/logo\\\/image\\\/\",\"url\":\"https:\\\/\\\/discos-redondos.es\\\/wp-content\\\/uploads\\\/2023\\\/04\\\/aaff-logo-raval-1-1.jpg\",\"contentUrl\":\"https:\\\/\\\/discos-redondos.es\\\/wp-content\\\/uploads\\\/2023\\\/04\\\/aaff-logo-raval-1-1.jpg\",\"width\":2362,\"height\":1441,\"caption\":\"Discos Redondos\"},\"image\":{\"@id\":\"https:\\\/\\\/discos-redondos.es\\\/#\\\/schema\\\/logo\\\/image\\\/\"},\"sameAs\":[\"https:\\\/\\\/www.facebook.com\\\/discosredondos45\",\"https:\\\/\\\/www.instagram.com\\\/discos.redondos33\\\/?hl=es\",\"https:\\\/\\\/discos-redondos.bandcamp.com\\\/\"]}]}<\/script>\n<!-- \/ Yoast SEO plugin. -->","yoast_head_json":{"title":"A Tribe Called Quest \u200e\u2013 People's Instinctive Travels And The Paths Of Rhythm - DISCOS REDONDOS","description":"People's Instinctive Travels And The Paths Of Rhythm - ATCQ - Jiv, Legacy, Sony Music \u200e\u2013 88875172371 - 2 x LP en vinilo de 180 gramos, gatefold %","robots":{"index":"index","follow":"follow","max-snippet":"max-snippet:-1","max-image-preview":"max-image-preview:large","max-video-preview":"max-video-preview:-1"},"canonical":"https:\/\/discos-redondos.es\/ca\/producte\/peoples-instinctive-travels-and-the-paths-of-rhythm\/","og_locale":"ca_ES","og_type":"article","og_title":"A Tribe Called Quest \u200e\u2013 People's Instinctive Travels And The Paths Of Rhythm - DISCOS REDONDOS","og_description":"People's Instinctive Travels And The Paths Of Rhythm - ATCQ - Jiv, Legacy, Sony Music \u200e\u2013 88875172371 - 2 x LP en vinilo de 180 gramos, gatefold %","og_url":"https:\/\/discos-redondos.es\/ca\/producte\/peoples-instinctive-travels-and-the-paths-of-rhythm\/","og_site_name":"DISCOS REDONDOS","article_publisher":"https:\/\/www.facebook.com\/discosredondos45","article_modified_time":"2026-04-08T15:40:34+00:00","og_image":[{"width":600,"height":599,"url":"https:\/\/discos-redondos.es\/wp-content\/uploads\/2021\/05\/A-Tribe-Called-Quest-\u200e\u2013-Peoples-Instinctive-Travels-And-The-Paths-Of-Rhythm.jpg","type":"image\/jpeg"}],"twitter_card":"summary_large_image","twitter_misc":{"Temps estimat de lectura":"3 minuts"},"schema":{"@context":"https:\/\/schema.org","@graph":[{"@type":"WebPage","@id":"https:\/\/discos-redondos.es\/producto\/peoples-instinctive-travels-and-the-paths-of-rhythm","url":"https:\/\/discos-redondos.es\/producto\/peoples-instinctive-travels-and-the-paths-of-rhythm","name":"A Tribe Called Quest \u200e\u2013 People's Instinctive Travels And The Paths Of Rhythm - DISCOS REDONDOS","isPartOf":{"@id":"https:\/\/discos-redondos.es\/#website"},"primaryImageOfPage":{"@id":"https:\/\/discos-redondos.es\/producto\/peoples-instinctive-travels-and-the-paths-of-rhythm#primaryimage"},"image":{"@id":"https:\/\/discos-redondos.es\/producto\/peoples-instinctive-travels-and-the-paths-of-rhythm#primaryimage"},"thumbnailUrl":"https:\/\/discos-redondos.es\/wp-content\/uploads\/2021\/05\/A-Tribe-Called-Quest-\u200e\u2013-Peoples-Instinctive-Travels-And-The-Paths-Of-Rhythm.jpg","datePublished":"2021-05-05T17:13:00+00:00","dateModified":"2026-04-08T15:40:34+00:00","description":"People's Instinctive Travels And The Paths Of Rhythm - ATCQ - Jiv, Legacy, Sony Music \u200e\u2013 88875172371 - 2 x LP en vinilo de 180 gramos, gatefold %","breadcrumb":{"@id":"https:\/\/discos-redondos.es\/producto\/peoples-instinctive-travels-and-the-paths-of-rhythm#breadcrumb"},"inLanguage":"ca","potentialAction":[{"@type":"ReadAction","target":["https:\/\/discos-redondos.es\/producto\/peoples-instinctive-travels-and-the-paths-of-rhythm"]}]},{"@type":"ImageObject","inLanguage":"ca","@id":"https:\/\/discos-redondos.es\/producto\/peoples-instinctive-travels-and-the-paths-of-rhythm#primaryimage","url":"https:\/\/discos-redondos.es\/wp-content\/uploads\/2021\/05\/A-Tribe-Called-Quest-\u200e\u2013-Peoples-Instinctive-Travels-And-The-Paths-Of-Rhythm.jpg","contentUrl":"https:\/\/discos-redondos.es\/wp-content\/uploads\/2021\/05\/A-Tribe-Called-Quest-\u200e\u2013-Peoples-Instinctive-Travels-And-The-Paths-Of-Rhythm.jpg","width":600,"height":599,"caption":"A Tribe Called Quest \u200e\u2013 People's Instinctive Travels And The Paths Of Rhythm"},{"@type":"BreadcrumbList","@id":"https:\/\/discos-redondos.es\/producto\/peoples-instinctive-travels-and-the-paths-of-rhythm#breadcrumb","itemListElement":[{"@type":"ListItem","position":1,"name":"Portada","item":"https:\/\/discos-redondos.es\/"},{"@type":"ListItem","position":2,"name":"Tienda","item":"https:\/\/discos-redondos.es\/?page_id=487"},{"@type":"ListItem","position":3,"name":"A Tribe Called Quest \u200e\u2013 People&#8217;s Instinctive Travels And The Paths Of Rhythm"}]},{"@type":"WebSite","@id":"https:\/\/discos-redondos.es\/#website","url":"https:\/\/discos-redondos.es\/","name":"Discos Redondos","description":"La teva botiga de discos a Barcelona","publisher":{"@id":"https:\/\/discos-redondos.es\/#organization"},"alternateName":"Discos Redondos","potentialAction":[{"@type":"SearchAction","target":{"@type":"EntryPoint","urlTemplate":"https:\/\/discos-redondos.es\/?s={search_term_string}"},"query-input":{"@type":"PropertyValueSpecification","valueRequired":true,"valueName":"search_term_string"}}],"inLanguage":"ca"},{"@type":"Organization","@id":"https:\/\/discos-redondos.es\/#organization","name":"Discos Redondos","url":"https:\/\/discos-redondos.es\/","logo":{"@type":"ImageObject","inLanguage":"ca","@id":"https:\/\/discos-redondos.es\/#\/schema\/logo\/image\/","url":"https:\/\/discos-redondos.es\/wp-content\/uploads\/2023\/04\/aaff-logo-raval-1-1.jpg","contentUrl":"https:\/\/discos-redondos.es\/wp-content\/uploads\/2023\/04\/aaff-logo-raval-1-1.jpg","width":2362,"height":1441,"caption":"Discos Redondos"},"image":{"@id":"https:\/\/discos-redondos.es\/#\/schema\/logo\/image\/"},"sameAs":["https:\/\/www.facebook.com\/discosredondos45","https:\/\/www.instagram.com\/discos.redondos33\/?hl=es","https:\/\/discos-redondos.bandcamp.com\/"]}]}},"_links":{"self":[{"href":"https:\/\/discos-redondos.es\/ca\/wp-json\/wp\/v2\/product\/751","targetHints":{"allow":["GET"]}}],"collection":[{"href":"https:\/\/discos-redondos.es\/ca\/wp-json\/wp\/v2\/product"}],"about":[{"href":"https:\/\/discos-redondos.es\/ca\/wp-json\/wp\/v2\/types\/product"}],"wp:featuredmedia":[{"embeddable":true,"href":"https:\/\/discos-redondos.es\/ca\/wp-json\/wp\/v2\/media\/752"}],"wp:attachment":[{"href":"https:\/\/discos-redondos.es\/ca\/wp-json\/wp\/v2\/media?parent=751"}],"wp:term":[{"taxonomy":"product_brand","embeddable":true,"href":"https:\/\/discos-redondos.es\/ca\/wp-json\/wp\/v2\/product_brand?post=751"},{"taxonomy":"product_cat","embeddable":true,"href":"https:\/\/discos-redondos.es\/ca\/wp-json\/wp\/v2\/product_cat?post=751"},{"taxonomy":"product_tag","embeddable":true,"href":"https:\/\/discos-redondos.es\/ca\/wp-json\/wp\/v2\/product_tag?post=751"}],"curies":[{"name":"wp","href":"https:\/\/api.w.org\/{rel}","templated":true}]}}