{"id":7647,"date":"2024-07-23T15:03:54","date_gmt":"2024-07-23T15:03:54","guid":{"rendered":"https:\/\/discos-redondos.es\/?post_type=product&#038;p=7647"},"modified":"2026-03-30T15:20:35","modified_gmt":"2026-03-30T15:20:35","slug":"mac-miller-circles","status":"publish","type":"product","link":"https:\/\/discos-redondos.es\/ca\/producte\/mac-miller-circles","title":{"rendered":"Mac Miller \u200e- Circles"},"content":{"rendered":"<p><strong>Mac Miller \u200e- Circles<\/strong><\/p>\n<p><strong>Tracklist<\/strong><\/p>\n<table class=\"playlist\">\n<thead class=\"sr-only\">\n<tr>\n<th><\/th>\n<th><\/th>\n<th><\/th>\n<\/tr>\n<\/thead>\n<tbody>\n<tr class=\"first tracklist_track track\" data-track-position=\"A1\">\n<td class=\"tracklist_track_pos\">A1<\/td>\n<td class=\"track tracklist_track_title\"><span class=\"tracklist_track_title\">Circles<\/span><\/td>\n<td class=\"tracklist_track_duration\" width=\"25\"><\/td>\n<\/tr>\n<tr class=\"tracklist_track track\" data-track-position=\"A2\">\n<td class=\"tracklist_track_pos\">A2<\/td>\n<td class=\"track tracklist_track_title\"><span class=\"tracklist_track_title\">Complicated<\/span><\/td>\n<td class=\"tracklist_track_duration\" width=\"25\"><\/td>\n<\/tr>\n<tr class=\"tracklist_track track\" data-track-position=\"A3\">\n<td class=\"tracklist_track_pos\">A3<\/td>\n<td class=\"track tracklist_track_title\"><span class=\"tracklist_track_title\">Blue World<\/span><\/td>\n<td class=\"tracklist_track_duration\" width=\"25\"><\/td>\n<\/tr>\n<tr class=\"tracklist_track track\" data-track-position=\"A4\">\n<td class=\"tracklist_track_pos\">A4<\/td>\n<td class=\"track tracklist_track_title\"><span class=\"tracklist_track_title\">Good News<\/span><\/td>\n<td class=\"tracklist_track_duration\" width=\"25\"><\/td>\n<\/tr>\n<tr class=\"tracklist_track track\" data-track-position=\"B5\">\n<td class=\"tracklist_track_pos\">B5<\/td>\n<td class=\"track tracklist_track_title\"><span class=\"tracklist_track_title\">I Can See<\/span><\/td>\n<td class=\"tracklist_track_duration\" width=\"25\"><\/td>\n<\/tr>\n<tr class=\"tracklist_track track\" data-track-position=\"B6\">\n<td class=\"tracklist_track_pos\">B6<\/td>\n<td class=\"track tracklist_track_title\"><span class=\"tracklist_track_title\">Everybody<\/span><\/td>\n<td class=\"tracklist_track_duration\" width=\"25\"><\/td>\n<\/tr>\n<tr class=\"tracklist_track track\" data-track-position=\"B7\">\n<td class=\"tracklist_track_pos\">B7<\/td>\n<td class=\"track tracklist_track_title\"><span class=\"tracklist_track_title\">Woods<\/span><\/td>\n<td class=\"tracklist_track_duration\" width=\"25\"><\/td>\n<\/tr>\n<tr class=\"tracklist_track track\" data-track-position=\"B8\">\n<td class=\"tracklist_track_pos\">B8<\/td>\n<td class=\"track tracklist_track_title\"><span class=\"tracklist_track_title\">Hand Me Downs<\/span><\/td>\n<td class=\"tracklist_track_duration\" width=\"25\"><\/td>\n<\/tr>\n<tr class=\"tracklist_track track\" data-track-position=\"C9\">\n<td class=\"tracklist_track_pos\">C9<\/td>\n<td class=\"track tracklist_track_title\"><span class=\"tracklist_track_title\">That&#8217;s On Me<\/span><\/td>\n<td class=\"tracklist_track_duration\" width=\"25\"><\/td>\n<\/tr>\n<tr class=\"tracklist_track track\" data-track-position=\"C10\">\n<td class=\"tracklist_track_pos\">C10<\/td>\n<td class=\"track tracklist_track_title\"><span class=\"tracklist_track_title\">Hands<\/span><\/td>\n<td class=\"tracklist_track_duration\" width=\"25\"><\/td>\n<\/tr>\n<tr class=\"tracklist_track track\" data-track-position=\"C11\">\n<td class=\"tracklist_track_pos\">C11<\/td>\n<td class=\"track tracklist_track_title\"><span class=\"tracklist_track_title\">Surf<\/span><\/td>\n<td class=\"tracklist_track_duration\" width=\"25\"><\/td>\n<\/tr>\n<tr class=\"tracklist_track track\" data-track-position=\"C12\">\n<td class=\"tracklist_track_pos\">C12<\/td>\n<td class=\"track tracklist_track_title\"><span class=\"tracklist_track_title\">Once A Day<\/span><\/td>\n<td class=\"tracklist_track_duration\" width=\"25\"><\/td>\n<\/tr>\n<tr class=\"tracklist_track track\" data-track-position=\"D13\">\n<td class=\"tracklist_track_pos\">D13<\/td>\n<td class=\"track tracklist_track_title\"><span class=\"tracklist_track_title\">Right<\/span><\/td>\n<td class=\"tracklist_track_duration\" width=\"25\"><\/td>\n<\/tr>\n<tr class=\"tracklist_track track\" data-track-position=\"D14\">\n<td class=\"tracklist_track_pos\">D14<\/td>\n<td class=\"track tracklist_track_title\"><span class=\"tracklist_track_title\">Floating<\/span><\/td>\n<\/tr>\n<\/tbody>\n<\/table>\n<p>&nbsp;<\/p>\n<p><iframe loading=\"lazy\" title=\"Mac Miller - Circles\" width=\"832\" height=\"468\" src=\"https:\/\/www.youtube.com\/embed\/V4BFGSZ_1ls?feature=oembed\" frameborder=\"0\" allow=\"accelerometer; autoplay; clipboard-write; encrypted-media; gyroscope; picture-in-picture; web-share\" referrerpolicy=\"strict-origin-when-cross-origin\" allowfullscreen><\/iframe><\/p>\n<p>&nbsp;<\/p>\n<h2><strong>Mac Miller \u200e- Circles<\/strong><\/h2>\n<p>Circles no es solo un \u00e1lbum p\u00f3stumo; es el cierre necesario de una narrativa musical que Mac Miller dej\u00f3 inconclusa. Lanzado en enero de 2020, este proyecto act\u00faa como la pieza complementaria de su disco anterior, Swimming, bajo el concepto de \u00abSwimming in Circles\u00bb (nadando en c\u00edrculos). Mientras que su predecesor exploraba la lucha contra la ansiedad, Circles ofrece una atm\u00f3sfera de aceptaci\u00f3n y paz interior.<\/p>\n<p>Musicalmente, el \u00e1lbum se aleja del rap convencional para adentrarse en un sonido neo-soul y pop introspectivo. Gracias a la producci\u00f3n de Jon Brion, quien complet\u00f3 el trabajo tras el fallecimiento de Mac, el disco brilla por sus arreglos minimalistas, el uso de sintetizadores suaves y guitarras melanc\u00f3licas. Canciones como \u00abGood News\u00bb se han convertido en himnos de resiliencia, record\u00e1ndonos que incluso en los momentos m\u00e1s oscuros existe una b\u00fasqueda de claridad.<\/p>\n<p>Circles destaca por ser un \u00e1lbum accesible para todo tipo de oyentes. Su estructura l\u00edrica es honesta y directa, abordando temas universales como el paso del tiempo, el crecimiento personal y la salud mental. Es un referente dentro del g\u00e9nero alternativo, manteniendo un inter\u00e9s constante debido a su profundidad emocional y calidad t\u00e9cnica.<\/p>\n<p>En resumen, la obra p\u00f3stuma de Mac Miller es un viaje sonoro reconfortante. No se percibe como una colecci\u00f3n de descartes, sino como un testamento art\u00edstico coherente. Es un recordatorio de que, aunque la vida puede ser un ciclo complejo, siempre hay belleza en el proceso de encontrar nuestro propio centro. Si buscas una experiencia musical que combine reflexi\u00f3n y calma, Circles es la parada obligatoria en la discograf\u00eda de uno de los artistas m\u00e1s influyentes de su generaci\u00f3n.<\/p>\n<p>&nbsp;<\/p>\n<p>&nbsp;<\/p>","protected":false},"excerpt":{"rendered":"<p>Warner Records, REMember Music &#8211; 0093624905592<\/p>\n<p>2 x LP en vinilo negro, edici\u00f3n europea 2020<\/p>","protected":false},"featured_media":7648,"template":"","meta":[],"product_brand":[123],"product_cat":[74],"product_tag":[],"class_list":{"0":"post-7647","1":"product","2":"type-product","3":"status-publish","4":"has-post-thumbnail","6":"product_brand-warner-music","7":"product_cat-hip-hop","9":"first","10":"instock","11":"taxable","12":"shipping-taxable","13":"purchasable","14":"product-type-simple"},"yoast_head":"<!-- This site is optimized with the Yoast SEO plugin v27.3 - https:\/\/yoast.com\/product\/yoast-seo-wordpress\/ -->\n<title>Mac Miller \u200e- Circles - DISCOS REDONDOS<\/title>\n<meta name=\"description\" content=\"Mac Miller \u200e- Circles - Warner Records, REMember Music - 0093624905592 2 x LP en vinilo negro, y carpeta gatefold. edici\u00f3n europea\" \/>\n<meta name=\"robots\" content=\"index, follow, max-snippet:-1, max-image-preview:large, max-video-preview:-1\" \/>\n<link rel=\"canonical\" href=\"https:\/\/discos-redondos.es\/ca\/producte\/mac-miller-circles\/\" \/>\n<meta property=\"og:locale\" content=\"ca_ES\" \/>\n<meta property=\"og:type\" content=\"article\" \/>\n<meta property=\"og:title\" content=\"Mac Miller \u200e- Circles - DISCOS REDONDOS\" \/>\n<meta property=\"og:description\" content=\"Mac Miller \u200e- Circles - Warner Records, REMember Music - 0093624905592 2 x LP en vinilo negro, y carpeta gatefold. edici\u00f3n europea\" \/>\n<meta property=\"og:url\" content=\"https:\/\/discos-redondos.es\/ca\/producte\/mac-miller-circles\/\" \/>\n<meta property=\"og:site_name\" content=\"DISCOS REDONDOS\" \/>\n<meta property=\"article:publisher\" content=\"https:\/\/www.facebook.com\/discosredondos45\" \/>\n<meta property=\"article:modified_time\" content=\"2026-03-30T15:20:35+00:00\" \/>\n<meta property=\"og:image\" content=\"https:\/\/discos-redondos.es\/wp-content\/uploads\/2024\/07\/Mac-Miller-\u200e-Circles.jpg\" \/>\n\t<meta property=\"og:image:width\" content=\"590\" \/>\n\t<meta property=\"og:image:height\" content=\"586\" \/>\n\t<meta property=\"og:image:type\" content=\"image\/jpeg\" \/>\n<meta name=\"twitter:card\" content=\"summary_large_image\" \/>\n<meta name=\"twitter:label1\" content=\"Temps estimat de lectura\" \/>\n\t<meta name=\"twitter:data1\" content=\"2 minuts\" \/>\n<script type=\"application\/ld+json\" class=\"yoast-schema-graph\">{\"@context\":\"https:\\\/\\\/schema.org\",\"@graph\":[{\"@type\":\"WebPage\",\"@id\":\"https:\\\/\\\/discos-redondos.es\\\/producto\\\/mac-miller-circles\",\"url\":\"https:\\\/\\\/discos-redondos.es\\\/producto\\\/mac-miller-circles\",\"name\":\"Mac Miller \u200e- Circles - DISCOS REDONDOS\",\"isPartOf\":{\"@id\":\"https:\\\/\\\/discos-redondos.es\\\/#website\"},\"primaryImageOfPage\":{\"@id\":\"https:\\\/\\\/discos-redondos.es\\\/producto\\\/mac-miller-circles#primaryimage\"},\"image\":{\"@id\":\"https:\\\/\\\/discos-redondos.es\\\/producto\\\/mac-miller-circles#primaryimage\"},\"thumbnailUrl\":\"https:\\\/\\\/discos-redondos.es\\\/wp-content\\\/uploads\\\/2024\\\/07\\\/Mac-Miller-\u200e-Circles.jpg\",\"datePublished\":\"2024-07-23T15:03:54+00:00\",\"dateModified\":\"2026-03-30T15:20:35+00:00\",\"description\":\"Mac Miller \u200e- Circles - Warner Records, REMember Music - 0093624905592 2 x LP en vinilo negro, y carpeta gatefold. edici\u00f3n europea\",\"breadcrumb\":{\"@id\":\"https:\\\/\\\/discos-redondos.es\\\/producto\\\/mac-miller-circles#breadcrumb\"},\"inLanguage\":\"ca\",\"potentialAction\":[{\"@type\":\"ReadAction\",\"target\":[\"https:\\\/\\\/discos-redondos.es\\\/producto\\\/mac-miller-circles\"]}]},{\"@type\":\"ImageObject\",\"inLanguage\":\"ca\",\"@id\":\"https:\\\/\\\/discos-redondos.es\\\/producto\\\/mac-miller-circles#primaryimage\",\"url\":\"https:\\\/\\\/discos-redondos.es\\\/wp-content\\\/uploads\\\/2024\\\/07\\\/Mac-Miller-\u200e-Circles.jpg\",\"contentUrl\":\"https:\\\/\\\/discos-redondos.es\\\/wp-content\\\/uploads\\\/2024\\\/07\\\/Mac-Miller-\u200e-Circles.jpg\",\"width\":590,\"height\":586,\"caption\":\"Mac Miller \u200e- Circles\"},{\"@type\":\"BreadcrumbList\",\"@id\":\"https:\\\/\\\/discos-redondos.es\\\/producto\\\/mac-miller-circles#breadcrumb\",\"itemListElement\":[{\"@type\":\"ListItem\",\"position\":1,\"name\":\"Portada\",\"item\":\"https:\\\/\\\/discos-redondos.es\\\/\"},{\"@type\":\"ListItem\",\"position\":2,\"name\":\"Tienda\",\"item\":\"https:\\\/\\\/discos-redondos.es\\\/?page_id=487\"},{\"@type\":\"ListItem\",\"position\":3,\"name\":\"Mac Miller \u200e- Circles\"}]},{\"@type\":\"WebSite\",\"@id\":\"https:\\\/\\\/discos-redondos.es\\\/#website\",\"url\":\"https:\\\/\\\/discos-redondos.es\\\/\",\"name\":\"Discos Redondos\",\"description\":\"Tu tienda de discos en Barcelona\",\"publisher\":{\"@id\":\"https:\\\/\\\/discos-redondos.es\\\/#organization\"},\"alternateName\":\"Discos Redondos\",\"potentialAction\":[{\"@type\":\"SearchAction\",\"target\":{\"@type\":\"EntryPoint\",\"urlTemplate\":\"https:\\\/\\\/discos-redondos.es\\\/?s={search_term_string}\"},\"query-input\":{\"@type\":\"PropertyValueSpecification\",\"valueRequired\":true,\"valueName\":\"search_term_string\"}}],\"inLanguage\":\"ca\"},{\"@type\":\"Organization\",\"@id\":\"https:\\\/\\\/discos-redondos.es\\\/#organization\",\"name\":\"Discos Redondos\",\"url\":\"https:\\\/\\\/discos-redondos.es\\\/\",\"logo\":{\"@type\":\"ImageObject\",\"inLanguage\":\"ca\",\"@id\":\"https:\\\/\\\/discos-redondos.es\\\/#\\\/schema\\\/logo\\\/image\\\/\",\"url\":\"https:\\\/\\\/discos-redondos.es\\\/wp-content\\\/uploads\\\/2023\\\/04\\\/aaff-logo-raval-1-1.jpg\",\"contentUrl\":\"https:\\\/\\\/discos-redondos.es\\\/wp-content\\\/uploads\\\/2023\\\/04\\\/aaff-logo-raval-1-1.jpg\",\"width\":2362,\"height\":1441,\"caption\":\"Discos Redondos\"},\"image\":{\"@id\":\"https:\\\/\\\/discos-redondos.es\\\/#\\\/schema\\\/logo\\\/image\\\/\"},\"sameAs\":[\"https:\\\/\\\/www.facebook.com\\\/discosredondos45\",\"https:\\\/\\\/www.instagram.com\\\/discos.redondos33\\\/?hl=es\",\"https:\\\/\\\/discos-redondos.bandcamp.com\\\/\"]}]}<\/script>\n<!-- \/ Yoast SEO plugin. -->","yoast_head_json":{"title":"Mac Miller \u200e- Circles - DISCOS REDONDOS","description":"Mac Miller \u200e- Circles - Warner Records, REMember Music - 0093624905592 2 x LP en vinilo negro, y carpeta gatefold. edici\u00f3n europea","robots":{"index":"index","follow":"follow","max-snippet":"max-snippet:-1","max-image-preview":"max-image-preview:large","max-video-preview":"max-video-preview:-1"},"canonical":"https:\/\/discos-redondos.es\/ca\/producte\/mac-miller-circles\/","og_locale":"ca_ES","og_type":"article","og_title":"Mac Miller \u200e- Circles - DISCOS REDONDOS","og_description":"Mac Miller \u200e- Circles - Warner Records, REMember Music - 0093624905592 2 x LP en vinilo negro, y carpeta gatefold. edici\u00f3n europea","og_url":"https:\/\/discos-redondos.es\/ca\/producte\/mac-miller-circles\/","og_site_name":"DISCOS REDONDOS","article_publisher":"https:\/\/www.facebook.com\/discosredondos45","article_modified_time":"2026-03-30T15:20:35+00:00","og_image":[{"width":590,"height":586,"url":"https:\/\/discos-redondos.es\/wp-content\/uploads\/2024\/07\/Mac-Miller-\u200e-Circles.jpg","type":"image\/jpeg"}],"twitter_card":"summary_large_image","twitter_misc":{"Temps estimat de lectura":"2 minuts"},"schema":{"@context":"https:\/\/schema.org","@graph":[{"@type":"WebPage","@id":"https:\/\/discos-redondos.es\/producto\/mac-miller-circles","url":"https:\/\/discos-redondos.es\/producto\/mac-miller-circles","name":"Mac Miller \u200e- Circles - DISCOS REDONDOS","isPartOf":{"@id":"https:\/\/discos-redondos.es\/#website"},"primaryImageOfPage":{"@id":"https:\/\/discos-redondos.es\/producto\/mac-miller-circles#primaryimage"},"image":{"@id":"https:\/\/discos-redondos.es\/producto\/mac-miller-circles#primaryimage"},"thumbnailUrl":"https:\/\/discos-redondos.es\/wp-content\/uploads\/2024\/07\/Mac-Miller-\u200e-Circles.jpg","datePublished":"2024-07-23T15:03:54+00:00","dateModified":"2026-03-30T15:20:35+00:00","description":"Mac Miller \u200e- Circles - Warner Records, REMember Music - 0093624905592 2 x LP en vinilo negro, y carpeta gatefold. edici\u00f3n europea","breadcrumb":{"@id":"https:\/\/discos-redondos.es\/producto\/mac-miller-circles#breadcrumb"},"inLanguage":"ca","potentialAction":[{"@type":"ReadAction","target":["https:\/\/discos-redondos.es\/producto\/mac-miller-circles"]}]},{"@type":"ImageObject","inLanguage":"ca","@id":"https:\/\/discos-redondos.es\/producto\/mac-miller-circles#primaryimage","url":"https:\/\/discos-redondos.es\/wp-content\/uploads\/2024\/07\/Mac-Miller-\u200e-Circles.jpg","contentUrl":"https:\/\/discos-redondos.es\/wp-content\/uploads\/2024\/07\/Mac-Miller-\u200e-Circles.jpg","width":590,"height":586,"caption":"Mac Miller \u200e- Circles"},{"@type":"BreadcrumbList","@id":"https:\/\/discos-redondos.es\/producto\/mac-miller-circles#breadcrumb","itemListElement":[{"@type":"ListItem","position":1,"name":"Portada","item":"https:\/\/discos-redondos.es\/"},{"@type":"ListItem","position":2,"name":"Tienda","item":"https:\/\/discos-redondos.es\/?page_id=487"},{"@type":"ListItem","position":3,"name":"Mac Miller \u200e- Circles"}]},{"@type":"WebSite","@id":"https:\/\/discos-redondos.es\/#website","url":"https:\/\/discos-redondos.es\/","name":"Discos Redondos","description":"La teva botiga de discos a Barcelona","publisher":{"@id":"https:\/\/discos-redondos.es\/#organization"},"alternateName":"Discos Redondos","potentialAction":[{"@type":"SearchAction","target":{"@type":"EntryPoint","urlTemplate":"https:\/\/discos-redondos.es\/?s={search_term_string}"},"query-input":{"@type":"PropertyValueSpecification","valueRequired":true,"valueName":"search_term_string"}}],"inLanguage":"ca"},{"@type":"Organization","@id":"https:\/\/discos-redondos.es\/#organization","name":"Discos Redondos","url":"https:\/\/discos-redondos.es\/","logo":{"@type":"ImageObject","inLanguage":"ca","@id":"https:\/\/discos-redondos.es\/#\/schema\/logo\/image\/","url":"https:\/\/discos-redondos.es\/wp-content\/uploads\/2023\/04\/aaff-logo-raval-1-1.jpg","contentUrl":"https:\/\/discos-redondos.es\/wp-content\/uploads\/2023\/04\/aaff-logo-raval-1-1.jpg","width":2362,"height":1441,"caption":"Discos Redondos"},"image":{"@id":"https:\/\/discos-redondos.es\/#\/schema\/logo\/image\/"},"sameAs":["https:\/\/www.facebook.com\/discosredondos45","https:\/\/www.instagram.com\/discos.redondos33\/?hl=es","https:\/\/discos-redondos.bandcamp.com\/"]}]}},"jetpack_sharing_enabled":true,"_links":{"self":[{"href":"https:\/\/discos-redondos.es\/ca\/wp-json\/wp\/v2\/product\/7647","targetHints":{"allow":["GET"]}}],"collection":[{"href":"https:\/\/discos-redondos.es\/ca\/wp-json\/wp\/v2\/product"}],"about":[{"href":"https:\/\/discos-redondos.es\/ca\/wp-json\/wp\/v2\/types\/product"}],"wp:featuredmedia":[{"embeddable":true,"href":"https:\/\/discos-redondos.es\/ca\/wp-json\/wp\/v2\/media\/7648"}],"wp:attachment":[{"href":"https:\/\/discos-redondos.es\/ca\/wp-json\/wp\/v2\/media?parent=7647"}],"wp:term":[{"taxonomy":"product_brand","embeddable":true,"href":"https:\/\/discos-redondos.es\/ca\/wp-json\/wp\/v2\/product_brand?post=7647"},{"taxonomy":"product_cat","embeddable":true,"href":"https:\/\/discos-redondos.es\/ca\/wp-json\/wp\/v2\/product_cat?post=7647"},{"taxonomy":"product_tag","embeddable":true,"href":"https:\/\/discos-redondos.es\/ca\/wp-json\/wp\/v2\/product_tag?post=7647"}],"curies":[{"name":"wp","href":"https:\/\/api.w.org\/{rel}","templated":true}]}}