{"id":7699,"date":"2024-08-01T18:04:08","date_gmt":"2024-08-01T18:04:08","guid":{"rendered":"https:\/\/discos-redondos.es\/?post_type=product&#038;p=7699"},"modified":"2026-03-14T11:19:33","modified_gmt":"2026-03-14T11:19:33","slug":"salsa-suprema-en-la-conquista-del-mundo-latino","status":"publish","type":"product","link":"https:\/\/discos-redondos.es\/ca\/producte\/salsa-suprema-en-la-conquista-del-mundo-latino","title":{"rendered":"Salsa Suprema &#8211; En La Conquista Del Mundo Latino"},"content":{"rendered":"<p><strong>Salsa Suprema &#8211; En La Conquista Del Mundo Latino<\/strong><\/p>\n<p><strong>Tracklist<\/strong><\/p>\n<p>1A Papa Upa<br \/>\n2A Contribuciones<br \/>\n3A Para Pareja<br \/>\n4A Por Que Llora<br \/>\n5A Que Corto Es El Amor<br \/>\n1B Estamos En Algo<br \/>\n2B Que Voy A Hacer<br \/>\n3B Tamborilero<br \/>\n4B Nieblas De Riachuelo<br \/>\n5B La Negra<\/p>\n<p>&nbsp;<\/p>\n<p><iframe loading=\"lazy\" title=\"Que Voy Hacer (GUAGUANCO)\u25c4 \u25c4 \u25ba Salsa Suprema 1979 - En Conquista Del Mundo Latino - Mon Carrillo\" width=\"832\" height=\"468\" src=\"https:\/\/www.youtube.com\/embed\/QjUP-D_MuO8?feature=oembed\" frameborder=\"0\" allow=\"accelerometer; autoplay; clipboard-write; encrypted-media; gyroscope; picture-in-picture; web-share\" referrerpolicy=\"strict-origin-when-cross-origin\" allowfullscreen><\/iframe><\/p>\n<p><strong>Salsa Suprema &#8211; En La Conquista Del Mundo Latino<\/strong><\/p>\n<p>&nbsp;<\/p>\n<p>El Palmas Music rescata una joya oculta de la salsa venezolana<\/p>\n<p>Con la reedici\u00f3n en vinilo de En la conquista del mundo latino (1979), de la Orquesta Salsa Suprema, le rinde un justo homenaje a Larry Francia<\/p>\n<p>\u201cLa obra de Larry Francia no merece menos que la trascendencia\u201d, dice Miguel \u00c1lvarez, el coleccionista y arque\u00f3logo musical venezolano que un d\u00eda se cruz\u00f3, sin tenerlo planeado, con esta leyenda de la salsa de su pa\u00eds y supo que era justo y necesario difundir su magn\u00edfica obra.<\/p>\n<p>Nacido en Barlovento, una zona afro de Venezuela donde manda el tambor, Larry Francia creci\u00f3 en San Agust\u00edn del Sur, barrio de Caracas que es territorio salsero por excelencia. Cuando ten\u00eda apenas 12 a\u00f1os, V\u00edctor Pi\u00f1ero, uno de los cantantes de orquesta m\u00e1s populares de Venezuela en los a\u00f1os 60, lo convoca para grabar coros. Una iniciaci\u00f3n precoz que marc\u00f3 para siempre a Larry y al mismo tiempo revel\u00f3 su talento indiscutible.<\/p>\n<p>\u201cSu motor es el canto. Si est\u00e1s conversando con \u00e9l, muchas veces deja de hablar para cantar -cuenta \u00c1lvarez-. Fue un hombre que nunca dej\u00f3 de ser m\u00fasico, a pesar de que sus condiciones&#8230; more<\/p>\n<p>Released March 15, 2024<\/p>\n<p>Reconstruction, Mastering and Cut At The Carvery.<br \/>\nArtwork Dedo Ciego.<br \/>\nArtistic Supervision El Drag\u00f3n Criollo<br \/>\nTextos Alejandro Lingenti<br \/>\nPics Miguel Alvarez<\/p>","protected":false},"excerpt":{"rendered":"<p>El Palmas Music \u2013 PV &#8211; 6023<\/p>\n<p>LP en vinilo negro y carpeta sencilla<\/p>","protected":false},"featured_media":7700,"template":"","meta":[],"product_brand":[],"product_cat":[81],"product_tag":[],"class_list":{"0":"post-7699","1":"product","2":"type-product","3":"status-publish","4":"has-post-thumbnail","6":"product_cat-brasil-latin","8":"first","9":"instock","10":"taxable","11":"shipping-taxable","12":"purchasable","13":"product-type-simple"},"yoast_head":"<!-- This site is optimized with the Yoast SEO plugin v27.4 - https:\/\/yoast.com\/product\/yoast-seo-wordpress\/ -->\n<title>Salsa Suprema - En La Conquista Del Mundo Latino - DISCOS REDONDOS<\/title>\n<meta name=\"description\" content=\"Salsa Suprema - En La Conquista Del Mundo Latino - El Palmas Music \u2013 PV - 6023 LP en vinilo negro y carpeta sencilla\" \/>\n<meta name=\"robots\" content=\"index, follow, max-snippet:-1, max-image-preview:large, max-video-preview:-1\" \/>\n<link rel=\"canonical\" href=\"https:\/\/discos-redondos.es\/ca\/producte\/salsa-suprema-en-la-conquista-del-mundo-latino\/\" \/>\n<meta property=\"og:locale\" content=\"ca_ES\" \/>\n<meta property=\"og:type\" content=\"article\" \/>\n<meta property=\"og:title\" content=\"Salsa Suprema - En La Conquista Del Mundo Latino - DISCOS REDONDOS\" \/>\n<meta property=\"og:description\" content=\"Salsa Suprema - En La Conquista Del Mundo Latino - El Palmas Music \u2013 PV - 6023 LP en vinilo negro y carpeta sencilla\" \/>\n<meta property=\"og:url\" content=\"https:\/\/discos-redondos.es\/ca\/producte\/salsa-suprema-en-la-conquista-del-mundo-latino\/\" \/>\n<meta property=\"og:site_name\" content=\"DISCOS REDONDOS\" \/>\n<meta property=\"article:publisher\" content=\"https:\/\/www.facebook.com\/discosredondos45\" \/>\n<meta property=\"article:modified_time\" content=\"2026-03-14T11:19:33+00:00\" \/>\n<meta property=\"og:image\" content=\"https:\/\/discos-redondos.es\/wp-content\/uploads\/2024\/08\/Salsa-Suprema-En-La-Conquista-Del-Mundo-Latino.jpg\" \/>\n\t<meta property=\"og:image:width\" content=\"1200\" \/>\n\t<meta property=\"og:image:height\" content=\"1200\" \/>\n\t<meta property=\"og:image:type\" content=\"image\/jpeg\" \/>\n<meta name=\"twitter:card\" content=\"summary_large_image\" \/>\n<meta name=\"twitter:label1\" content=\"Temps estimat de lectura\" \/>\n\t<meta name=\"twitter:data1\" content=\"2 minuts\" \/>\n<script type=\"application\/ld+json\" class=\"yoast-schema-graph\">{\"@context\":\"https:\\\/\\\/schema.org\",\"@graph\":[{\"@type\":\"WebPage\",\"@id\":\"https:\\\/\\\/discos-redondos.es\\\/producto\\\/salsa-suprema-en-la-conquista-del-mundo-latino\",\"url\":\"https:\\\/\\\/discos-redondos.es\\\/producto\\\/salsa-suprema-en-la-conquista-del-mundo-latino\",\"name\":\"Salsa Suprema - En La Conquista Del Mundo Latino - DISCOS REDONDOS\",\"isPartOf\":{\"@id\":\"https:\\\/\\\/discos-redondos.es\\\/#website\"},\"primaryImageOfPage\":{\"@id\":\"https:\\\/\\\/discos-redondos.es\\\/producto\\\/salsa-suprema-en-la-conquista-del-mundo-latino#primaryimage\"},\"image\":{\"@id\":\"https:\\\/\\\/discos-redondos.es\\\/producto\\\/salsa-suprema-en-la-conquista-del-mundo-latino#primaryimage\"},\"thumbnailUrl\":\"https:\\\/\\\/discos-redondos.es\\\/wp-content\\\/uploads\\\/2024\\\/08\\\/Salsa-Suprema-En-La-Conquista-Del-Mundo-Latino.jpg\",\"datePublished\":\"2024-08-01T18:04:08+00:00\",\"dateModified\":\"2026-03-14T11:19:33+00:00\",\"description\":\"Salsa Suprema - En La Conquista Del Mundo Latino - El Palmas Music \u2013 PV - 6023 LP en vinilo negro y carpeta sencilla\",\"breadcrumb\":{\"@id\":\"https:\\\/\\\/discos-redondos.es\\\/producto\\\/salsa-suprema-en-la-conquista-del-mundo-latino#breadcrumb\"},\"inLanguage\":\"ca\",\"potentialAction\":[{\"@type\":\"ReadAction\",\"target\":[\"https:\\\/\\\/discos-redondos.es\\\/producto\\\/salsa-suprema-en-la-conquista-del-mundo-latino\"]}]},{\"@type\":\"ImageObject\",\"inLanguage\":\"ca\",\"@id\":\"https:\\\/\\\/discos-redondos.es\\\/producto\\\/salsa-suprema-en-la-conquista-del-mundo-latino#primaryimage\",\"url\":\"https:\\\/\\\/discos-redondos.es\\\/wp-content\\\/uploads\\\/2024\\\/08\\\/Salsa-Suprema-En-La-Conquista-Del-Mundo-Latino.jpg\",\"contentUrl\":\"https:\\\/\\\/discos-redondos.es\\\/wp-content\\\/uploads\\\/2024\\\/08\\\/Salsa-Suprema-En-La-Conquista-Del-Mundo-Latino.jpg\",\"width\":1200,\"height\":1200,\"caption\":\"Salsa Suprema - En La Conquista Del Mundo Latino\"},{\"@type\":\"BreadcrumbList\",\"@id\":\"https:\\\/\\\/discos-redondos.es\\\/producto\\\/salsa-suprema-en-la-conquista-del-mundo-latino#breadcrumb\",\"itemListElement\":[{\"@type\":\"ListItem\",\"position\":1,\"name\":\"Portada\",\"item\":\"https:\\\/\\\/discos-redondos.es\\\/\"},{\"@type\":\"ListItem\",\"position\":2,\"name\":\"Tienda\",\"item\":\"https:\\\/\\\/discos-redondos.es\\\/?page_id=487\"},{\"@type\":\"ListItem\",\"position\":3,\"name\":\"Salsa Suprema &#8211; En La Conquista Del Mundo Latino\"}]},{\"@type\":\"WebSite\",\"@id\":\"https:\\\/\\\/discos-redondos.es\\\/#website\",\"url\":\"https:\\\/\\\/discos-redondos.es\\\/\",\"name\":\"Discos Redondos\",\"description\":\"Tu tienda de discos en Barcelona\",\"publisher\":{\"@id\":\"https:\\\/\\\/discos-redondos.es\\\/#organization\"},\"alternateName\":\"Discos Redondos\",\"potentialAction\":[{\"@type\":\"SearchAction\",\"target\":{\"@type\":\"EntryPoint\",\"urlTemplate\":\"https:\\\/\\\/discos-redondos.es\\\/?s={search_term_string}\"},\"query-input\":{\"@type\":\"PropertyValueSpecification\",\"valueRequired\":true,\"valueName\":\"search_term_string\"}}],\"inLanguage\":\"ca\"},{\"@type\":\"Organization\",\"@id\":\"https:\\\/\\\/discos-redondos.es\\\/#organization\",\"name\":\"Discos Redondos\",\"url\":\"https:\\\/\\\/discos-redondos.es\\\/\",\"logo\":{\"@type\":\"ImageObject\",\"inLanguage\":\"ca\",\"@id\":\"https:\\\/\\\/discos-redondos.es\\\/#\\\/schema\\\/logo\\\/image\\\/\",\"url\":\"https:\\\/\\\/discos-redondos.es\\\/wp-content\\\/uploads\\\/2023\\\/04\\\/aaff-logo-raval-1-1.jpg\",\"contentUrl\":\"https:\\\/\\\/discos-redondos.es\\\/wp-content\\\/uploads\\\/2023\\\/04\\\/aaff-logo-raval-1-1.jpg\",\"width\":2362,\"height\":1441,\"caption\":\"Discos Redondos\"},\"image\":{\"@id\":\"https:\\\/\\\/discos-redondos.es\\\/#\\\/schema\\\/logo\\\/image\\\/\"},\"sameAs\":[\"https:\\\/\\\/www.facebook.com\\\/discosredondos45\",\"https:\\\/\\\/www.instagram.com\\\/discos.redondos33\\\/?hl=es\",\"https:\\\/\\\/discos-redondos.bandcamp.com\\\/\"]}]}<\/script>\n<!-- \/ Yoast SEO plugin. -->","yoast_head_json":{"title":"Salsa Suprema - En La Conquista Del Mundo Latino - DISCOS REDONDOS","description":"Salsa Suprema - En La Conquista Del Mundo Latino - El Palmas Music \u2013 PV - 6023 LP en vinilo negro y carpeta sencilla","robots":{"index":"index","follow":"follow","max-snippet":"max-snippet:-1","max-image-preview":"max-image-preview:large","max-video-preview":"max-video-preview:-1"},"canonical":"https:\/\/discos-redondos.es\/ca\/producte\/salsa-suprema-en-la-conquista-del-mundo-latino\/","og_locale":"ca_ES","og_type":"article","og_title":"Salsa Suprema - En La Conquista Del Mundo Latino - DISCOS REDONDOS","og_description":"Salsa Suprema - En La Conquista Del Mundo Latino - El Palmas Music \u2013 PV - 6023 LP en vinilo negro y carpeta sencilla","og_url":"https:\/\/discos-redondos.es\/ca\/producte\/salsa-suprema-en-la-conquista-del-mundo-latino\/","og_site_name":"DISCOS REDONDOS","article_publisher":"https:\/\/www.facebook.com\/discosredondos45","article_modified_time":"2026-03-14T11:19:33+00:00","og_image":[{"width":1200,"height":1200,"url":"https:\/\/discos-redondos.es\/wp-content\/uploads\/2024\/08\/Salsa-Suprema-En-La-Conquista-Del-Mundo-Latino.jpg","type":"image\/jpeg"}],"twitter_card":"summary_large_image","twitter_misc":{"Temps estimat de lectura":"2 minuts"},"schema":{"@context":"https:\/\/schema.org","@graph":[{"@type":"WebPage","@id":"https:\/\/discos-redondos.es\/producto\/salsa-suprema-en-la-conquista-del-mundo-latino","url":"https:\/\/discos-redondos.es\/producto\/salsa-suprema-en-la-conquista-del-mundo-latino","name":"Salsa Suprema - En La Conquista Del Mundo Latino - DISCOS REDONDOS","isPartOf":{"@id":"https:\/\/discos-redondos.es\/#website"},"primaryImageOfPage":{"@id":"https:\/\/discos-redondos.es\/producto\/salsa-suprema-en-la-conquista-del-mundo-latino#primaryimage"},"image":{"@id":"https:\/\/discos-redondos.es\/producto\/salsa-suprema-en-la-conquista-del-mundo-latino#primaryimage"},"thumbnailUrl":"https:\/\/discos-redondos.es\/wp-content\/uploads\/2024\/08\/Salsa-Suprema-En-La-Conquista-Del-Mundo-Latino.jpg","datePublished":"2024-08-01T18:04:08+00:00","dateModified":"2026-03-14T11:19:33+00:00","description":"Salsa Suprema - En La Conquista Del Mundo Latino - El Palmas Music \u2013 PV - 6023 LP en vinilo negro y carpeta sencilla","breadcrumb":{"@id":"https:\/\/discos-redondos.es\/producto\/salsa-suprema-en-la-conquista-del-mundo-latino#breadcrumb"},"inLanguage":"ca","potentialAction":[{"@type":"ReadAction","target":["https:\/\/discos-redondos.es\/producto\/salsa-suprema-en-la-conquista-del-mundo-latino"]}]},{"@type":"ImageObject","inLanguage":"ca","@id":"https:\/\/discos-redondos.es\/producto\/salsa-suprema-en-la-conquista-del-mundo-latino#primaryimage","url":"https:\/\/discos-redondos.es\/wp-content\/uploads\/2024\/08\/Salsa-Suprema-En-La-Conquista-Del-Mundo-Latino.jpg","contentUrl":"https:\/\/discos-redondos.es\/wp-content\/uploads\/2024\/08\/Salsa-Suprema-En-La-Conquista-Del-Mundo-Latino.jpg","width":1200,"height":1200,"caption":"Salsa Suprema - En La Conquista Del Mundo Latino"},{"@type":"BreadcrumbList","@id":"https:\/\/discos-redondos.es\/producto\/salsa-suprema-en-la-conquista-del-mundo-latino#breadcrumb","itemListElement":[{"@type":"ListItem","position":1,"name":"Portada","item":"https:\/\/discos-redondos.es\/"},{"@type":"ListItem","position":2,"name":"Tienda","item":"https:\/\/discos-redondos.es\/?page_id=487"},{"@type":"ListItem","position":3,"name":"Salsa Suprema &#8211; En La Conquista Del Mundo Latino"}]},{"@type":"WebSite","@id":"https:\/\/discos-redondos.es\/#website","url":"https:\/\/discos-redondos.es\/","name":"Discos Redondos","description":"La teva botiga de discos a Barcelona","publisher":{"@id":"https:\/\/discos-redondos.es\/#organization"},"alternateName":"Discos Redondos","potentialAction":[{"@type":"SearchAction","target":{"@type":"EntryPoint","urlTemplate":"https:\/\/discos-redondos.es\/?s={search_term_string}"},"query-input":{"@type":"PropertyValueSpecification","valueRequired":true,"valueName":"search_term_string"}}],"inLanguage":"ca"},{"@type":"Organization","@id":"https:\/\/discos-redondos.es\/#organization","name":"Discos Redondos","url":"https:\/\/discos-redondos.es\/","logo":{"@type":"ImageObject","inLanguage":"ca","@id":"https:\/\/discos-redondos.es\/#\/schema\/logo\/image\/","url":"https:\/\/discos-redondos.es\/wp-content\/uploads\/2023\/04\/aaff-logo-raval-1-1.jpg","contentUrl":"https:\/\/discos-redondos.es\/wp-content\/uploads\/2023\/04\/aaff-logo-raval-1-1.jpg","width":2362,"height":1441,"caption":"Discos Redondos"},"image":{"@id":"https:\/\/discos-redondos.es\/#\/schema\/logo\/image\/"},"sameAs":["https:\/\/www.facebook.com\/discosredondos45","https:\/\/www.instagram.com\/discos.redondos33\/?hl=es","https:\/\/discos-redondos.bandcamp.com\/"]}]}},"_links":{"self":[{"href":"https:\/\/discos-redondos.es\/ca\/wp-json\/wp\/v2\/product\/7699","targetHints":{"allow":["GET"]}}],"collection":[{"href":"https:\/\/discos-redondos.es\/ca\/wp-json\/wp\/v2\/product"}],"about":[{"href":"https:\/\/discos-redondos.es\/ca\/wp-json\/wp\/v2\/types\/product"}],"wp:featuredmedia":[{"embeddable":true,"href":"https:\/\/discos-redondos.es\/ca\/wp-json\/wp\/v2\/media\/7700"}],"wp:attachment":[{"href":"https:\/\/discos-redondos.es\/ca\/wp-json\/wp\/v2\/media?parent=7699"}],"wp:term":[{"taxonomy":"product_brand","embeddable":true,"href":"https:\/\/discos-redondos.es\/ca\/wp-json\/wp\/v2\/product_brand?post=7699"},{"taxonomy":"product_cat","embeddable":true,"href":"https:\/\/discos-redondos.es\/ca\/wp-json\/wp\/v2\/product_cat?post=7699"},{"taxonomy":"product_tag","embeddable":true,"href":"https:\/\/discos-redondos.es\/ca\/wp-json\/wp\/v2\/product_tag?post=7699"}],"curies":[{"name":"wp","href":"https:\/\/api.w.org\/{rel}","templated":true}]}}