{"id":7725,"date":"2024-08-02T16:07:46","date_gmt":"2024-08-02T16:07:46","guid":{"rendered":"https:\/\/discos-redondos.es\/?post_type=product&#038;p=7725"},"modified":"2026-03-14T11:18:28","modified_gmt":"2026-03-14T11:18:28","slug":"orquesta-la-solvencia-el-guacal-de-la-salsa","status":"publish","type":"product","link":"https:\/\/discos-redondos.es\/ca\/producte\/orquesta-la-solvencia-el-guacal-de-la-salsa","title":{"rendered":"Orquesta La Solvencia &#8211; El Guacal De La Salsa"},"content":{"rendered":"<p><strong>Orquesta La Solvencia &#8211; El Guacal De La Salsa<\/strong><\/p>\n<p><strong>Tracklist<\/strong><\/p>\n<table class=\"tracklist_3QGRS\">\n<tbody>\n<tr data-track-position=\"A1\">\n<td class=\"trackPos_2RCje\">A1<\/td>\n<td class=\"artist_3zAQD\"><\/td>\n<td class=\"trackTitle_CTKp4\"><span class=\"trackTitle_CTKp4\">Sonero De Monte Adentro<\/span><\/td>\n<td class=\"duration_2t4qr\">4:52<\/td>\n<\/tr>\n<tr data-track-position=\"A2\">\n<td class=\"trackPos_2RCje\">A2<\/td>\n<td class=\"artist_3zAQD\"><\/td>\n<td class=\"trackTitle_CTKp4\"><span class=\"trackTitle_CTKp4\">Quien No Trabaja<\/span><\/td>\n<td class=\"duration_2t4qr\">3:39<\/td>\n<\/tr>\n<tr data-track-position=\"A3\">\n<td class=\"trackPos_2RCje\">A3<\/td>\n<td class=\"artist_3zAQD\"><\/td>\n<td class=\"trackTitle_CTKp4\"><span class=\"trackTitle_CTKp4\">Lejano Amor<\/span><\/td>\n<td class=\"duration_2t4qr\">2:35<\/td>\n<\/tr>\n<tr data-track-position=\"A4\">\n<td class=\"trackPos_2RCje\">A4<\/td>\n<td class=\"artist_3zAQD\"><\/td>\n<td class=\"trackTitle_CTKp4\"><span class=\"trackTitle_CTKp4\">Maquillaje (El Cutis)<\/span><\/td>\n<td class=\"duration_2t4qr\">3:47<\/td>\n<\/tr>\n<tr data-track-position=\"B1\">\n<td class=\"trackPos_2RCje\">B1<\/td>\n<td class=\"artist_3zAQD\"><\/td>\n<td class=\"trackTitle_CTKp4\"><span class=\"trackTitle_CTKp4\">El Polo<\/span><\/td>\n<td class=\"duration_2t4qr\">4:00<\/td>\n<\/tr>\n<tr data-track-position=\"B2\">\n<td class=\"trackPos_2RCje\">B2<\/td>\n<td class=\"artist_3zAQD\"><\/td>\n<td class=\"trackTitle_CTKp4\"><span class=\"trackTitle_CTKp4\">Negrita De Barlovento<\/span><\/td>\n<td class=\"duration_2t4qr\">5:31<\/td>\n<\/tr>\n<tr data-track-position=\"B3\">\n<td class=\"trackPos_2RCje\">B3<\/td>\n<td class=\"artist_3zAQD\"><\/td>\n<td class=\"trackTitle_CTKp4\"><span class=\"trackTitle_CTKp4\">Llegar\u00e1 El D\u00eda<\/span><\/td>\n<td class=\"duration_2t4qr\">2:35<\/td>\n<\/tr>\n<tr data-track-position=\"B4\">\n<td class=\"trackPos_2RCje\">B4<\/td>\n<td class=\"artist_3zAQD\"><\/td>\n<td class=\"trackTitle_CTKp4\"><span class=\"trackTitle_CTKp4\">La Burrita De Miguel<\/span><\/td>\n<td class=\"duration_2t4qr\">4:02<\/td>\n<\/tr>\n<\/tbody>\n<\/table>\n<p>&nbsp;<\/p>\n<p><iframe loading=\"lazy\" title=\"Negrita De Barlovento\" width=\"832\" height=\"624\" src=\"https:\/\/www.youtube.com\/embed\/senYIHeTE7Y?feature=oembed\" frameborder=\"0\" allow=\"accelerometer; autoplay; clipboard-write; encrypted-media; gyroscope; picture-in-picture; web-share\" referrerpolicy=\"strict-origin-when-cross-origin\" allowfullscreen><\/iframe><\/p>\n<p>&nbsp;<\/p>\n<p><strong>Orquesta La Solvencia &#8211; El Guacal De La Salsa<\/strong><\/p>\n<p>El Palmas Music reedita el \u00fanico disco de la Orquesta La Solvencia<\/p>\n<p>La historia de la Orquesta La Solvencia es larga y muy particular. La agrupaci\u00f3n desarroll\u00f3 una carrera de m\u00e1s de veinte a\u00f1os, pero grab\u00f3 un solo disco, El guacal de la salsa, aparecido en 1980, cuando ya empezaba a expandirse y consolidarse un g\u00e9nero cuyo bautismo oficial fue responsabilidad de una venezolano, Phidias Danilo Escalona, conductor del programa radial La hora de la salsa, el sabor y el bemb\u00e9.<\/p>\n<p>El cantante Felipe D\u00edaz y otros m\u00fasicos de creativa orquesta venezolana hab\u00edan grabado un 45 RPM a principios de los a\u00f1os 70 como La \u00d3rbita Nueva, que fue el germen de La Solvencia, integrada por gente impulsada por la curiosidad y el empe\u00f1o. \u201c\u00c9ramos autodidactas, emp\u00edricos -asegura el experimentado cantante Felipe D\u00edaz ahora, en 2024-. Toc\u00e1bamos por vocaci\u00f3n y por o\u00eddo\u201d, agrega. Y lo cierto es que la soltura de la Orquesta La Solvencia, igual que su frescura y su convicci\u00f3n, certifican sus palabras.<\/p>\n<p>La Solvencia sum\u00f3 experiencia recorriendo los pueblos de Barlovento en compa\u00f1\u00eda de La Dimensi\u00f3n Latina, la famosa agrupaci\u00f3n del gran Oscar d&#8217;Le\u00f3n, estrella de la m\u00fasica latina y ganador de un Grammy. Era una sociedad virtuosa de m\u00fasicos por naturaleza. Felipe D\u00edaz form\u00f3 su primer grupo a los 11 a\u00f1os, Los Tigritos del Ritmo. Hab\u00eda empezado cantando en su casa, cuando era apenas un ni\u00f1o, m\u00fasica venezolana y mexicana a capella. Los Tigritos del Ritmo ten\u00edan guitarras, tumbadora, timbal, bong\u00f3, marimbula y, por supuesto, la voz inconfundible de D\u00edaz. \u201cNunca estudi\u00e9, pero tengo la suerte de ser afinado\u201d, dice \u00e9l con orgullo. Esa orquesta juvenil deriv\u00f3 despu\u00e9s en El Gran Grupo, que todav\u00eda existe como El Gran Grupo de Venezuela.<\/p>\n<p>La reedici\u00f3n de una joya como El guacal de la salsa sigue el programa del sello El Palmas Music, creado por el m\u00fasico, DJ, dise\u00f1ador y agitador cultural Maurice Aymard y orientado a conservar y difundir el patrimonio de la m\u00fasica popular venezolana, respetando en todos los casos las concepciones originales de sus valiosos artistas.<\/p>\n<p>En este caso recuperando un disco grabado hace m\u00e1s de cuarenta a\u00f1os que da una idea de la vitalidad que la salsa venezolana ya ten\u00eda en esa \u00e9poca memorable en t\u00e9rminos culturales.<\/p>\n<p>La Orquesta La Solvencia estaba integrada por Pablo Echenique (saxo alto, arreglos orquestales), David Chino Hern\u00e1ndez (bajo), Ramon Gil (bong\u00f3), Rafael Echenique (congas), Osmar Diamin Romero (voz, timbal), Jes\u00fas Urbina (trompeta), Isidro \u00abNino\u00bb Garc\u00eda (tromb\u00f3n), Felix Cardona (piano) y Felipe D\u00edaz (voz).<\/p>\n<p>La reedici\u00f3n digital del disco incluye dos bonus tracks que incorporan un indiscutible atractivo extra: son temas que La Solvencia grab\u00f3 despu\u00e9s de editar El guacal de la salsa y adem\u00e1s no son composiciones de los m\u00fasicos de la propia orquesta, sino versiones. Adaptaciones en clave salsera de un polo margarite\u00f1o y un joropo venezolano que revelan la imaginaci\u00f3n de artistas talentosos, honestos y sobre todo decididos a perseguir sus deseos.<\/p>","protected":false},"excerpt":{"rendered":"<p>El Palmas Music \u2013 elpalmaslp37, Corpodisco C.A. \u2013 L.P.C. 8195<\/p>\n<p>LP en vinilo negro y carpeta sencilla<\/p>","protected":false},"featured_media":7726,"template":"","meta":[],"product_brand":[],"product_cat":[81],"product_tag":[],"class_list":{"0":"post-7725","1":"product","2":"type-product","3":"status-publish","4":"has-post-thumbnail","6":"product_cat-brasil-latin","8":"first","9":"instock","10":"taxable","11":"shipping-taxable","12":"purchasable","13":"product-type-simple"},"yoast_head":"<!-- This site is optimized with the Yoast SEO plugin v27.5 - https:\/\/yoast.com\/product\/yoast-seo-wordpress\/ -->\n<title>Orquesta La Solvencia - El Guacal De La Salsa - DISCOS REDONDOS<\/title>\n<meta name=\"description\" content=\"Orquesta La Solvencia - El Guacal De La Salsa - El Palmas Music \u2013 elpalmaslp37, Corpodisco C.A. \u2013 L.P.C. 8195 LP en vinilo negro y carpeta sencilla\" \/>\n<meta name=\"robots\" content=\"index, follow, max-snippet:-1, max-image-preview:large, max-video-preview:-1\" \/>\n<link rel=\"canonical\" href=\"https:\/\/discos-redondos.es\/ca\/producte\/orquesta-la-solvencia-el-guacal-de-la-salsa\/\" \/>\n<meta property=\"og:locale\" content=\"ca_ES\" \/>\n<meta property=\"og:type\" content=\"article\" \/>\n<meta property=\"og:title\" content=\"Orquesta La Solvencia - El Guacal De La Salsa - DISCOS REDONDOS\" \/>\n<meta property=\"og:description\" content=\"Orquesta La Solvencia - El Guacal De La Salsa - El Palmas Music \u2013 elpalmaslp37, Corpodisco C.A. \u2013 L.P.C. 8195 LP en vinilo negro y carpeta sencilla\" \/>\n<meta property=\"og:url\" content=\"https:\/\/discos-redondos.es\/ca\/producte\/orquesta-la-solvencia-el-guacal-de-la-salsa\/\" \/>\n<meta property=\"og:site_name\" content=\"DISCOS REDONDOS\" \/>\n<meta property=\"article:publisher\" content=\"https:\/\/www.facebook.com\/discosredondos45\" \/>\n<meta property=\"article:modified_time\" content=\"2026-03-14T11:18:28+00:00\" \/>\n<meta property=\"og:image\" content=\"https:\/\/discos-redondos.es\/wp-content\/uploads\/2024\/08\/Orquesta-La-Solvencia-El-Guacal-De-La-Salsa.jpg\" \/>\n\t<meta property=\"og:image:width\" content=\"1200\" \/>\n\t<meta property=\"og:image:height\" content=\"1200\" \/>\n\t<meta property=\"og:image:type\" content=\"image\/jpeg\" \/>\n<meta name=\"twitter:card\" content=\"summary_large_image\" \/>\n<meta name=\"twitter:label1\" content=\"Temps estimat de lectura\" \/>\n\t<meta name=\"twitter:data1\" content=\"3 minuts\" \/>\n<script type=\"application\/ld+json\" class=\"yoast-schema-graph\">{\"@context\":\"https:\\\/\\\/schema.org\",\"@graph\":[{\"@type\":\"WebPage\",\"@id\":\"https:\\\/\\\/discos-redondos.es\\\/producto\\\/orquesta-la-solvencia-el-guacal-de-la-salsa\",\"url\":\"https:\\\/\\\/discos-redondos.es\\\/producto\\\/orquesta-la-solvencia-el-guacal-de-la-salsa\",\"name\":\"Orquesta La Solvencia - El Guacal De La Salsa - DISCOS REDONDOS\",\"isPartOf\":{\"@id\":\"https:\\\/\\\/discos-redondos.es\\\/#website\"},\"primaryImageOfPage\":{\"@id\":\"https:\\\/\\\/discos-redondos.es\\\/producto\\\/orquesta-la-solvencia-el-guacal-de-la-salsa#primaryimage\"},\"image\":{\"@id\":\"https:\\\/\\\/discos-redondos.es\\\/producto\\\/orquesta-la-solvencia-el-guacal-de-la-salsa#primaryimage\"},\"thumbnailUrl\":\"https:\\\/\\\/discos-redondos.es\\\/wp-content\\\/uploads\\\/2024\\\/08\\\/Orquesta-La-Solvencia-El-Guacal-De-La-Salsa.jpg\",\"datePublished\":\"2024-08-02T16:07:46+00:00\",\"dateModified\":\"2026-03-14T11:18:28+00:00\",\"description\":\"Orquesta La Solvencia - El Guacal De La Salsa - El Palmas Music \u2013 elpalmaslp37, Corpodisco C.A. \u2013 L.P.C. 8195 LP en vinilo negro y carpeta sencilla\",\"breadcrumb\":{\"@id\":\"https:\\\/\\\/discos-redondos.es\\\/producto\\\/orquesta-la-solvencia-el-guacal-de-la-salsa#breadcrumb\"},\"inLanguage\":\"ca\",\"potentialAction\":[{\"@type\":\"ReadAction\",\"target\":[\"https:\\\/\\\/discos-redondos.es\\\/producto\\\/orquesta-la-solvencia-el-guacal-de-la-salsa\"]}]},{\"@type\":\"ImageObject\",\"inLanguage\":\"ca\",\"@id\":\"https:\\\/\\\/discos-redondos.es\\\/producto\\\/orquesta-la-solvencia-el-guacal-de-la-salsa#primaryimage\",\"url\":\"https:\\\/\\\/discos-redondos.es\\\/wp-content\\\/uploads\\\/2024\\\/08\\\/Orquesta-La-Solvencia-El-Guacal-De-La-Salsa.jpg\",\"contentUrl\":\"https:\\\/\\\/discos-redondos.es\\\/wp-content\\\/uploads\\\/2024\\\/08\\\/Orquesta-La-Solvencia-El-Guacal-De-La-Salsa.jpg\",\"width\":1200,\"height\":1200,\"caption\":\"Orquesta La Solvencia - El Guacal De La Salsa\"},{\"@type\":\"BreadcrumbList\",\"@id\":\"https:\\\/\\\/discos-redondos.es\\\/producto\\\/orquesta-la-solvencia-el-guacal-de-la-salsa#breadcrumb\",\"itemListElement\":[{\"@type\":\"ListItem\",\"position\":1,\"name\":\"Portada\",\"item\":\"https:\\\/\\\/discos-redondos.es\\\/\"},{\"@type\":\"ListItem\",\"position\":2,\"name\":\"Tienda\",\"item\":\"https:\\\/\\\/discos-redondos.es\\\/?page_id=487\"},{\"@type\":\"ListItem\",\"position\":3,\"name\":\"Orquesta La Solvencia &#8211; El Guacal De La Salsa\"}]},{\"@type\":\"WebSite\",\"@id\":\"https:\\\/\\\/discos-redondos.es\\\/#website\",\"url\":\"https:\\\/\\\/discos-redondos.es\\\/\",\"name\":\"Discos Redondos\",\"description\":\"Tu tienda de discos en Barcelona\",\"publisher\":{\"@id\":\"https:\\\/\\\/discos-redondos.es\\\/#organization\"},\"alternateName\":\"Discos Redondos\",\"potentialAction\":[{\"@type\":\"SearchAction\",\"target\":{\"@type\":\"EntryPoint\",\"urlTemplate\":\"https:\\\/\\\/discos-redondos.es\\\/?s={search_term_string}\"},\"query-input\":{\"@type\":\"PropertyValueSpecification\",\"valueRequired\":true,\"valueName\":\"search_term_string\"}}],\"inLanguage\":\"ca\"},{\"@type\":\"Organization\",\"@id\":\"https:\\\/\\\/discos-redondos.es\\\/#organization\",\"name\":\"Discos Redondos\",\"url\":\"https:\\\/\\\/discos-redondos.es\\\/\",\"logo\":{\"@type\":\"ImageObject\",\"inLanguage\":\"ca\",\"@id\":\"https:\\\/\\\/discos-redondos.es\\\/#\\\/schema\\\/logo\\\/image\\\/\",\"url\":\"https:\\\/\\\/discos-redondos.es\\\/wp-content\\\/uploads\\\/2023\\\/04\\\/aaff-logo-raval-1-1.jpg\",\"contentUrl\":\"https:\\\/\\\/discos-redondos.es\\\/wp-content\\\/uploads\\\/2023\\\/04\\\/aaff-logo-raval-1-1.jpg\",\"width\":2362,\"height\":1441,\"caption\":\"Discos Redondos\"},\"image\":{\"@id\":\"https:\\\/\\\/discos-redondos.es\\\/#\\\/schema\\\/logo\\\/image\\\/\"},\"sameAs\":[\"https:\\\/\\\/www.facebook.com\\\/discosredondos45\",\"https:\\\/\\\/www.instagram.com\\\/discos.redondos33\\\/?hl=es\",\"https:\\\/\\\/discos-redondos.bandcamp.com\\\/\"]}]}<\/script>\n<!-- \/ Yoast SEO plugin. -->","yoast_head_json":{"title":"Orquesta La Solvencia - El Guacal De La Salsa - DISCOS REDONDOS","description":"Orquesta La Solvencia - El Guacal De La Salsa - El Palmas Music \u2013 elpalmaslp37, Corpodisco C.A. \u2013 L.P.C. 8195 LP en vinilo negro y carpeta sencilla","robots":{"index":"index","follow":"follow","max-snippet":"max-snippet:-1","max-image-preview":"max-image-preview:large","max-video-preview":"max-video-preview:-1"},"canonical":"https:\/\/discos-redondos.es\/ca\/producte\/orquesta-la-solvencia-el-guacal-de-la-salsa\/","og_locale":"ca_ES","og_type":"article","og_title":"Orquesta La Solvencia - El Guacal De La Salsa - DISCOS REDONDOS","og_description":"Orquesta La Solvencia - El Guacal De La Salsa - El Palmas Music \u2013 elpalmaslp37, Corpodisco C.A. \u2013 L.P.C. 8195 LP en vinilo negro y carpeta sencilla","og_url":"https:\/\/discos-redondos.es\/ca\/producte\/orquesta-la-solvencia-el-guacal-de-la-salsa\/","og_site_name":"DISCOS REDONDOS","article_publisher":"https:\/\/www.facebook.com\/discosredondos45","article_modified_time":"2026-03-14T11:18:28+00:00","og_image":[{"width":1200,"height":1200,"url":"https:\/\/discos-redondos.es\/wp-content\/uploads\/2024\/08\/Orquesta-La-Solvencia-El-Guacal-De-La-Salsa.jpg","type":"image\/jpeg"}],"twitter_card":"summary_large_image","twitter_misc":{"Temps estimat de lectura":"3 minuts"},"schema":{"@context":"https:\/\/schema.org","@graph":[{"@type":"WebPage","@id":"https:\/\/discos-redondos.es\/producto\/orquesta-la-solvencia-el-guacal-de-la-salsa","url":"https:\/\/discos-redondos.es\/producto\/orquesta-la-solvencia-el-guacal-de-la-salsa","name":"Orquesta La Solvencia - El Guacal De La Salsa - DISCOS REDONDOS","isPartOf":{"@id":"https:\/\/discos-redondos.es\/#website"},"primaryImageOfPage":{"@id":"https:\/\/discos-redondos.es\/producto\/orquesta-la-solvencia-el-guacal-de-la-salsa#primaryimage"},"image":{"@id":"https:\/\/discos-redondos.es\/producto\/orquesta-la-solvencia-el-guacal-de-la-salsa#primaryimage"},"thumbnailUrl":"https:\/\/discos-redondos.es\/wp-content\/uploads\/2024\/08\/Orquesta-La-Solvencia-El-Guacal-De-La-Salsa.jpg","datePublished":"2024-08-02T16:07:46+00:00","dateModified":"2026-03-14T11:18:28+00:00","description":"Orquesta La Solvencia - El Guacal De La Salsa - El Palmas Music \u2013 elpalmaslp37, Corpodisco C.A. \u2013 L.P.C. 8195 LP en vinilo negro y carpeta sencilla","breadcrumb":{"@id":"https:\/\/discos-redondos.es\/producto\/orquesta-la-solvencia-el-guacal-de-la-salsa#breadcrumb"},"inLanguage":"ca","potentialAction":[{"@type":"ReadAction","target":["https:\/\/discos-redondos.es\/producto\/orquesta-la-solvencia-el-guacal-de-la-salsa"]}]},{"@type":"ImageObject","inLanguage":"ca","@id":"https:\/\/discos-redondos.es\/producto\/orquesta-la-solvencia-el-guacal-de-la-salsa#primaryimage","url":"https:\/\/discos-redondos.es\/wp-content\/uploads\/2024\/08\/Orquesta-La-Solvencia-El-Guacal-De-La-Salsa.jpg","contentUrl":"https:\/\/discos-redondos.es\/wp-content\/uploads\/2024\/08\/Orquesta-La-Solvencia-El-Guacal-De-La-Salsa.jpg","width":1200,"height":1200,"caption":"Orquesta La Solvencia - El Guacal De La Salsa"},{"@type":"BreadcrumbList","@id":"https:\/\/discos-redondos.es\/producto\/orquesta-la-solvencia-el-guacal-de-la-salsa#breadcrumb","itemListElement":[{"@type":"ListItem","position":1,"name":"Portada","item":"https:\/\/discos-redondos.es\/"},{"@type":"ListItem","position":2,"name":"Tienda","item":"https:\/\/discos-redondos.es\/?page_id=487"},{"@type":"ListItem","position":3,"name":"Orquesta La Solvencia &#8211; El Guacal De La Salsa"}]},{"@type":"WebSite","@id":"https:\/\/discos-redondos.es\/#website","url":"https:\/\/discos-redondos.es\/","name":"Discos Redondos","description":"La teva botiga de discos a Barcelona","publisher":{"@id":"https:\/\/discos-redondos.es\/#organization"},"alternateName":"Discos Redondos","potentialAction":[{"@type":"SearchAction","target":{"@type":"EntryPoint","urlTemplate":"https:\/\/discos-redondos.es\/?s={search_term_string}"},"query-input":{"@type":"PropertyValueSpecification","valueRequired":true,"valueName":"search_term_string"}}],"inLanguage":"ca"},{"@type":"Organization","@id":"https:\/\/discos-redondos.es\/#organization","name":"Discos Redondos","url":"https:\/\/discos-redondos.es\/","logo":{"@type":"ImageObject","inLanguage":"ca","@id":"https:\/\/discos-redondos.es\/#\/schema\/logo\/image\/","url":"https:\/\/discos-redondos.es\/wp-content\/uploads\/2023\/04\/aaff-logo-raval-1-1.jpg","contentUrl":"https:\/\/discos-redondos.es\/wp-content\/uploads\/2023\/04\/aaff-logo-raval-1-1.jpg","width":2362,"height":1441,"caption":"Discos Redondos"},"image":{"@id":"https:\/\/discos-redondos.es\/#\/schema\/logo\/image\/"},"sameAs":["https:\/\/www.facebook.com\/discosredondos45","https:\/\/www.instagram.com\/discos.redondos33\/?hl=es","https:\/\/discos-redondos.bandcamp.com\/"]}]}},"_links":{"self":[{"href":"https:\/\/discos-redondos.es\/ca\/wp-json\/wp\/v2\/product\/7725","targetHints":{"allow":["GET"]}}],"collection":[{"href":"https:\/\/discos-redondos.es\/ca\/wp-json\/wp\/v2\/product"}],"about":[{"href":"https:\/\/discos-redondos.es\/ca\/wp-json\/wp\/v2\/types\/product"}],"wp:featuredmedia":[{"embeddable":true,"href":"https:\/\/discos-redondos.es\/ca\/wp-json\/wp\/v2\/media\/7726"}],"wp:attachment":[{"href":"https:\/\/discos-redondos.es\/ca\/wp-json\/wp\/v2\/media?parent=7725"}],"wp:term":[{"taxonomy":"product_brand","embeddable":true,"href":"https:\/\/discos-redondos.es\/ca\/wp-json\/wp\/v2\/product_brand?post=7725"},{"taxonomy":"product_cat","embeddable":true,"href":"https:\/\/discos-redondos.es\/ca\/wp-json\/wp\/v2\/product_cat?post=7725"},{"taxonomy":"product_tag","embeddable":true,"href":"https:\/\/discos-redondos.es\/ca\/wp-json\/wp\/v2\/product_tag?post=7725"}],"curies":[{"name":"wp","href":"https:\/\/api.w.org\/{rel}","templated":true}]}}