{"id":7733,"date":"2024-08-02T16:30:04","date_gmt":"2024-08-02T16:30:04","guid":{"rendered":"https:\/\/discos-redondos.es\/?post_type=product&#038;p=7733"},"modified":"2026-03-14T11:18:08","modified_gmt":"2026-03-14T11:18:08","slug":"conjunto-ingenieria-conjunto-ingenieria","status":"publish","type":"product","link":"https:\/\/discos-redondos.es\/ca\/producte\/conjunto-ingenieria-conjunto-ingenieria","title":{"rendered":"Conjunto Ingenieria &#8211; Conjunto Ingenieria"},"content":{"rendered":"<p><strong>Conjunto Ingenieria &#8211; Conjunto Ingenieria<\/strong><\/p>\n<p><strong>Tracklist<\/strong><\/p>\n<table class=\"tracklist_3QGRS\">\n<tbody>\n<tr data-track-position=\"A1\">\n<td class=\"trackPos_2RCje\">A1<\/td>\n<td class=\"artist_3zAQD\"><\/td>\n<td class=\"trackTitle_CTKp4\"><span class=\"trackTitle_CTKp4\">Mambo Silbado<\/span><\/td>\n<\/tr>\n<tr data-track-position=\"A2\">\n<td class=\"trackPos_2RCje\">A2<\/td>\n<td class=\"artist_3zAQD\"><\/td>\n<td class=\"trackTitle_CTKp4\"><span class=\"trackTitle_CTKp4\">El Alacr\u00e1n<\/span><\/td>\n<\/tr>\n<tr data-track-position=\"A3\">\n<td class=\"trackPos_2RCje\">A3<\/td>\n<td class=\"artist_3zAQD\"><\/td>\n<td class=\"trackTitle_CTKp4\"><span class=\"trackTitle_CTKp4\">Amorcito<\/span><\/td>\n<\/tr>\n<tr data-track-position=\"A4\">\n<td class=\"trackPos_2RCje\">A4<\/td>\n<td class=\"artist_3zAQD\"><\/td>\n<td class=\"trackTitle_CTKp4\"><span class=\"trackTitle_CTKp4\">Dame Boogaloo<\/span><\/td>\n<\/tr>\n<tr data-track-position=\"A5\">\n<td class=\"trackPos_2RCje\">A5<\/td>\n<td class=\"artist_3zAQD\"><\/td>\n<td class=\"trackTitle_CTKp4\"><span class=\"trackTitle_CTKp4\">Extasis<\/span><\/td>\n<\/tr>\n<tr data-track-position=\"A6\">\n<td class=\"trackPos_2RCje\">A6<\/td>\n<td class=\"artist_3zAQD\"><\/td>\n<td class=\"trackTitle_CTKp4\"><span class=\"trackTitle_CTKp4\">Mambo Sancocho<\/span><\/td>\n<\/tr>\n<tr data-track-position=\"B1\">\n<td class=\"trackPos_2RCje\">B1<\/td>\n<td class=\"artist_3zAQD\"><\/td>\n<td class=\"trackTitle_CTKp4\"><span class=\"trackTitle_CTKp4\">La Boa<\/span><\/td>\n<\/tr>\n<tr data-track-position=\"B2\">\n<td class=\"trackPos_2RCje\">B2<\/td>\n<td class=\"artist_3zAQD\"><\/td>\n<td class=\"trackTitle_CTKp4\"><span class=\"trackTitle_CTKp4\">Mambo Rock<\/span><\/td>\n<\/tr>\n<tr data-track-position=\"B3\">\n<td class=\"trackPos_2RCje\">B3<\/td>\n<td class=\"artist_3zAQD\"><\/td>\n<td class=\"trackTitle_CTKp4\"><span class=\"trackTitle_CTKp4\">Aefo<\/span><\/td>\n<\/tr>\n<tr data-track-position=\"B4\">\n<td class=\"trackPos_2RCje\">B4<\/td>\n<td class=\"artist_3zAQD\"><\/td>\n<td class=\"trackTitle_CTKp4\"><span class=\"trackTitle_CTKp4\">La Bola<\/span><\/td>\n<\/tr>\n<tr data-track-position=\"B5\">\n<td class=\"trackPos_2RCje\">B5<\/td>\n<td class=\"artist_3zAQD\"><\/td>\n<td class=\"trackTitle_CTKp4\"><span class=\"trackTitle_CTKp4\">Intermission Riff<\/span><\/td>\n<\/tr>\n<tr data-track-position=\"B6\">\n<td class=\"trackPos_2RCje\">B6<\/td>\n<td class=\"artist_3zAQD\"><\/td>\n<td class=\"trackTitle_CTKp4\"><span class=\"trackTitle_CTKp4\">Eso<\/span><\/td>\n<\/tr>\n<\/tbody>\n<\/table>\n<p>&nbsp;<\/p>\n<p><iframe loading=\"lazy\" title=\"Conjunto Ingenieria - La Boa \/R@&amp;W\" width=\"832\" height=\"624\" src=\"https:\/\/www.youtube.com\/embed\/s_LzCNezH0U?feature=oembed\" frameborder=\"0\" allow=\"accelerometer; autoplay; clipboard-write; encrypted-media; gyroscope; picture-in-picture; web-share\" referrerpolicy=\"strict-origin-when-cross-origin\" allowfullscreen><\/iframe><\/p>\n<p>&nbsp;<\/p>\n<p><strong>Conjunto Ingenieria &#8211; Conjunto Ingenieria<\/strong><\/p>\n<p>As the 1950s drew to a close a group of students at Caracas\u2019 Universidad Central de Venezuela caught the tropical music bug and decided to form an orchestra. With the majority of the students coming from the engineering faculty, they were duly christened Conjunto Ingenier\u00eda (The Engineering Group) and from the offset, they were ahead of the game. Tropical music, or m\u00fasica bailable (danceable music), was slowly making its way to Venezuela, but Conjunto Ingenier\u00eda had a secret weapon as one of their fellow students was studying in New York and every July he\u2019d return with the latest Latin big band sounds: Tito Puente, Machito, they heard it first.<\/p>\n<p>And they wasted no time in making a name for themselves: nine young male musicians playing the hippest sounds around, they were the obvious band to play high-society quincea\u00f1eras (15th birthday celebrations to mark a \u201cgirl\u2019s journey into womanhood\u201d), which their original bass player, Juan Marquez, says they did at least 80 times in their heyday, as well as playing countless times at the university, on TV, at weddings, and at carnival, where on one occasion they accompanied Celia Cruz. \u201cWe played on all the TV channels\u201d, says Marquez, \u201cwe were the first group to play at the launch party for \u2018salsa\u2019, a term that was established by the [Venezuelan] announcer Phidias Danilo Escalona\u2026 in Barquisimeto we were considered the best orchestra\u201d, he remembers.<\/p>\n<p>On record their eclecticism and musical chops belied their age. In 1961 they released their self-titled debut album, which tackled mambo, guaracha, cha-cha-cha and charanga, veering from the Les Baxter-esque exotica of \u201cMambo Silbando\u201d with its kitsch whistling, through the horn-and-percussion heavy stomp of \u201cLa Bola\u201d (complete with bolero bridge) and on to \u201cAmorcito\u201d, their cover of The Diamond\u2019s \u201cLittle Darlin\u2019\u201d, which was arguably the first rock \u2018n\u2019 roll song recorded in Venezuela. They followed it up with Aqui Esta El Conjunto Ingenieria, their second album in 1962, in which they showed once more that rock could easily sit next to Latin on tracks like \u201cMambo Rock\u201d. Their last album, Boogaloo Con Ingenieria, arrived in 1967, and made clear the influence of New York in their sound, with the group adopting the boogaloo of Pete Rodriguez, Tito Puente and Ricardo Ray. Tracks like \u201cDame Boogaloo\u201d and \u201cLa Boa\u201d were the epitome of this, but they also took that sound into new places, as on the staccato groove of \u201cIntermission Riff\u201d which left plenty of space for the musicians to flex their muscles, or on the ominous \u201cAefo\u201d with its unsettling vocals and dramatic Henry Mancini-esque melody.<\/p>\n<p>Conjunto Ingenier\u00eda came to an end at the beginning of the 70s, by which time many of their original members had left after graduating, but there can be no doubt they had made their mark. Though their recording output was nowhere near as prolific as their contemporaries Billo\u2019s Caracas Boys or Los Mel\u00f3dicos, if you were turning on the TV, going to carnival or, especially, attending a quincea\u00f1era, in Caracas in the 1960s, then you would no doubt of come across Conjunto Ingenier\u00eda and their rock \u2018n\u2019rollembellished New York-meets-Venezuela big band sound.<\/p>\n<p>On this compilation, simply titled Conjunto Ingenier\u00eda, El Palmas Music have cherrypicked a glorious selection of tracks from across the group\u2019s career, capturing all the creativity and youthful excitement that made them one of the first titans of Venezuela\u2019s tropical music history.<\/p>\n<p>Conjunto Ingenier\u00eda \u2013 Compiled by El Palmas &amp; El Drag\u00f3n Criollo is released by El Palmas Music on 28th October 2022.<\/p>\n","protected":false},"excerpt":{"rendered":"<p>El Palmas Music \u2013 ELPALMASLP22<\/p>\n<p>LP en vinilo negro y carpeta sencilla<\/p>","protected":false},"featured_media":7734,"template":"","meta":[],"product_brand":[],"product_cat":[81],"product_tag":[],"class_list":{"0":"post-7733","1":"product","2":"type-product","3":"status-publish","4":"has-post-thumbnail","6":"product_cat-brasil-latin","8":"first","9":"instock","10":"taxable","11":"shipping-taxable","12":"purchasable","13":"product-type-simple"},"yoast_head":"<!-- This site is optimized with the Yoast SEO plugin v27.5 - https:\/\/yoast.com\/product\/yoast-seo-wordpress\/ -->\n<title>Conjunto Ingenieria - Conjunto Ingenieria - DISCOS REDONDOS<\/title>\n<meta name=\"description\" content=\"Conjunto Ingenieria - Conjunto Ingenieria - El Palmas Music \u2013 ELPALMASLP22 LP en vinilo negro y carpeta sencilla\" \/>\n<meta name=\"robots\" content=\"index, follow, max-snippet:-1, max-image-preview:large, max-video-preview:-1\" \/>\n<link rel=\"canonical\" href=\"https:\/\/discos-redondos.es\/ca\/producte\/conjunto-ingenieria-conjunto-ingenieria\/\" \/>\n<meta property=\"og:locale\" content=\"ca_ES\" \/>\n<meta property=\"og:type\" content=\"article\" \/>\n<meta property=\"og:title\" content=\"Conjunto Ingenieria - Conjunto Ingenieria - DISCOS REDONDOS\" \/>\n<meta property=\"og:description\" content=\"Conjunto Ingenieria - Conjunto Ingenieria - El Palmas Music \u2013 ELPALMASLP22 LP en vinilo negro y carpeta sencilla\" \/>\n<meta property=\"og:url\" content=\"https:\/\/discos-redondos.es\/ca\/producte\/conjunto-ingenieria-conjunto-ingenieria\/\" \/>\n<meta property=\"og:site_name\" content=\"DISCOS REDONDOS\" \/>\n<meta property=\"article:publisher\" content=\"https:\/\/www.facebook.com\/discosredondos45\" \/>\n<meta property=\"article:modified_time\" content=\"2026-03-14T11:18:08+00:00\" \/>\n<meta property=\"og:image\" content=\"https:\/\/discos-redondos.es\/wp-content\/uploads\/2024\/08\/Conjunto-Ingenieria.jpg\" \/>\n\t<meta property=\"og:image:width\" content=\"600\" \/>\n\t<meta property=\"og:image:height\" content=\"600\" \/>\n\t<meta property=\"og:image:type\" content=\"image\/jpeg\" \/>\n<meta name=\"twitter:card\" content=\"summary_large_image\" \/>\n<meta name=\"twitter:label1\" content=\"Temps estimat de lectura\" \/>\n\t<meta name=\"twitter:data1\" content=\"3 minuts\" \/>\n<script type=\"application\/ld+json\" class=\"yoast-schema-graph\">{\"@context\":\"https:\\\/\\\/schema.org\",\"@graph\":[{\"@type\":\"WebPage\",\"@id\":\"https:\\\/\\\/discos-redondos.es\\\/producto\\\/conjunto-ingenieria-conjunto-ingenieria\",\"url\":\"https:\\\/\\\/discos-redondos.es\\\/producto\\\/conjunto-ingenieria-conjunto-ingenieria\",\"name\":\"Conjunto Ingenieria - Conjunto Ingenieria - DISCOS REDONDOS\",\"isPartOf\":{\"@id\":\"https:\\\/\\\/discos-redondos.es\\\/#website\"},\"primaryImageOfPage\":{\"@id\":\"https:\\\/\\\/discos-redondos.es\\\/producto\\\/conjunto-ingenieria-conjunto-ingenieria#primaryimage\"},\"image\":{\"@id\":\"https:\\\/\\\/discos-redondos.es\\\/producto\\\/conjunto-ingenieria-conjunto-ingenieria#primaryimage\"},\"thumbnailUrl\":\"https:\\\/\\\/discos-redondos.es\\\/wp-content\\\/uploads\\\/2024\\\/08\\\/Conjunto-Ingenieria.jpg\",\"datePublished\":\"2024-08-02T16:30:04+00:00\",\"dateModified\":\"2026-03-14T11:18:08+00:00\",\"description\":\"Conjunto Ingenieria - Conjunto Ingenieria - El Palmas Music \u2013 ELPALMASLP22 LP en vinilo negro y carpeta sencilla\",\"breadcrumb\":{\"@id\":\"https:\\\/\\\/discos-redondos.es\\\/producto\\\/conjunto-ingenieria-conjunto-ingenieria#breadcrumb\"},\"inLanguage\":\"ca\",\"potentialAction\":[{\"@type\":\"ReadAction\",\"target\":[\"https:\\\/\\\/discos-redondos.es\\\/producto\\\/conjunto-ingenieria-conjunto-ingenieria\"]}]},{\"@type\":\"ImageObject\",\"inLanguage\":\"ca\",\"@id\":\"https:\\\/\\\/discos-redondos.es\\\/producto\\\/conjunto-ingenieria-conjunto-ingenieria#primaryimage\",\"url\":\"https:\\\/\\\/discos-redondos.es\\\/wp-content\\\/uploads\\\/2024\\\/08\\\/Conjunto-Ingenieria.jpg\",\"contentUrl\":\"https:\\\/\\\/discos-redondos.es\\\/wp-content\\\/uploads\\\/2024\\\/08\\\/Conjunto-Ingenieria.jpg\",\"width\":600,\"height\":600,\"caption\":\"Conjunto Ingenieria - Conjunto Ingenieria\"},{\"@type\":\"BreadcrumbList\",\"@id\":\"https:\\\/\\\/discos-redondos.es\\\/producto\\\/conjunto-ingenieria-conjunto-ingenieria#breadcrumb\",\"itemListElement\":[{\"@type\":\"ListItem\",\"position\":1,\"name\":\"Portada\",\"item\":\"https:\\\/\\\/discos-redondos.es\\\/\"},{\"@type\":\"ListItem\",\"position\":2,\"name\":\"Tienda\",\"item\":\"https:\\\/\\\/discos-redondos.es\\\/?page_id=487\"},{\"@type\":\"ListItem\",\"position\":3,\"name\":\"Conjunto Ingenieria &#8211; Conjunto Ingenieria\"}]},{\"@type\":\"WebSite\",\"@id\":\"https:\\\/\\\/discos-redondos.es\\\/#website\",\"url\":\"https:\\\/\\\/discos-redondos.es\\\/\",\"name\":\"Discos Redondos\",\"description\":\"Tu tienda de discos en Barcelona\",\"publisher\":{\"@id\":\"https:\\\/\\\/discos-redondos.es\\\/#organization\"},\"alternateName\":\"Discos Redondos\",\"potentialAction\":[{\"@type\":\"SearchAction\",\"target\":{\"@type\":\"EntryPoint\",\"urlTemplate\":\"https:\\\/\\\/discos-redondos.es\\\/?s={search_term_string}\"},\"query-input\":{\"@type\":\"PropertyValueSpecification\",\"valueRequired\":true,\"valueName\":\"search_term_string\"}}],\"inLanguage\":\"ca\"},{\"@type\":\"Organization\",\"@id\":\"https:\\\/\\\/discos-redondos.es\\\/#organization\",\"name\":\"Discos Redondos\",\"url\":\"https:\\\/\\\/discos-redondos.es\\\/\",\"logo\":{\"@type\":\"ImageObject\",\"inLanguage\":\"ca\",\"@id\":\"https:\\\/\\\/discos-redondos.es\\\/#\\\/schema\\\/logo\\\/image\\\/\",\"url\":\"https:\\\/\\\/discos-redondos.es\\\/wp-content\\\/uploads\\\/2023\\\/04\\\/aaff-logo-raval-1-1.jpg\",\"contentUrl\":\"https:\\\/\\\/discos-redondos.es\\\/wp-content\\\/uploads\\\/2023\\\/04\\\/aaff-logo-raval-1-1.jpg\",\"width\":2362,\"height\":1441,\"caption\":\"Discos Redondos\"},\"image\":{\"@id\":\"https:\\\/\\\/discos-redondos.es\\\/#\\\/schema\\\/logo\\\/image\\\/\"},\"sameAs\":[\"https:\\\/\\\/www.facebook.com\\\/discosredondos45\",\"https:\\\/\\\/www.instagram.com\\\/discos.redondos33\\\/?hl=es\",\"https:\\\/\\\/discos-redondos.bandcamp.com\\\/\"]}]}<\/script>\n<!-- \/ Yoast SEO plugin. -->","yoast_head_json":{"title":"Conjunto Ingenieria - Conjunto Ingenieria - DISCOS REDONDOS","description":"Conjunto Ingenieria - Conjunto Ingenieria - El Palmas Music \u2013 ELPALMASLP22 LP en vinilo negro y carpeta sencilla","robots":{"index":"index","follow":"follow","max-snippet":"max-snippet:-1","max-image-preview":"max-image-preview:large","max-video-preview":"max-video-preview:-1"},"canonical":"https:\/\/discos-redondos.es\/ca\/producte\/conjunto-ingenieria-conjunto-ingenieria\/","og_locale":"ca_ES","og_type":"article","og_title":"Conjunto Ingenieria - Conjunto Ingenieria - DISCOS REDONDOS","og_description":"Conjunto Ingenieria - Conjunto Ingenieria - El Palmas Music \u2013 ELPALMASLP22 LP en vinilo negro y carpeta sencilla","og_url":"https:\/\/discos-redondos.es\/ca\/producte\/conjunto-ingenieria-conjunto-ingenieria\/","og_site_name":"DISCOS REDONDOS","article_publisher":"https:\/\/www.facebook.com\/discosredondos45","article_modified_time":"2026-03-14T11:18:08+00:00","og_image":[{"width":600,"height":600,"url":"https:\/\/discos-redondos.es\/wp-content\/uploads\/2024\/08\/Conjunto-Ingenieria.jpg","type":"image\/jpeg"}],"twitter_card":"summary_large_image","twitter_misc":{"Temps estimat de lectura":"3 minuts"},"schema":{"@context":"https:\/\/schema.org","@graph":[{"@type":"WebPage","@id":"https:\/\/discos-redondos.es\/producto\/conjunto-ingenieria-conjunto-ingenieria","url":"https:\/\/discos-redondos.es\/producto\/conjunto-ingenieria-conjunto-ingenieria","name":"Conjunto Ingenieria - Conjunto Ingenieria - DISCOS REDONDOS","isPartOf":{"@id":"https:\/\/discos-redondos.es\/#website"},"primaryImageOfPage":{"@id":"https:\/\/discos-redondos.es\/producto\/conjunto-ingenieria-conjunto-ingenieria#primaryimage"},"image":{"@id":"https:\/\/discos-redondos.es\/producto\/conjunto-ingenieria-conjunto-ingenieria#primaryimage"},"thumbnailUrl":"https:\/\/discos-redondos.es\/wp-content\/uploads\/2024\/08\/Conjunto-Ingenieria.jpg","datePublished":"2024-08-02T16:30:04+00:00","dateModified":"2026-03-14T11:18:08+00:00","description":"Conjunto Ingenieria - Conjunto Ingenieria - El Palmas Music \u2013 ELPALMASLP22 LP en vinilo negro y carpeta sencilla","breadcrumb":{"@id":"https:\/\/discos-redondos.es\/producto\/conjunto-ingenieria-conjunto-ingenieria#breadcrumb"},"inLanguage":"ca","potentialAction":[{"@type":"ReadAction","target":["https:\/\/discos-redondos.es\/producto\/conjunto-ingenieria-conjunto-ingenieria"]}]},{"@type":"ImageObject","inLanguage":"ca","@id":"https:\/\/discos-redondos.es\/producto\/conjunto-ingenieria-conjunto-ingenieria#primaryimage","url":"https:\/\/discos-redondos.es\/wp-content\/uploads\/2024\/08\/Conjunto-Ingenieria.jpg","contentUrl":"https:\/\/discos-redondos.es\/wp-content\/uploads\/2024\/08\/Conjunto-Ingenieria.jpg","width":600,"height":600,"caption":"Conjunto Ingenieria - Conjunto Ingenieria"},{"@type":"BreadcrumbList","@id":"https:\/\/discos-redondos.es\/producto\/conjunto-ingenieria-conjunto-ingenieria#breadcrumb","itemListElement":[{"@type":"ListItem","position":1,"name":"Portada","item":"https:\/\/discos-redondos.es\/"},{"@type":"ListItem","position":2,"name":"Tienda","item":"https:\/\/discos-redondos.es\/?page_id=487"},{"@type":"ListItem","position":3,"name":"Conjunto Ingenieria &#8211; Conjunto Ingenieria"}]},{"@type":"WebSite","@id":"https:\/\/discos-redondos.es\/#website","url":"https:\/\/discos-redondos.es\/","name":"Discos Redondos","description":"La teva botiga de discos a Barcelona","publisher":{"@id":"https:\/\/discos-redondos.es\/#organization"},"alternateName":"Discos Redondos","potentialAction":[{"@type":"SearchAction","target":{"@type":"EntryPoint","urlTemplate":"https:\/\/discos-redondos.es\/?s={search_term_string}"},"query-input":{"@type":"PropertyValueSpecification","valueRequired":true,"valueName":"search_term_string"}}],"inLanguage":"ca"},{"@type":"Organization","@id":"https:\/\/discos-redondos.es\/#organization","name":"Discos Redondos","url":"https:\/\/discos-redondos.es\/","logo":{"@type":"ImageObject","inLanguage":"ca","@id":"https:\/\/discos-redondos.es\/#\/schema\/logo\/image\/","url":"https:\/\/discos-redondos.es\/wp-content\/uploads\/2023\/04\/aaff-logo-raval-1-1.jpg","contentUrl":"https:\/\/discos-redondos.es\/wp-content\/uploads\/2023\/04\/aaff-logo-raval-1-1.jpg","width":2362,"height":1441,"caption":"Discos Redondos"},"image":{"@id":"https:\/\/discos-redondos.es\/#\/schema\/logo\/image\/"},"sameAs":["https:\/\/www.facebook.com\/discosredondos45","https:\/\/www.instagram.com\/discos.redondos33\/?hl=es","https:\/\/discos-redondos.bandcamp.com\/"]}]}},"_links":{"self":[{"href":"https:\/\/discos-redondos.es\/ca\/wp-json\/wp\/v2\/product\/7733","targetHints":{"allow":["GET"]}}],"collection":[{"href":"https:\/\/discos-redondos.es\/ca\/wp-json\/wp\/v2\/product"}],"about":[{"href":"https:\/\/discos-redondos.es\/ca\/wp-json\/wp\/v2\/types\/product"}],"wp:featuredmedia":[{"embeddable":true,"href":"https:\/\/discos-redondos.es\/ca\/wp-json\/wp\/v2\/media\/7734"}],"wp:attachment":[{"href":"https:\/\/discos-redondos.es\/ca\/wp-json\/wp\/v2\/media?parent=7733"}],"wp:term":[{"taxonomy":"product_brand","embeddable":true,"href":"https:\/\/discos-redondos.es\/ca\/wp-json\/wp\/v2\/product_brand?post=7733"},{"taxonomy":"product_cat","embeddable":true,"href":"https:\/\/discos-redondos.es\/ca\/wp-json\/wp\/v2\/product_cat?post=7733"},{"taxonomy":"product_tag","embeddable":true,"href":"https:\/\/discos-redondos.es\/ca\/wp-json\/wp\/v2\/product_tag?post=7733"}],"curies":[{"name":"wp","href":"https:\/\/api.w.org\/{rel}","templated":true}]}}