{"id":7737,"date":"2024-08-02T16:40:02","date_gmt":"2024-08-02T16:40:02","guid":{"rendered":"https:\/\/discos-redondos.es\/?post_type=product&#038;p=7737"},"modified":"2026-03-14T11:17:55","modified_gmt":"2026-03-14T11:17:55","slug":"sexteto-caracas-ritmo-y-sabor-de-fiesta-con-el","status":"publish","type":"product","link":"https:\/\/discos-redondos.es\/ca\/producte\/sexteto-caracas-ritmo-y-sabor-de-fiesta-con-el","title":{"rendered":"Sexteto Caracas &#8211; Ritmo Y Sabor De Fiesta Con El&#8230;"},"content":{"rendered":"<p><strong>Sexteto Caracas &#8211; Ritmo Y Sabor De Fiesta Con El&#8230;<\/strong><\/p>\n<p><strong>Tracklist<\/strong><\/p>\n<table class=\"tracklist_3QGRS\">\n<tbody>\n<tr data-track-position=\"A1\">\n<td class=\"trackPos_2RCje\">A1<\/td>\n<td class=\"artist_3zAQD\"><\/td>\n<td class=\"trackTitle_CTKp4\"><span class=\"trackTitle_CTKp4\">Solo Para Ti<\/span><\/td>\n<\/tr>\n<tr data-track-position=\"A2\">\n<td class=\"trackPos_2RCje\">A2<\/td>\n<td class=\"artist_3zAQD\"><\/td>\n<td class=\"trackTitle_CTKp4\"><span class=\"trackTitle_CTKp4\">Rumba Sabrosa<\/span><\/td>\n<\/tr>\n<tr data-track-position=\"A3\">\n<td class=\"trackPos_2RCje\">A3<\/td>\n<td class=\"artist_3zAQD\"><\/td>\n<td class=\"trackTitle_CTKp4\"><span class=\"trackTitle_CTKp4\">Nuestro Amor<\/span><\/td>\n<\/tr>\n<tr data-track-position=\"A4\">\n<td class=\"trackPos_2RCje\">A4<\/td>\n<td class=\"artist_3zAQD\"><\/td>\n<td class=\"trackTitle_CTKp4\"><span class=\"trackTitle_CTKp4\">Soul Crazy<\/span><\/td>\n<\/tr>\n<tr data-track-position=\"A5\">\n<td class=\"trackPos_2RCje\">A5<\/td>\n<td class=\"artist_3zAQD\"><\/td>\n<td class=\"trackTitle_CTKp4\"><span class=\"trackTitle_CTKp4\">Criticona<\/span><\/td>\n<\/tr>\n<tr data-track-position=\"B1\">\n<td class=\"trackPos_2RCje\">B1<\/td>\n<td class=\"artist_3zAQD\"><\/td>\n<td class=\"trackTitle_CTKp4\"><span class=\"trackTitle_CTKp4\">Cuidado<\/span><\/td>\n<\/tr>\n<tr data-track-position=\"B2\">\n<td class=\"trackPos_2RCje\">B2<\/td>\n<td class=\"artist_3zAQD\"><\/td>\n<td class=\"trackTitle_CTKp4\"><span class=\"trackTitle_CTKp4\">Eres Mi Felicidad<\/span><\/td>\n<\/tr>\n<tr data-track-position=\"B3\">\n<td class=\"trackPos_2RCje\">B3<\/td>\n<td class=\"artist_3zAQD\"><\/td>\n<td class=\"trackTitle_CTKp4\"><span class=\"trackTitle_CTKp4\">Rico Guaguanco<\/span><\/td>\n<\/tr>\n<tr data-track-position=\"B4\">\n<td class=\"trackPos_2RCje\">B4<\/td>\n<td class=\"artist_3zAQD\"><\/td>\n<td class=\"trackTitle_CTKp4\"><span class=\"trackTitle_CTKp4\">Baila China<\/span><\/td>\n<\/tr>\n<tr data-track-position=\"B5\">\n<td class=\"trackPos_2RCje\">B5<\/td>\n<td class=\"artist_3zAQD\"><\/td>\n<td class=\"trackTitle_CTKp4\"><span class=\"trackTitle_CTKp4\">Ahorita No<\/span><\/td>\n<\/tr>\n<\/tbody>\n<\/table>\n<p>&nbsp;<\/p>\n<p><iframe loading=\"lazy\" title=\"Rumba sabrosa\" width=\"832\" height=\"624\" src=\"https:\/\/www.youtube.com\/embed\/Y0ZZmI76aLM?feature=oembed\" frameborder=\"0\" allow=\"accelerometer; autoplay; clipboard-write; encrypted-media; gyroscope; picture-in-picture; web-share\" referrerpolicy=\"strict-origin-when-cross-origin\" allowfullscreen><\/iframe><\/p>\n<p>&nbsp;<\/p>\n<p><strong>Sexteto Caracas &#8211; Ritmo Y Sabor De Fiesta Con El&#8230;<\/strong><\/p>\n<p>\u201cEste LP con el Sexteto Caracas ser\u00e1, desde ya, el favorito de las fiestas de ambiente alegre, porque a trav\u00e9s de sus interpretaciones tiene ese ritmo y sabor de fiesta que todos deseamos o\u00edr y bailar\u201d, se le\u00eda en la contraportada de la edici\u00f3n original del gran disco que el sello El Palmas Music tiene el placer enorme de reeditar en vinilo, respetando cada detalle de su arte original.<\/p>\n<p>Ritmo y sabor de fiesta con el\u2026 Sexteto Caracas, lanzado en 1969 por un peque\u00f1o sello venezolano (Discos Diana), apareci\u00f3 cuando la salsa ya era un fen\u00f3meno popular consolidado en el pa\u00eds. La \u00e9poca del furor del sabroso cruce de g\u00e9neros con el guaguanc\u00f3 y el bugal\u00fa e incluso el soul, de las \u201csuperdiscotecas con sonido ciner\u00e1mico y pista de baile sico-delirante\u201d, tal como se anunciaba en la promoci\u00f3n de un show en El Palacio del Baile cuando Caracas viv\u00eda una explosi\u00f3n cultural impresionante. La Caracas de la industria musical en auge y las grandes tiendas Sears.<\/p>\n<p>En ese contexto se edit\u00f3 el \u00fanico disco del Sexteto Caracas, una agrupaci\u00f3n de m\u00fasicos j\u00f3venes pero curtidos en decenas y decenas de shows, con un director musical de lujo (Abiezer M. D&#8217;Aubeterre, m\u00e1s conocido como \u201cAjoporro\u201d, tambi\u00e9n a cargo del piano y la guitarra) y la voz de Alfredo Antonio, que hab\u00eda incursionado antes en la m\u00fasica pop como cantante del grupo Chicles.<\/p>\n<p>El Sexteto Caracas naci\u00f3 a mediados de los 60 por iniciativa del timbalero Jes\u00fas \u201cChui\u201d Osuna, que acondicion\u00f3 su propia casa para los ensayos del grupo, y se fue afirmando a medida que sumaba conciertos en esa Caracas de gran jolgorio musical hasta llegar a su \u00fanico disco, una pieza de colecci\u00f3n que El Palmas Music recupera con orgullo, fiel a su objetivo de arqueolog\u00eda cultural y revalorizaci\u00f3n de artistas que merecen un lugar de privilegio en la historia.<\/p>\n<p>Released March 29, 2024<\/p>","protected":false},"excerpt":{"rendered":"<p>Diana &#8211; D-802, El Palmas Music \u2013 elpalmaslp35, 4040824093341<\/p>\n<p>LP en vinilo negro yc arpeta sencilla<\/p>","protected":false},"featured_media":7738,"template":"","meta":[],"product_brand":[],"product_cat":[81],"product_tag":[],"class_list":{"0":"post-7737","1":"product","2":"type-product","3":"status-publish","4":"has-post-thumbnail","6":"product_cat-brasil-latin","8":"first","9":"instock","10":"taxable","11":"shipping-taxable","12":"purchasable","13":"product-type-simple"},"yoast_head":"<!-- This site is optimized with the Yoast SEO plugin v27.5 - https:\/\/yoast.com\/product\/yoast-seo-wordpress\/ -->\n<title>Sexteto Caracas - Ritmo Y Sabor De Fiesta Con El... - DISCOS REDONDOS<\/title>\n<meta name=\"description\" content=\"Sexteto Caracas - Ritmo Y Sabor De Fiesta Con El... Diana - D-802, El Palmas Music \u2013 elpalmaslp35, 4040824093341 LP en vinilo negro yc arpeta sencilla\" \/>\n<meta name=\"robots\" content=\"index, follow, max-snippet:-1, max-image-preview:large, max-video-preview:-1\" \/>\n<link rel=\"canonical\" href=\"https:\/\/discos-redondos.es\/ca\/producte\/sexteto-caracas-ritmo-y-sabor-de-fiesta-con-el\/\" \/>\n<meta property=\"og:locale\" content=\"ca_ES\" \/>\n<meta property=\"og:type\" content=\"article\" \/>\n<meta property=\"og:title\" content=\"Sexteto Caracas - Ritmo Y Sabor De Fiesta Con El... - DISCOS REDONDOS\" \/>\n<meta property=\"og:description\" content=\"Sexteto Caracas - Ritmo Y Sabor De Fiesta Con El... Diana - D-802, El Palmas Music \u2013 elpalmaslp35, 4040824093341 LP en vinilo negro yc arpeta sencilla\" \/>\n<meta property=\"og:url\" content=\"https:\/\/discos-redondos.es\/ca\/producte\/sexteto-caracas-ritmo-y-sabor-de-fiesta-con-el\/\" \/>\n<meta property=\"og:site_name\" content=\"DISCOS REDONDOS\" \/>\n<meta property=\"article:publisher\" content=\"https:\/\/www.facebook.com\/discosredondos45\" \/>\n<meta property=\"article:modified_time\" content=\"2026-03-14T11:17:55+00:00\" \/>\n<meta property=\"og:image\" content=\"https:\/\/discos-redondos.es\/wp-content\/uploads\/2024\/08\/Sexteto-Caracas-Ritmo-Y-Sabor-De-Fiesta-Con-El.jpg\" \/>\n\t<meta property=\"og:image:width\" content=\"1188\" \/>\n\t<meta property=\"og:image:height\" content=\"1200\" \/>\n\t<meta property=\"og:image:type\" content=\"image\/jpeg\" \/>\n<meta name=\"twitter:card\" content=\"summary_large_image\" \/>\n<meta name=\"twitter:label1\" content=\"Temps estimat de lectura\" \/>\n\t<meta name=\"twitter:data1\" content=\"2 minuts\" \/>\n<script type=\"application\/ld+json\" class=\"yoast-schema-graph\">{\"@context\":\"https:\\\/\\\/schema.org\",\"@graph\":[{\"@type\":\"WebPage\",\"@id\":\"https:\\\/\\\/discos-redondos.es\\\/producto\\\/sexteto-caracas-ritmo-y-sabor-de-fiesta-con-el\",\"url\":\"https:\\\/\\\/discos-redondos.es\\\/producto\\\/sexteto-caracas-ritmo-y-sabor-de-fiesta-con-el\",\"name\":\"Sexteto Caracas - Ritmo Y Sabor De Fiesta Con El... - DISCOS REDONDOS\",\"isPartOf\":{\"@id\":\"https:\\\/\\\/discos-redondos.es\\\/#website\"},\"primaryImageOfPage\":{\"@id\":\"https:\\\/\\\/discos-redondos.es\\\/producto\\\/sexteto-caracas-ritmo-y-sabor-de-fiesta-con-el#primaryimage\"},\"image\":{\"@id\":\"https:\\\/\\\/discos-redondos.es\\\/producto\\\/sexteto-caracas-ritmo-y-sabor-de-fiesta-con-el#primaryimage\"},\"thumbnailUrl\":\"https:\\\/\\\/discos-redondos.es\\\/wp-content\\\/uploads\\\/2024\\\/08\\\/Sexteto-Caracas-Ritmo-Y-Sabor-De-Fiesta-Con-El.jpg\",\"datePublished\":\"2024-08-02T16:40:02+00:00\",\"dateModified\":\"2026-03-14T11:17:55+00:00\",\"description\":\"Sexteto Caracas - Ritmo Y Sabor De Fiesta Con El... Diana - D-802, El Palmas Music \u2013 elpalmaslp35, 4040824093341 LP en vinilo negro yc arpeta sencilla\",\"breadcrumb\":{\"@id\":\"https:\\\/\\\/discos-redondos.es\\\/producto\\\/sexteto-caracas-ritmo-y-sabor-de-fiesta-con-el#breadcrumb\"},\"inLanguage\":\"ca\",\"potentialAction\":[{\"@type\":\"ReadAction\",\"target\":[\"https:\\\/\\\/discos-redondos.es\\\/producto\\\/sexteto-caracas-ritmo-y-sabor-de-fiesta-con-el\"]}]},{\"@type\":\"ImageObject\",\"inLanguage\":\"ca\",\"@id\":\"https:\\\/\\\/discos-redondos.es\\\/producto\\\/sexteto-caracas-ritmo-y-sabor-de-fiesta-con-el#primaryimage\",\"url\":\"https:\\\/\\\/discos-redondos.es\\\/wp-content\\\/uploads\\\/2024\\\/08\\\/Sexteto-Caracas-Ritmo-Y-Sabor-De-Fiesta-Con-El.jpg\",\"contentUrl\":\"https:\\\/\\\/discos-redondos.es\\\/wp-content\\\/uploads\\\/2024\\\/08\\\/Sexteto-Caracas-Ritmo-Y-Sabor-De-Fiesta-Con-El.jpg\",\"width\":1188,\"height\":1200,\"caption\":\"Sexteto Caracas - Ritmo Y Sabor De Fiesta Con El...\"},{\"@type\":\"BreadcrumbList\",\"@id\":\"https:\\\/\\\/discos-redondos.es\\\/producto\\\/sexteto-caracas-ritmo-y-sabor-de-fiesta-con-el#breadcrumb\",\"itemListElement\":[{\"@type\":\"ListItem\",\"position\":1,\"name\":\"Portada\",\"item\":\"https:\\\/\\\/discos-redondos.es\\\/\"},{\"@type\":\"ListItem\",\"position\":2,\"name\":\"Tienda\",\"item\":\"https:\\\/\\\/discos-redondos.es\\\/?page_id=487\"},{\"@type\":\"ListItem\",\"position\":3,\"name\":\"Sexteto Caracas &#8211; Ritmo Y Sabor De Fiesta Con El&#8230;\"}]},{\"@type\":\"WebSite\",\"@id\":\"https:\\\/\\\/discos-redondos.es\\\/#website\",\"url\":\"https:\\\/\\\/discos-redondos.es\\\/\",\"name\":\"Discos Redondos\",\"description\":\"Tu tienda de discos en Barcelona\",\"publisher\":{\"@id\":\"https:\\\/\\\/discos-redondos.es\\\/#organization\"},\"alternateName\":\"Discos Redondos\",\"potentialAction\":[{\"@type\":\"SearchAction\",\"target\":{\"@type\":\"EntryPoint\",\"urlTemplate\":\"https:\\\/\\\/discos-redondos.es\\\/?s={search_term_string}\"},\"query-input\":{\"@type\":\"PropertyValueSpecification\",\"valueRequired\":true,\"valueName\":\"search_term_string\"}}],\"inLanguage\":\"ca\"},{\"@type\":\"Organization\",\"@id\":\"https:\\\/\\\/discos-redondos.es\\\/#organization\",\"name\":\"Discos Redondos\",\"url\":\"https:\\\/\\\/discos-redondos.es\\\/\",\"logo\":{\"@type\":\"ImageObject\",\"inLanguage\":\"ca\",\"@id\":\"https:\\\/\\\/discos-redondos.es\\\/#\\\/schema\\\/logo\\\/image\\\/\",\"url\":\"https:\\\/\\\/discos-redondos.es\\\/wp-content\\\/uploads\\\/2023\\\/04\\\/aaff-logo-raval-1-1.jpg\",\"contentUrl\":\"https:\\\/\\\/discos-redondos.es\\\/wp-content\\\/uploads\\\/2023\\\/04\\\/aaff-logo-raval-1-1.jpg\",\"width\":2362,\"height\":1441,\"caption\":\"Discos Redondos\"},\"image\":{\"@id\":\"https:\\\/\\\/discos-redondos.es\\\/#\\\/schema\\\/logo\\\/image\\\/\"},\"sameAs\":[\"https:\\\/\\\/www.facebook.com\\\/discosredondos45\",\"https:\\\/\\\/www.instagram.com\\\/discos.redondos33\\\/?hl=es\",\"https:\\\/\\\/discos-redondos.bandcamp.com\\\/\"]}]}<\/script>\n<!-- \/ Yoast SEO plugin. -->","yoast_head_json":{"title":"Sexteto Caracas - Ritmo Y Sabor De Fiesta Con El... - DISCOS REDONDOS","description":"Sexteto Caracas - Ritmo Y Sabor De Fiesta Con El... Diana - D-802, El Palmas Music \u2013 elpalmaslp35, 4040824093341 LP en vinilo negro yc arpeta sencilla","robots":{"index":"index","follow":"follow","max-snippet":"max-snippet:-1","max-image-preview":"max-image-preview:large","max-video-preview":"max-video-preview:-1"},"canonical":"https:\/\/discos-redondos.es\/ca\/producte\/sexteto-caracas-ritmo-y-sabor-de-fiesta-con-el\/","og_locale":"ca_ES","og_type":"article","og_title":"Sexteto Caracas - Ritmo Y Sabor De Fiesta Con El... - DISCOS REDONDOS","og_description":"Sexteto Caracas - Ritmo Y Sabor De Fiesta Con El... Diana - D-802, El Palmas Music \u2013 elpalmaslp35, 4040824093341 LP en vinilo negro yc arpeta sencilla","og_url":"https:\/\/discos-redondos.es\/ca\/producte\/sexteto-caracas-ritmo-y-sabor-de-fiesta-con-el\/","og_site_name":"DISCOS REDONDOS","article_publisher":"https:\/\/www.facebook.com\/discosredondos45","article_modified_time":"2026-03-14T11:17:55+00:00","og_image":[{"width":1188,"height":1200,"url":"https:\/\/discos-redondos.es\/wp-content\/uploads\/2024\/08\/Sexteto-Caracas-Ritmo-Y-Sabor-De-Fiesta-Con-El.jpg","type":"image\/jpeg"}],"twitter_card":"summary_large_image","twitter_misc":{"Temps estimat de lectura":"2 minuts"},"schema":{"@context":"https:\/\/schema.org","@graph":[{"@type":"WebPage","@id":"https:\/\/discos-redondos.es\/producto\/sexteto-caracas-ritmo-y-sabor-de-fiesta-con-el","url":"https:\/\/discos-redondos.es\/producto\/sexteto-caracas-ritmo-y-sabor-de-fiesta-con-el","name":"Sexteto Caracas - Ritmo Y Sabor De Fiesta Con El... - DISCOS REDONDOS","isPartOf":{"@id":"https:\/\/discos-redondos.es\/#website"},"primaryImageOfPage":{"@id":"https:\/\/discos-redondos.es\/producto\/sexteto-caracas-ritmo-y-sabor-de-fiesta-con-el#primaryimage"},"image":{"@id":"https:\/\/discos-redondos.es\/producto\/sexteto-caracas-ritmo-y-sabor-de-fiesta-con-el#primaryimage"},"thumbnailUrl":"https:\/\/discos-redondos.es\/wp-content\/uploads\/2024\/08\/Sexteto-Caracas-Ritmo-Y-Sabor-De-Fiesta-Con-El.jpg","datePublished":"2024-08-02T16:40:02+00:00","dateModified":"2026-03-14T11:17:55+00:00","description":"Sexteto Caracas - Ritmo Y Sabor De Fiesta Con El... Diana - D-802, El Palmas Music \u2013 elpalmaslp35, 4040824093341 LP en vinilo negro yc arpeta sencilla","breadcrumb":{"@id":"https:\/\/discos-redondos.es\/producto\/sexteto-caracas-ritmo-y-sabor-de-fiesta-con-el#breadcrumb"},"inLanguage":"ca","potentialAction":[{"@type":"ReadAction","target":["https:\/\/discos-redondos.es\/producto\/sexteto-caracas-ritmo-y-sabor-de-fiesta-con-el"]}]},{"@type":"ImageObject","inLanguage":"ca","@id":"https:\/\/discos-redondos.es\/producto\/sexteto-caracas-ritmo-y-sabor-de-fiesta-con-el#primaryimage","url":"https:\/\/discos-redondos.es\/wp-content\/uploads\/2024\/08\/Sexteto-Caracas-Ritmo-Y-Sabor-De-Fiesta-Con-El.jpg","contentUrl":"https:\/\/discos-redondos.es\/wp-content\/uploads\/2024\/08\/Sexteto-Caracas-Ritmo-Y-Sabor-De-Fiesta-Con-El.jpg","width":1188,"height":1200,"caption":"Sexteto Caracas - Ritmo Y Sabor De Fiesta Con El..."},{"@type":"BreadcrumbList","@id":"https:\/\/discos-redondos.es\/producto\/sexteto-caracas-ritmo-y-sabor-de-fiesta-con-el#breadcrumb","itemListElement":[{"@type":"ListItem","position":1,"name":"Portada","item":"https:\/\/discos-redondos.es\/"},{"@type":"ListItem","position":2,"name":"Tienda","item":"https:\/\/discos-redondos.es\/?page_id=487"},{"@type":"ListItem","position":3,"name":"Sexteto Caracas &#8211; Ritmo Y Sabor De Fiesta Con El&#8230;"}]},{"@type":"WebSite","@id":"https:\/\/discos-redondos.es\/#website","url":"https:\/\/discos-redondos.es\/","name":"Discos Redondos","description":"La teva botiga de discos a Barcelona","publisher":{"@id":"https:\/\/discos-redondos.es\/#organization"},"alternateName":"Discos Redondos","potentialAction":[{"@type":"SearchAction","target":{"@type":"EntryPoint","urlTemplate":"https:\/\/discos-redondos.es\/?s={search_term_string}"},"query-input":{"@type":"PropertyValueSpecification","valueRequired":true,"valueName":"search_term_string"}}],"inLanguage":"ca"},{"@type":"Organization","@id":"https:\/\/discos-redondos.es\/#organization","name":"Discos Redondos","url":"https:\/\/discos-redondos.es\/","logo":{"@type":"ImageObject","inLanguage":"ca","@id":"https:\/\/discos-redondos.es\/#\/schema\/logo\/image\/","url":"https:\/\/discos-redondos.es\/wp-content\/uploads\/2023\/04\/aaff-logo-raval-1-1.jpg","contentUrl":"https:\/\/discos-redondos.es\/wp-content\/uploads\/2023\/04\/aaff-logo-raval-1-1.jpg","width":2362,"height":1441,"caption":"Discos Redondos"},"image":{"@id":"https:\/\/discos-redondos.es\/#\/schema\/logo\/image\/"},"sameAs":["https:\/\/www.facebook.com\/discosredondos45","https:\/\/www.instagram.com\/discos.redondos33\/?hl=es","https:\/\/discos-redondos.bandcamp.com\/"]}]}},"_links":{"self":[{"href":"https:\/\/discos-redondos.es\/ca\/wp-json\/wp\/v2\/product\/7737","targetHints":{"allow":["GET"]}}],"collection":[{"href":"https:\/\/discos-redondos.es\/ca\/wp-json\/wp\/v2\/product"}],"about":[{"href":"https:\/\/discos-redondos.es\/ca\/wp-json\/wp\/v2\/types\/product"}],"wp:featuredmedia":[{"embeddable":true,"href":"https:\/\/discos-redondos.es\/ca\/wp-json\/wp\/v2\/media\/7738"}],"wp:attachment":[{"href":"https:\/\/discos-redondos.es\/ca\/wp-json\/wp\/v2\/media?parent=7737"}],"wp:term":[{"taxonomy":"product_brand","embeddable":true,"href":"https:\/\/discos-redondos.es\/ca\/wp-json\/wp\/v2\/product_brand?post=7737"},{"taxonomy":"product_cat","embeddable":true,"href":"https:\/\/discos-redondos.es\/ca\/wp-json\/wp\/v2\/product_cat?post=7737"},{"taxonomy":"product_tag","embeddable":true,"href":"https:\/\/discos-redondos.es\/ca\/wp-json\/wp\/v2\/product_tag?post=7737"}],"curies":[{"name":"wp","href":"https:\/\/api.w.org\/{rel}","templated":true}]}}