{"id":8160,"date":"2024-12-18T16:29:43","date_gmt":"2024-12-18T16:29:43","guid":{"rendered":"https:\/\/discos-redondos.es\/?post_type=product&#038;p=8160"},"modified":"2026-03-26T12:01:55","modified_gmt":"2026-03-26T12:01:55","slug":"hip-horns-brass-collective-krewe","status":"publish","type":"product","link":"https:\/\/discos-redondos.es\/ca\/producte\/hip-horns-brass-collective-krewe","title":{"rendered":"Hip Horns Brass Collective &#8211; Krewe"},"content":{"rendered":"<p><strong>Hip Horns Brass Collective &#8211; Krewe<\/strong><\/p>\n<p><strong>Tracklist<\/strong><\/p>\n<table class=\"tracklist_3QGRS\">\n<tbody>\n<tr data-track-position=\"A1\">\n<td class=\"trackPos_2RCje\"><span class=\"MuiTypography-root MuiTypography-labelSmall css-1kybk0l\">A1<\/span><\/td>\n<td class=\"artist_3zAQD\"><\/td>\n<td class=\"trackTitle_CTKp4\"><span class=\"MuiTypography-root MuiTypography-labelSmall css-1kybk0l\"><span class=\"trackTitle_CTKp4\">Cookin&#8217; Gumbo<\/span><\/span><\/p>\n<div class=\"credits_12-wp trackCredits_iogpt\">\n<div><\/div>\n<\/div>\n<div class=\"measure_17Kyu credits_12-wp\" aria-hidden=\"true\">\n<div><span class=\"MuiTypography-root MuiTypography-labelXSmall css-144m4pk\">Featuring\u00a0\u2013\u00a0<span class=\"link_15cpV\">DJ Swet<\/span>,\u00a0<span class=\"link_15cpV\">Juli Giuliani<\/span><\/span><\/div>\n<div><span class=\"MuiTypography-root MuiTypography-labelXSmall css-144m4pk\">Lyrics By\u00a0\u2013\u00a0<span class=\"link_15cpV\">Juli Giuliani<\/span>,\u00a0<span class=\"link_15cpV\">Mabreezee<\/span><\/span><\/div>\n<div><span class=\"MuiTypography-root MuiTypography-labelXSmall css-144m4pk\">Music By\u00a0\u2013\u00a0<span class=\"link_15cpV\">Alba Pujals<\/span><\/span><\/div>\n<\/div>\n<\/td>\n<\/tr>\n<tr data-track-position=\"A2\">\n<td class=\"trackPos_2RCje\"><span class=\"MuiTypography-root MuiTypography-labelSmall css-1kybk0l\">A2<\/span><\/td>\n<td class=\"artist_3zAQD\"><\/td>\n<td class=\"trackTitle_CTKp4\"><span class=\"MuiTypography-root MuiTypography-labelSmall css-1kybk0l\"><span class=\"trackTitle_CTKp4\">Krewe<\/span><\/span><\/p>\n<div class=\"credits_12-wp trackCredits_iogpt\">\n<div><\/div>\n<\/div>\n<div class=\"measure_17Kyu credits_12-wp\" aria-hidden=\"true\">\n<div><span class=\"MuiTypography-root MuiTypography-labelXSmall css-144m4pk\">Lyrics By\u00a0\u2013\u00a0<span class=\"link_15cpV\">Aina Pla<\/span>,\u00a0<span class=\"link_15cpV\">Albert Costa<\/span>,\u00a0<span class=\"link_15cpV\">Mabreezee<\/span><\/span><\/div>\n<div><span class=\"MuiTypography-root MuiTypography-labelXSmall css-144m4pk\">Music By\u00a0\u2013\u00a0<span class=\"link_15cpV\">Albert Costa<\/span><\/span><\/div>\n<\/div>\n<\/td>\n<\/tr>\n<tr data-track-position=\"A3\">\n<td class=\"trackPos_2RCje\"><span class=\"MuiTypography-root MuiTypography-labelSmall css-1kybk0l\">A3<\/span><\/td>\n<td class=\"artist_3zAQD\"><\/td>\n<td class=\"trackTitle_CTKp4\"><span class=\"MuiTypography-root MuiTypography-labelSmall css-1kybk0l\"><span class=\"trackTitle_CTKp4\">The Struggle<\/span><\/span><\/p>\n<div class=\"credits_12-wp trackCredits_iogpt\">\n<div><\/div>\n<\/div>\n<div class=\"measure_17Kyu credits_12-wp\" aria-hidden=\"true\">\n<div><span class=\"MuiTypography-root MuiTypography-labelXSmall css-144m4pk\">Lyrics By\u00a0\u2013\u00a0<span class=\"link_15cpV\">Aina Pla<\/span>,\u00a0<span class=\"link_15cpV\">Albert Costa<\/span>,\u00a0<span class=\"link_15cpV\">Mabreezee<\/span><\/span><\/div>\n<div><span class=\"MuiTypography-root MuiTypography-labelXSmall css-144m4pk\">Music By\u00a0\u2013\u00a0<span class=\"link_15cpV\">Nil Vill\u00e0<\/span><\/span><\/div>\n<\/div>\n<\/td>\n<\/tr>\n<tr data-track-position=\"A4\">\n<td class=\"trackPos_2RCje\"><span class=\"MuiTypography-root MuiTypography-labelSmall css-1kybk0l\">A4<\/span><\/td>\n<td class=\"artist_3zAQD\"><\/td>\n<td class=\"trackTitle_CTKp4\"><span class=\"MuiTypography-root MuiTypography-labelSmall css-1kybk0l\"><span class=\"trackTitle_CTKp4\">Do It! (Skit)<\/span><\/span><\/p>\n<div class=\"credits_12-wp trackCredits_iogpt\">\n<div><\/div>\n<\/div>\n<div class=\"measure_17Kyu credits_12-wp\" aria-hidden=\"true\">\n<div><span class=\"MuiTypography-root MuiTypography-labelXSmall css-144m4pk\">Lyrics By\u00a0\u2013\u00a0<span class=\"link_15cpV\">Aina Pla<\/span>,\u00a0<span class=\"link_15cpV\">Albert Costa<\/span>,\u00a0<span class=\"link_15cpV\">Mabreezee<\/span><\/span><\/div>\n<div><span class=\"MuiTypography-root MuiTypography-labelXSmall css-144m4pk\">Music By\u00a0\u2013\u00a0<span class=\"link_15cpV\">Gregori Hollis<\/span><\/span><\/div>\n<\/div>\n<\/td>\n<\/tr>\n<tr data-track-position=\"A5\">\n<td class=\"trackPos_2RCje\"><span class=\"MuiTypography-root MuiTypography-labelSmall css-1kybk0l\">A5<\/span><\/td>\n<td class=\"artist_3zAQD\"><\/td>\n<td class=\"trackTitle_CTKp4\"><span class=\"MuiTypography-root MuiTypography-labelSmall css-1kybk0l\"><span class=\"trackTitle_CTKp4\">Lagniappe<\/span><\/span><\/p>\n<div class=\"credits_12-wp trackCredits_iogpt\">\n<div><\/div>\n<\/div>\n<div class=\"measure_17Kyu credits_12-wp\" aria-hidden=\"true\">\n<div><span class=\"MuiTypography-root MuiTypography-labelXSmall css-144m4pk\">Music By\u00a0\u2013\u00a0<span class=\"link_15cpV\">\u00c0lvar Monfort<\/span><\/span><\/div>\n<\/div>\n<\/td>\n<\/tr>\n<tr data-track-position=\"A6\">\n<td class=\"trackPos_2RCje\"><span class=\"MuiTypography-root MuiTypography-labelSmall css-1kybk0l\">A6<\/span><\/td>\n<td class=\"artist_3zAQD\"><\/td>\n<td class=\"trackTitle_CTKp4\"><span class=\"MuiTypography-root MuiTypography-labelSmall css-1kybk0l\"><span class=\"trackTitle_CTKp4\">Lifetime Stories<\/span><\/span><\/p>\n<div class=\"credits_12-wp trackCredits_iogpt\">\n<div><\/div>\n<\/div>\n<div class=\"measure_17Kyu credits_12-wp\" aria-hidden=\"true\">\n<div><span class=\"MuiTypography-root MuiTypography-labelXSmall css-144m4pk\">Lyrics By\u00a0\u2013\u00a0<span class=\"link_15cpV\">Aina Pla<\/span><\/span><\/div>\n<div><span class=\"MuiTypography-root MuiTypography-labelXSmall css-144m4pk\">Music By\u00a0\u2013\u00a0<span class=\"link_15cpV\">Gregori Hollis<\/span><\/span><\/div>\n<\/div>\n<\/td>\n<\/tr>\n<tr data-track-position=\"A7\">\n<td class=\"trackPos_2RCje\"><span class=\"MuiTypography-root MuiTypography-labelSmall css-1kybk0l\">A7<\/span><\/td>\n<td class=\"artist_3zAQD\"><\/td>\n<td class=\"trackTitle_CTKp4\"><span class=\"MuiTypography-root MuiTypography-labelSmall css-1kybk0l\"><span class=\"trackTitle_CTKp4\">Quimbomb\u00f3<\/span><\/span><\/p>\n<div class=\"credits_12-wp trackCredits_iogpt\">\n<div><\/div>\n<\/div>\n<div class=\"measure_17Kyu credits_12-wp\" aria-hidden=\"true\">\n<div><span class=\"MuiTypography-root MuiTypography-labelXSmall css-144m4pk\">Featuring\u00a0\u2013\u00a0<span class=\"link_15cpV\">Tumbakin<\/span><\/span><\/div>\n<div><span class=\"MuiTypography-root MuiTypography-labelXSmall css-144m4pk\">Lyrics By\u00a0\u2013\u00a0<span class=\"link_15cpV\">Alcibiades Durruthy<\/span><\/span><\/div>\n<div><span class=\"MuiTypography-root MuiTypography-labelXSmall css-144m4pk\">Music By\u00a0\u2013\u00a0<span class=\"link_15cpV\">Albert Costa<\/span><\/span><\/div>\n<\/div>\n<\/td>\n<\/tr>\n<tr data-track-position=\"B8\">\n<td class=\"trackPos_2RCje\"><span class=\"MuiTypography-root MuiTypography-labelSmall css-1kybk0l\">B8<\/span><\/td>\n<td class=\"artist_3zAQD\"><\/td>\n<td class=\"trackTitle_CTKp4\"><span class=\"MuiTypography-root MuiTypography-labelSmall css-1kybk0l\"><span class=\"trackTitle_CTKp4\">Boss Says No!<\/span><\/span><\/p>\n<div class=\"credits_12-wp trackCredits_iogpt\">\n<div><\/div>\n<\/div>\n<div class=\"measure_17Kyu credits_12-wp\" aria-hidden=\"true\">\n<div><span class=\"MuiTypography-root MuiTypography-labelXSmall css-144m4pk\">Featuring\u00a0\u2013\u00a0<span class=\"link_15cpV\">Samuel Marthe<\/span><\/span><\/div>\n<div><span class=\"MuiTypography-root MuiTypography-labelXSmall css-144m4pk\">Music By\u00a0\u2013\u00a0<span class=\"link_15cpV\">\u00c0lvar Monfort<\/span><\/span><\/div>\n<\/div>\n<\/td>\n<\/tr>\n<tr data-track-position=\"B9\">\n<td class=\"trackPos_2RCje\"><span class=\"MuiTypography-root MuiTypography-labelSmall css-1kybk0l\">B9<\/span><\/td>\n<td class=\"artist_3zAQD\"><\/td>\n<td class=\"trackTitle_CTKp4\"><span class=\"MuiTypography-root MuiTypography-labelSmall css-1kybk0l\"><span class=\"trackTitle_CTKp4\">Praia De Morer\u00e9<\/span><\/span><\/p>\n<div class=\"credits_12-wp trackCredits_iogpt\">\n<div><\/div>\n<\/div>\n<div class=\"measure_17Kyu credits_12-wp\" aria-hidden=\"true\">\n<div><span class=\"MuiTypography-root MuiTypography-labelXSmall css-144m4pk\">Lyrics By\u00a0\u2013\u00a0<span class=\"link_15cpV\">Mabreezee<\/span><\/span><\/div>\n<div><span class=\"MuiTypography-root MuiTypography-labelXSmall css-144m4pk\">Music By\u00a0\u2013\u00a0<span class=\"link_15cpV\">\u00c0lvar Monfort*<\/span><\/span><\/div>\n<\/div>\n<\/td>\n<\/tr>\n<tr data-track-position=\"B10\">\n<td class=\"trackPos_2RCje\"><span class=\"MuiTypography-root MuiTypography-labelSmall css-1kybk0l\">B10<\/span><\/td>\n<td class=\"artist_3zAQD\"><\/td>\n<td class=\"trackTitle_CTKp4\"><span class=\"MuiTypography-root MuiTypography-labelSmall css-1kybk0l\"><span class=\"trackTitle_CTKp4\">Old School, No? (Skit)<\/span><\/span><\/td>\n<\/tr>\n<tr data-track-position=\"B11\">\n<td class=\"trackPos_2RCje\"><span class=\"MuiTypography-root MuiTypography-labelSmall css-1kybk0l\">B11<\/span><\/td>\n<td class=\"artist_3zAQD\"><\/td>\n<td class=\"trackTitle_CTKp4\"><span class=\"MuiTypography-root MuiTypography-labelSmall css-1kybk0l\"><span class=\"trackTitle_CTKp4\">Dave&#8217;s Groove<\/span><\/span><\/p>\n<div class=\"credits_12-wp trackCredits_iogpt\">\n<div><\/div>\n<\/div>\n<div class=\"measure_17Kyu credits_12-wp\" aria-hidden=\"true\">\n<div><span class=\"MuiTypography-root MuiTypography-labelXSmall css-144m4pk\">Featuring\u00a0\u2013\u00a0<span class=\"link_15cpV\">Escandaloso Xp\u00f3sito<\/span><\/span><\/div>\n<div><span class=\"MuiTypography-root MuiTypography-labelXSmall css-144m4pk\">Lyrics By\u00a0\u2013\u00a0<span class=\"link_15cpV\">Escandaloso Xp\u00f3sito<\/span>,\u00a0<span class=\"link_15cpV\">Mabreezee<\/span><\/span><\/div>\n<div><span class=\"MuiTypography-root MuiTypography-labelXSmall css-144m4pk\">Music By\u00a0\u2013\u00a0<span class=\"link_15cpV\">\u00c0lvar Monfort<\/span><\/span><\/div>\n<\/div>\n<\/td>\n<\/tr>\n<tr data-track-position=\"B12\">\n<td class=\"trackPos_2RCje\"><span class=\"MuiTypography-root MuiTypography-labelSmall css-1kybk0l\">B12<\/span><\/td>\n<td class=\"artist_3zAQD\"><\/td>\n<td class=\"trackTitle_CTKp4\"><span class=\"MuiTypography-root MuiTypography-labelSmall css-1kybk0l\"><span class=\"trackTitle_CTKp4\">Vitamina<\/span><\/span><\/p>\n<div class=\"credits_12-wp trackCredits_iogpt\">\n<div><\/div>\n<\/div>\n<div class=\"measure_17Kyu credits_12-wp\" aria-hidden=\"true\">\n<div><span class=\"MuiTypography-root MuiTypography-labelXSmall css-144m4pk\">Featuring\u00a0\u2013\u00a0<span class=\"link_15cpV\">Cec\u00e9<\/span><\/span><\/div>\n<div><span class=\"MuiTypography-root MuiTypography-labelXSmall css-144m4pk\">Lyrics By\u00a0\u2013\u00a0<span class=\"link_15cpV\">Cec\u00e9<\/span><\/span><\/div>\n<div><span class=\"MuiTypography-root MuiTypography-labelXSmall css-144m4pk\">Music By\u00a0\u2013\u00a0<span class=\"link_15cpV\">Albert Costa<\/span><\/span><\/div>\n<\/div>\n<\/td>\n<\/tr>\n<tr data-track-position=\"B13\">\n<td class=\"trackPos_2RCje\"><span class=\"MuiTypography-root MuiTypography-labelSmall css-1kybk0l\">B13<\/span><\/td>\n<td class=\"artist_3zAQD\"><\/td>\n<td class=\"trackTitle_CTKp4\"><span class=\"MuiTypography-root MuiTypography-labelSmall css-1kybk0l\"><span class=\"trackTitle_CTKp4\">Thank You<\/span><\/span><\/td>\n<\/tr>\n<\/tbody>\n<\/table>\n<p>&nbsp;<\/p>\n<p><iframe loading=\"lazy\" title=\"KREWE\" width=\"832\" height=\"624\" src=\"https:\/\/www.youtube.com\/embed\/eUX7QC5HegY?feature=oembed\" frameborder=\"0\" allow=\"accelerometer; autoplay; clipboard-write; encrypted-media; gyroscope; picture-in-picture; web-share\" referrerpolicy=\"strict-origin-when-cross-origin\" allowfullscreen><\/iframe><\/p>\n<p>&nbsp;<\/p>\n<p><strong>Hip Horns Brass Collective &#8211; Krewe<\/strong><\/p>\n<p>Ya lo tenemos aqu\u00ed para que todo el mundo pueda escucharlo. Sin duda, uno de los \u00e1lbumes de debut m\u00e1s originales y rompedores del panorama musical catal\u00e1n y estatal. Y como no podr\u00eda ser de otra manera, KREWE, el LP de debut de Hip Horns Brass Collective, desata un potente sonido que combina las ra\u00edces sonoras de Nueva Orleans con la esencia del hip hop m\u00e1s crudo.<\/p>\n<p>Las letras, llenas de referencias a la cultura hip-hop, fluyen en una explosiva mezcla de ingl\u00e9s, castellano y catal\u00e1n, destilando puro amor por la tradici\u00f3n del rap y la m\u00fasica afroamericana, elevando el g\u00e9nero de la brass band m\u00e1s all\u00e1 de sus fronteras, sumergi\u00e9ndose en el underground con ritmos bailables como el boombap y el bounce, y a la vez bebiendo de poderosas influencias como el afrobeat, el gospel o el funk.<\/p>\n<p>KREWE es un manifiesto del lado positivo del hip-hop, un tributo a la fuerza imparable del colectivo que representa una brass band y un homenaje al legado del hip-hop y a la vibrante tradici\u00f3n de Nueva Orleans. El t\u00edtulo del disco significa colectivo, agrupaci\u00f3n, y es el nombre que tienen las asociaciones que organizan desfiles durante los Mardi Gras de Nueva Orleans.<\/p>\n<p>El disco es fruto del proceso natural de Hip Horns Brass Collective, que despu\u00e9s de publicar varios EPs, como Brassvillain (2022) o BRAM! &amp; Mulligan (2023), quieren ense\u00f1ar de qu\u00e9 son capaces en un \u00e1lbum de larga duraci\u00f3n.<\/p>","protected":false},"excerpt":{"rendered":"<p>Say It Loud Records &#8211; SILR023, Costa Futuro &#8211; CF015, 8435307619082<\/p>\n<p>LP en vinilo negro y carpeta sencilla<\/p>","protected":false},"featured_media":8161,"template":"","meta":[],"product_brand":[184],"product_cat":[74],"product_tag":[],"class_list":{"0":"post-8160","1":"product","2":"type-product","3":"status-publish","4":"has-post-thumbnail","6":"product_brand-say-it-loud-records","7":"product_cat-hip-hop","9":"first","10":"instock","11":"taxable","12":"shipping-taxable","13":"purchasable","14":"product-type-simple"},"yoast_head":"<!-- This site is optimized with the Yoast SEO plugin v27.5 - https:\/\/yoast.com\/product\/yoast-seo-wordpress\/ -->\n<title>Hip Horns Brass Collective - Krewe - DISCOS REDONDOS<\/title>\n<meta name=\"description\" content=\"Hip Horns Brass Collective - Krewe - Say It Loud Records - SILR023, Costa Futuro - CF015, 8435307619082 LP en vinilo negro y carpeta sencilla\" \/>\n<meta name=\"robots\" content=\"index, follow, max-snippet:-1, max-image-preview:large, max-video-preview:-1\" \/>\n<link rel=\"canonical\" href=\"https:\/\/discos-redondos.es\/ca\/producte\/hip-horns-brass-collective-krewe\/\" \/>\n<meta property=\"og:locale\" content=\"ca_ES\" \/>\n<meta property=\"og:type\" content=\"article\" \/>\n<meta property=\"og:title\" content=\"Hip Horns Brass Collective - Krewe - DISCOS REDONDOS\" \/>\n<meta property=\"og:description\" content=\"Hip Horns Brass Collective - Krewe - Say It Loud Records - SILR023, Costa Futuro - CF015, 8435307619082 LP en vinilo negro y carpeta sencilla\" \/>\n<meta property=\"og:url\" content=\"https:\/\/discos-redondos.es\/ca\/producte\/hip-horns-brass-collective-krewe\/\" \/>\n<meta property=\"og:site_name\" content=\"DISCOS REDONDOS\" \/>\n<meta property=\"article:publisher\" content=\"https:\/\/www.facebook.com\/discosredondos45\" \/>\n<meta property=\"article:modified_time\" content=\"2026-03-26T12:01:55+00:00\" \/>\n<meta property=\"og:image\" content=\"https:\/\/discos-redondos.es\/wp-content\/uploads\/2024\/12\/Hip-Horns-Brass-Collective-Krewe.jpg\" \/>\n\t<meta property=\"og:image:width\" content=\"1200\" \/>\n\t<meta property=\"og:image:height\" content=\"1200\" \/>\n\t<meta property=\"og:image:type\" content=\"image\/jpeg\" \/>\n<meta name=\"twitter:card\" content=\"summary_large_image\" \/>\n<meta name=\"twitter:label1\" content=\"Temps estimat de lectura\" \/>\n\t<meta name=\"twitter:data1\" content=\"2 minuts\" \/>\n<script type=\"application\/ld+json\" class=\"yoast-schema-graph\">{\"@context\":\"https:\\\/\\\/schema.org\",\"@graph\":[{\"@type\":\"WebPage\",\"@id\":\"https:\\\/\\\/discos-redondos.es\\\/producto\\\/hip-horns-brass-collective-krewe\",\"url\":\"https:\\\/\\\/discos-redondos.es\\\/producto\\\/hip-horns-brass-collective-krewe\",\"name\":\"Hip Horns Brass Collective - Krewe - DISCOS REDONDOS\",\"isPartOf\":{\"@id\":\"https:\\\/\\\/discos-redondos.es\\\/#website\"},\"primaryImageOfPage\":{\"@id\":\"https:\\\/\\\/discos-redondos.es\\\/producto\\\/hip-horns-brass-collective-krewe#primaryimage\"},\"image\":{\"@id\":\"https:\\\/\\\/discos-redondos.es\\\/producto\\\/hip-horns-brass-collective-krewe#primaryimage\"},\"thumbnailUrl\":\"https:\\\/\\\/discos-redondos.es\\\/wp-content\\\/uploads\\\/2024\\\/12\\\/Hip-Horns-Brass-Collective-Krewe.jpg\",\"datePublished\":\"2024-12-18T16:29:43+00:00\",\"dateModified\":\"2026-03-26T12:01:55+00:00\",\"description\":\"Hip Horns Brass Collective - Krewe - Say It Loud Records - SILR023, Costa Futuro - CF015, 8435307619082 LP en vinilo negro y carpeta sencilla\",\"breadcrumb\":{\"@id\":\"https:\\\/\\\/discos-redondos.es\\\/producto\\\/hip-horns-brass-collective-krewe#breadcrumb\"},\"inLanguage\":\"ca\",\"potentialAction\":[{\"@type\":\"ReadAction\",\"target\":[\"https:\\\/\\\/discos-redondos.es\\\/producto\\\/hip-horns-brass-collective-krewe\"]}]},{\"@type\":\"ImageObject\",\"inLanguage\":\"ca\",\"@id\":\"https:\\\/\\\/discos-redondos.es\\\/producto\\\/hip-horns-brass-collective-krewe#primaryimage\",\"url\":\"https:\\\/\\\/discos-redondos.es\\\/wp-content\\\/uploads\\\/2024\\\/12\\\/Hip-Horns-Brass-Collective-Krewe.jpg\",\"contentUrl\":\"https:\\\/\\\/discos-redondos.es\\\/wp-content\\\/uploads\\\/2024\\\/12\\\/Hip-Horns-Brass-Collective-Krewe.jpg\",\"width\":1200,\"height\":1200,\"caption\":\"Hip Horns Brass Collective - Krewe\"},{\"@type\":\"BreadcrumbList\",\"@id\":\"https:\\\/\\\/discos-redondos.es\\\/producto\\\/hip-horns-brass-collective-krewe#breadcrumb\",\"itemListElement\":[{\"@type\":\"ListItem\",\"position\":1,\"name\":\"Portada\",\"item\":\"https:\\\/\\\/discos-redondos.es\\\/\"},{\"@type\":\"ListItem\",\"position\":2,\"name\":\"Tienda\",\"item\":\"https:\\\/\\\/discos-redondos.es\\\/?page_id=487\"},{\"@type\":\"ListItem\",\"position\":3,\"name\":\"Hip Horns Brass Collective &#8211; Krewe\"}]},{\"@type\":\"WebSite\",\"@id\":\"https:\\\/\\\/discos-redondos.es\\\/#website\",\"url\":\"https:\\\/\\\/discos-redondos.es\\\/\",\"name\":\"Discos Redondos\",\"description\":\"Tu tienda de discos en Barcelona\",\"publisher\":{\"@id\":\"https:\\\/\\\/discos-redondos.es\\\/#organization\"},\"alternateName\":\"Discos Redondos\",\"potentialAction\":[{\"@type\":\"SearchAction\",\"target\":{\"@type\":\"EntryPoint\",\"urlTemplate\":\"https:\\\/\\\/discos-redondos.es\\\/?s={search_term_string}\"},\"query-input\":{\"@type\":\"PropertyValueSpecification\",\"valueRequired\":true,\"valueName\":\"search_term_string\"}}],\"inLanguage\":\"ca\"},{\"@type\":\"Organization\",\"@id\":\"https:\\\/\\\/discos-redondos.es\\\/#organization\",\"name\":\"Discos Redondos\",\"url\":\"https:\\\/\\\/discos-redondos.es\\\/\",\"logo\":{\"@type\":\"ImageObject\",\"inLanguage\":\"ca\",\"@id\":\"https:\\\/\\\/discos-redondos.es\\\/#\\\/schema\\\/logo\\\/image\\\/\",\"url\":\"https:\\\/\\\/discos-redondos.es\\\/wp-content\\\/uploads\\\/2023\\\/04\\\/aaff-logo-raval-1-1.jpg\",\"contentUrl\":\"https:\\\/\\\/discos-redondos.es\\\/wp-content\\\/uploads\\\/2023\\\/04\\\/aaff-logo-raval-1-1.jpg\",\"width\":2362,\"height\":1441,\"caption\":\"Discos Redondos\"},\"image\":{\"@id\":\"https:\\\/\\\/discos-redondos.es\\\/#\\\/schema\\\/logo\\\/image\\\/\"},\"sameAs\":[\"https:\\\/\\\/www.facebook.com\\\/discosredondos45\",\"https:\\\/\\\/www.instagram.com\\\/discos.redondos33\\\/?hl=es\",\"https:\\\/\\\/discos-redondos.bandcamp.com\\\/\"]}]}<\/script>\n<!-- \/ Yoast SEO plugin. -->","yoast_head_json":{"title":"Hip Horns Brass Collective - Krewe - DISCOS REDONDOS","description":"Hip Horns Brass Collective - Krewe - Say It Loud Records - SILR023, Costa Futuro - CF015, 8435307619082 LP en vinilo negro y carpeta sencilla","robots":{"index":"index","follow":"follow","max-snippet":"max-snippet:-1","max-image-preview":"max-image-preview:large","max-video-preview":"max-video-preview:-1"},"canonical":"https:\/\/discos-redondos.es\/ca\/producte\/hip-horns-brass-collective-krewe\/","og_locale":"ca_ES","og_type":"article","og_title":"Hip Horns Brass Collective - Krewe - DISCOS REDONDOS","og_description":"Hip Horns Brass Collective - Krewe - Say It Loud Records - SILR023, Costa Futuro - CF015, 8435307619082 LP en vinilo negro y carpeta sencilla","og_url":"https:\/\/discos-redondos.es\/ca\/producte\/hip-horns-brass-collective-krewe\/","og_site_name":"DISCOS REDONDOS","article_publisher":"https:\/\/www.facebook.com\/discosredondos45","article_modified_time":"2026-03-26T12:01:55+00:00","og_image":[{"width":1200,"height":1200,"url":"https:\/\/discos-redondos.es\/wp-content\/uploads\/2024\/12\/Hip-Horns-Brass-Collective-Krewe.jpg","type":"image\/jpeg"}],"twitter_card":"summary_large_image","twitter_misc":{"Temps estimat de lectura":"2 minuts"},"schema":{"@context":"https:\/\/schema.org","@graph":[{"@type":"WebPage","@id":"https:\/\/discos-redondos.es\/producto\/hip-horns-brass-collective-krewe","url":"https:\/\/discos-redondos.es\/producto\/hip-horns-brass-collective-krewe","name":"Hip Horns Brass Collective - Krewe - DISCOS REDONDOS","isPartOf":{"@id":"https:\/\/discos-redondos.es\/#website"},"primaryImageOfPage":{"@id":"https:\/\/discos-redondos.es\/producto\/hip-horns-brass-collective-krewe#primaryimage"},"image":{"@id":"https:\/\/discos-redondos.es\/producto\/hip-horns-brass-collective-krewe#primaryimage"},"thumbnailUrl":"https:\/\/discos-redondos.es\/wp-content\/uploads\/2024\/12\/Hip-Horns-Brass-Collective-Krewe.jpg","datePublished":"2024-12-18T16:29:43+00:00","dateModified":"2026-03-26T12:01:55+00:00","description":"Hip Horns Brass Collective - Krewe - Say It Loud Records - SILR023, Costa Futuro - CF015, 8435307619082 LP en vinilo negro y carpeta sencilla","breadcrumb":{"@id":"https:\/\/discos-redondos.es\/producto\/hip-horns-brass-collective-krewe#breadcrumb"},"inLanguage":"ca","potentialAction":[{"@type":"ReadAction","target":["https:\/\/discos-redondos.es\/producto\/hip-horns-brass-collective-krewe"]}]},{"@type":"ImageObject","inLanguage":"ca","@id":"https:\/\/discos-redondos.es\/producto\/hip-horns-brass-collective-krewe#primaryimage","url":"https:\/\/discos-redondos.es\/wp-content\/uploads\/2024\/12\/Hip-Horns-Brass-Collective-Krewe.jpg","contentUrl":"https:\/\/discos-redondos.es\/wp-content\/uploads\/2024\/12\/Hip-Horns-Brass-Collective-Krewe.jpg","width":1200,"height":1200,"caption":"Hip Horns Brass Collective - Krewe"},{"@type":"BreadcrumbList","@id":"https:\/\/discos-redondos.es\/producto\/hip-horns-brass-collective-krewe#breadcrumb","itemListElement":[{"@type":"ListItem","position":1,"name":"Portada","item":"https:\/\/discos-redondos.es\/"},{"@type":"ListItem","position":2,"name":"Tienda","item":"https:\/\/discos-redondos.es\/?page_id=487"},{"@type":"ListItem","position":3,"name":"Hip Horns Brass Collective &#8211; Krewe"}]},{"@type":"WebSite","@id":"https:\/\/discos-redondos.es\/#website","url":"https:\/\/discos-redondos.es\/","name":"Discos Redondos","description":"La teva botiga de discos a Barcelona","publisher":{"@id":"https:\/\/discos-redondos.es\/#organization"},"alternateName":"Discos Redondos","potentialAction":[{"@type":"SearchAction","target":{"@type":"EntryPoint","urlTemplate":"https:\/\/discos-redondos.es\/?s={search_term_string}"},"query-input":{"@type":"PropertyValueSpecification","valueRequired":true,"valueName":"search_term_string"}}],"inLanguage":"ca"},{"@type":"Organization","@id":"https:\/\/discos-redondos.es\/#organization","name":"Discos Redondos","url":"https:\/\/discos-redondos.es\/","logo":{"@type":"ImageObject","inLanguage":"ca","@id":"https:\/\/discos-redondos.es\/#\/schema\/logo\/image\/","url":"https:\/\/discos-redondos.es\/wp-content\/uploads\/2023\/04\/aaff-logo-raval-1-1.jpg","contentUrl":"https:\/\/discos-redondos.es\/wp-content\/uploads\/2023\/04\/aaff-logo-raval-1-1.jpg","width":2362,"height":1441,"caption":"Discos Redondos"},"image":{"@id":"https:\/\/discos-redondos.es\/#\/schema\/logo\/image\/"},"sameAs":["https:\/\/www.facebook.com\/discosredondos45","https:\/\/www.instagram.com\/discos.redondos33\/?hl=es","https:\/\/discos-redondos.bandcamp.com\/"]}]}},"_links":{"self":[{"href":"https:\/\/discos-redondos.es\/ca\/wp-json\/wp\/v2\/product\/8160","targetHints":{"allow":["GET"]}}],"collection":[{"href":"https:\/\/discos-redondos.es\/ca\/wp-json\/wp\/v2\/product"}],"about":[{"href":"https:\/\/discos-redondos.es\/ca\/wp-json\/wp\/v2\/types\/product"}],"wp:featuredmedia":[{"embeddable":true,"href":"https:\/\/discos-redondos.es\/ca\/wp-json\/wp\/v2\/media\/8161"}],"wp:attachment":[{"href":"https:\/\/discos-redondos.es\/ca\/wp-json\/wp\/v2\/media?parent=8160"}],"wp:term":[{"taxonomy":"product_brand","embeddable":true,"href":"https:\/\/discos-redondos.es\/ca\/wp-json\/wp\/v2\/product_brand?post=8160"},{"taxonomy":"product_cat","embeddable":true,"href":"https:\/\/discos-redondos.es\/ca\/wp-json\/wp\/v2\/product_cat?post=8160"},{"taxonomy":"product_tag","embeddable":true,"href":"https:\/\/discos-redondos.es\/ca\/wp-json\/wp\/v2\/product_tag?post=8160"}],"curies":[{"name":"wp","href":"https:\/\/api.w.org\/{rel}","templated":true}]}}