{"id":8330,"date":"2025-01-15T11:58:12","date_gmt":"2025-01-15T11:58:12","guid":{"rendered":"https:\/\/discos-redondos.es\/?post_type=product&#038;p=8330"},"modified":"2026-04-02T11:52:53","modified_gmt":"2026-04-02T11:52:53","slug":"pickpocket-1-top-50-cine-oriental","status":"publish","type":"product","link":"https:\/\/discos-redondos.es\/ca\/producte\/pickpocket-1-top-50-cine-oriental","title":{"rendered":"Pickpocket #1 (Top 50 Cine Oriental)"},"content":{"rendered":"<p><strong>Pickpocket es una revista de cine, series y otros desv\u00edos culturales<\/strong><\/p>\n<p>El primer n\u00famero gira alrededor del cine oriental con una pieza central dedicada a las 50 mejores pel\u00edculas de esa regi\u00f3n.<\/p>\n<p>Diciembre 2024<\/p>","protected":false},"excerpt":{"rendered":"<p><strong>Pickpocket #1<\/strong><\/p>\n<p>Especial Cine Oriental<br \/>\nFormato: 17\u00d724 cm<br \/>\nN\u00famero de p\u00e1ginas: 96<br \/>\nImpresa a color en papel offset de 90g<\/p>","protected":false},"featured_media":8331,"template":"","meta":[],"product_brand":[],"product_cat":[133],"product_tag":[],"class_list":{"0":"post-8330","1":"product","2":"type-product","3":"status-publish","4":"has-post-thumbnail","6":"product_cat-revistas","8":"first","9":"outofstock","10":"taxable","11":"shipping-taxable","12":"purchasable","13":"product-type-simple"},"yoast_head":"<!-- This site is optimized with the Yoast SEO plugin v27.3 - https:\/\/yoast.com\/product\/yoast-seo-wordpress\/ -->\n<title>Pickpocket #1 (Top 50 Cine Oriental) - DISCOS REDONDOS<\/title>\n<meta name=\"description\" content=\"Pickpocket es una revista de cine y series. Este n\u00famero gira alrededor del cine oriental con una pieza dedicada a las 50 mejores pel\u00edculas\" \/>\n<meta name=\"robots\" content=\"index, follow, max-snippet:-1, max-image-preview:large, max-video-preview:-1\" \/>\n<link rel=\"canonical\" href=\"https:\/\/discos-redondos.es\/ca\/producte\/pickpocket-1-top-50-cine-oriental\/\" \/>\n<meta property=\"og:locale\" content=\"ca_ES\" \/>\n<meta property=\"og:type\" content=\"article\" \/>\n<meta property=\"og:title\" content=\"Pickpocket #1 (Top 50 Cine Oriental) - DISCOS REDONDOS\" \/>\n<meta property=\"og:description\" content=\"Pickpocket es una revista de cine y series. Este n\u00famero gira alrededor del cine oriental con una pieza dedicada a las 50 mejores pel\u00edculas\" \/>\n<meta property=\"og:url\" content=\"https:\/\/discos-redondos.es\/ca\/producte\/pickpocket-1-top-50-cine-oriental\/\" \/>\n<meta property=\"og:site_name\" content=\"DISCOS REDONDOS\" \/>\n<meta property=\"article:publisher\" content=\"https:\/\/www.facebook.com\/discosredondos45\" \/>\n<meta property=\"article:modified_time\" content=\"2026-04-02T11:52:53+00:00\" \/>\n<meta property=\"og:image\" content=\"https:\/\/discos-redondos.es\/wp-content\/uploads\/2025\/01\/portada-pickpocket-minaitura.jpg\" \/>\n\t<meta property=\"og:image:width\" content=\"620\" \/>\n\t<meta property=\"og:image:height\" content=\"900\" \/>\n\t<meta property=\"og:image:type\" content=\"image\/jpeg\" \/>\n<meta name=\"twitter:card\" content=\"summary_large_image\" \/>\n<meta name=\"twitter:label1\" content=\"Temps estimat de lectura\" \/>\n\t<meta name=\"twitter:data1\" content=\"1 minut\" \/>\n<script type=\"application\/ld+json\" class=\"yoast-schema-graph\">{\"@context\":\"https:\\\/\\\/schema.org\",\"@graph\":[{\"@type\":\"WebPage\",\"@id\":\"https:\\\/\\\/discos-redondos.es\\\/producto\\\/pickpocket-1-top-50-cine-oriental\",\"url\":\"https:\\\/\\\/discos-redondos.es\\\/producto\\\/pickpocket-1-top-50-cine-oriental\",\"name\":\"Pickpocket #1 (Top 50 Cine Oriental) - DISCOS REDONDOS\",\"isPartOf\":{\"@id\":\"https:\\\/\\\/discos-redondos.es\\\/#website\"},\"primaryImageOfPage\":{\"@id\":\"https:\\\/\\\/discos-redondos.es\\\/producto\\\/pickpocket-1-top-50-cine-oriental#primaryimage\"},\"image\":{\"@id\":\"https:\\\/\\\/discos-redondos.es\\\/producto\\\/pickpocket-1-top-50-cine-oriental#primaryimage\"},\"thumbnailUrl\":\"https:\\\/\\\/discos-redondos.es\\\/wp-content\\\/uploads\\\/2025\\\/01\\\/portada-pickpocket-minaitura.jpg\",\"datePublished\":\"2025-01-15T11:58:12+00:00\",\"dateModified\":\"2026-04-02T11:52:53+00:00\",\"description\":\"Pickpocket es una revista de cine y series. Este n\u00famero gira alrededor del cine oriental con una pieza dedicada a las 50 mejores pel\u00edculas\",\"breadcrumb\":{\"@id\":\"https:\\\/\\\/discos-redondos.es\\\/producto\\\/pickpocket-1-top-50-cine-oriental#breadcrumb\"},\"inLanguage\":\"ca\",\"potentialAction\":[{\"@type\":\"ReadAction\",\"target\":[\"https:\\\/\\\/discos-redondos.es\\\/producto\\\/pickpocket-1-top-50-cine-oriental\"]}]},{\"@type\":\"ImageObject\",\"inLanguage\":\"ca\",\"@id\":\"https:\\\/\\\/discos-redondos.es\\\/producto\\\/pickpocket-1-top-50-cine-oriental#primaryimage\",\"url\":\"https:\\\/\\\/discos-redondos.es\\\/wp-content\\\/uploads\\\/2025\\\/01\\\/portada-pickpocket-minaitura.jpg\",\"contentUrl\":\"https:\\\/\\\/discos-redondos.es\\\/wp-content\\\/uploads\\\/2025\\\/01\\\/portada-pickpocket-minaitura.jpg\",\"width\":620,\"height\":900,\"caption\":\"Pickpocket revista cine\"},{\"@type\":\"BreadcrumbList\",\"@id\":\"https:\\\/\\\/discos-redondos.es\\\/producto\\\/pickpocket-1-top-50-cine-oriental#breadcrumb\",\"itemListElement\":[{\"@type\":\"ListItem\",\"position\":1,\"name\":\"Portada\",\"item\":\"https:\\\/\\\/discos-redondos.es\\\/\"},{\"@type\":\"ListItem\",\"position\":2,\"name\":\"Tienda\",\"item\":\"https:\\\/\\\/discos-redondos.es\\\/?page_id=487\"},{\"@type\":\"ListItem\",\"position\":3,\"name\":\"Pickpocket #1 (Top 50 Cine Oriental)\"}]},{\"@type\":\"WebSite\",\"@id\":\"https:\\\/\\\/discos-redondos.es\\\/#website\",\"url\":\"https:\\\/\\\/discos-redondos.es\\\/\",\"name\":\"Discos Redondos\",\"description\":\"Tu tienda de discos en Barcelona\",\"publisher\":{\"@id\":\"https:\\\/\\\/discos-redondos.es\\\/#organization\"},\"alternateName\":\"Discos Redondos\",\"potentialAction\":[{\"@type\":\"SearchAction\",\"target\":{\"@type\":\"EntryPoint\",\"urlTemplate\":\"https:\\\/\\\/discos-redondos.es\\\/?s={search_term_string}\"},\"query-input\":{\"@type\":\"PropertyValueSpecification\",\"valueRequired\":true,\"valueName\":\"search_term_string\"}}],\"inLanguage\":\"ca\"},{\"@type\":\"Organization\",\"@id\":\"https:\\\/\\\/discos-redondos.es\\\/#organization\",\"name\":\"Discos Redondos\",\"url\":\"https:\\\/\\\/discos-redondos.es\\\/\",\"logo\":{\"@type\":\"ImageObject\",\"inLanguage\":\"ca\",\"@id\":\"https:\\\/\\\/discos-redondos.es\\\/#\\\/schema\\\/logo\\\/image\\\/\",\"url\":\"https:\\\/\\\/discos-redondos.es\\\/wp-content\\\/uploads\\\/2023\\\/04\\\/aaff-logo-raval-1-1.jpg\",\"contentUrl\":\"https:\\\/\\\/discos-redondos.es\\\/wp-content\\\/uploads\\\/2023\\\/04\\\/aaff-logo-raval-1-1.jpg\",\"width\":2362,\"height\":1441,\"caption\":\"Discos Redondos\"},\"image\":{\"@id\":\"https:\\\/\\\/discos-redondos.es\\\/#\\\/schema\\\/logo\\\/image\\\/\"},\"sameAs\":[\"https:\\\/\\\/www.facebook.com\\\/discosredondos45\",\"https:\\\/\\\/www.instagram.com\\\/discos.redondos33\\\/?hl=es\",\"https:\\\/\\\/discos-redondos.bandcamp.com\\\/\"]}]}<\/script>\n<!-- \/ Yoast SEO plugin. -->","yoast_head_json":{"title":"Pickpocket #1 (Top 50 Cine Oriental) - DISCOS REDONDOS","description":"Pickpocket es una revista de cine y series. Este n\u00famero gira alrededor del cine oriental con una pieza dedicada a las 50 mejores pel\u00edculas","robots":{"index":"index","follow":"follow","max-snippet":"max-snippet:-1","max-image-preview":"max-image-preview:large","max-video-preview":"max-video-preview:-1"},"canonical":"https:\/\/discos-redondos.es\/ca\/producte\/pickpocket-1-top-50-cine-oriental\/","og_locale":"ca_ES","og_type":"article","og_title":"Pickpocket #1 (Top 50 Cine Oriental) - DISCOS REDONDOS","og_description":"Pickpocket es una revista de cine y series. Este n\u00famero gira alrededor del cine oriental con una pieza dedicada a las 50 mejores pel\u00edculas","og_url":"https:\/\/discos-redondos.es\/ca\/producte\/pickpocket-1-top-50-cine-oriental\/","og_site_name":"DISCOS REDONDOS","article_publisher":"https:\/\/www.facebook.com\/discosredondos45","article_modified_time":"2026-04-02T11:52:53+00:00","og_image":[{"width":620,"height":900,"url":"https:\/\/discos-redondos.es\/wp-content\/uploads\/2025\/01\/portada-pickpocket-minaitura.jpg","type":"image\/jpeg"}],"twitter_card":"summary_large_image","twitter_misc":{"Temps estimat de lectura":"1 minut"},"schema":{"@context":"https:\/\/schema.org","@graph":[{"@type":"WebPage","@id":"https:\/\/discos-redondos.es\/producto\/pickpocket-1-top-50-cine-oriental","url":"https:\/\/discos-redondos.es\/producto\/pickpocket-1-top-50-cine-oriental","name":"Pickpocket #1 (Top 50 Cine Oriental) - DISCOS REDONDOS","isPartOf":{"@id":"https:\/\/discos-redondos.es\/#website"},"primaryImageOfPage":{"@id":"https:\/\/discos-redondos.es\/producto\/pickpocket-1-top-50-cine-oriental#primaryimage"},"image":{"@id":"https:\/\/discos-redondos.es\/producto\/pickpocket-1-top-50-cine-oriental#primaryimage"},"thumbnailUrl":"https:\/\/discos-redondos.es\/wp-content\/uploads\/2025\/01\/portada-pickpocket-minaitura.jpg","datePublished":"2025-01-15T11:58:12+00:00","dateModified":"2026-04-02T11:52:53+00:00","description":"Pickpocket es una revista de cine y series. Este n\u00famero gira alrededor del cine oriental con una pieza dedicada a las 50 mejores pel\u00edculas","breadcrumb":{"@id":"https:\/\/discos-redondos.es\/producto\/pickpocket-1-top-50-cine-oriental#breadcrumb"},"inLanguage":"ca","potentialAction":[{"@type":"ReadAction","target":["https:\/\/discos-redondos.es\/producto\/pickpocket-1-top-50-cine-oriental"]}]},{"@type":"ImageObject","inLanguage":"ca","@id":"https:\/\/discos-redondos.es\/producto\/pickpocket-1-top-50-cine-oriental#primaryimage","url":"https:\/\/discos-redondos.es\/wp-content\/uploads\/2025\/01\/portada-pickpocket-minaitura.jpg","contentUrl":"https:\/\/discos-redondos.es\/wp-content\/uploads\/2025\/01\/portada-pickpocket-minaitura.jpg","width":620,"height":900,"caption":"Pickpocket revista cine"},{"@type":"BreadcrumbList","@id":"https:\/\/discos-redondos.es\/producto\/pickpocket-1-top-50-cine-oriental#breadcrumb","itemListElement":[{"@type":"ListItem","position":1,"name":"Portada","item":"https:\/\/discos-redondos.es\/"},{"@type":"ListItem","position":2,"name":"Tienda","item":"https:\/\/discos-redondos.es\/?page_id=487"},{"@type":"ListItem","position":3,"name":"Pickpocket #1 (Top 50 Cine Oriental)"}]},{"@type":"WebSite","@id":"https:\/\/discos-redondos.es\/#website","url":"https:\/\/discos-redondos.es\/","name":"Discos Redondos","description":"La teva botiga de discos a Barcelona","publisher":{"@id":"https:\/\/discos-redondos.es\/#organization"},"alternateName":"Discos Redondos","potentialAction":[{"@type":"SearchAction","target":{"@type":"EntryPoint","urlTemplate":"https:\/\/discos-redondos.es\/?s={search_term_string}"},"query-input":{"@type":"PropertyValueSpecification","valueRequired":true,"valueName":"search_term_string"}}],"inLanguage":"ca"},{"@type":"Organization","@id":"https:\/\/discos-redondos.es\/#organization","name":"Discos Redondos","url":"https:\/\/discos-redondos.es\/","logo":{"@type":"ImageObject","inLanguage":"ca","@id":"https:\/\/discos-redondos.es\/#\/schema\/logo\/image\/","url":"https:\/\/discos-redondos.es\/wp-content\/uploads\/2023\/04\/aaff-logo-raval-1-1.jpg","contentUrl":"https:\/\/discos-redondos.es\/wp-content\/uploads\/2023\/04\/aaff-logo-raval-1-1.jpg","width":2362,"height":1441,"caption":"Discos Redondos"},"image":{"@id":"https:\/\/discos-redondos.es\/#\/schema\/logo\/image\/"},"sameAs":["https:\/\/www.facebook.com\/discosredondos45","https:\/\/www.instagram.com\/discos.redondos33\/?hl=es","https:\/\/discos-redondos.bandcamp.com\/"]}]}},"jetpack_sharing_enabled":true,"_links":{"self":[{"href":"https:\/\/discos-redondos.es\/ca\/wp-json\/wp\/v2\/product\/8330","targetHints":{"allow":["GET"]}}],"collection":[{"href":"https:\/\/discos-redondos.es\/ca\/wp-json\/wp\/v2\/product"}],"about":[{"href":"https:\/\/discos-redondos.es\/ca\/wp-json\/wp\/v2\/types\/product"}],"wp:featuredmedia":[{"embeddable":true,"href":"https:\/\/discos-redondos.es\/ca\/wp-json\/wp\/v2\/media\/8331"}],"wp:attachment":[{"href":"https:\/\/discos-redondos.es\/ca\/wp-json\/wp\/v2\/media?parent=8330"}],"wp:term":[{"taxonomy":"product_brand","embeddable":true,"href":"https:\/\/discos-redondos.es\/ca\/wp-json\/wp\/v2\/product_brand?post=8330"},{"taxonomy":"product_cat","embeddable":true,"href":"https:\/\/discos-redondos.es\/ca\/wp-json\/wp\/v2\/product_cat?post=8330"},{"taxonomy":"product_tag","embeddable":true,"href":"https:\/\/discos-redondos.es\/ca\/wp-json\/wp\/v2\/product_tag?post=8330"}],"curies":[{"name":"wp","href":"https:\/\/api.w.org\/{rel}","templated":true}]}}