{"id":8469,"date":"2025-02-28T19:13:44","date_gmt":"2025-02-28T19:13:44","guid":{"rendered":"https:\/\/discos-redondos.es\/?post_type=product&#038;p=8469"},"modified":"2026-03-14T11:07:39","modified_gmt":"2026-03-14T11:07:39","slug":"johnny-halliday-les-annees-vague-rsd-2025","status":"publish","type":"product","link":"https:\/\/discos-redondos.es\/ca\/producte\/johnny-halliday-les-annees-vague-rsd-2025","title":{"rendered":"Johnny Halliday &#8211; Les Annees Vague (RSD 2025)"},"content":{"rendered":"<p><strong>Johnny Halliday &#8211; Les Annees Vague (RSD 2025)<\/strong><\/p>\n<p>\u00a1Aqu\u00ed est\u00e1 el primer \u201cLiquid-Filled Vinyl\u201d dedicado a Johnny Hallyday! El \u201cLiquid-Filled Vinyl\u201d es un disco hecho a medida que presenta una cavidad interior llena de un l\u00edquido azul decorativo que recuerda a las infinitas olas del mar. Esta fascinante innovaci\u00f3n en el mundo del vinilo revela un espect\u00e1culo visual hipn\u00f3tico con cada giro del tocadiscos: una fusi\u00f3n perfecta de innovaci\u00f3n y emoci\u00f3n.<\/p>\n<p>Esta creaci\u00f3n EXCLUSIVA y NUMERADA; limitada a solo 1000 copias; se inspira en el ic\u00f3nico \u00e1lbum de 1962 Les Plus Beaux Succ\u00e8s; reimaginado bajo el t\u00edtulo Les Ann\u00e9es Vague. Esta prestigiosa edici\u00f3n; una mezcla de arte y m\u00fasica; trasciende el disco com\u00fan y corriente para convertirse en una obra maestra imprescindible para los\u00a0 oleccionistas y los fan\u00e1ticos devotosde Johnny Hallyday.<\/p>\n<p>&nbsp;<\/p>\n<p><strong>Johnny Halliday &#8211; Les Annees Vague (RSD 2025)<\/strong><\/p>","protected":false},"excerpt":{"rendered":"<p>Culture Factory &#8211; 783823, 3700477838232<\/p>\n<p>LP en <em>Liquid-Filled Vinyl, <\/em>Record Store Day 2025<\/p>","protected":false},"featured_media":8470,"template":"","meta":[],"product_brand":[],"product_cat":[119,91,117],"product_tag":[],"class_list":{"0":"post-8469","1":"product","2":"type-product","3":"status-publish","4":"has-post-thumbnail","6":"product_cat-vinilos-ofertas","7":"product_cat-record-store-day","8":"product_cat-rock-pop-indie","10":"first","11":"instock","12":"sale","13":"taxable","14":"shipping-taxable","15":"purchasable","16":"product-type-simple"},"yoast_head":"<!-- This site is optimized with the Yoast SEO plugin v27.3 - https:\/\/yoast.com\/product\/yoast-seo-wordpress\/ -->\n<title>Johnny Halliday - Les Annees Vague (RSD 2025) - DISCOS REDONDOS<\/title>\n<meta name=\"description\" content=\"Johnny Halliday - Les Annees Vague (RSD 2025) - Culture Factory - 783823, 3700477838232 LP en Liquid-Filled Vinyl, Record Store Day 2025\" \/>\n<meta name=\"robots\" content=\"index, follow, max-snippet:-1, max-image-preview:large, max-video-preview:-1\" \/>\n<link rel=\"canonical\" href=\"https:\/\/discos-redondos.es\/ca\/producte\/johnny-halliday-les-annees-vague-rsd-2025\/\" \/>\n<meta property=\"og:locale\" content=\"ca_ES\" \/>\n<meta property=\"og:type\" content=\"article\" \/>\n<meta property=\"og:title\" content=\"Johnny Halliday - Les Annees Vague (RSD 2025) - DISCOS REDONDOS\" \/>\n<meta property=\"og:description\" content=\"Johnny Halliday - Les Annees Vague (RSD 2025) - Culture Factory - 783823, 3700477838232 LP en Liquid-Filled Vinyl, Record Store Day 2025\" \/>\n<meta property=\"og:url\" content=\"https:\/\/discos-redondos.es\/ca\/producte\/johnny-halliday-les-annees-vague-rsd-2025\/\" \/>\n<meta property=\"og:site_name\" content=\"DISCOS REDONDOS\" \/>\n<meta property=\"article:publisher\" content=\"https:\/\/www.facebook.com\/discosredondos45\" \/>\n<meta property=\"article:modified_time\" content=\"2026-03-14T11:07:39+00:00\" \/>\n<meta property=\"og:image\" content=\"https:\/\/discos-redondos.es\/wp-content\/uploads\/2025\/02\/Les-Annees-VagueR.webp\" \/>\n\t<meta property=\"og:image:width\" content=\"550\" \/>\n\t<meta property=\"og:image:height\" content=\"550\" \/>\n\t<meta property=\"og:image:type\" content=\"image\/webp\" \/>\n<meta name=\"twitter:card\" content=\"summary_large_image\" \/>\n<meta name=\"twitter:label1\" content=\"Temps estimat de lectura\" \/>\n\t<meta name=\"twitter:data1\" content=\"1 minut\" \/>\n<script type=\"application\/ld+json\" class=\"yoast-schema-graph\">{\"@context\":\"https:\\\/\\\/schema.org\",\"@graph\":[{\"@type\":\"WebPage\",\"@id\":\"https:\\\/\\\/discos-redondos.es\\\/producto\\\/johnny-halliday-les-annees-vague-rsd-2025\",\"url\":\"https:\\\/\\\/discos-redondos.es\\\/producto\\\/johnny-halliday-les-annees-vague-rsd-2025\",\"name\":\"Johnny Halliday - Les Annees Vague (RSD 2025) - DISCOS REDONDOS\",\"isPartOf\":{\"@id\":\"https:\\\/\\\/discos-redondos.es\\\/#website\"},\"primaryImageOfPage\":{\"@id\":\"https:\\\/\\\/discos-redondos.es\\\/producto\\\/johnny-halliday-les-annees-vague-rsd-2025#primaryimage\"},\"image\":{\"@id\":\"https:\\\/\\\/discos-redondos.es\\\/producto\\\/johnny-halliday-les-annees-vague-rsd-2025#primaryimage\"},\"thumbnailUrl\":\"https:\\\/\\\/discos-redondos.es\\\/wp-content\\\/uploads\\\/2025\\\/02\\\/Les-Annees-VagueR.webp\",\"datePublished\":\"2025-02-28T19:13:44+00:00\",\"dateModified\":\"2026-03-14T11:07:39+00:00\",\"description\":\"Johnny Halliday - Les Annees Vague (RSD 2025) - Culture Factory - 783823, 3700477838232 LP en Liquid-Filled Vinyl, Record Store Day 2025\",\"breadcrumb\":{\"@id\":\"https:\\\/\\\/discos-redondos.es\\\/producto\\\/johnny-halliday-les-annees-vague-rsd-2025#breadcrumb\"},\"inLanguage\":\"ca\",\"potentialAction\":[{\"@type\":\"ReadAction\",\"target\":[\"https:\\\/\\\/discos-redondos.es\\\/producto\\\/johnny-halliday-les-annees-vague-rsd-2025\"]}]},{\"@type\":\"ImageObject\",\"inLanguage\":\"ca\",\"@id\":\"https:\\\/\\\/discos-redondos.es\\\/producto\\\/johnny-halliday-les-annees-vague-rsd-2025#primaryimage\",\"url\":\"https:\\\/\\\/discos-redondos.es\\\/wp-content\\\/uploads\\\/2025\\\/02\\\/Les-Annees-VagueR.webp\",\"contentUrl\":\"https:\\\/\\\/discos-redondos.es\\\/wp-content\\\/uploads\\\/2025\\\/02\\\/Les-Annees-VagueR.webp\",\"width\":550,\"height\":550,\"caption\":\"Johnny Halliday - Les Annees Vague (RSD 2025)\"},{\"@type\":\"BreadcrumbList\",\"@id\":\"https:\\\/\\\/discos-redondos.es\\\/producto\\\/johnny-halliday-les-annees-vague-rsd-2025#breadcrumb\",\"itemListElement\":[{\"@type\":\"ListItem\",\"position\":1,\"name\":\"Portada\",\"item\":\"https:\\\/\\\/discos-redondos.es\\\/\"},{\"@type\":\"ListItem\",\"position\":2,\"name\":\"Tienda\",\"item\":\"https:\\\/\\\/discos-redondos.es\\\/?page_id=487\"},{\"@type\":\"ListItem\",\"position\":3,\"name\":\"Johnny Halliday &#8211; Les Annees Vague (RSD 2025)\"}]},{\"@type\":\"WebSite\",\"@id\":\"https:\\\/\\\/discos-redondos.es\\\/#website\",\"url\":\"https:\\\/\\\/discos-redondos.es\\\/\",\"name\":\"Discos Redondos\",\"description\":\"Tu tienda de discos en Barcelona\",\"publisher\":{\"@id\":\"https:\\\/\\\/discos-redondos.es\\\/#organization\"},\"alternateName\":\"Discos Redondos\",\"potentialAction\":[{\"@type\":\"SearchAction\",\"target\":{\"@type\":\"EntryPoint\",\"urlTemplate\":\"https:\\\/\\\/discos-redondos.es\\\/?s={search_term_string}\"},\"query-input\":{\"@type\":\"PropertyValueSpecification\",\"valueRequired\":true,\"valueName\":\"search_term_string\"}}],\"inLanguage\":\"ca\"},{\"@type\":\"Organization\",\"@id\":\"https:\\\/\\\/discos-redondos.es\\\/#organization\",\"name\":\"Discos Redondos\",\"url\":\"https:\\\/\\\/discos-redondos.es\\\/\",\"logo\":{\"@type\":\"ImageObject\",\"inLanguage\":\"ca\",\"@id\":\"https:\\\/\\\/discos-redondos.es\\\/#\\\/schema\\\/logo\\\/image\\\/\",\"url\":\"https:\\\/\\\/discos-redondos.es\\\/wp-content\\\/uploads\\\/2023\\\/04\\\/aaff-logo-raval-1-1.jpg\",\"contentUrl\":\"https:\\\/\\\/discos-redondos.es\\\/wp-content\\\/uploads\\\/2023\\\/04\\\/aaff-logo-raval-1-1.jpg\",\"width\":2362,\"height\":1441,\"caption\":\"Discos Redondos\"},\"image\":{\"@id\":\"https:\\\/\\\/discos-redondos.es\\\/#\\\/schema\\\/logo\\\/image\\\/\"},\"sameAs\":[\"https:\\\/\\\/www.facebook.com\\\/discosredondos45\",\"https:\\\/\\\/www.instagram.com\\\/discos.redondos33\\\/?hl=es\",\"https:\\\/\\\/discos-redondos.bandcamp.com\\\/\"]}]}<\/script>\n<!-- \/ Yoast SEO plugin. -->","yoast_head_json":{"title":"Johnny Halliday - Les Annees Vague (RSD 2025) - DISCOS REDONDOS","description":"Johnny Halliday - Les Annees Vague (RSD 2025) - Culture Factory - 783823, 3700477838232 LP en Liquid-Filled Vinyl, Record Store Day 2025","robots":{"index":"index","follow":"follow","max-snippet":"max-snippet:-1","max-image-preview":"max-image-preview:large","max-video-preview":"max-video-preview:-1"},"canonical":"https:\/\/discos-redondos.es\/ca\/producte\/johnny-halliday-les-annees-vague-rsd-2025\/","og_locale":"ca_ES","og_type":"article","og_title":"Johnny Halliday - Les Annees Vague (RSD 2025) - DISCOS REDONDOS","og_description":"Johnny Halliday - Les Annees Vague (RSD 2025) - Culture Factory - 783823, 3700477838232 LP en Liquid-Filled Vinyl, Record Store Day 2025","og_url":"https:\/\/discos-redondos.es\/ca\/producte\/johnny-halliday-les-annees-vague-rsd-2025\/","og_site_name":"DISCOS REDONDOS","article_publisher":"https:\/\/www.facebook.com\/discosredondos45","article_modified_time":"2026-03-14T11:07:39+00:00","og_image":[{"width":550,"height":550,"url":"https:\/\/discos-redondos.es\/wp-content\/uploads\/2025\/02\/Les-Annees-VagueR.webp","type":"image\/webp"}],"twitter_card":"summary_large_image","twitter_misc":{"Temps estimat de lectura":"1 minut"},"schema":{"@context":"https:\/\/schema.org","@graph":[{"@type":"WebPage","@id":"https:\/\/discos-redondos.es\/producto\/johnny-halliday-les-annees-vague-rsd-2025","url":"https:\/\/discos-redondos.es\/producto\/johnny-halliday-les-annees-vague-rsd-2025","name":"Johnny Halliday - Les Annees Vague (RSD 2025) - DISCOS REDONDOS","isPartOf":{"@id":"https:\/\/discos-redondos.es\/#website"},"primaryImageOfPage":{"@id":"https:\/\/discos-redondos.es\/producto\/johnny-halliday-les-annees-vague-rsd-2025#primaryimage"},"image":{"@id":"https:\/\/discos-redondos.es\/producto\/johnny-halliday-les-annees-vague-rsd-2025#primaryimage"},"thumbnailUrl":"https:\/\/discos-redondos.es\/wp-content\/uploads\/2025\/02\/Les-Annees-VagueR.webp","datePublished":"2025-02-28T19:13:44+00:00","dateModified":"2026-03-14T11:07:39+00:00","description":"Johnny Halliday - Les Annees Vague (RSD 2025) - Culture Factory - 783823, 3700477838232 LP en Liquid-Filled Vinyl, Record Store Day 2025","breadcrumb":{"@id":"https:\/\/discos-redondos.es\/producto\/johnny-halliday-les-annees-vague-rsd-2025#breadcrumb"},"inLanguage":"ca","potentialAction":[{"@type":"ReadAction","target":["https:\/\/discos-redondos.es\/producto\/johnny-halliday-les-annees-vague-rsd-2025"]}]},{"@type":"ImageObject","inLanguage":"ca","@id":"https:\/\/discos-redondos.es\/producto\/johnny-halliday-les-annees-vague-rsd-2025#primaryimage","url":"https:\/\/discos-redondos.es\/wp-content\/uploads\/2025\/02\/Les-Annees-VagueR.webp","contentUrl":"https:\/\/discos-redondos.es\/wp-content\/uploads\/2025\/02\/Les-Annees-VagueR.webp","width":550,"height":550,"caption":"Johnny Halliday - Les Annees Vague (RSD 2025)"},{"@type":"BreadcrumbList","@id":"https:\/\/discos-redondos.es\/producto\/johnny-halliday-les-annees-vague-rsd-2025#breadcrumb","itemListElement":[{"@type":"ListItem","position":1,"name":"Portada","item":"https:\/\/discos-redondos.es\/"},{"@type":"ListItem","position":2,"name":"Tienda","item":"https:\/\/discos-redondos.es\/?page_id=487"},{"@type":"ListItem","position":3,"name":"Johnny Halliday &#8211; Les Annees Vague (RSD 2025)"}]},{"@type":"WebSite","@id":"https:\/\/discos-redondos.es\/#website","url":"https:\/\/discos-redondos.es\/","name":"Discos Redondos","description":"La teva botiga de discos a Barcelona","publisher":{"@id":"https:\/\/discos-redondos.es\/#organization"},"alternateName":"Discos Redondos","potentialAction":[{"@type":"SearchAction","target":{"@type":"EntryPoint","urlTemplate":"https:\/\/discos-redondos.es\/?s={search_term_string}"},"query-input":{"@type":"PropertyValueSpecification","valueRequired":true,"valueName":"search_term_string"}}],"inLanguage":"ca"},{"@type":"Organization","@id":"https:\/\/discos-redondos.es\/#organization","name":"Discos Redondos","url":"https:\/\/discos-redondos.es\/","logo":{"@type":"ImageObject","inLanguage":"ca","@id":"https:\/\/discos-redondos.es\/#\/schema\/logo\/image\/","url":"https:\/\/discos-redondos.es\/wp-content\/uploads\/2023\/04\/aaff-logo-raval-1-1.jpg","contentUrl":"https:\/\/discos-redondos.es\/wp-content\/uploads\/2023\/04\/aaff-logo-raval-1-1.jpg","width":2362,"height":1441,"caption":"Discos Redondos"},"image":{"@id":"https:\/\/discos-redondos.es\/#\/schema\/logo\/image\/"},"sameAs":["https:\/\/www.facebook.com\/discosredondos45","https:\/\/www.instagram.com\/discos.redondos33\/?hl=es","https:\/\/discos-redondos.bandcamp.com\/"]}]}},"jetpack_sharing_enabled":true,"_links":{"self":[{"href":"https:\/\/discos-redondos.es\/ca\/wp-json\/wp\/v2\/product\/8469","targetHints":{"allow":["GET"]}}],"collection":[{"href":"https:\/\/discos-redondos.es\/ca\/wp-json\/wp\/v2\/product"}],"about":[{"href":"https:\/\/discos-redondos.es\/ca\/wp-json\/wp\/v2\/types\/product"}],"wp:featuredmedia":[{"embeddable":true,"href":"https:\/\/discos-redondos.es\/ca\/wp-json\/wp\/v2\/media\/8470"}],"wp:attachment":[{"href":"https:\/\/discos-redondos.es\/ca\/wp-json\/wp\/v2\/media?parent=8469"}],"wp:term":[{"taxonomy":"product_brand","embeddable":true,"href":"https:\/\/discos-redondos.es\/ca\/wp-json\/wp\/v2\/product_brand?post=8469"},{"taxonomy":"product_cat","embeddable":true,"href":"https:\/\/discos-redondos.es\/ca\/wp-json\/wp\/v2\/product_cat?post=8469"},{"taxonomy":"product_tag","embeddable":true,"href":"https:\/\/discos-redondos.es\/ca\/wp-json\/wp\/v2\/product_tag?post=8469"}],"curies":[{"name":"wp","href":"https:\/\/api.w.org\/{rel}","templated":true}]}}