{"id":8478,"date":"2025-03-01T11:03:15","date_gmt":"2025-03-01T11:03:15","guid":{"rendered":"https:\/\/discos-redondos.es\/?post_type=product&#038;p=8478"},"modified":"2026-03-14T16:23:12","modified_gmt":"2026-03-14T16:23:12","slug":"rumble-in-the-jungle-rsd-2025","status":"publish","type":"product","link":"https:\/\/discos-redondos.es\/ca\/producte\/rumble-in-the-jungle-rsd-2025","title":{"rendered":"Rumble In The Jungle (RSD 2025)"},"content":{"rendered":"<p><strong>Rumble In The Jungle (RSD 2025)<\/strong><\/p>\n<p>Soul Jazz Records viaja al ragga; drum &amp; bass y jungle de principios de los 90. El \u00e1lbum incluye himnos cl\u00e1sicos del jungle de todos los tiempos como \u00b4Incredible\u00b4 de General Levy junto con algunas melod\u00edas de peso pesado del ragga como \u00b4Limb By Limb\u00b4 de Cutty Ranks y la nueva versi\u00f3n cl\u00e1sica de Congo Natty de Under Me Sensi de Barrington Levy.<\/p>\n<p>El famoso \u00e1lbum cuenta la historia de c\u00f3mo el jungle se desarroll\u00f3 a partir del acid house pero con sus ra\u00edces en la escena dancehall del Reino Unido de los 80 y viene con extensas notas de portada; entrevistas<br \/>\nexclusivas y fotograf\u00edas.<\/p>\n<p><strong>Rumble In The Jungle (RSD 2025)<\/strong><\/p>","protected":false},"excerpt":{"rendered":"<p>Soul Jazz Records &#8211; SJRLP569C , 5026328005690<\/p>\n<p>2 x LP en vinilo rojo, edici\u00f3n Record Store Day 2025<\/p>","protected":false},"featured_media":8479,"template":"","meta":[],"product_brand":[],"product_cat":[119,91,89],"product_tag":[],"class_list":{"0":"post-8478","1":"product","2":"type-product","3":"status-publish","4":"has-post-thumbnail","6":"product_cat-vinilos-ofertas","7":"product_cat-record-store-day","8":"product_cat-discos-de-vinilo-de-trip-hop-y-electronica","10":"first","11":"instock","12":"sale","13":"taxable","14":"shipping-taxable","15":"purchasable","16":"product-type-simple"},"yoast_head":"<!-- This site is optimized with the Yoast SEO plugin v27.4 - https:\/\/yoast.com\/product\/yoast-seo-wordpress\/ -->\n<title>Rumble In The Jungle (RSD 2025) - DISCOS REDONDOS<\/title>\n<meta name=\"description\" content=\"Rumble In The Jungle (RSD 2025) - Soul Jazz Records - SJRLP569C , 5026328005690 2 x LP en vinilo rojo, edici\u00f3n Record Store Day 2025\" \/>\n<meta name=\"robots\" content=\"index, follow, max-snippet:-1, max-image-preview:large, max-video-preview:-1\" \/>\n<link rel=\"canonical\" href=\"https:\/\/discos-redondos.es\/ca\/producte\/rumble-in-the-jungle-rsd-2025\/\" \/>\n<meta property=\"og:locale\" content=\"ca_ES\" \/>\n<meta property=\"og:type\" content=\"article\" \/>\n<meta property=\"og:title\" content=\"Rumble In The Jungle (RSD 2025) - DISCOS REDONDOS\" \/>\n<meta property=\"og:description\" content=\"Rumble In The Jungle (RSD 2025) - Soul Jazz Records - SJRLP569C , 5026328005690 2 x LP en vinilo rojo, edici\u00f3n Record Store Day 2025\" \/>\n<meta property=\"og:url\" content=\"https:\/\/discos-redondos.es\/ca\/producte\/rumble-in-the-jungle-rsd-2025\/\" \/>\n<meta property=\"og:site_name\" content=\"DISCOS REDONDOS\" \/>\n<meta property=\"article:publisher\" content=\"https:\/\/www.facebook.com\/discosredondos45\" \/>\n<meta property=\"article:modified_time\" content=\"2026-03-14T16:23:12+00:00\" \/>\n<meta property=\"og:image\" content=\"https:\/\/discos-redondos.es\/wp-content\/uploads\/2025\/03\/Rumble-In-The-Jungle.webp\" \/>\n\t<meta property=\"og:image:width\" content=\"360\" \/>\n\t<meta property=\"og:image:height\" content=\"360\" \/>\n\t<meta property=\"og:image:type\" content=\"image\/webp\" \/>\n<meta name=\"twitter:card\" content=\"summary_large_image\" \/>\n<meta name=\"twitter:label1\" content=\"Temps estimat de lectura\" \/>\n\t<meta name=\"twitter:data1\" content=\"1 minut\" \/>\n<script type=\"application\/ld+json\" class=\"yoast-schema-graph\">{\"@context\":\"https:\\\/\\\/schema.org\",\"@graph\":[{\"@type\":\"WebPage\",\"@id\":\"https:\\\/\\\/discos-redondos.es\\\/producto\\\/rumble-in-the-jungle-rsd-2025\",\"url\":\"https:\\\/\\\/discos-redondos.es\\\/producto\\\/rumble-in-the-jungle-rsd-2025\",\"name\":\"Rumble In The Jungle (RSD 2025) - DISCOS REDONDOS\",\"isPartOf\":{\"@id\":\"https:\\\/\\\/discos-redondos.es\\\/#website\"},\"primaryImageOfPage\":{\"@id\":\"https:\\\/\\\/discos-redondos.es\\\/producto\\\/rumble-in-the-jungle-rsd-2025#primaryimage\"},\"image\":{\"@id\":\"https:\\\/\\\/discos-redondos.es\\\/producto\\\/rumble-in-the-jungle-rsd-2025#primaryimage\"},\"thumbnailUrl\":\"https:\\\/\\\/discos-redondos.es\\\/wp-content\\\/uploads\\\/2025\\\/03\\\/Rumble-In-The-Jungle.webp\",\"datePublished\":\"2025-03-01T11:03:15+00:00\",\"dateModified\":\"2026-03-14T16:23:12+00:00\",\"description\":\"Rumble In The Jungle (RSD 2025) - Soul Jazz Records - SJRLP569C , 5026328005690 2 x LP en vinilo rojo, edici\u00f3n Record Store Day 2025\",\"breadcrumb\":{\"@id\":\"https:\\\/\\\/discos-redondos.es\\\/producto\\\/rumble-in-the-jungle-rsd-2025#breadcrumb\"},\"inLanguage\":\"ca\",\"potentialAction\":[{\"@type\":\"ReadAction\",\"target\":[\"https:\\\/\\\/discos-redondos.es\\\/producto\\\/rumble-in-the-jungle-rsd-2025\"]}]},{\"@type\":\"ImageObject\",\"inLanguage\":\"ca\",\"@id\":\"https:\\\/\\\/discos-redondos.es\\\/producto\\\/rumble-in-the-jungle-rsd-2025#primaryimage\",\"url\":\"https:\\\/\\\/discos-redondos.es\\\/wp-content\\\/uploads\\\/2025\\\/03\\\/Rumble-In-The-Jungle.webp\",\"contentUrl\":\"https:\\\/\\\/discos-redondos.es\\\/wp-content\\\/uploads\\\/2025\\\/03\\\/Rumble-In-The-Jungle.webp\",\"width\":360,\"height\":360,\"caption\":\"Rumble In The Jungle (RSD 2025)\"},{\"@type\":\"BreadcrumbList\",\"@id\":\"https:\\\/\\\/discos-redondos.es\\\/producto\\\/rumble-in-the-jungle-rsd-2025#breadcrumb\",\"itemListElement\":[{\"@type\":\"ListItem\",\"position\":1,\"name\":\"Portada\",\"item\":\"https:\\\/\\\/discos-redondos.es\\\/\"},{\"@type\":\"ListItem\",\"position\":2,\"name\":\"Tienda\",\"item\":\"https:\\\/\\\/discos-redondos.es\\\/?page_id=487\"},{\"@type\":\"ListItem\",\"position\":3,\"name\":\"Rumble In The Jungle (RSD 2025)\"}]},{\"@type\":\"WebSite\",\"@id\":\"https:\\\/\\\/discos-redondos.es\\\/#website\",\"url\":\"https:\\\/\\\/discos-redondos.es\\\/\",\"name\":\"Discos Redondos\",\"description\":\"Tu tienda de discos en Barcelona\",\"publisher\":{\"@id\":\"https:\\\/\\\/discos-redondos.es\\\/#organization\"},\"alternateName\":\"Discos Redondos\",\"potentialAction\":[{\"@type\":\"SearchAction\",\"target\":{\"@type\":\"EntryPoint\",\"urlTemplate\":\"https:\\\/\\\/discos-redondos.es\\\/?s={search_term_string}\"},\"query-input\":{\"@type\":\"PropertyValueSpecification\",\"valueRequired\":true,\"valueName\":\"search_term_string\"}}],\"inLanguage\":\"ca\"},{\"@type\":\"Organization\",\"@id\":\"https:\\\/\\\/discos-redondos.es\\\/#organization\",\"name\":\"Discos Redondos\",\"url\":\"https:\\\/\\\/discos-redondos.es\\\/\",\"logo\":{\"@type\":\"ImageObject\",\"inLanguage\":\"ca\",\"@id\":\"https:\\\/\\\/discos-redondos.es\\\/#\\\/schema\\\/logo\\\/image\\\/\",\"url\":\"https:\\\/\\\/discos-redondos.es\\\/wp-content\\\/uploads\\\/2023\\\/04\\\/aaff-logo-raval-1-1.jpg\",\"contentUrl\":\"https:\\\/\\\/discos-redondos.es\\\/wp-content\\\/uploads\\\/2023\\\/04\\\/aaff-logo-raval-1-1.jpg\",\"width\":2362,\"height\":1441,\"caption\":\"Discos Redondos\"},\"image\":{\"@id\":\"https:\\\/\\\/discos-redondos.es\\\/#\\\/schema\\\/logo\\\/image\\\/\"},\"sameAs\":[\"https:\\\/\\\/www.facebook.com\\\/discosredondos45\",\"https:\\\/\\\/www.instagram.com\\\/discos.redondos33\\\/?hl=es\",\"https:\\\/\\\/discos-redondos.bandcamp.com\\\/\"]}]}<\/script>\n<!-- \/ Yoast SEO plugin. -->","yoast_head_json":{"title":"Rumble In The Jungle (RSD 2025) - DISCOS REDONDOS","description":"Rumble In The Jungle (RSD 2025) - Soul Jazz Records - SJRLP569C , 5026328005690 2 x LP en vinilo rojo, edici\u00f3n Record Store Day 2025","robots":{"index":"index","follow":"follow","max-snippet":"max-snippet:-1","max-image-preview":"max-image-preview:large","max-video-preview":"max-video-preview:-1"},"canonical":"https:\/\/discos-redondos.es\/ca\/producte\/rumble-in-the-jungle-rsd-2025\/","og_locale":"ca_ES","og_type":"article","og_title":"Rumble In The Jungle (RSD 2025) - DISCOS REDONDOS","og_description":"Rumble In The Jungle (RSD 2025) - Soul Jazz Records - SJRLP569C , 5026328005690 2 x LP en vinilo rojo, edici\u00f3n Record Store Day 2025","og_url":"https:\/\/discos-redondos.es\/ca\/producte\/rumble-in-the-jungle-rsd-2025\/","og_site_name":"DISCOS REDONDOS","article_publisher":"https:\/\/www.facebook.com\/discosredondos45","article_modified_time":"2026-03-14T16:23:12+00:00","og_image":[{"width":360,"height":360,"url":"https:\/\/discos-redondos.es\/wp-content\/uploads\/2025\/03\/Rumble-In-The-Jungle.webp","type":"image\/webp"}],"twitter_card":"summary_large_image","twitter_misc":{"Temps estimat de lectura":"1 minut"},"schema":{"@context":"https:\/\/schema.org","@graph":[{"@type":"WebPage","@id":"https:\/\/discos-redondos.es\/producto\/rumble-in-the-jungle-rsd-2025","url":"https:\/\/discos-redondos.es\/producto\/rumble-in-the-jungle-rsd-2025","name":"Rumble In The Jungle (RSD 2025) - DISCOS REDONDOS","isPartOf":{"@id":"https:\/\/discos-redondos.es\/#website"},"primaryImageOfPage":{"@id":"https:\/\/discos-redondos.es\/producto\/rumble-in-the-jungle-rsd-2025#primaryimage"},"image":{"@id":"https:\/\/discos-redondos.es\/producto\/rumble-in-the-jungle-rsd-2025#primaryimage"},"thumbnailUrl":"https:\/\/discos-redondos.es\/wp-content\/uploads\/2025\/03\/Rumble-In-The-Jungle.webp","datePublished":"2025-03-01T11:03:15+00:00","dateModified":"2026-03-14T16:23:12+00:00","description":"Rumble In The Jungle (RSD 2025) - Soul Jazz Records - SJRLP569C , 5026328005690 2 x LP en vinilo rojo, edici\u00f3n Record Store Day 2025","breadcrumb":{"@id":"https:\/\/discos-redondos.es\/producto\/rumble-in-the-jungle-rsd-2025#breadcrumb"},"inLanguage":"ca","potentialAction":[{"@type":"ReadAction","target":["https:\/\/discos-redondos.es\/producto\/rumble-in-the-jungle-rsd-2025"]}]},{"@type":"ImageObject","inLanguage":"ca","@id":"https:\/\/discos-redondos.es\/producto\/rumble-in-the-jungle-rsd-2025#primaryimage","url":"https:\/\/discos-redondos.es\/wp-content\/uploads\/2025\/03\/Rumble-In-The-Jungle.webp","contentUrl":"https:\/\/discos-redondos.es\/wp-content\/uploads\/2025\/03\/Rumble-In-The-Jungle.webp","width":360,"height":360,"caption":"Rumble In The Jungle (RSD 2025)"},{"@type":"BreadcrumbList","@id":"https:\/\/discos-redondos.es\/producto\/rumble-in-the-jungle-rsd-2025#breadcrumb","itemListElement":[{"@type":"ListItem","position":1,"name":"Portada","item":"https:\/\/discos-redondos.es\/"},{"@type":"ListItem","position":2,"name":"Tienda","item":"https:\/\/discos-redondos.es\/?page_id=487"},{"@type":"ListItem","position":3,"name":"Rumble In The Jungle (RSD 2025)"}]},{"@type":"WebSite","@id":"https:\/\/discos-redondos.es\/#website","url":"https:\/\/discos-redondos.es\/","name":"Discos Redondos","description":"La teva botiga de discos a Barcelona","publisher":{"@id":"https:\/\/discos-redondos.es\/#organization"},"alternateName":"Discos Redondos","potentialAction":[{"@type":"SearchAction","target":{"@type":"EntryPoint","urlTemplate":"https:\/\/discos-redondos.es\/?s={search_term_string}"},"query-input":{"@type":"PropertyValueSpecification","valueRequired":true,"valueName":"search_term_string"}}],"inLanguage":"ca"},{"@type":"Organization","@id":"https:\/\/discos-redondos.es\/#organization","name":"Discos Redondos","url":"https:\/\/discos-redondos.es\/","logo":{"@type":"ImageObject","inLanguage":"ca","@id":"https:\/\/discos-redondos.es\/#\/schema\/logo\/image\/","url":"https:\/\/discos-redondos.es\/wp-content\/uploads\/2023\/04\/aaff-logo-raval-1-1.jpg","contentUrl":"https:\/\/discos-redondos.es\/wp-content\/uploads\/2023\/04\/aaff-logo-raval-1-1.jpg","width":2362,"height":1441,"caption":"Discos Redondos"},"image":{"@id":"https:\/\/discos-redondos.es\/#\/schema\/logo\/image\/"},"sameAs":["https:\/\/www.facebook.com\/discosredondos45","https:\/\/www.instagram.com\/discos.redondos33\/?hl=es","https:\/\/discos-redondos.bandcamp.com\/"]}]}},"_links":{"self":[{"href":"https:\/\/discos-redondos.es\/ca\/wp-json\/wp\/v2\/product\/8478","targetHints":{"allow":["GET"]}}],"collection":[{"href":"https:\/\/discos-redondos.es\/ca\/wp-json\/wp\/v2\/product"}],"about":[{"href":"https:\/\/discos-redondos.es\/ca\/wp-json\/wp\/v2\/types\/product"}],"wp:featuredmedia":[{"embeddable":true,"href":"https:\/\/discos-redondos.es\/ca\/wp-json\/wp\/v2\/media\/8479"}],"wp:attachment":[{"href":"https:\/\/discos-redondos.es\/ca\/wp-json\/wp\/v2\/media?parent=8478"}],"wp:term":[{"taxonomy":"product_brand","embeddable":true,"href":"https:\/\/discos-redondos.es\/ca\/wp-json\/wp\/v2\/product_brand?post=8478"},{"taxonomy":"product_cat","embeddable":true,"href":"https:\/\/discos-redondos.es\/ca\/wp-json\/wp\/v2\/product_cat?post=8478"},{"taxonomy":"product_tag","embeddable":true,"href":"https:\/\/discos-redondos.es\/ca\/wp-json\/wp\/v2\/product_tag?post=8478"}],"curies":[{"name":"wp","href":"https:\/\/api.w.org\/{rel}","templated":true}]}}