{"id":8506,"date":"2025-03-01T15:29:16","date_gmt":"2025-03-01T15:29:16","guid":{"rendered":"https:\/\/discos-redondos.es\/?post_type=product&#038;p=8506"},"modified":"2026-03-26T11:55:51","modified_gmt":"2026-03-26T11:55:51","slug":"don-toliver-heaven-or-hell-rsd-2025","status":"publish","type":"product","link":"https:\/\/discos-redondos.es\/ca\/producte\/don-toliver-heaven-or-hell-rsd-2025","title":{"rendered":"Don Toliver &#8211; Heaven Or Hell (RSD 2025)"},"content":{"rendered":"<p><strong>Don Toliver &#8211; Heaven Or Hell (RSD 2025)<\/strong><\/p>\n<p><strong>Tracklist<\/strong><\/p>\n<p>1.- Heaven or Hell (CHOPNOTSLOP REMIX)<br \/>\n2.- Euphoria (feat. Travis Scott &amp; Kaash Paige) [CHOPNOTSLOP REMIX]<br \/>\n3.- No Idea (CHOPNOTSLOP REMIX)<br \/>\n4.- No Photos (CHOPNOTSLOP REMIX)<br \/>\n5.- Can&#8217;t Feel My Legs (CHOPNOTSLOP REMIX)<br \/>\n6.- Cardigan (CHOPNOTSLOP REMIX)<br \/>\n7.- Spaceship (feat. Sheck Wes) [CHOPNOTSLOP REMIX]<br \/>\n8.- Company (CHOPNOTSLOP REMIX)<br \/>\n9.- Had Enough (feat. Quavo &amp; Offset) [CHOPNOTSLOP REMIX]<br \/>\n10.- Wasted (CHOPNOTSLOP REMIX)<br \/>\n11.- After Party (CHOPNOTSLOP REMIX)<br \/>\n12.- Candy (CHOPNOTSLOP REMIX)<\/p>\n<p><strong>Don Toliver &#8211; Heaven Or Hell (RSD 2025)<\/strong><\/p>\n<p>Heaven Or Hell es el \u00e1lbum debut certificado platino del cantante\/rapero Don Toliver. Cuenta con apariciones especiales de Travis Scott, Kaash Paige, Sheck Wes, Quavo y Offset. Debut\u00f3 en el puesto #7 en el Billboard 200, #5 en la lista de \u00e1lbumes Top R&amp;B\/Hip-Hop de EE. UU. y #4 en la lista de Rap de EE. UU. Obtuvo posiciones internacionales en el Top 20 incluyen Australia (#20), Canad\u00e1 (#7), Dinamarca (#20), Noruega (#7) y el Reino Unido (#17).<\/p>\n<p>El \u00e1lbum fue apoyado por cuatro sencillos: No Idea (#43 US Hot 100, #16 US R&amp;B\/Hip-Hop, #13 US Rap, #19 Canad\u00e1), Can\u2019t Feel My Legs, Had Enough (#23 US R&amp;B\/Hip-Hop, #19 US Rap) y After Party (#23 US R&amp;B\/Hip-Hop, #20 US Rap). Tres de los cuatro sencillos han recibido certificaciones: No Idea (EE. UU. &#8211; 3X platino, Australia &#8211; platino, Canad\u00e1 &#8211; platino), Had Enough (EE. UU. &#8211; oro, Canad\u00e1 &#8211; oro), After Party (EE. UU. &#8211; 3X platino, Canad\u00e1 &#8211; platino).<\/p>\n<p>Una versi\u00f3n especial \u00abchopped and screwed\u00bb del \u00e1lbum remixada por DJ Candlestick estuvo disponible solo a trav\u00e9s de DSPs hasta ahora. El CHOPNOTSLOP REMIX de Heaven Or Hell est\u00e1 disponible en vinilo por primera vez para celebrar el 5\u00ba aniversario del lanzamiento original del \u00e1lbum.<\/p>\n<p>&nbsp;<\/p>\n<p>&nbsp;<\/p>\n","protected":false},"excerpt":{"rendered":"<p>Atlantic &#8211; 0075678602399<\/p>\n<p>LP en vinilo p\u00farpura, edici\u00f3n Record Store Day 2025<\/p>","protected":false},"featured_media":8508,"template":"","meta":[],"product_brand":[197,123],"product_cat":[74,119,91],"product_tag":[],"class_list":{"0":"post-8506","1":"product","2":"type-product","3":"status-publish","4":"has-post-thumbnail","6":"product_brand-atlantic","7":"product_brand-warner-music","8":"product_cat-hip-hop","9":"product_cat-vinilos-ofertas","10":"product_cat-record-store-day","12":"first","13":"instock","14":"sale","15":"taxable","16":"shipping-taxable","17":"purchasable","18":"product-type-simple"},"yoast_head":"<!-- This site is optimized with the Yoast SEO plugin v27.3 - https:\/\/yoast.com\/product\/yoast-seo-wordpress\/ -->\n<title>Don Toliver - Heaven Or Hell (RSD 2025) - DISCOS REDONDOS<\/title>\n<meta name=\"description\" content=\"Don Toliver - Heaven Or Hell (RSD 2025) - Atlantic - 0075678602399 LP en vinilo p\u00farpura, edici\u00f3n Record Store Day 2025\" \/>\n<meta name=\"robots\" content=\"index, follow, max-snippet:-1, max-image-preview:large, max-video-preview:-1\" \/>\n<link rel=\"canonical\" href=\"https:\/\/discos-redondos.es\/ca\/producte\/don-toliver-heaven-or-hell-rsd-2025\/\" \/>\n<meta property=\"og:locale\" content=\"ca_ES\" \/>\n<meta property=\"og:type\" content=\"article\" \/>\n<meta property=\"og:title\" content=\"Don Toliver - Heaven Or Hell (RSD 2025) - DISCOS REDONDOS\" \/>\n<meta property=\"og:description\" content=\"Don Toliver - Heaven Or Hell (RSD 2025) - Atlantic - 0075678602399 LP en vinilo p\u00farpura, edici\u00f3n Record Store Day 2025\" \/>\n<meta property=\"og:url\" content=\"https:\/\/discos-redondos.es\/ca\/producte\/don-toliver-heaven-or-hell-rsd-2025\/\" \/>\n<meta property=\"og:site_name\" content=\"DISCOS REDONDOS\" \/>\n<meta property=\"article:publisher\" content=\"https:\/\/www.facebook.com\/discosredondos45\" \/>\n<meta property=\"article:modified_time\" content=\"2026-03-26T11:55:51+00:00\" \/>\n<meta property=\"og:image\" content=\"https:\/\/discos-redondos.es\/wp-content\/uploads\/2025\/03\/Don-Toliver-Heaven-Or-Hell-RSD-2025.webp\" \/>\n\t<meta property=\"og:image:width\" content=\"550\" \/>\n\t<meta property=\"og:image:height\" content=\"550\" \/>\n\t<meta property=\"og:image:type\" content=\"image\/webp\" \/>\n<meta name=\"twitter:card\" content=\"summary_large_image\" \/>\n<meta name=\"twitter:label1\" content=\"Temps estimat de lectura\" \/>\n\t<meta name=\"twitter:data1\" content=\"2 minuts\" \/>\n<script type=\"application\/ld+json\" class=\"yoast-schema-graph\">{\"@context\":\"https:\\\/\\\/schema.org\",\"@graph\":[{\"@type\":\"WebPage\",\"@id\":\"https:\\\/\\\/discos-redondos.es\\\/producto\\\/don-toliver-heaven-or-hell-rsd-2025\",\"url\":\"https:\\\/\\\/discos-redondos.es\\\/producto\\\/don-toliver-heaven-or-hell-rsd-2025\",\"name\":\"Don Toliver - Heaven Or Hell (RSD 2025) - DISCOS REDONDOS\",\"isPartOf\":{\"@id\":\"https:\\\/\\\/discos-redondos.es\\\/#website\"},\"primaryImageOfPage\":{\"@id\":\"https:\\\/\\\/discos-redondos.es\\\/producto\\\/don-toliver-heaven-or-hell-rsd-2025#primaryimage\"},\"image\":{\"@id\":\"https:\\\/\\\/discos-redondos.es\\\/producto\\\/don-toliver-heaven-or-hell-rsd-2025#primaryimage\"},\"thumbnailUrl\":\"https:\\\/\\\/discos-redondos.es\\\/wp-content\\\/uploads\\\/2025\\\/03\\\/Don-Toliver-Heaven-Or-Hell-RSD-2025.webp\",\"datePublished\":\"2025-03-01T15:29:16+00:00\",\"dateModified\":\"2026-03-26T11:55:51+00:00\",\"description\":\"Don Toliver - Heaven Or Hell (RSD 2025) - Atlantic - 0075678602399 LP en vinilo p\u00farpura, edici\u00f3n Record Store Day 2025\",\"breadcrumb\":{\"@id\":\"https:\\\/\\\/discos-redondos.es\\\/producto\\\/don-toliver-heaven-or-hell-rsd-2025#breadcrumb\"},\"inLanguage\":\"ca\",\"potentialAction\":[{\"@type\":\"ReadAction\",\"target\":[\"https:\\\/\\\/discos-redondos.es\\\/producto\\\/don-toliver-heaven-or-hell-rsd-2025\"]}]},{\"@type\":\"ImageObject\",\"inLanguage\":\"ca\",\"@id\":\"https:\\\/\\\/discos-redondos.es\\\/producto\\\/don-toliver-heaven-or-hell-rsd-2025#primaryimage\",\"url\":\"https:\\\/\\\/discos-redondos.es\\\/wp-content\\\/uploads\\\/2025\\\/03\\\/Don-Toliver-Heaven-Or-Hell-RSD-2025.webp\",\"contentUrl\":\"https:\\\/\\\/discos-redondos.es\\\/wp-content\\\/uploads\\\/2025\\\/03\\\/Don-Toliver-Heaven-Or-Hell-RSD-2025.webp\",\"width\":550,\"height\":550,\"caption\":\"Don Toliver - Heaven Or Hell (RSD 2025)\"},{\"@type\":\"BreadcrumbList\",\"@id\":\"https:\\\/\\\/discos-redondos.es\\\/producto\\\/don-toliver-heaven-or-hell-rsd-2025#breadcrumb\",\"itemListElement\":[{\"@type\":\"ListItem\",\"position\":1,\"name\":\"Portada\",\"item\":\"https:\\\/\\\/discos-redondos.es\\\/\"},{\"@type\":\"ListItem\",\"position\":2,\"name\":\"Tienda\",\"item\":\"https:\\\/\\\/discos-redondos.es\\\/?page_id=487\"},{\"@type\":\"ListItem\",\"position\":3,\"name\":\"Don Toliver &#8211; Heaven Or Hell (RSD 2025)\"}]},{\"@type\":\"WebSite\",\"@id\":\"https:\\\/\\\/discos-redondos.es\\\/#website\",\"url\":\"https:\\\/\\\/discos-redondos.es\\\/\",\"name\":\"Discos Redondos\",\"description\":\"Tu tienda de discos en Barcelona\",\"publisher\":{\"@id\":\"https:\\\/\\\/discos-redondos.es\\\/#organization\"},\"alternateName\":\"Discos Redondos\",\"potentialAction\":[{\"@type\":\"SearchAction\",\"target\":{\"@type\":\"EntryPoint\",\"urlTemplate\":\"https:\\\/\\\/discos-redondos.es\\\/?s={search_term_string}\"},\"query-input\":{\"@type\":\"PropertyValueSpecification\",\"valueRequired\":true,\"valueName\":\"search_term_string\"}}],\"inLanguage\":\"ca\"},{\"@type\":\"Organization\",\"@id\":\"https:\\\/\\\/discos-redondos.es\\\/#organization\",\"name\":\"Discos Redondos\",\"url\":\"https:\\\/\\\/discos-redondos.es\\\/\",\"logo\":{\"@type\":\"ImageObject\",\"inLanguage\":\"ca\",\"@id\":\"https:\\\/\\\/discos-redondos.es\\\/#\\\/schema\\\/logo\\\/image\\\/\",\"url\":\"https:\\\/\\\/discos-redondos.es\\\/wp-content\\\/uploads\\\/2023\\\/04\\\/aaff-logo-raval-1-1.jpg\",\"contentUrl\":\"https:\\\/\\\/discos-redondos.es\\\/wp-content\\\/uploads\\\/2023\\\/04\\\/aaff-logo-raval-1-1.jpg\",\"width\":2362,\"height\":1441,\"caption\":\"Discos Redondos\"},\"image\":{\"@id\":\"https:\\\/\\\/discos-redondos.es\\\/#\\\/schema\\\/logo\\\/image\\\/\"},\"sameAs\":[\"https:\\\/\\\/www.facebook.com\\\/discosredondos45\",\"https:\\\/\\\/www.instagram.com\\\/discos.redondos33\\\/?hl=es\",\"https:\\\/\\\/discos-redondos.bandcamp.com\\\/\"]}]}<\/script>\n<!-- \/ Yoast SEO plugin. -->","yoast_head_json":{"title":"Don Toliver - Heaven Or Hell (RSD 2025) - DISCOS REDONDOS","description":"Don Toliver - Heaven Or Hell (RSD 2025) - Atlantic - 0075678602399 LP en vinilo p\u00farpura, edici\u00f3n Record Store Day 2025","robots":{"index":"index","follow":"follow","max-snippet":"max-snippet:-1","max-image-preview":"max-image-preview:large","max-video-preview":"max-video-preview:-1"},"canonical":"https:\/\/discos-redondos.es\/ca\/producte\/don-toliver-heaven-or-hell-rsd-2025\/","og_locale":"ca_ES","og_type":"article","og_title":"Don Toliver - Heaven Or Hell (RSD 2025) - DISCOS REDONDOS","og_description":"Don Toliver - Heaven Or Hell (RSD 2025) - Atlantic - 0075678602399 LP en vinilo p\u00farpura, edici\u00f3n Record Store Day 2025","og_url":"https:\/\/discos-redondos.es\/ca\/producte\/don-toliver-heaven-or-hell-rsd-2025\/","og_site_name":"DISCOS REDONDOS","article_publisher":"https:\/\/www.facebook.com\/discosredondos45","article_modified_time":"2026-03-26T11:55:51+00:00","og_image":[{"width":550,"height":550,"url":"https:\/\/discos-redondos.es\/wp-content\/uploads\/2025\/03\/Don-Toliver-Heaven-Or-Hell-RSD-2025.webp","type":"image\/webp"}],"twitter_card":"summary_large_image","twitter_misc":{"Temps estimat de lectura":"2 minuts"},"schema":{"@context":"https:\/\/schema.org","@graph":[{"@type":"WebPage","@id":"https:\/\/discos-redondos.es\/producto\/don-toliver-heaven-or-hell-rsd-2025","url":"https:\/\/discos-redondos.es\/producto\/don-toliver-heaven-or-hell-rsd-2025","name":"Don Toliver - Heaven Or Hell (RSD 2025) - DISCOS REDONDOS","isPartOf":{"@id":"https:\/\/discos-redondos.es\/#website"},"primaryImageOfPage":{"@id":"https:\/\/discos-redondos.es\/producto\/don-toliver-heaven-or-hell-rsd-2025#primaryimage"},"image":{"@id":"https:\/\/discos-redondos.es\/producto\/don-toliver-heaven-or-hell-rsd-2025#primaryimage"},"thumbnailUrl":"https:\/\/discos-redondos.es\/wp-content\/uploads\/2025\/03\/Don-Toliver-Heaven-Or-Hell-RSD-2025.webp","datePublished":"2025-03-01T15:29:16+00:00","dateModified":"2026-03-26T11:55:51+00:00","description":"Don Toliver - Heaven Or Hell (RSD 2025) - Atlantic - 0075678602399 LP en vinilo p\u00farpura, edici\u00f3n Record Store Day 2025","breadcrumb":{"@id":"https:\/\/discos-redondos.es\/producto\/don-toliver-heaven-or-hell-rsd-2025#breadcrumb"},"inLanguage":"ca","potentialAction":[{"@type":"ReadAction","target":["https:\/\/discos-redondos.es\/producto\/don-toliver-heaven-or-hell-rsd-2025"]}]},{"@type":"ImageObject","inLanguage":"ca","@id":"https:\/\/discos-redondos.es\/producto\/don-toliver-heaven-or-hell-rsd-2025#primaryimage","url":"https:\/\/discos-redondos.es\/wp-content\/uploads\/2025\/03\/Don-Toliver-Heaven-Or-Hell-RSD-2025.webp","contentUrl":"https:\/\/discos-redondos.es\/wp-content\/uploads\/2025\/03\/Don-Toliver-Heaven-Or-Hell-RSD-2025.webp","width":550,"height":550,"caption":"Don Toliver - Heaven Or Hell (RSD 2025)"},{"@type":"BreadcrumbList","@id":"https:\/\/discos-redondos.es\/producto\/don-toliver-heaven-or-hell-rsd-2025#breadcrumb","itemListElement":[{"@type":"ListItem","position":1,"name":"Portada","item":"https:\/\/discos-redondos.es\/"},{"@type":"ListItem","position":2,"name":"Tienda","item":"https:\/\/discos-redondos.es\/?page_id=487"},{"@type":"ListItem","position":3,"name":"Don Toliver &#8211; Heaven Or Hell (RSD 2025)"}]},{"@type":"WebSite","@id":"https:\/\/discos-redondos.es\/#website","url":"https:\/\/discos-redondos.es\/","name":"Discos Redondos","description":"La teva botiga de discos a Barcelona","publisher":{"@id":"https:\/\/discos-redondos.es\/#organization"},"alternateName":"Discos Redondos","potentialAction":[{"@type":"SearchAction","target":{"@type":"EntryPoint","urlTemplate":"https:\/\/discos-redondos.es\/?s={search_term_string}"},"query-input":{"@type":"PropertyValueSpecification","valueRequired":true,"valueName":"search_term_string"}}],"inLanguage":"ca"},{"@type":"Organization","@id":"https:\/\/discos-redondos.es\/#organization","name":"Discos Redondos","url":"https:\/\/discos-redondos.es\/","logo":{"@type":"ImageObject","inLanguage":"ca","@id":"https:\/\/discos-redondos.es\/#\/schema\/logo\/image\/","url":"https:\/\/discos-redondos.es\/wp-content\/uploads\/2023\/04\/aaff-logo-raval-1-1.jpg","contentUrl":"https:\/\/discos-redondos.es\/wp-content\/uploads\/2023\/04\/aaff-logo-raval-1-1.jpg","width":2362,"height":1441,"caption":"Discos Redondos"},"image":{"@id":"https:\/\/discos-redondos.es\/#\/schema\/logo\/image\/"},"sameAs":["https:\/\/www.facebook.com\/discosredondos45","https:\/\/www.instagram.com\/discos.redondos33\/?hl=es","https:\/\/discos-redondos.bandcamp.com\/"]}]}},"jetpack_sharing_enabled":true,"_links":{"self":[{"href":"https:\/\/discos-redondos.es\/ca\/wp-json\/wp\/v2\/product\/8506","targetHints":{"allow":["GET"]}}],"collection":[{"href":"https:\/\/discos-redondos.es\/ca\/wp-json\/wp\/v2\/product"}],"about":[{"href":"https:\/\/discos-redondos.es\/ca\/wp-json\/wp\/v2\/types\/product"}],"wp:featuredmedia":[{"embeddable":true,"href":"https:\/\/discos-redondos.es\/ca\/wp-json\/wp\/v2\/media\/8508"}],"wp:attachment":[{"href":"https:\/\/discos-redondos.es\/ca\/wp-json\/wp\/v2\/media?parent=8506"}],"wp:term":[{"taxonomy":"product_brand","embeddable":true,"href":"https:\/\/discos-redondos.es\/ca\/wp-json\/wp\/v2\/product_brand?post=8506"},{"taxonomy":"product_cat","embeddable":true,"href":"https:\/\/discos-redondos.es\/ca\/wp-json\/wp\/v2\/product_cat?post=8506"},{"taxonomy":"product_tag","embeddable":true,"href":"https:\/\/discos-redondos.es\/ca\/wp-json\/wp\/v2\/product_tag?post=8506"}],"curies":[{"name":"wp","href":"https:\/\/api.w.org\/{rel}","templated":true}]}}