{"id":8528,"date":"2025-03-04T17:26:53","date_gmt":"2025-03-04T17:26:53","guid":{"rendered":"https:\/\/discos-redondos.es\/?post_type=product&#038;p=8528"},"modified":"2026-03-14T11:10:30","modified_gmt":"2026-03-14T11:10:30","slug":"the-virgin-suicides-deluxe-25th-anniversary-edition-rsd-2025","status":"publish","type":"product","link":"https:\/\/discos-redondos.es\/ca\/producte\/the-virgin-suicides-deluxe-25th-anniversary-edition-rsd-2025","title":{"rendered":"The Virgin Suicides Deluxe (25th Anniversary Edition) (RSD 2025)"},"content":{"rendered":"<p><strong>The Virgin Suicides Deluxe (25th Anniversary Edition) (RSD 2025)<\/strong><\/p>\n<p><strong>Tracklist<\/strong><\/p>\n<table style=\"height: 319px;\" border=\"0\" width=\"496\" frame=\"VOID\" rules=\"NONE\" cellspacing=\"0\">\n<colgroup>\n<col width=\"179\" \/><\/colgroup>\n<tbody>\n<tr>\n<td align=\"LEFT\" valign=\"TOP\" width=\"179\" height=\"38\">1.- Magic Man<br \/>\n2.- Hello It&#8217;s Me<br \/>\n3.- Everything You&#8217;ve Done Wrong<br \/>\n4.- Ce Matin La<br \/>\n5.- The Air That I Breathe<br \/>\n6.- How Can You Mend a Broken Heart<br \/>\n7.- Alone Again (Naturally)<br \/>\n8.- I&#8217;m Not In Love<br \/>\n9.- A Dream Goes on Forever<br \/>\n10.- Crazy on You<br \/>\n11.- Playground Love (Vibraphone Version)<br \/>\n12.- Come Sail Away<br \/>\n13.- Make It With You<\/td>\n<\/tr>\n<\/tbody>\n<\/table>\n<p><strong>The Virgin Suicides Deluxe (25th Anniversary Edition) (RSD 2025)<\/strong><\/p>\n<p>Celebramos el 25\u00ba aniversario del debut como directora de Sofia Coppola con The Virgin Suicides. La banda sonora incluye temas de Todd Rundgren, Heart, Al Green, Air, The Hollies y contribuye a la atm\u00f3sfera misteriosa y m\u00e1gica que la pel\u00edcula evoca.<\/p>\n<p>Alcanz\u00f3 el puesto #34 en la lista de \u00e1lbumes del Reino Unido y recibi\u00f3 una nominaci\u00f3n a Mejor Banda Sonora en los BRIT Awards de 2001. El tema Playground Love gan\u00f3 un reconocimiento significativo, convirti\u00e9ndose en un sencillo destacado y contribuyendo al legado duradero del \u00e1lbum tanto en el cine como en la m\u00fasica. Esta edici\u00f3n especial del aniversario presenta una nueva interpretaci\u00f3n del arte de portada, un vinilo adicional de 7&#8243; con Make It With You de Bread y nuevas notas del supervisor musical de la pel\u00edcula, Brian Reitzell.<\/p>\n<p>&nbsp;<\/p>","protected":false},"excerpt":{"rendered":"<p>Rhino &#8211; 0603497816415<\/p>\n<p>2 x LP en vinilo blanco y azul splatter, 7&#8243; extra y booklet. Edici\u00f3n Record Store Day 2025<\/p>","protected":false},"featured_media":8529,"template":"","meta":[],"product_brand":[],"product_cat":[100,119,91],"product_tag":[],"class_list":{"0":"post-8528","1":"product","2":"type-product","3":"status-publish","4":"has-post-thumbnail","6":"product_cat-bandas-sonoras","7":"product_cat-vinilos-ofertas","8":"product_cat-record-store-day","10":"first","11":"instock","12":"sale","13":"taxable","14":"shipping-taxable","15":"purchasable","16":"product-type-simple"},"yoast_head":"<!-- This site is optimized with the Yoast SEO plugin v27.3 - https:\/\/yoast.com\/product\/yoast-seo-wordpress\/ -->\n<title>The Virgin Suicides Deluxe (25th Anniversary Edition) (RSD 2025) - DISCOS REDONDOS<\/title>\n<meta name=\"description\" content=\"The Virgin Suicides Deluxe (25th Anniversary Edition) (RSD 2025) - Rhino - 0603497816415 2 x LP en vinilo blanco y azul splatter, 7&quot; extra y booklet\" \/>\n<meta name=\"robots\" content=\"index, follow, max-snippet:-1, max-image-preview:large, max-video-preview:-1\" \/>\n<link rel=\"canonical\" href=\"https:\/\/discos-redondos.es\/ca\/producte\/the-virgin-suicides-deluxe-25th-anniversary-edition-rsd-2025\/\" \/>\n<meta property=\"og:locale\" content=\"ca_ES\" \/>\n<meta property=\"og:type\" content=\"article\" \/>\n<meta property=\"og:title\" content=\"The Virgin Suicides Deluxe (25th Anniversary Edition) (RSD 2025) - DISCOS REDONDOS\" \/>\n<meta property=\"og:description\" content=\"The Virgin Suicides Deluxe (25th Anniversary Edition) (RSD 2025) - Rhino - 0603497816415 2 x LP en vinilo blanco y azul splatter, 7&quot; extra y booklet\" \/>\n<meta property=\"og:url\" content=\"https:\/\/discos-redondos.es\/ca\/producte\/the-virgin-suicides-deluxe-25th-anniversary-edition-rsd-2025\/\" \/>\n<meta property=\"og:site_name\" content=\"DISCOS REDONDOS\" \/>\n<meta property=\"article:publisher\" content=\"https:\/\/www.facebook.com\/discosredondos45\" \/>\n<meta property=\"article:modified_time\" content=\"2026-03-14T11:10:30+00:00\" \/>\n<meta property=\"og:image\" content=\"https:\/\/discos-redondos.es\/wp-content\/uploads\/2025\/03\/virgin.webp\" \/>\n\t<meta property=\"og:image:width\" content=\"550\" \/>\n\t<meta property=\"og:image:height\" content=\"550\" \/>\n\t<meta property=\"og:image:type\" content=\"image\/webp\" \/>\n<meta name=\"twitter:card\" content=\"summary_large_image\" \/>\n<meta name=\"twitter:label1\" content=\"Temps estimat de lectura\" \/>\n\t<meta name=\"twitter:data1\" content=\"2 minuts\" \/>\n<script type=\"application\/ld+json\" class=\"yoast-schema-graph\">{\"@context\":\"https:\\\/\\\/schema.org\",\"@graph\":[{\"@type\":\"WebPage\",\"@id\":\"https:\\\/\\\/discos-redondos.es\\\/producto\\\/the-virgin-suicides-deluxe-25th-anniversary-edition-rsd-2025\",\"url\":\"https:\\\/\\\/discos-redondos.es\\\/producto\\\/the-virgin-suicides-deluxe-25th-anniversary-edition-rsd-2025\",\"name\":\"The Virgin Suicides Deluxe (25th Anniversary Edition) (RSD 2025) - DISCOS REDONDOS\",\"isPartOf\":{\"@id\":\"https:\\\/\\\/discos-redondos.es\\\/#website\"},\"primaryImageOfPage\":{\"@id\":\"https:\\\/\\\/discos-redondos.es\\\/producto\\\/the-virgin-suicides-deluxe-25th-anniversary-edition-rsd-2025#primaryimage\"},\"image\":{\"@id\":\"https:\\\/\\\/discos-redondos.es\\\/producto\\\/the-virgin-suicides-deluxe-25th-anniversary-edition-rsd-2025#primaryimage\"},\"thumbnailUrl\":\"https:\\\/\\\/discos-redondos.es\\\/wp-content\\\/uploads\\\/2025\\\/03\\\/virgin.webp\",\"datePublished\":\"2025-03-04T17:26:53+00:00\",\"dateModified\":\"2026-03-14T11:10:30+00:00\",\"description\":\"The Virgin Suicides Deluxe (25th Anniversary Edition) (RSD 2025) - Rhino - 0603497816415 2 x LP en vinilo blanco y azul splatter, 7\\\" extra y booklet\",\"breadcrumb\":{\"@id\":\"https:\\\/\\\/discos-redondos.es\\\/producto\\\/the-virgin-suicides-deluxe-25th-anniversary-edition-rsd-2025#breadcrumb\"},\"inLanguage\":\"ca\",\"potentialAction\":[{\"@type\":\"ReadAction\",\"target\":[\"https:\\\/\\\/discos-redondos.es\\\/producto\\\/the-virgin-suicides-deluxe-25th-anniversary-edition-rsd-2025\"]}]},{\"@type\":\"ImageObject\",\"inLanguage\":\"ca\",\"@id\":\"https:\\\/\\\/discos-redondos.es\\\/producto\\\/the-virgin-suicides-deluxe-25th-anniversary-edition-rsd-2025#primaryimage\",\"url\":\"https:\\\/\\\/discos-redondos.es\\\/wp-content\\\/uploads\\\/2025\\\/03\\\/virgin.webp\",\"contentUrl\":\"https:\\\/\\\/discos-redondos.es\\\/wp-content\\\/uploads\\\/2025\\\/03\\\/virgin.webp\",\"width\":550,\"height\":550,\"caption\":\"The Virgin Suicides Deluxe (25th Anniversary Edition) (RSD 2025)\"},{\"@type\":\"BreadcrumbList\",\"@id\":\"https:\\\/\\\/discos-redondos.es\\\/producto\\\/the-virgin-suicides-deluxe-25th-anniversary-edition-rsd-2025#breadcrumb\",\"itemListElement\":[{\"@type\":\"ListItem\",\"position\":1,\"name\":\"Portada\",\"item\":\"https:\\\/\\\/discos-redondos.es\\\/\"},{\"@type\":\"ListItem\",\"position\":2,\"name\":\"Tienda\",\"item\":\"https:\\\/\\\/discos-redondos.es\\\/?page_id=487\"},{\"@type\":\"ListItem\",\"position\":3,\"name\":\"The Virgin Suicides Deluxe (25th Anniversary Edition) (RSD 2025)\"}]},{\"@type\":\"WebSite\",\"@id\":\"https:\\\/\\\/discos-redondos.es\\\/#website\",\"url\":\"https:\\\/\\\/discos-redondos.es\\\/\",\"name\":\"Discos Redondos\",\"description\":\"Tu tienda de discos en Barcelona\",\"publisher\":{\"@id\":\"https:\\\/\\\/discos-redondos.es\\\/#organization\"},\"alternateName\":\"Discos Redondos\",\"potentialAction\":[{\"@type\":\"SearchAction\",\"target\":{\"@type\":\"EntryPoint\",\"urlTemplate\":\"https:\\\/\\\/discos-redondos.es\\\/?s={search_term_string}\"},\"query-input\":{\"@type\":\"PropertyValueSpecification\",\"valueRequired\":true,\"valueName\":\"search_term_string\"}}],\"inLanguage\":\"ca\"},{\"@type\":\"Organization\",\"@id\":\"https:\\\/\\\/discos-redondos.es\\\/#organization\",\"name\":\"Discos Redondos\",\"url\":\"https:\\\/\\\/discos-redondos.es\\\/\",\"logo\":{\"@type\":\"ImageObject\",\"inLanguage\":\"ca\",\"@id\":\"https:\\\/\\\/discos-redondos.es\\\/#\\\/schema\\\/logo\\\/image\\\/\",\"url\":\"https:\\\/\\\/discos-redondos.es\\\/wp-content\\\/uploads\\\/2023\\\/04\\\/aaff-logo-raval-1-1.jpg\",\"contentUrl\":\"https:\\\/\\\/discos-redondos.es\\\/wp-content\\\/uploads\\\/2023\\\/04\\\/aaff-logo-raval-1-1.jpg\",\"width\":2362,\"height\":1441,\"caption\":\"Discos Redondos\"},\"image\":{\"@id\":\"https:\\\/\\\/discos-redondos.es\\\/#\\\/schema\\\/logo\\\/image\\\/\"},\"sameAs\":[\"https:\\\/\\\/www.facebook.com\\\/discosredondos45\",\"https:\\\/\\\/www.instagram.com\\\/discos.redondos33\\\/?hl=es\",\"https:\\\/\\\/discos-redondos.bandcamp.com\\\/\"]}]}<\/script>\n<!-- \/ Yoast SEO plugin. -->","yoast_head_json":{"title":"The Virgin Suicides Deluxe (25th Anniversary Edition) (RSD 2025) - DISCOS REDONDOS","description":"The Virgin Suicides Deluxe (25th Anniversary Edition) (RSD 2025) - Rhino - 0603497816415 2 x LP en vinilo blanco y azul splatter, 7\" extra y booklet","robots":{"index":"index","follow":"follow","max-snippet":"max-snippet:-1","max-image-preview":"max-image-preview:large","max-video-preview":"max-video-preview:-1"},"canonical":"https:\/\/discos-redondos.es\/ca\/producte\/the-virgin-suicides-deluxe-25th-anniversary-edition-rsd-2025\/","og_locale":"ca_ES","og_type":"article","og_title":"The Virgin Suicides Deluxe (25th Anniversary Edition) (RSD 2025) - DISCOS REDONDOS","og_description":"The Virgin Suicides Deluxe (25th Anniversary Edition) (RSD 2025) - Rhino - 0603497816415 2 x LP en vinilo blanco y azul splatter, 7\" extra y booklet","og_url":"https:\/\/discos-redondos.es\/ca\/producte\/the-virgin-suicides-deluxe-25th-anniversary-edition-rsd-2025\/","og_site_name":"DISCOS REDONDOS","article_publisher":"https:\/\/www.facebook.com\/discosredondos45","article_modified_time":"2026-03-14T11:10:30+00:00","og_image":[{"width":550,"height":550,"url":"https:\/\/discos-redondos.es\/wp-content\/uploads\/2025\/03\/virgin.webp","type":"image\/webp"}],"twitter_card":"summary_large_image","twitter_misc":{"Temps estimat de lectura":"2 minuts"},"schema":{"@context":"https:\/\/schema.org","@graph":[{"@type":"WebPage","@id":"https:\/\/discos-redondos.es\/producto\/the-virgin-suicides-deluxe-25th-anniversary-edition-rsd-2025","url":"https:\/\/discos-redondos.es\/producto\/the-virgin-suicides-deluxe-25th-anniversary-edition-rsd-2025","name":"The Virgin Suicides Deluxe (25th Anniversary Edition) (RSD 2025) - DISCOS REDONDOS","isPartOf":{"@id":"https:\/\/discos-redondos.es\/#website"},"primaryImageOfPage":{"@id":"https:\/\/discos-redondos.es\/producto\/the-virgin-suicides-deluxe-25th-anniversary-edition-rsd-2025#primaryimage"},"image":{"@id":"https:\/\/discos-redondos.es\/producto\/the-virgin-suicides-deluxe-25th-anniversary-edition-rsd-2025#primaryimage"},"thumbnailUrl":"https:\/\/discos-redondos.es\/wp-content\/uploads\/2025\/03\/virgin.webp","datePublished":"2025-03-04T17:26:53+00:00","dateModified":"2026-03-14T11:10:30+00:00","description":"The Virgin Suicides Deluxe (25th Anniversary Edition) (RSD 2025) - Rhino - 0603497816415 2 x LP en vinilo blanco y azul splatter, 7\" extra y booklet","breadcrumb":{"@id":"https:\/\/discos-redondos.es\/producto\/the-virgin-suicides-deluxe-25th-anniversary-edition-rsd-2025#breadcrumb"},"inLanguage":"ca","potentialAction":[{"@type":"ReadAction","target":["https:\/\/discos-redondos.es\/producto\/the-virgin-suicides-deluxe-25th-anniversary-edition-rsd-2025"]}]},{"@type":"ImageObject","inLanguage":"ca","@id":"https:\/\/discos-redondos.es\/producto\/the-virgin-suicides-deluxe-25th-anniversary-edition-rsd-2025#primaryimage","url":"https:\/\/discos-redondos.es\/wp-content\/uploads\/2025\/03\/virgin.webp","contentUrl":"https:\/\/discos-redondos.es\/wp-content\/uploads\/2025\/03\/virgin.webp","width":550,"height":550,"caption":"The Virgin Suicides Deluxe (25th Anniversary Edition) (RSD 2025)"},{"@type":"BreadcrumbList","@id":"https:\/\/discos-redondos.es\/producto\/the-virgin-suicides-deluxe-25th-anniversary-edition-rsd-2025#breadcrumb","itemListElement":[{"@type":"ListItem","position":1,"name":"Portada","item":"https:\/\/discos-redondos.es\/"},{"@type":"ListItem","position":2,"name":"Tienda","item":"https:\/\/discos-redondos.es\/?page_id=487"},{"@type":"ListItem","position":3,"name":"The Virgin Suicides Deluxe (25th Anniversary Edition) (RSD 2025)"}]},{"@type":"WebSite","@id":"https:\/\/discos-redondos.es\/#website","url":"https:\/\/discos-redondos.es\/","name":"Discos Redondos","description":"La teva botiga de discos a Barcelona","publisher":{"@id":"https:\/\/discos-redondos.es\/#organization"},"alternateName":"Discos Redondos","potentialAction":[{"@type":"SearchAction","target":{"@type":"EntryPoint","urlTemplate":"https:\/\/discos-redondos.es\/?s={search_term_string}"},"query-input":{"@type":"PropertyValueSpecification","valueRequired":true,"valueName":"search_term_string"}}],"inLanguage":"ca"},{"@type":"Organization","@id":"https:\/\/discos-redondos.es\/#organization","name":"Discos Redondos","url":"https:\/\/discos-redondos.es\/","logo":{"@type":"ImageObject","inLanguage":"ca","@id":"https:\/\/discos-redondos.es\/#\/schema\/logo\/image\/","url":"https:\/\/discos-redondos.es\/wp-content\/uploads\/2023\/04\/aaff-logo-raval-1-1.jpg","contentUrl":"https:\/\/discos-redondos.es\/wp-content\/uploads\/2023\/04\/aaff-logo-raval-1-1.jpg","width":2362,"height":1441,"caption":"Discos Redondos"},"image":{"@id":"https:\/\/discos-redondos.es\/#\/schema\/logo\/image\/"},"sameAs":["https:\/\/www.facebook.com\/discosredondos45","https:\/\/www.instagram.com\/discos.redondos33\/?hl=es","https:\/\/discos-redondos.bandcamp.com\/"]}]}},"jetpack_sharing_enabled":true,"_links":{"self":[{"href":"https:\/\/discos-redondos.es\/ca\/wp-json\/wp\/v2\/product\/8528","targetHints":{"allow":["GET"]}}],"collection":[{"href":"https:\/\/discos-redondos.es\/ca\/wp-json\/wp\/v2\/product"}],"about":[{"href":"https:\/\/discos-redondos.es\/ca\/wp-json\/wp\/v2\/types\/product"}],"wp:featuredmedia":[{"embeddable":true,"href":"https:\/\/discos-redondos.es\/ca\/wp-json\/wp\/v2\/media\/8529"}],"wp:attachment":[{"href":"https:\/\/discos-redondos.es\/ca\/wp-json\/wp\/v2\/media?parent=8528"}],"wp:term":[{"taxonomy":"product_brand","embeddable":true,"href":"https:\/\/discos-redondos.es\/ca\/wp-json\/wp\/v2\/product_brand?post=8528"},{"taxonomy":"product_cat","embeddable":true,"href":"https:\/\/discos-redondos.es\/ca\/wp-json\/wp\/v2\/product_cat?post=8528"},{"taxonomy":"product_tag","embeddable":true,"href":"https:\/\/discos-redondos.es\/ca\/wp-json\/wp\/v2\/product_tag?post=8528"}],"curies":[{"name":"wp","href":"https:\/\/api.w.org\/{rel}","templated":true}]}}