{"id":9275,"date":"2025-03-12T12:58:43","date_gmt":"2025-03-12T12:58:43","guid":{"rendered":"https:\/\/discos-redondos.es\/?post_type=product&#038;p=9275"},"modified":"2026-01-31T12:50:33","modified_gmt":"2026-01-31T12:50:33","slug":"yeli-yeli-romero-jamon-romero-y-chocolate","status":"publish","type":"product","link":"https:\/\/discos-redondos.es\/ca\/producte\/yeli-yeli-romero-jamon-romero-y-chocolate","title":{"rendered":"Yeli Yeli &#038; ROMERO &#8211; Jam\u00f3n, Romero y Chocolate"},"content":{"rendered":"<p><strong>Yeli Yeli &amp; ROMERO &#8211; Jam\u00f3n, Romero y Chocolate<\/strong><\/p>\n<p><strong>Tracklist<\/strong><\/p>\n<p>1. Chavico 03:12<br \/>\n2. Corralera 02:27<br \/>\n3. Gurug\u00fa 03:26<br \/>\n4. El amor que te tengo a ti 03:41<br \/>\n5. Rumba 03:48<br \/>\n6. Porque la sangre me brota 03:16<br \/>\n7. \u00c1ngel negro 03:59<br \/>\n8. Colombiana Muxe 04:50<br \/>\n9. Tiritiritirititiritirititirititran 03:48<br \/>\n10. Yeli Yeli 03:59<br \/>\n11. Los lamentos de un cautivo 04:40<\/p>\n<p><strong>Yeli Yeli &amp; ROMERO &#8211; Jam\u00f3n, Romero y Chocolate<\/strong><\/p>\n<p>Lo que fue el titular de una cr\u00edtica que intentaba definir con sarcasmo la propuesta musical de \u00c1lvaro Romero, es resignificado por el propio cantaor andaluz en el t\u00edtulo de su nueva obra.<\/p>\n<p>\u00abJam\u00f3n, Romero y Chocolate\u00bb es un manifiesto sonoro de las cavilaciones y las derivas que puede tomar el flamenco si lo acercas a los ritmos de baile urbanos, a las di\u00e1sporas de la m\u00fasica ib\u00e9rica (del kuduro al amapiano) y a una mirada absolutamente vanguardista y avanzada de lo que deber\u00edamos entender como \u00abflamenco electr\u00f3nico\u00bb.<\/p>\n<p>El \u00e1lbum debut de ROMERO con Yeli Yeli es una amalgama r\u00edtmica que hiperventila en los diferentes palos flamencos, de la corralera sevillana a la guajira, la rumba, los tanguillos o hasta una versi\u00f3n muy libre de un cl\u00e1sico del Junco, icono de la rumba pop espa\u00f1ola.<\/p>\n<p>Un \u00e1lbum que ha llegado para cambiar el c\u00f3digo del flamenco del futuro desde una suerte de worldbeat hiperb\u00f3lica, indefinible y que habita espacios nunca antes habitados por un cantaor flamenco. Obra maestra desde el &#8216;vamos&#8217;<\/p>\n<p>&nbsp;<\/p>\n<p><iframe loading=\"lazy\" title=\"Tiritiritirititiritirititirititran\" width=\"832\" height=\"624\" src=\"https:\/\/www.youtube.com\/embed\/ZDL7gP0SS9E?feature=oembed\" frameborder=\"0\" allow=\"accelerometer; autoplay; clipboard-write; encrypted-media; gyroscope; picture-in-picture; web-share\" referrerpolicy=\"strict-origin-when-cross-origin\" allowfullscreen><\/iframe><\/p>","protected":false},"excerpt":{"rendered":"<p>Gutifunk &amp; Achilisound Discos &#8211; GTFK021LP<\/p>\n<p>LP en vinilo negro y carpeta sencilla<\/p>","protected":false},"featured_media":9276,"template":"","meta":[],"product_brand":[],"product_cat":[114],"product_tag":[],"class_list":{"0":"post-9275","1":"product","2":"type-product","3":"status-publish","4":"has-post-thumbnail","6":"product_cat-flamenco","8":"first","9":"instock","10":"taxable","11":"shipping-taxable","12":"purchasable","13":"product-type-simple"},"yoast_head":"<!-- This site is optimized with the Yoast SEO plugin v27.3 - https:\/\/yoast.com\/product\/yoast-seo-wordpress\/ -->\n<title>Yeli Yeli &amp; ROMERO - Jam\u00f3n, Romero y Chocolate - DISCOS REDONDOS<\/title>\n<meta name=\"description\" content=\"Yeli Yeli &amp; ROMERO - Jam\u00f3n, Romero y Chocolate\" \/>\n<meta name=\"robots\" content=\"index, follow, max-snippet:-1, max-image-preview:large, max-video-preview:-1\" \/>\n<link rel=\"canonical\" href=\"https:\/\/discos-redondos.es\/ca\/producte\/yeli-yeli-romero-jamon-romero-y-chocolate\/\" \/>\n<meta property=\"og:locale\" content=\"ca_ES\" \/>\n<meta property=\"og:type\" content=\"article\" \/>\n<meta property=\"og:title\" content=\"Yeli Yeli &amp; ROMERO - Jam\u00f3n, Romero y Chocolate - DISCOS REDONDOS\" \/>\n<meta property=\"og:description\" content=\"Yeli Yeli &amp; ROMERO - Jam\u00f3n, Romero y Chocolate\" \/>\n<meta property=\"og:url\" content=\"https:\/\/discos-redondos.es\/ca\/producte\/yeli-yeli-romero-jamon-romero-y-chocolate\/\" \/>\n<meta property=\"og:site_name\" content=\"DISCOS REDONDOS\" \/>\n<meta property=\"article:publisher\" content=\"https:\/\/www.facebook.com\/discosredondos45\" \/>\n<meta property=\"article:modified_time\" content=\"2026-01-31T12:50:33+00:00\" \/>\n<meta property=\"og:image\" content=\"https:\/\/discos-redondos.es\/wp-content\/uploads\/2025\/03\/Yeli-Yeli-ROMERO-Jamon-Romero-y-Chocolate.jpg\" \/>\n\t<meta property=\"og:image:width\" content=\"1200\" \/>\n\t<meta property=\"og:image:height\" content=\"1200\" \/>\n\t<meta property=\"og:image:type\" content=\"image\/jpeg\" \/>\n<meta name=\"twitter:card\" content=\"summary_large_image\" \/>\n<meta name=\"twitter:label1\" content=\"Temps estimat de lectura\" \/>\n\t<meta name=\"twitter:data1\" content=\"2 minuts\" \/>\n<script type=\"application\/ld+json\" class=\"yoast-schema-graph\">{\"@context\":\"https:\\\/\\\/schema.org\",\"@graph\":[{\"@type\":\"WebPage\",\"@id\":\"https:\\\/\\\/discos-redondos.es\\\/producto\\\/yeli-yeli-romero-jamon-romero-y-chocolate\",\"url\":\"https:\\\/\\\/discos-redondos.es\\\/producto\\\/yeli-yeli-romero-jamon-romero-y-chocolate\",\"name\":\"Yeli Yeli & ROMERO - Jam\u00f3n, Romero y Chocolate - DISCOS REDONDOS\",\"isPartOf\":{\"@id\":\"https:\\\/\\\/discos-redondos.es\\\/#website\"},\"primaryImageOfPage\":{\"@id\":\"https:\\\/\\\/discos-redondos.es\\\/producto\\\/yeli-yeli-romero-jamon-romero-y-chocolate#primaryimage\"},\"image\":{\"@id\":\"https:\\\/\\\/discos-redondos.es\\\/producto\\\/yeli-yeli-romero-jamon-romero-y-chocolate#primaryimage\"},\"thumbnailUrl\":\"https:\\\/\\\/discos-redondos.es\\\/wp-content\\\/uploads\\\/2025\\\/03\\\/Yeli-Yeli-ROMERO-Jamon-Romero-y-Chocolate.jpg\",\"datePublished\":\"2025-03-12T12:58:43+00:00\",\"dateModified\":\"2026-01-31T12:50:33+00:00\",\"description\":\"Yeli Yeli & ROMERO - Jam\u00f3n, Romero y Chocolate\",\"breadcrumb\":{\"@id\":\"https:\\\/\\\/discos-redondos.es\\\/producto\\\/yeli-yeli-romero-jamon-romero-y-chocolate#breadcrumb\"},\"inLanguage\":\"ca\",\"potentialAction\":[{\"@type\":\"ReadAction\",\"target\":[\"https:\\\/\\\/discos-redondos.es\\\/producto\\\/yeli-yeli-romero-jamon-romero-y-chocolate\"]}]},{\"@type\":\"ImageObject\",\"inLanguage\":\"ca\",\"@id\":\"https:\\\/\\\/discos-redondos.es\\\/producto\\\/yeli-yeli-romero-jamon-romero-y-chocolate#primaryimage\",\"url\":\"https:\\\/\\\/discos-redondos.es\\\/wp-content\\\/uploads\\\/2025\\\/03\\\/Yeli-Yeli-ROMERO-Jamon-Romero-y-Chocolate.jpg\",\"contentUrl\":\"https:\\\/\\\/discos-redondos.es\\\/wp-content\\\/uploads\\\/2025\\\/03\\\/Yeli-Yeli-ROMERO-Jamon-Romero-y-Chocolate.jpg\",\"width\":1200,\"height\":1200,\"caption\":\"Yeli Yeli & ROMERO - Jam\u00f3n, Romero y Chocolate\"},{\"@type\":\"BreadcrumbList\",\"@id\":\"https:\\\/\\\/discos-redondos.es\\\/producto\\\/yeli-yeli-romero-jamon-romero-y-chocolate#breadcrumb\",\"itemListElement\":[{\"@type\":\"ListItem\",\"position\":1,\"name\":\"Portada\",\"item\":\"https:\\\/\\\/discos-redondos.es\\\/\"},{\"@type\":\"ListItem\",\"position\":2,\"name\":\"Tienda\",\"item\":\"https:\\\/\\\/discos-redondos.es\\\/?page_id=487\"},{\"@type\":\"ListItem\",\"position\":3,\"name\":\"Yeli Yeli &#038; ROMERO &#8211; Jam\u00f3n, Romero y Chocolate\"}]},{\"@type\":\"WebSite\",\"@id\":\"https:\\\/\\\/discos-redondos.es\\\/#website\",\"url\":\"https:\\\/\\\/discos-redondos.es\\\/\",\"name\":\"Discos Redondos\",\"description\":\"Tu tienda de discos en Barcelona\",\"publisher\":{\"@id\":\"https:\\\/\\\/discos-redondos.es\\\/#organization\"},\"alternateName\":\"Discos Redondos\",\"potentialAction\":[{\"@type\":\"SearchAction\",\"target\":{\"@type\":\"EntryPoint\",\"urlTemplate\":\"https:\\\/\\\/discos-redondos.es\\\/?s={search_term_string}\"},\"query-input\":{\"@type\":\"PropertyValueSpecification\",\"valueRequired\":true,\"valueName\":\"search_term_string\"}}],\"inLanguage\":\"ca\"},{\"@type\":\"Organization\",\"@id\":\"https:\\\/\\\/discos-redondos.es\\\/#organization\",\"name\":\"Discos Redondos\",\"url\":\"https:\\\/\\\/discos-redondos.es\\\/\",\"logo\":{\"@type\":\"ImageObject\",\"inLanguage\":\"ca\",\"@id\":\"https:\\\/\\\/discos-redondos.es\\\/#\\\/schema\\\/logo\\\/image\\\/\",\"url\":\"https:\\\/\\\/discos-redondos.es\\\/wp-content\\\/uploads\\\/2023\\\/04\\\/aaff-logo-raval-1-1.jpg\",\"contentUrl\":\"https:\\\/\\\/discos-redondos.es\\\/wp-content\\\/uploads\\\/2023\\\/04\\\/aaff-logo-raval-1-1.jpg\",\"width\":2362,\"height\":1441,\"caption\":\"Discos Redondos\"},\"image\":{\"@id\":\"https:\\\/\\\/discos-redondos.es\\\/#\\\/schema\\\/logo\\\/image\\\/\"},\"sameAs\":[\"https:\\\/\\\/www.facebook.com\\\/discosredondos45\",\"https:\\\/\\\/www.instagram.com\\\/discos.redondos33\\\/?hl=es\",\"https:\\\/\\\/discos-redondos.bandcamp.com\\\/\"]}]}<\/script>\n<!-- \/ Yoast SEO plugin. -->","yoast_head_json":{"title":"Yeli Yeli & ROMERO - Jam\u00f3n, Romero y Chocolate - DISCOS REDONDOS","description":"Yeli Yeli & ROMERO - Jam\u00f3n, Romero y Chocolate","robots":{"index":"index","follow":"follow","max-snippet":"max-snippet:-1","max-image-preview":"max-image-preview:large","max-video-preview":"max-video-preview:-1"},"canonical":"https:\/\/discos-redondos.es\/ca\/producte\/yeli-yeli-romero-jamon-romero-y-chocolate\/","og_locale":"ca_ES","og_type":"article","og_title":"Yeli Yeli & ROMERO - Jam\u00f3n, Romero y Chocolate - DISCOS REDONDOS","og_description":"Yeli Yeli & ROMERO - Jam\u00f3n, Romero y Chocolate","og_url":"https:\/\/discos-redondos.es\/ca\/producte\/yeli-yeli-romero-jamon-romero-y-chocolate\/","og_site_name":"DISCOS REDONDOS","article_publisher":"https:\/\/www.facebook.com\/discosredondos45","article_modified_time":"2026-01-31T12:50:33+00:00","og_image":[{"width":1200,"height":1200,"url":"https:\/\/discos-redondos.es\/wp-content\/uploads\/2025\/03\/Yeli-Yeli-ROMERO-Jamon-Romero-y-Chocolate.jpg","type":"image\/jpeg"}],"twitter_card":"summary_large_image","twitter_misc":{"Temps estimat de lectura":"2 minuts"},"schema":{"@context":"https:\/\/schema.org","@graph":[{"@type":"WebPage","@id":"https:\/\/discos-redondos.es\/producto\/yeli-yeli-romero-jamon-romero-y-chocolate","url":"https:\/\/discos-redondos.es\/producto\/yeli-yeli-romero-jamon-romero-y-chocolate","name":"Yeli Yeli & ROMERO - Jam\u00f3n, Romero y Chocolate - DISCOS REDONDOS","isPartOf":{"@id":"https:\/\/discos-redondos.es\/#website"},"primaryImageOfPage":{"@id":"https:\/\/discos-redondos.es\/producto\/yeli-yeli-romero-jamon-romero-y-chocolate#primaryimage"},"image":{"@id":"https:\/\/discos-redondos.es\/producto\/yeli-yeli-romero-jamon-romero-y-chocolate#primaryimage"},"thumbnailUrl":"https:\/\/discos-redondos.es\/wp-content\/uploads\/2025\/03\/Yeli-Yeli-ROMERO-Jamon-Romero-y-Chocolate.jpg","datePublished":"2025-03-12T12:58:43+00:00","dateModified":"2026-01-31T12:50:33+00:00","description":"Yeli Yeli & ROMERO - Jam\u00f3n, Romero y Chocolate","breadcrumb":{"@id":"https:\/\/discos-redondos.es\/producto\/yeli-yeli-romero-jamon-romero-y-chocolate#breadcrumb"},"inLanguage":"ca","potentialAction":[{"@type":"ReadAction","target":["https:\/\/discos-redondos.es\/producto\/yeli-yeli-romero-jamon-romero-y-chocolate"]}]},{"@type":"ImageObject","inLanguage":"ca","@id":"https:\/\/discos-redondos.es\/producto\/yeli-yeli-romero-jamon-romero-y-chocolate#primaryimage","url":"https:\/\/discos-redondos.es\/wp-content\/uploads\/2025\/03\/Yeli-Yeli-ROMERO-Jamon-Romero-y-Chocolate.jpg","contentUrl":"https:\/\/discos-redondos.es\/wp-content\/uploads\/2025\/03\/Yeli-Yeli-ROMERO-Jamon-Romero-y-Chocolate.jpg","width":1200,"height":1200,"caption":"Yeli Yeli & ROMERO - Jam\u00f3n, Romero y Chocolate"},{"@type":"BreadcrumbList","@id":"https:\/\/discos-redondos.es\/producto\/yeli-yeli-romero-jamon-romero-y-chocolate#breadcrumb","itemListElement":[{"@type":"ListItem","position":1,"name":"Portada","item":"https:\/\/discos-redondos.es\/"},{"@type":"ListItem","position":2,"name":"Tienda","item":"https:\/\/discos-redondos.es\/?page_id=487"},{"@type":"ListItem","position":3,"name":"Yeli Yeli &#038; ROMERO &#8211; Jam\u00f3n, Romero y Chocolate"}]},{"@type":"WebSite","@id":"https:\/\/discos-redondos.es\/#website","url":"https:\/\/discos-redondos.es\/","name":"Discos Redondos","description":"La teva botiga de discos a Barcelona","publisher":{"@id":"https:\/\/discos-redondos.es\/#organization"},"alternateName":"Discos Redondos","potentialAction":[{"@type":"SearchAction","target":{"@type":"EntryPoint","urlTemplate":"https:\/\/discos-redondos.es\/?s={search_term_string}"},"query-input":{"@type":"PropertyValueSpecification","valueRequired":true,"valueName":"search_term_string"}}],"inLanguage":"ca"},{"@type":"Organization","@id":"https:\/\/discos-redondos.es\/#organization","name":"Discos Redondos","url":"https:\/\/discos-redondos.es\/","logo":{"@type":"ImageObject","inLanguage":"ca","@id":"https:\/\/discos-redondos.es\/#\/schema\/logo\/image\/","url":"https:\/\/discos-redondos.es\/wp-content\/uploads\/2023\/04\/aaff-logo-raval-1-1.jpg","contentUrl":"https:\/\/discos-redondos.es\/wp-content\/uploads\/2023\/04\/aaff-logo-raval-1-1.jpg","width":2362,"height":1441,"caption":"Discos Redondos"},"image":{"@id":"https:\/\/discos-redondos.es\/#\/schema\/logo\/image\/"},"sameAs":["https:\/\/www.facebook.com\/discosredondos45","https:\/\/www.instagram.com\/discos.redondos33\/?hl=es","https:\/\/discos-redondos.bandcamp.com\/"]}]}},"_links":{"self":[{"href":"https:\/\/discos-redondos.es\/ca\/wp-json\/wp\/v2\/product\/9275","targetHints":{"allow":["GET"]}}],"collection":[{"href":"https:\/\/discos-redondos.es\/ca\/wp-json\/wp\/v2\/product"}],"about":[{"href":"https:\/\/discos-redondos.es\/ca\/wp-json\/wp\/v2\/types\/product"}],"wp:featuredmedia":[{"embeddable":true,"href":"https:\/\/discos-redondos.es\/ca\/wp-json\/wp\/v2\/media\/9276"}],"wp:attachment":[{"href":"https:\/\/discos-redondos.es\/ca\/wp-json\/wp\/v2\/media?parent=9275"}],"wp:term":[{"taxonomy":"product_brand","embeddable":true,"href":"https:\/\/discos-redondos.es\/ca\/wp-json\/wp\/v2\/product_brand?post=9275"},{"taxonomy":"product_cat","embeddable":true,"href":"https:\/\/discos-redondos.es\/ca\/wp-json\/wp\/v2\/product_cat?post=9275"},{"taxonomy":"product_tag","embeddable":true,"href":"https:\/\/discos-redondos.es\/ca\/wp-json\/wp\/v2\/product_tag?post=9275"}],"curies":[{"name":"wp","href":"https:\/\/api.w.org\/{rel}","templated":true}]}}