{"id":9457,"date":"2025-03-27T13:20:13","date_gmt":"2025-03-27T13:20:13","guid":{"rendered":"https:\/\/discos-redondos.es\/?post_type=product&#038;p=9457"},"modified":"2026-03-14T12:23:32","modified_gmt":"2026-03-14T12:23:32","slug":"butcher-brown-solar-music","status":"publish","type":"product","link":"https:\/\/discos-redondos.es\/ca\/producte\/butcher-brown-solar-music","title":{"rendered":"Butcher Brown &#8211; Solar Music"},"content":{"rendered":"<p><strong>Butcher Brown &#8211; Solar Music<\/strong><\/p>\n<p><strong>Tracklist<\/strong><\/p>\n<table class=\"tracklist_ZdQ0I\">\n<tbody>\n<tr data-track-position=\"A1\">\n<td class=\"trackPos_n8vad\"><span class=\"MuiTypography-root MuiTypography-labelSmall css-1kybk0l\">A1<\/span><\/td>\n<td class=\"artist_VsG56\"><\/td>\n<td class=\"trackTitle_loyWF\"><span class=\"MuiTypography-root MuiTypography-labelSmall css-1kybk0l\"><span class=\"trackTitle_loyWF\">Cozumel<\/span><\/span><\/td>\n<\/tr>\n<tr data-track-position=\"A2\">\n<td class=\"trackPos_n8vad\"><span class=\"MuiTypography-root MuiTypography-labelSmall css-1kybk0l\">A2<\/span><\/td>\n<td class=\"artist_VsG56\"><\/td>\n<td class=\"trackTitle_loyWF\"><span class=\"MuiTypography-root MuiTypography-labelSmall css-1kybk0l\"><span class=\"trackTitle_loyWF\">Espionage<\/span><\/span><\/p>\n<div class=\"credits_vzBtg trackCredits_f3JDq\">\n<div><\/div>\n<\/div>\n<div class=\"measure_JB5_t credits_vzBtg\" aria-hidden=\"true\">\n<div><span class=\"MuiTypography-root MuiTypography-labelXSmall css-144m4pk\">Featuring\u00a0\u2013\u00a0<span class=\"link_PKPcS\">Charlie Hunter<\/span><\/span><\/div>\n<\/div>\n<\/td>\n<\/tr>\n<tr data-track-position=\"A3\">\n<td class=\"trackPos_n8vad\"><span class=\"MuiTypography-root MuiTypography-labelSmall css-1kybk0l\">A3<\/span><\/td>\n<td class=\"artist_VsG56\"><\/td>\n<td class=\"trackTitle_loyWF\"><span class=\"MuiTypography-root MuiTypography-labelSmall css-1kybk0l\"><span class=\"trackTitle_loyWF\">I Can Say To You<\/span><\/span><\/p>\n<div class=\"credits_vzBtg trackCredits_f3JDq\">\n<div><\/div>\n<\/div>\n<div class=\"measure_JB5_t credits_vzBtg\" aria-hidden=\"true\">\n<div><span class=\"MuiTypography-root MuiTypography-labelXSmall css-144m4pk\">Featuring\u00a0\u2013\u00a0<span class=\"link_PKPcS\">Vanisha Gould<\/span><\/span><\/div>\n<\/div>\n<\/td>\n<\/tr>\n<tr data-track-position=\"A4 \">\n<td class=\"trackPos_n8vad\"><span class=\"MuiTypography-root MuiTypography-labelSmall css-1kybk0l\">A4<\/span><\/td>\n<td class=\"artist_VsG56\"><\/td>\n<td class=\"trackTitle_loyWF\"><span class=\"MuiTypography-root MuiTypography-labelSmall css-1kybk0l\"><span class=\"trackTitle_loyWF\">Move (Ride)<\/span><\/span><\/p>\n<div class=\"credits_vzBtg trackCredits_f3JDq\">\n<div><\/div>\n<\/div>\n<div class=\"measure_JB5_t credits_vzBtg\" aria-hidden=\"true\">\n<div><span class=\"MuiTypography-root MuiTypography-labelXSmall css-144m4pk\">Featuring\u00a0\u2013\u00a0<span class=\"link_PKPcS\">Jay Prince (2)<\/span><\/span><\/div>\n<\/div>\n<\/td>\n<\/tr>\n<tr data-track-position=\"B1\">\n<td class=\"trackPos_n8vad\"><span class=\"MuiTypography-root MuiTypography-labelSmall css-1kybk0l\">B1<\/span><\/td>\n<td class=\"artist_VsG56\"><\/td>\n<td class=\"trackTitle_loyWF\"><span class=\"MuiTypography-root MuiTypography-labelSmall css-1kybk0l\"><span class=\"trackTitle_loyWF\">Turismo<\/span><\/span><\/p>\n<div class=\"credits_vzBtg trackCredits_f3JDq\">\n<div><\/div>\n<\/div>\n<div class=\"measure_JB5_t credits_vzBtg\" aria-hidden=\"true\">\n<div><span class=\"MuiTypography-root MuiTypography-labelXSmall css-144m4pk\">Featuring\u00a0\u2013\u00a0<span class=\"link_PKPcS\">Julia Shuren<\/span><\/span><\/div>\n<\/div>\n<\/td>\n<\/tr>\n<tr data-track-position=\"B2\">\n<td class=\"trackPos_n8vad\"><span class=\"MuiTypography-root MuiTypography-labelSmall css-1kybk0l\">B2<\/span><\/td>\n<td class=\"artist_VsG56\"><\/td>\n<td class=\"trackTitle_loyWF\"><span class=\"MuiTypography-root MuiTypography-labelSmall css-1kybk0l\"><span class=\"trackTitle_loyWF\">Eye Never Knew<\/span><\/span><\/p>\n<div class=\"credits_vzBtg trackCredits_f3JDq\">\n<div><\/div>\n<\/div>\n<div class=\"measure_JB5_t credits_vzBtg\" aria-hidden=\"true\">\n<div><span class=\"MuiTypography-root MuiTypography-labelXSmall css-144m4pk\">Featuring\u00a0\u2013\u00a0<span class=\"link_PKPcS\">Pink Siifu<\/span><\/span><\/div>\n<\/div>\n<\/td>\n<\/tr>\n<tr data-track-position=\"B3\">\n<td class=\"trackPos_n8vad\"><span class=\"MuiTypography-root MuiTypography-labelSmall css-1kybk0l\">B3<\/span><\/td>\n<td class=\"artist_VsG56\"><\/td>\n<td class=\"trackTitle_loyWF\"><span class=\"MuiTypography-root MuiTypography-labelSmall css-1kybk0l\"><span class=\"trackTitle_loyWF\">No Way Around It<\/span><\/span><\/td>\n<\/tr>\n<tr data-track-position=\"B4\">\n<td class=\"trackPos_n8vad\"><span class=\"MuiTypography-root MuiTypography-labelSmall css-1kybk0l\">B4<\/span><\/td>\n<td class=\"artist_VsG56\"><\/td>\n<td class=\"trackTitle_loyWF\"><span class=\"MuiTypography-root MuiTypography-labelSmall css-1kybk0l\"><span class=\"trackTitle_loyWF\">Half Of It<\/span><\/span><\/p>\n<div class=\"credits_vzBtg trackCredits_f3JDq\">\n<div><\/div>\n<\/div>\n<div class=\"measure_JB5_t credits_vzBtg\" aria-hidden=\"true\">\n<div><span class=\"MuiTypography-root MuiTypography-labelXSmall css-144m4pk\">Featuring\u00a0\u2013\u00a0<span class=\"link_PKPcS\">Nappy Nina<\/span><\/span><\/div>\n<\/div>\n<\/td>\n<\/tr>\n<tr data-track-position=\"B5\">\n<td class=\"trackPos_n8vad\"><span class=\"MuiTypography-root MuiTypography-labelSmall css-1kybk0l\">B5<\/span><\/td>\n<td class=\"artist_VsG56\"><\/td>\n<td class=\"trackTitle_loyWF\"><span class=\"MuiTypography-root MuiTypography-labelSmall css-1kybk0l\"><span class=\"trackTitle_loyWF\">DYKWYD<\/span><\/span><\/p>\n<div class=\"credits_vzBtg trackCredits_f3JDq\">\n<div><\/div>\n<\/div>\n<div class=\"measure_JB5_t credits_vzBtg\" aria-hidden=\"true\">\n<div><span class=\"MuiTypography-root MuiTypography-labelXSmall css-144m4pk\">Featuring\u00a0\u2013\u00a0<span class=\"link_PKPcS\">Braxton Cook<\/span><\/span><\/div>\n<\/div>\n<\/td>\n<\/tr>\n<tr data-track-position=\"C1\">\n<td class=\"trackPos_n8vad\"><span class=\"MuiTypography-root MuiTypography-labelSmall css-1kybk0l\">C1<\/span><\/td>\n<td class=\"artist_VsG56\"><\/td>\n<td class=\"trackTitle_loyWF\"><span class=\"MuiTypography-root MuiTypography-labelSmall css-1kybk0l\"><span class=\"trackTitle_loyWF\">Happy Hourrr<\/span><\/span><\/td>\n<\/tr>\n<tr data-track-position=\"C2\">\n<td class=\"trackPos_n8vad\"><span class=\"MuiTypography-root MuiTypography-labelSmall css-1kybk0l\">C2<\/span><\/td>\n<td class=\"artist_VsG56\"><\/td>\n<td class=\"trackTitle_loyWF\"><span class=\"MuiTypography-root MuiTypography-labelSmall css-1kybk0l\"><span class=\"trackTitle_loyWF\">Run It Up<\/span><\/span><\/p>\n<div class=\"credits_vzBtg trackCredits_f3JDq\">\n<div><\/div>\n<\/div>\n<div class=\"measure_JB5_t credits_vzBtg\" aria-hidden=\"true\">\n<div><span class=\"MuiTypography-root MuiTypography-labelXSmall css-144m4pk\">Featuring\u00a0\u2013\u00a0<span class=\"link_PKPcS\">Pink Siifu<\/span><\/span><\/div>\n<\/div>\n<\/td>\n<\/tr>\n<tr data-track-position=\"C2\">\n<td class=\"trackPos_n8vad\"><span class=\"MuiTypography-root MuiTypography-labelSmall css-1kybk0l\">C2<\/span><\/td>\n<td class=\"artist_VsG56\"><\/td>\n<td class=\"trackTitle_loyWF\"><span class=\"MuiTypography-root MuiTypography-labelSmall css-1kybk0l\"><span class=\"trackTitle_loyWF\">Pink Fur<\/span><\/span><\/p>\n<div class=\"credits_vzBtg trackCredits_f3JDq\">\n<div><\/div>\n<\/div>\n<div class=\"measure_JB5_t credits_vzBtg\" aria-hidden=\"true\">\n<div><span class=\"MuiTypography-root MuiTypography-labelXSmall css-144m4pk\">Featuring\u00a0\u2013\u00a0<span class=\"link_PKPcS\">Michael Millions<\/span><\/span><\/div>\n<\/div>\n<\/td>\n<\/tr>\n<tr data-track-position=\"C3\">\n<td class=\"trackPos_n8vad\"><span class=\"MuiTypography-root MuiTypography-labelSmall css-1kybk0l\">C3<\/span><\/td>\n<td class=\"artist_VsG56\"><\/td>\n<td class=\"trackTitle_loyWF\"><span class=\"MuiTypography-root MuiTypography-labelSmall css-1kybk0l\"><span class=\"trackTitle_loyWF\">This Side Of Sunshine<\/span><\/span><\/td>\n<\/tr>\n<tr data-track-position=\"D1\">\n<td class=\"trackPos_n8vad\"><span class=\"MuiTypography-root MuiTypography-labelSmall css-1kybk0l\">D1<\/span><\/td>\n<td class=\"artist_VsG56\"><\/td>\n<td class=\"trackTitle_loyWF\"><span class=\"MuiTypography-root MuiTypography-labelSmall css-1kybk0l\"><span class=\"trackTitle_loyWF\">Bubblebath<\/span><\/span><\/td>\n<\/tr>\n<tr data-track-position=\"D2\">\n<td class=\"trackPos_n8vad\"><span class=\"MuiTypography-root MuiTypography-labelSmall css-1kybk0l\">D2<\/span><\/td>\n<td class=\"artist_VsG56\"><\/td>\n<td class=\"trackTitle_loyWF\"><span class=\"MuiTypography-root MuiTypography-labelSmall css-1kybk0l\"><span class=\"trackTitle_loyWF\">Touring Pains<\/span><\/span><\/td>\n<\/tr>\n<tr data-track-position=\"D3\">\n<td class=\"trackPos_n8vad\"><span class=\"MuiTypography-root MuiTypography-labelSmall css-1kybk0l\">D3<\/span><\/td>\n<td class=\"artist_VsG56\"><\/td>\n<td class=\"trackTitle_loyWF\"><span class=\"MuiTypography-root MuiTypography-labelSmall css-1kybk0l\"><span class=\"trackTitle_loyWF\">It Was Me (Car Chase)<\/span><\/span><\/td>\n<\/tr>\n<tr data-track-position=\"D4\">\n<td class=\"trackPos_n8vad\"><span class=\"MuiTypography-root MuiTypography-labelSmall css-1kybk0l\">D4<\/span><\/td>\n<td class=\"artist_VsG56\"><\/td>\n<td class=\"trackTitle_loyWF\"><span class=\"MuiTypography-root MuiTypography-labelSmall css-1kybk0l\"><span class=\"trackTitle_loyWF\">Around For A While<\/span><\/span><\/td>\n<\/tr>\n<\/tbody>\n<\/table>\n<p>&nbsp;<\/p>\n<p><iframe loading=\"lazy\" title=\"Butcher Brown - Cozumel (Official Audio)\" width=\"832\" height=\"468\" src=\"https:\/\/www.youtube.com\/embed\/0QpYkG2Dfr0?feature=oembed\" frameborder=\"0\" allow=\"accelerometer; autoplay; clipboard-write; encrypted-media; gyroscope; picture-in-picture; web-share\" referrerpolicy=\"strict-origin-when-cross-origin\" allowfullscreen><\/iframe><\/p>\n<p>&nbsp;<\/p>\n<p><strong>Butcher Brown &#8211; Solar Music<\/strong><\/p>\n<p>El colectivo Butcher Brown publica su d\u00e9cimo \u00e1lbum, &#8216;Solar Music&#8217;, a trav\u00e9s de Concord Jazz.<\/p>\n<p>Fundado en 2009 en Richmond (Virginia), el polifac\u00e9tico quinteto es uno de los referentes de la fusi\u00f3n jazz-funk-soul y hip-hop actuales. Las diecisiete nuevas canciones de su tercer \u00e1lbum para Concord Jazz, tras editar &#8216;#KingButch&#8217; en 2020 y &#8216;Butcher Brown Presents Triple Trey&#8217; hace un a\u00f1o, vuelven a explorar los l\u00edmites entre g\u00e9neros y generaciones y cuentan con colaboraciones de Pink Siifu, Braxton Cook, Jay Prince, Nappy Nina, Keyon Harrold, Michael Millions, Charlie Hunter, Vanisha Gould y muchos m\u00e1s.<\/p>\n<p>Si &#8216;Butcher Brown Presents Triple Trey&#8217; fue aclamado por la cr\u00edtica gracias a su fusi\u00f3n de hip-hop con una big band de jazz, Solar Music demuestra la esencia de Butcher Brown hasta la m\u00e9dula. El \u00e1lbum toma su nombre de un calificativo que la banda ha llegado a utilizar para definir su m\u00fasica, cuyo alcance es decididamente amplio y desaf\u00eda cualquier categorizaci\u00f3n. Solar Music demuestra el enfoque din\u00e1mico de la banda hacia el formato jazz y la incorporaci\u00f3n de su propio rico linaje de influencias musicales por su educaci\u00f3n en Richmond.<\/p>","protected":false},"excerpt":{"rendered":"<p>Concord Jazz &#8211; CJA00761, 0888072498365<\/p>\n<p>2 x LP a 45 rpm en vinilo negro y carpeta sencilla<\/p>","protected":false},"featured_media":9458,"template":"","meta":[],"product_brand":[],"product_cat":[85,119],"product_tag":[],"class_list":{"0":"post-9457","1":"product","2":"type-product","3":"status-publish","4":"has-post-thumbnail","6":"product_cat-jazz-contemporaneo","7":"product_cat-vinilos-ofertas","9":"first","10":"instock","11":"sale","12":"taxable","13":"shipping-taxable","14":"purchasable","15":"product-type-simple"},"yoast_head":"<!-- This site is optimized with the Yoast SEO plugin v27.4 - https:\/\/yoast.com\/product\/yoast-seo-wordpress\/ -->\n<title>Butcher Brown - Solar Music - DISCOS REDONDOS<\/title>\n<meta name=\"description\" content=\"Butcher Brown - Solar Music - Concord Jazz - CJA00761, 0888072498365 2 x LP a 45 rpm en vinilo negro y carpeta sencilla 2023\" \/>\n<meta name=\"robots\" content=\"index, follow, max-snippet:-1, max-image-preview:large, max-video-preview:-1\" \/>\n<link rel=\"canonical\" href=\"https:\/\/discos-redondos.es\/ca\/producte\/butcher-brown-solar-music\/\" \/>\n<meta property=\"og:locale\" content=\"ca_ES\" \/>\n<meta property=\"og:type\" content=\"article\" \/>\n<meta property=\"og:title\" content=\"Butcher Brown - Solar Music - DISCOS REDONDOS\" \/>\n<meta property=\"og:description\" content=\"Butcher Brown - Solar Music - Concord Jazz - CJA00761, 0888072498365 2 x LP a 45 rpm en vinilo negro y carpeta sencilla 2023\" \/>\n<meta property=\"og:url\" content=\"https:\/\/discos-redondos.es\/ca\/producte\/butcher-brown-solar-music\/\" \/>\n<meta property=\"og:site_name\" content=\"DISCOS REDONDOS\" \/>\n<meta property=\"article:publisher\" content=\"https:\/\/www.facebook.com\/discosredondos45\" \/>\n<meta property=\"article:modified_time\" content=\"2026-03-14T12:23:32+00:00\" \/>\n<meta property=\"og:image\" content=\"https:\/\/discos-redondos.es\/wp-content\/uploads\/2025\/03\/Butcher-Brown-Solar-Music.jpg\" \/>\n\t<meta property=\"og:image:width\" content=\"600\" \/>\n\t<meta property=\"og:image:height\" content=\"600\" \/>\n\t<meta property=\"og:image:type\" content=\"image\/jpeg\" \/>\n<meta name=\"twitter:card\" content=\"summary_large_image\" \/>\n<meta name=\"twitter:label1\" content=\"Temps estimat de lectura\" \/>\n\t<meta name=\"twitter:data1\" content=\"2 minuts\" \/>\n<script type=\"application\/ld+json\" class=\"yoast-schema-graph\">{\"@context\":\"https:\\\/\\\/schema.org\",\"@graph\":[{\"@type\":\"WebPage\",\"@id\":\"https:\\\/\\\/discos-redondos.es\\\/producto\\\/butcher-brown-solar-music\",\"url\":\"https:\\\/\\\/discos-redondos.es\\\/producto\\\/butcher-brown-solar-music\",\"name\":\"Butcher Brown - Solar Music - DISCOS REDONDOS\",\"isPartOf\":{\"@id\":\"https:\\\/\\\/discos-redondos.es\\\/#website\"},\"primaryImageOfPage\":{\"@id\":\"https:\\\/\\\/discos-redondos.es\\\/producto\\\/butcher-brown-solar-music#primaryimage\"},\"image\":{\"@id\":\"https:\\\/\\\/discos-redondos.es\\\/producto\\\/butcher-brown-solar-music#primaryimage\"},\"thumbnailUrl\":\"https:\\\/\\\/discos-redondos.es\\\/wp-content\\\/uploads\\\/2025\\\/03\\\/Butcher-Brown-Solar-Music.jpg\",\"datePublished\":\"2025-03-27T13:20:13+00:00\",\"dateModified\":\"2026-03-14T12:23:32+00:00\",\"description\":\"Butcher Brown - Solar Music - Concord Jazz - CJA00761, 0888072498365 2 x LP a 45 rpm en vinilo negro y carpeta sencilla 2023\",\"breadcrumb\":{\"@id\":\"https:\\\/\\\/discos-redondos.es\\\/producto\\\/butcher-brown-solar-music#breadcrumb\"},\"inLanguage\":\"ca\",\"potentialAction\":[{\"@type\":\"ReadAction\",\"target\":[\"https:\\\/\\\/discos-redondos.es\\\/producto\\\/butcher-brown-solar-music\"]}]},{\"@type\":\"ImageObject\",\"inLanguage\":\"ca\",\"@id\":\"https:\\\/\\\/discos-redondos.es\\\/producto\\\/butcher-brown-solar-music#primaryimage\",\"url\":\"https:\\\/\\\/discos-redondos.es\\\/wp-content\\\/uploads\\\/2025\\\/03\\\/Butcher-Brown-Solar-Music.jpg\",\"contentUrl\":\"https:\\\/\\\/discos-redondos.es\\\/wp-content\\\/uploads\\\/2025\\\/03\\\/Butcher-Brown-Solar-Music.jpg\",\"width\":600,\"height\":600,\"caption\":\"Butcher Brown - Solar Music\"},{\"@type\":\"BreadcrumbList\",\"@id\":\"https:\\\/\\\/discos-redondos.es\\\/producto\\\/butcher-brown-solar-music#breadcrumb\",\"itemListElement\":[{\"@type\":\"ListItem\",\"position\":1,\"name\":\"Portada\",\"item\":\"https:\\\/\\\/discos-redondos.es\\\/\"},{\"@type\":\"ListItem\",\"position\":2,\"name\":\"Tienda\",\"item\":\"https:\\\/\\\/discos-redondos.es\\\/?page_id=487\"},{\"@type\":\"ListItem\",\"position\":3,\"name\":\"Butcher Brown &#8211; Solar Music\"}]},{\"@type\":\"WebSite\",\"@id\":\"https:\\\/\\\/discos-redondos.es\\\/#website\",\"url\":\"https:\\\/\\\/discos-redondos.es\\\/\",\"name\":\"Discos Redondos\",\"description\":\"Tu tienda de discos en Barcelona\",\"publisher\":{\"@id\":\"https:\\\/\\\/discos-redondos.es\\\/#organization\"},\"alternateName\":\"Discos Redondos\",\"potentialAction\":[{\"@type\":\"SearchAction\",\"target\":{\"@type\":\"EntryPoint\",\"urlTemplate\":\"https:\\\/\\\/discos-redondos.es\\\/?s={search_term_string}\"},\"query-input\":{\"@type\":\"PropertyValueSpecification\",\"valueRequired\":true,\"valueName\":\"search_term_string\"}}],\"inLanguage\":\"ca\"},{\"@type\":\"Organization\",\"@id\":\"https:\\\/\\\/discos-redondos.es\\\/#organization\",\"name\":\"Discos Redondos\",\"url\":\"https:\\\/\\\/discos-redondos.es\\\/\",\"logo\":{\"@type\":\"ImageObject\",\"inLanguage\":\"ca\",\"@id\":\"https:\\\/\\\/discos-redondos.es\\\/#\\\/schema\\\/logo\\\/image\\\/\",\"url\":\"https:\\\/\\\/discos-redondos.es\\\/wp-content\\\/uploads\\\/2023\\\/04\\\/aaff-logo-raval-1-1.jpg\",\"contentUrl\":\"https:\\\/\\\/discos-redondos.es\\\/wp-content\\\/uploads\\\/2023\\\/04\\\/aaff-logo-raval-1-1.jpg\",\"width\":2362,\"height\":1441,\"caption\":\"Discos Redondos\"},\"image\":{\"@id\":\"https:\\\/\\\/discos-redondos.es\\\/#\\\/schema\\\/logo\\\/image\\\/\"},\"sameAs\":[\"https:\\\/\\\/www.facebook.com\\\/discosredondos45\",\"https:\\\/\\\/www.instagram.com\\\/discos.redondos33\\\/?hl=es\",\"https:\\\/\\\/discos-redondos.bandcamp.com\\\/\"]}]}<\/script>\n<!-- \/ Yoast SEO plugin. -->","yoast_head_json":{"title":"Butcher Brown - Solar Music - DISCOS REDONDOS","description":"Butcher Brown - Solar Music - Concord Jazz - CJA00761, 0888072498365 2 x LP a 45 rpm en vinilo negro y carpeta sencilla 2023","robots":{"index":"index","follow":"follow","max-snippet":"max-snippet:-1","max-image-preview":"max-image-preview:large","max-video-preview":"max-video-preview:-1"},"canonical":"https:\/\/discos-redondos.es\/ca\/producte\/butcher-brown-solar-music\/","og_locale":"ca_ES","og_type":"article","og_title":"Butcher Brown - Solar Music - DISCOS REDONDOS","og_description":"Butcher Brown - Solar Music - Concord Jazz - CJA00761, 0888072498365 2 x LP a 45 rpm en vinilo negro y carpeta sencilla 2023","og_url":"https:\/\/discos-redondos.es\/ca\/producte\/butcher-brown-solar-music\/","og_site_name":"DISCOS REDONDOS","article_publisher":"https:\/\/www.facebook.com\/discosredondos45","article_modified_time":"2026-03-14T12:23:32+00:00","og_image":[{"width":600,"height":600,"url":"https:\/\/discos-redondos.es\/wp-content\/uploads\/2025\/03\/Butcher-Brown-Solar-Music.jpg","type":"image\/jpeg"}],"twitter_card":"summary_large_image","twitter_misc":{"Temps estimat de lectura":"2 minuts"},"schema":{"@context":"https:\/\/schema.org","@graph":[{"@type":"WebPage","@id":"https:\/\/discos-redondos.es\/producto\/butcher-brown-solar-music","url":"https:\/\/discos-redondos.es\/producto\/butcher-brown-solar-music","name":"Butcher Brown - Solar Music - DISCOS REDONDOS","isPartOf":{"@id":"https:\/\/discos-redondos.es\/#website"},"primaryImageOfPage":{"@id":"https:\/\/discos-redondos.es\/producto\/butcher-brown-solar-music#primaryimage"},"image":{"@id":"https:\/\/discos-redondos.es\/producto\/butcher-brown-solar-music#primaryimage"},"thumbnailUrl":"https:\/\/discos-redondos.es\/wp-content\/uploads\/2025\/03\/Butcher-Brown-Solar-Music.jpg","datePublished":"2025-03-27T13:20:13+00:00","dateModified":"2026-03-14T12:23:32+00:00","description":"Butcher Brown - Solar Music - Concord Jazz - CJA00761, 0888072498365 2 x LP a 45 rpm en vinilo negro y carpeta sencilla 2023","breadcrumb":{"@id":"https:\/\/discos-redondos.es\/producto\/butcher-brown-solar-music#breadcrumb"},"inLanguage":"ca","potentialAction":[{"@type":"ReadAction","target":["https:\/\/discos-redondos.es\/producto\/butcher-brown-solar-music"]}]},{"@type":"ImageObject","inLanguage":"ca","@id":"https:\/\/discos-redondos.es\/producto\/butcher-brown-solar-music#primaryimage","url":"https:\/\/discos-redondos.es\/wp-content\/uploads\/2025\/03\/Butcher-Brown-Solar-Music.jpg","contentUrl":"https:\/\/discos-redondos.es\/wp-content\/uploads\/2025\/03\/Butcher-Brown-Solar-Music.jpg","width":600,"height":600,"caption":"Butcher Brown - Solar Music"},{"@type":"BreadcrumbList","@id":"https:\/\/discos-redondos.es\/producto\/butcher-brown-solar-music#breadcrumb","itemListElement":[{"@type":"ListItem","position":1,"name":"Portada","item":"https:\/\/discos-redondos.es\/"},{"@type":"ListItem","position":2,"name":"Tienda","item":"https:\/\/discos-redondos.es\/?page_id=487"},{"@type":"ListItem","position":3,"name":"Butcher Brown &#8211; Solar Music"}]},{"@type":"WebSite","@id":"https:\/\/discos-redondos.es\/#website","url":"https:\/\/discos-redondos.es\/","name":"Discos Redondos","description":"La teva botiga de discos a Barcelona","publisher":{"@id":"https:\/\/discos-redondos.es\/#organization"},"alternateName":"Discos Redondos","potentialAction":[{"@type":"SearchAction","target":{"@type":"EntryPoint","urlTemplate":"https:\/\/discos-redondos.es\/?s={search_term_string}"},"query-input":{"@type":"PropertyValueSpecification","valueRequired":true,"valueName":"search_term_string"}}],"inLanguage":"ca"},{"@type":"Organization","@id":"https:\/\/discos-redondos.es\/#organization","name":"Discos Redondos","url":"https:\/\/discos-redondos.es\/","logo":{"@type":"ImageObject","inLanguage":"ca","@id":"https:\/\/discos-redondos.es\/#\/schema\/logo\/image\/","url":"https:\/\/discos-redondos.es\/wp-content\/uploads\/2023\/04\/aaff-logo-raval-1-1.jpg","contentUrl":"https:\/\/discos-redondos.es\/wp-content\/uploads\/2023\/04\/aaff-logo-raval-1-1.jpg","width":2362,"height":1441,"caption":"Discos Redondos"},"image":{"@id":"https:\/\/discos-redondos.es\/#\/schema\/logo\/image\/"},"sameAs":["https:\/\/www.facebook.com\/discosredondos45","https:\/\/www.instagram.com\/discos.redondos33\/?hl=es","https:\/\/discos-redondos.bandcamp.com\/"]}]}},"_links":{"self":[{"href":"https:\/\/discos-redondos.es\/ca\/wp-json\/wp\/v2\/product\/9457","targetHints":{"allow":["GET"]}}],"collection":[{"href":"https:\/\/discos-redondos.es\/ca\/wp-json\/wp\/v2\/product"}],"about":[{"href":"https:\/\/discos-redondos.es\/ca\/wp-json\/wp\/v2\/types\/product"}],"wp:featuredmedia":[{"embeddable":true,"href":"https:\/\/discos-redondos.es\/ca\/wp-json\/wp\/v2\/media\/9458"}],"wp:attachment":[{"href":"https:\/\/discos-redondos.es\/ca\/wp-json\/wp\/v2\/media?parent=9457"}],"wp:term":[{"taxonomy":"product_brand","embeddable":true,"href":"https:\/\/discos-redondos.es\/ca\/wp-json\/wp\/v2\/product_brand?post=9457"},{"taxonomy":"product_cat","embeddable":true,"href":"https:\/\/discos-redondos.es\/ca\/wp-json\/wp\/v2\/product_cat?post=9457"},{"taxonomy":"product_tag","embeddable":true,"href":"https:\/\/discos-redondos.es\/ca\/wp-json\/wp\/v2\/product_tag?post=9457"}],"curies":[{"name":"wp","href":"https:\/\/api.w.org\/{rel}","templated":true}]}}