{"id":9895,"date":"2025-05-29T09:52:05","date_gmt":"2025-05-29T09:52:05","guid":{"rendered":"https:\/\/discos-redondos.es\/?post_type=product&#038;p=9895"},"modified":"2026-03-14T15:19:30","modified_gmt":"2026-03-14T15:19:30","slug":"joe-hisaishi-nausicaa-of-the-valley-of-the-wind","status":"publish","type":"product","link":"https:\/\/discos-redondos.es\/ca\/producte\/joe-hisaishi-nausicaa-of-the-valley-of-the-wind","title":{"rendered":"Joe Hisaishi &#8211; Nausicaa of the Valley of the Wind"},"content":{"rendered":"<p><strong>Joe Hisaishi &#8211; Nausicaa of the Valley of the Wind<\/strong><\/p>\n<p><strong>\u4e45\u77f3\u8b72 &#8211; \u306f\u308b\u304b\u306a\u5730\u3078\u2026 \u98a8\u306e\u8c37\u306e\u30ca\u30a6\u30b7\u30ab\u30fb\u30b5\u30a6\u30f3\u30c9\u30c8\u30e9\u30c3\u30af\u76e4<\/strong><\/p>\n<p><strong>Tracklist<\/strong><\/p>\n<p>A1: \u014cpuningu (Opening) \u00abKaze No Tani No Naushika (Nausica\u00e4)\u00bb = Nausica\u00e4 of the Valley of the Wind &#8211; Opening<br \/>\nA2: \u014cmu No B\u014ds\u014d = Stampede of the Ohmu<br \/>\nA3: Kaze No Tani = The Valley of the Wind<br \/>\nA4: Mushi Mezuru Hime = The Princess Who Loves Insects<br \/>\nA5: Kushana No Shinryaku = Kushana&#8217;s Invasion<br \/>\nA6: Sent\u014d = Battle<br \/>\nB1: \u014cmu To No K\u014dry\u016b = Contact with the Ohmu<br \/>\nB2: Fukai Nite = In the Sea of Corruption<br \/>\nB3: Pejite No Zenmetsu = Annihilation of Pejite<br \/>\nB4: M\u0113ve (M\u00f6we) To Korubetto (Corvette) No Tatakai = Battle between the M\u00f6we and the Corvette<br \/>\nB5: Yomigaeru Kyoshinhei = The Resurrection of the Giant Warrior<br \/>\nB6: Naushika Rekuiemu = Nausica\u00e4 Requiem<br \/>\nB7: Endingu (Ending) \u00abTori No Hito\u00bb = The Bird Man &#8211; Ending<\/p>\n<p>&nbsp;<\/p>\n<p>A1 \u30aa\u30fc\u30d7\u30cb\u30f3\u30b0\u300c\u98a8\u306e\u8c37\u306e\u30ca\u30a6\u30b7\u30ab\u300d<br \/>\nA2 \u738b\u87f2\u306e\u66b4\u8d70<br \/>\nA3 \u98a8\u306e\u8c37<br \/>\nA4 \u866b\u611b\u305a\u308b\u59eb<br \/>\nA5 \u30af\u30b7\u30e3\u30ca\u306e\u4fb5\u7565<br \/>\nA6 \u6226\u95d8<br \/>\nB1 \u738b\u87f2\u3068\u306e\u4ea4\u6d41<br \/>\nB2 \u8150\u6d77\u306b\u3066<br \/>\nB3 \u30da\u30b8\u30c6\u306e\u5168\u6ec5<br \/>\nB4 \u30e1\u30fc\u30f4\u30a7\u3068\u30b3\u30eb\u30d9\u30c3\u30c8\u306e\u6226\u3044<br \/>\nB5 \u8607\u308b\u5de8\u795e\u5175<br \/>\nB6 \u30ca\u30a6\u30b7\u30ab\u30fb\u30ec\u30af\u30a4\u30a8\u30e0<br \/>\nB7 \u30a8\u30f3\u30c7\u30a3\u30f3\u30b0\u300c\u9ce5\u306e\u4eba\u300d<\/p>\n<p>&nbsp;<\/p>\n<p><iframe loading=\"lazy\" title=\"Nausica\u00e4 of the Valley of the Wind Soundtrack (Best Quality)\" width=\"832\" height=\"624\" src=\"https:\/\/www.youtube.com\/embed\/1rpXOgyazRo?feature=oembed\" frameborder=\"0\" allow=\"accelerometer; autoplay; clipboard-write; encrypted-media; gyroscope; picture-in-picture; web-share\" referrerpolicy=\"strict-origin-when-cross-origin\" allowfullscreen><\/iframe><\/p>\n<p>&nbsp;<\/p>\n<p><strong>Joe Hisaishi &#8211; Nausicaa of the Valley of the Wind<\/strong><\/p>","protected":false},"excerpt":{"rendered":"<p>Studio Ghibli Records \u2013 TJJA-10009, 4988008085518<\/p>\n<p>LP en vinilo negro de 180 gramos con OBI y libreto, edici\u00f3n japonesa 2018<\/p>","protected":false},"featured_media":9896,"template":"","meta":[],"product_brand":[],"product_cat":[100,120],"product_tag":[],"class_list":{"0":"post-9895","1":"product","2":"type-product","3":"status-publish","4":"has-post-thumbnail","6":"product_cat-bandas-sonoras","7":"product_cat-japon-anime","9":"first","10":"instock","11":"taxable","12":"shipping-taxable","13":"purchasable","14":"product-type-simple"},"yoast_head":"<!-- This site is optimized with the Yoast SEO plugin v27.3 - https:\/\/yoast.com\/product\/yoast-seo-wordpress\/ -->\n<title>Joe Hisaishi - Nausicaa of the Valley of the Wind - DISCOS REDONDOS<\/title>\n<meta name=\"description\" content=\"Joe Hisaishi - Nausicaa of the Valley of the Wind - Studio Ghibli Records \u2013 TJJA-10009, 4988008085518LP en vinilo negro de 180 gramos con OBI\" \/>\n<meta name=\"robots\" content=\"index, follow, max-snippet:-1, max-image-preview:large, max-video-preview:-1\" \/>\n<link rel=\"canonical\" href=\"https:\/\/discos-redondos.es\/ca\/producte\/joe-hisaishi-nausicaa-of-the-valley-of-the-wind\/\" \/>\n<meta property=\"og:locale\" content=\"ca_ES\" \/>\n<meta property=\"og:type\" content=\"article\" \/>\n<meta property=\"og:title\" content=\"Joe Hisaishi - Nausicaa of the Valley of the Wind - DISCOS REDONDOS\" \/>\n<meta property=\"og:description\" content=\"Joe Hisaishi - Nausicaa of the Valley of the Wind - Studio Ghibli Records \u2013 TJJA-10009, 4988008085518LP en vinilo negro de 180 gramos con OBI\" \/>\n<meta property=\"og:url\" content=\"https:\/\/discos-redondos.es\/ca\/producte\/joe-hisaishi-nausicaa-of-the-valley-of-the-wind\/\" \/>\n<meta property=\"og:site_name\" content=\"DISCOS REDONDOS\" \/>\n<meta property=\"article:publisher\" content=\"https:\/\/www.facebook.com\/discosredondos45\" \/>\n<meta property=\"article:modified_time\" content=\"2026-03-14T15:19:30+00:00\" \/>\n<meta property=\"og:image\" content=\"https:\/\/discos-redondos.es\/wp-content\/uploads\/2025\/05\/Joe-Hisaishi-Nausicaa-of-the-Valley.jpg\" \/>\n\t<meta property=\"og:image:width\" content=\"599\" \/>\n\t<meta property=\"og:image:height\" content=\"597\" \/>\n\t<meta property=\"og:image:type\" content=\"image\/jpeg\" \/>\n<meta name=\"twitter:card\" content=\"summary_large_image\" \/>\n<meta name=\"twitter:label1\" content=\"Temps estimat de lectura\" \/>\n\t<meta name=\"twitter:data1\" content=\"2 minuts\" \/>\n<script type=\"application\/ld+json\" class=\"yoast-schema-graph\">{\"@context\":\"https:\\\/\\\/schema.org\",\"@graph\":[{\"@type\":\"WebPage\",\"@id\":\"https:\\\/\\\/discos-redondos.es\\\/producto\\\/joe-hisaishi-nausicaa-of-the-valley-of-the-wind\",\"url\":\"https:\\\/\\\/discos-redondos.es\\\/producto\\\/joe-hisaishi-nausicaa-of-the-valley-of-the-wind\",\"name\":\"Joe Hisaishi - Nausicaa of the Valley of the Wind - DISCOS REDONDOS\",\"isPartOf\":{\"@id\":\"https:\\\/\\\/discos-redondos.es\\\/#website\"},\"primaryImageOfPage\":{\"@id\":\"https:\\\/\\\/discos-redondos.es\\\/producto\\\/joe-hisaishi-nausicaa-of-the-valley-of-the-wind#primaryimage\"},\"image\":{\"@id\":\"https:\\\/\\\/discos-redondos.es\\\/producto\\\/joe-hisaishi-nausicaa-of-the-valley-of-the-wind#primaryimage\"},\"thumbnailUrl\":\"https:\\\/\\\/discos-redondos.es\\\/wp-content\\\/uploads\\\/2025\\\/05\\\/Joe-Hisaishi-Nausicaa-of-the-Valley.jpg\",\"datePublished\":\"2025-05-29T09:52:05+00:00\",\"dateModified\":\"2026-03-14T15:19:30+00:00\",\"description\":\"Joe Hisaishi - Nausicaa of the Valley of the Wind - Studio Ghibli Records \u2013 TJJA-10009, 4988008085518LP en vinilo negro de 180 gramos con OBI\",\"breadcrumb\":{\"@id\":\"https:\\\/\\\/discos-redondos.es\\\/producto\\\/joe-hisaishi-nausicaa-of-the-valley-of-the-wind#breadcrumb\"},\"inLanguage\":\"ca\",\"potentialAction\":[{\"@type\":\"ReadAction\",\"target\":[\"https:\\\/\\\/discos-redondos.es\\\/producto\\\/joe-hisaishi-nausicaa-of-the-valley-of-the-wind\"]}]},{\"@type\":\"ImageObject\",\"inLanguage\":\"ca\",\"@id\":\"https:\\\/\\\/discos-redondos.es\\\/producto\\\/joe-hisaishi-nausicaa-of-the-valley-of-the-wind#primaryimage\",\"url\":\"https:\\\/\\\/discos-redondos.es\\\/wp-content\\\/uploads\\\/2025\\\/05\\\/Joe-Hisaishi-Nausicaa-of-the-Valley.jpg\",\"contentUrl\":\"https:\\\/\\\/discos-redondos.es\\\/wp-content\\\/uploads\\\/2025\\\/05\\\/Joe-Hisaishi-Nausicaa-of-the-Valley.jpg\",\"width\":599,\"height\":597,\"caption\":\"Joe Hisaishi - Nausicaa of the Valley of the Wind\"},{\"@type\":\"BreadcrumbList\",\"@id\":\"https:\\\/\\\/discos-redondos.es\\\/producto\\\/joe-hisaishi-nausicaa-of-the-valley-of-the-wind#breadcrumb\",\"itemListElement\":[{\"@type\":\"ListItem\",\"position\":1,\"name\":\"Portada\",\"item\":\"https:\\\/\\\/discos-redondos.es\\\/\"},{\"@type\":\"ListItem\",\"position\":2,\"name\":\"Tienda\",\"item\":\"https:\\\/\\\/discos-redondos.es\\\/?page_id=487\"},{\"@type\":\"ListItem\",\"position\":3,\"name\":\"Joe Hisaishi &#8211; Nausicaa of the Valley of the Wind\"}]},{\"@type\":\"WebSite\",\"@id\":\"https:\\\/\\\/discos-redondos.es\\\/#website\",\"url\":\"https:\\\/\\\/discos-redondos.es\\\/\",\"name\":\"Discos Redondos\",\"description\":\"Tu tienda de discos en Barcelona\",\"publisher\":{\"@id\":\"https:\\\/\\\/discos-redondos.es\\\/#organization\"},\"alternateName\":\"Discos Redondos\",\"potentialAction\":[{\"@type\":\"SearchAction\",\"target\":{\"@type\":\"EntryPoint\",\"urlTemplate\":\"https:\\\/\\\/discos-redondos.es\\\/?s={search_term_string}\"},\"query-input\":{\"@type\":\"PropertyValueSpecification\",\"valueRequired\":true,\"valueName\":\"search_term_string\"}}],\"inLanguage\":\"ca\"},{\"@type\":\"Organization\",\"@id\":\"https:\\\/\\\/discos-redondos.es\\\/#organization\",\"name\":\"Discos Redondos\",\"url\":\"https:\\\/\\\/discos-redondos.es\\\/\",\"logo\":{\"@type\":\"ImageObject\",\"inLanguage\":\"ca\",\"@id\":\"https:\\\/\\\/discos-redondos.es\\\/#\\\/schema\\\/logo\\\/image\\\/\",\"url\":\"https:\\\/\\\/discos-redondos.es\\\/wp-content\\\/uploads\\\/2023\\\/04\\\/aaff-logo-raval-1-1.jpg\",\"contentUrl\":\"https:\\\/\\\/discos-redondos.es\\\/wp-content\\\/uploads\\\/2023\\\/04\\\/aaff-logo-raval-1-1.jpg\",\"width\":2362,\"height\":1441,\"caption\":\"Discos Redondos\"},\"image\":{\"@id\":\"https:\\\/\\\/discos-redondos.es\\\/#\\\/schema\\\/logo\\\/image\\\/\"},\"sameAs\":[\"https:\\\/\\\/www.facebook.com\\\/discosredondos45\",\"https:\\\/\\\/www.instagram.com\\\/discos.redondos33\\\/?hl=es\",\"https:\\\/\\\/discos-redondos.bandcamp.com\\\/\"]}]}<\/script>\n<!-- \/ Yoast SEO plugin. -->","yoast_head_json":{"title":"Joe Hisaishi - Nausicaa of the Valley of the Wind - DISCOS REDONDOS","description":"Joe Hisaishi - Nausicaa of the Valley of the Wind - Studio Ghibli Records \u2013 TJJA-10009, 4988008085518LP en vinilo negro de 180 gramos con OBI","robots":{"index":"index","follow":"follow","max-snippet":"max-snippet:-1","max-image-preview":"max-image-preview:large","max-video-preview":"max-video-preview:-1"},"canonical":"https:\/\/discos-redondos.es\/ca\/producte\/joe-hisaishi-nausicaa-of-the-valley-of-the-wind\/","og_locale":"ca_ES","og_type":"article","og_title":"Joe Hisaishi - Nausicaa of the Valley of the Wind - DISCOS REDONDOS","og_description":"Joe Hisaishi - Nausicaa of the Valley of the Wind - Studio Ghibli Records \u2013 TJJA-10009, 4988008085518LP en vinilo negro de 180 gramos con OBI","og_url":"https:\/\/discos-redondos.es\/ca\/producte\/joe-hisaishi-nausicaa-of-the-valley-of-the-wind\/","og_site_name":"DISCOS REDONDOS","article_publisher":"https:\/\/www.facebook.com\/discosredondos45","article_modified_time":"2026-03-14T15:19:30+00:00","og_image":[{"width":599,"height":597,"url":"https:\/\/discos-redondos.es\/wp-content\/uploads\/2025\/05\/Joe-Hisaishi-Nausicaa-of-the-Valley.jpg","type":"image\/jpeg"}],"twitter_card":"summary_large_image","twitter_misc":{"Temps estimat de lectura":"2 minuts"},"schema":{"@context":"https:\/\/schema.org","@graph":[{"@type":"WebPage","@id":"https:\/\/discos-redondos.es\/producto\/joe-hisaishi-nausicaa-of-the-valley-of-the-wind","url":"https:\/\/discos-redondos.es\/producto\/joe-hisaishi-nausicaa-of-the-valley-of-the-wind","name":"Joe Hisaishi - Nausicaa of the Valley of the Wind - DISCOS REDONDOS","isPartOf":{"@id":"https:\/\/discos-redondos.es\/#website"},"primaryImageOfPage":{"@id":"https:\/\/discos-redondos.es\/producto\/joe-hisaishi-nausicaa-of-the-valley-of-the-wind#primaryimage"},"image":{"@id":"https:\/\/discos-redondos.es\/producto\/joe-hisaishi-nausicaa-of-the-valley-of-the-wind#primaryimage"},"thumbnailUrl":"https:\/\/discos-redondos.es\/wp-content\/uploads\/2025\/05\/Joe-Hisaishi-Nausicaa-of-the-Valley.jpg","datePublished":"2025-05-29T09:52:05+00:00","dateModified":"2026-03-14T15:19:30+00:00","description":"Joe Hisaishi - Nausicaa of the Valley of the Wind - Studio Ghibli Records \u2013 TJJA-10009, 4988008085518LP en vinilo negro de 180 gramos con OBI","breadcrumb":{"@id":"https:\/\/discos-redondos.es\/producto\/joe-hisaishi-nausicaa-of-the-valley-of-the-wind#breadcrumb"},"inLanguage":"ca","potentialAction":[{"@type":"ReadAction","target":["https:\/\/discos-redondos.es\/producto\/joe-hisaishi-nausicaa-of-the-valley-of-the-wind"]}]},{"@type":"ImageObject","inLanguage":"ca","@id":"https:\/\/discos-redondos.es\/producto\/joe-hisaishi-nausicaa-of-the-valley-of-the-wind#primaryimage","url":"https:\/\/discos-redondos.es\/wp-content\/uploads\/2025\/05\/Joe-Hisaishi-Nausicaa-of-the-Valley.jpg","contentUrl":"https:\/\/discos-redondos.es\/wp-content\/uploads\/2025\/05\/Joe-Hisaishi-Nausicaa-of-the-Valley.jpg","width":599,"height":597,"caption":"Joe Hisaishi - Nausicaa of the Valley of the Wind"},{"@type":"BreadcrumbList","@id":"https:\/\/discos-redondos.es\/producto\/joe-hisaishi-nausicaa-of-the-valley-of-the-wind#breadcrumb","itemListElement":[{"@type":"ListItem","position":1,"name":"Portada","item":"https:\/\/discos-redondos.es\/"},{"@type":"ListItem","position":2,"name":"Tienda","item":"https:\/\/discos-redondos.es\/?page_id=487"},{"@type":"ListItem","position":3,"name":"Joe Hisaishi &#8211; Nausicaa of the Valley of the Wind"}]},{"@type":"WebSite","@id":"https:\/\/discos-redondos.es\/#website","url":"https:\/\/discos-redondos.es\/","name":"Discos Redondos","description":"La teva botiga de discos a Barcelona","publisher":{"@id":"https:\/\/discos-redondos.es\/#organization"},"alternateName":"Discos Redondos","potentialAction":[{"@type":"SearchAction","target":{"@type":"EntryPoint","urlTemplate":"https:\/\/discos-redondos.es\/?s={search_term_string}"},"query-input":{"@type":"PropertyValueSpecification","valueRequired":true,"valueName":"search_term_string"}}],"inLanguage":"ca"},{"@type":"Organization","@id":"https:\/\/discos-redondos.es\/#organization","name":"Discos Redondos","url":"https:\/\/discos-redondos.es\/","logo":{"@type":"ImageObject","inLanguage":"ca","@id":"https:\/\/discos-redondos.es\/#\/schema\/logo\/image\/","url":"https:\/\/discos-redondos.es\/wp-content\/uploads\/2023\/04\/aaff-logo-raval-1-1.jpg","contentUrl":"https:\/\/discos-redondos.es\/wp-content\/uploads\/2023\/04\/aaff-logo-raval-1-1.jpg","width":2362,"height":1441,"caption":"Discos Redondos"},"image":{"@id":"https:\/\/discos-redondos.es\/#\/schema\/logo\/image\/"},"sameAs":["https:\/\/www.facebook.com\/discosredondos45","https:\/\/www.instagram.com\/discos.redondos33\/?hl=es","https:\/\/discos-redondos.bandcamp.com\/"]}]}},"jetpack_sharing_enabled":true,"_links":{"self":[{"href":"https:\/\/discos-redondos.es\/ca\/wp-json\/wp\/v2\/product\/9895","targetHints":{"allow":["GET"]}}],"collection":[{"href":"https:\/\/discos-redondos.es\/ca\/wp-json\/wp\/v2\/product"}],"about":[{"href":"https:\/\/discos-redondos.es\/ca\/wp-json\/wp\/v2\/types\/product"}],"wp:featuredmedia":[{"embeddable":true,"href":"https:\/\/discos-redondos.es\/ca\/wp-json\/wp\/v2\/media\/9896"}],"wp:attachment":[{"href":"https:\/\/discos-redondos.es\/ca\/wp-json\/wp\/v2\/media?parent=9895"}],"wp:term":[{"taxonomy":"product_brand","embeddable":true,"href":"https:\/\/discos-redondos.es\/ca\/wp-json\/wp\/v2\/product_brand?post=9895"},{"taxonomy":"product_cat","embeddable":true,"href":"https:\/\/discos-redondos.es\/ca\/wp-json\/wp\/v2\/product_cat?post=9895"},{"taxonomy":"product_tag","embeddable":true,"href":"https:\/\/discos-redondos.es\/ca\/wp-json\/wp\/v2\/product_tag?post=9895"}],"curies":[{"name":"wp","href":"https:\/\/api.w.org\/{rel}","templated":true}]}}